{"id":35254,"date":"2024-08-09T14:01:59","date_gmt":"2024-08-09T14:01:59","guid":{"rendered":"https:\/\/lacasadelamedicina.es\/product\/compre-po-de-anfetamina-online\/"},"modified":"2024-08-09T14:01:59","modified_gmt":"2024-08-09T14:01:59","slug":"compre-po-de-anfetamina-online","status":"publish","type":"product","link":"https:\/\/lacasadelamedicina.es\/pt-br\/produto\/compre-po-de-anfetamina-online\/","title":{"rendered":"Compre p\u00f3 de anfetamina online"},"content":{"rendered":"<h1>Compre anfetamina em p\u00f3 online<\/h1>\n<p> Compre p\u00f3 de anfetamina online. Pe\u00e7a p\u00f3 de anfetamina online do Reino Unido, Europa ou UE. P\u00f3 de anfetamina: Como as anfetaminas s\u00e3o <a href=\"https:\/\/dieapotheke247.com\/\">drogas<\/a> estimulantes, elas aceleram a comunica\u00e7\u00e3o entre o c\u00e9rebro e o corpo. Compre p\u00f3 de anfetamina online &#8211; <a href=\"https:\/\/drlawsonspharmacy\/contact-us\/\">CONTATO<\/a> Como as anfetaminas s\u00e3o drogas estimulantes, elas aceleram a transmiss\u00e3o de mensagens entre o c\u00e9rebro e o corpo. Informa\u00e7\u00f5es sobre os efeitos e consequ\u00eancias para a sa\u00fade do p\u00f3 de anfetamina tamb\u00e9m podem ser do seu interesse. Pode ser semelhante a muitas outras drogas. Para tratar condi\u00e7\u00f5es como transtorno de d\u00e9ficit de aten\u00e7\u00e3o e hiperatividade (TDAH) e narcolepsia (necessidade descontrolada de sono), os m\u00e9dicos podem prescrever legalmente certas formas de anfetaminas. Speed \u200b\u200be outras anfetaminas s\u00e3o produzidas e vendidas ilegalmente. Outra ficha informativa \u00e9 dedicada \u00e0 metanfetamina cristal (ice), que \u00e9 a forma mais forte. As anfetaminas podem assumir muitas formas diferentes. Essas drogas podem estar em p\u00f3, comprimido, cristal e p\u00edlula. Quando vendidas ilegalmente, podem estar contidas em &#8220;folha&#8221; (papel alum\u00ednio), sacos pl\u00e1sticos ou pequenos bal\u00f5es. O p\u00f3 de anfetamina pode ser de qualquer cor, do branco ao marrom, ocasionalmente com listras cinza ou rosa. Tem gosto amargo e aroma pungente. O tamanho e a cor das c\u00e1psulas e comprimidos de anfetamina variam muito. Anfetamina &#8211; Anfetaminas fabricadas ilegalmente podem conter uma combina\u00e7\u00e3o de outras subst\u00e2ncias, aglutinantes, cafe\u00edna e a\u00e7\u00facar. Tamb\u00e9m \u00e9 poss\u00edvel introduzir novas drogas psicoativas.                 <\/p>\n<h3>Nomes de cobras<\/h3>\n<p> Velocidade, r\u00e1pido, alto, superior, louee, pegajoso, zunido. <\/p>\n<h3><\/h3>\n<p> Como s\u00e3o usadas? Anfetaminas s\u00e3o geralmente engolidas, injetadas ou fumadas. Elas tamb\u00e9m s\u00e3o inaladas.   <\/p>\n<h2>Efeitos das anfetaminas<\/h2>\n<p> As anfetaminas afetam cada pessoa de forma diferente, com base em: <\/p>\n<ul>\n<li>\n \t<\/li>\n<li>Altura, peso e sa\u00fade<\/li>\n<li>Se a pessoa est\u00e1 acostumada a tom\u00e1-lo<\/li>\n<li>Se outros medicamentos est\u00e3o sendo tomados ao mesmo tempo<\/li>\n<li>A quantidade tomada<\/li>\n<li>A pot\u00eancia da droga (varia de lote para lote no caso de drogas fabricadas ilegalmente)<\/li>\n<\/ul>\n<h2>Compre p\u00f3 de anfetamina online<\/h2>\n<p> Anfetaminas podem ter um efeito imediato quando injetadas ou fumadas, enquanto podem fazer efeito em 30 minutos quando inaladas ou engolidas. Os seguintes efeitos podem ocorrer:  <\/p>\n<ul>\n<li>Felicidade e autoconfian\u00e7a<\/li>\n<li>Fale mais e sinta-se cheio de energia<\/li>\n<li>Repita coisas simples como coceira e arranh\u00f5es<\/li>\n<li>Pupilas dilatadas e boca seca<\/li>\n<li>Batimento card\u00edaco r\u00e1pido e respira\u00e7\u00e3o r\u00e1pida<\/li>\n<li>Ranger de dentes<\/li>\n<li>Apetite reduzido<\/li>\n<li>Sudorese excessiva<\/li>\n<li>Aumento do desejo sexual<\/li>\n<\/ul>\n<p>&nbsp;<\/p>\n<h3>Sobredosagem<\/h3>\n<p> Uma overdose tamb\u00e9m pode ocorrer se uma grande quantidade ou um lote grande for consumido. Ao discar o triplo zero (000), uma ambul\u00e2ncia deve ser enviada imediatamente se ocorrer algum dos seguintes sintomas. N\u00e3o \u00e9 necess\u00e1rio que os servi\u00e7os de emerg\u00eancia chamem a pol\u00edcia.   <\/p>\n<ul>\n<li>Batimento card\u00edaco acelerado<\/li>\n<li>Serve<\/li>\n<li>Desmaio<\/li>\n<li>AVC, ataque card\u00edaco e morte<\/li>\n<\/ul>\n<p> Cheirar anfetaminas pode danificar a passagem nasal e causar sangramento nasal. Injetar anfetaminas e compartilhar agulhas pode aumentar o risco:  <\/p>\n<ul>\n<li>Hepatite B<\/li>\n<li>Hepatite C<\/li>\n<li>VIH\/SIDA<\/li>\n<li>T\u00e9tano<\/li>\n<\/ul>\n<p>&nbsp;<\/p>\n<h3>Descendo<\/h3>\n<p> Os seguintes efeitos podem ocorrer de 2 a 4 dias ap\u00f3s o consumo de anfetamina: <\/p>\n<ul>\n<li>Sono agitado e exaust\u00e3o<\/li>\n<li>Dores de cabe\u00e7a<\/li>\n<li>Tonturas e vis\u00e3o turva<\/li>\n<li>Paranoia, alucina\u00e7\u00f5es e confus\u00e3o<\/li>\n<li>Irritabilidade, altera\u00e7\u00f5es de humor e depress\u00e3o<\/li>\n<\/ul>\n<p> O uso de medicamentos depressores para aliviar os efeitos da &#8220;descida&#8221;, como \u00e1lcool, benzodiazep\u00ednicos ou cannabis, pode criar um ciclo de depend\u00eancia em ambos os tipos de subst\u00e2ncias. &nbsp;<\/p>\n<h3>Efeitos a longo prazo<\/h3>\n<p> O uso regular de anfetaminas pode causar o seguinte: <\/p>\n<ul>\n<li>Apetite reduzido e perda extrema de peso<\/li>\n<li>Sono agitado<\/li>\n<li>Boca seca e problemas dent\u00e1rios<\/li>\n<li>Resfriados e gripes regulares<\/li>\n<li>Dificuldade de concentra\u00e7\u00e3o<\/li>\n<li>Dificuldades respirat\u00f3rias<\/li>\n<li>Rigidez muscular<\/li>\n<li>Ansiedade e paran\u00f3ia<\/li>\n<li>Depress\u00e3o<\/li>\n<li>Problemas card\u00edacos e renais<\/li>\n<li>Aumento do risco de acidente vascular cerebral<\/li>\n<li>\u00c9 preciso usar mais para obter o mesmo efeito<\/li>\n<li>Depend\u00eancia de anfetaminas<\/li>\n<li>Problemas financeiros, profissionais e sociais<\/li>\n<\/ul>\n<p>&nbsp;<\/p>\n<h3>Compre p\u00f3 de anfetamina online &#8211; psicose de anfetamina<\/h3>\n<p> Uma &#8220;psicose anfetam\u00ednica&#8221;, que \u00e9 caracterizada por del\u00edrios paranoicos, alucina\u00e7\u00f5es e comportamento anormalmente agressivo ou violento, tamb\u00e9m pode ser causada por altas doses e uso pesado regular. Depois que o usu\u00e1rio para de tomar anfetaminas, esses sintomas geralmente desaparecem em poucos dias.  &nbsp;<\/p>\n<h3>Misturar anfetaminas com outras drogas<\/h3>\n<p> As anfetaminas podem ter efeitos colaterais imprevis\u00edveis e graves quando combinadas com outros medicamentos, incluindo medicamentos de venda livre ou prescritos, e podem levar ao seguinte: Uma combina\u00e7\u00e3o de v\u00e1rios antidepressivos e anfetaminas pode aumentar a press\u00e3o arterial, o que aumenta o risco de insufici\u00eancia card\u00edaca, derrame e arritmias card\u00edacas.4 Anfetaminas em combina\u00e7\u00e3o com \u00e1lcool, maconha ou benzodiazep\u00ednicos podem levar a uma overdose, pois o corpo tem que lidar com os efeitos opostos dos dois tipos de subst\u00e2ncias.  <\/p>\n<h4><em><strong>Encomende anfetamina em p\u00f3<\/strong><\/em><\/h4>\n<h2>Pagamento<\/h2>\n<p> Ap\u00f3s o uso prolongado de anfetaminas, pode ser dif\u00edcil parar, pois o corpo precisa de tempo para se ajustar \u00e0 vida sem anfetaminas. Ap\u00f3s uma semana, os sintomas de abstin\u00eancia devem diminuir e ap\u00f3s um m\u00eas eles devem ter desaparecido quase completamente. Esses sinais incluem:   <\/p>\n<ul>\n<li>Desejos por anfetaminas<\/li>\n<li>Aumento do apetite<\/li>\n<li>Confus\u00e3o e irritabilidade<\/li>\n<li>Dor e sofrimento<\/li>\n<li>Exaust\u00e3o<\/li>\n<li>Sono agitado e pesadelos<\/li>\n<li>Ansiedade, depress\u00e3o e paran\u00f3ia<\/li>\n<li><strong>Voc\u00ea sabe onde comprar p\u00f3 de anfetamina<\/strong>p\u00f3 de anfetamina para venda, p\u00f3 de anfetamina para venda, dosagem de p\u00f3 de anfetamina, como fazer p\u00f3 de anfetamina, onde posso comprar p\u00f3 de anfetamina online, onde voc\u00ea pode obter anfetamina? p\u00f3, o que \u00e9 p\u00f3 de anfetamina? P\u00f3 de anfetamina de alta qualidade para venda. Todas essas perguntas em aberto podem ser respondidas por n\u00f3s. Basta dar uma olhada em nosso site e voc\u00ea obter\u00e1 respostas sobre como e onde comprar p\u00f3 de anfetamina online. E o p\u00f3 de anfetamina? Voc\u00ea tamb\u00e9m sabe onde comprar p\u00f3 de anfetamina online? Compre p\u00f3 de anfetamina para venda, como fazer p\u00f3 de anfetamina, como \u00e9 o p\u00f3 de anfetamina, pre\u00e7o de rua do p\u00f3 de anfetamina, pre\u00e7o do p\u00f3 de anfetamina, onde comprar p\u00f3 de anfetamina, metanfetamina cristal puro, onde posso comprar p\u00f3 de canfetamina online, comprar p\u00f3 de anfetamina puro online.       <\/li>\n<\/ul>\n<p> \u00c9 completamente compreens\u00edvel que os indiv\u00edduos n\u00e3o aceitem imediatamente a qualidade do p\u00f3 de anfetamina oferecido on-line porque n\u00e3o podem v\u00ea-lo fisicamente. No entanto, esse n\u00e3o \u00e9 o caso dos fornecedores on-line de p\u00f3 de anfetamina. Os produtos oferecidos aqui s\u00e3o uma representa\u00e7\u00e3o precisa do que s\u00e3o, com manuten\u00e7\u00e3o de primeira classe realizada sob supervis\u00e3o profissional. Envio r\u00e1pido e discreto: assim que o pedido for recebido, o p\u00f3 de anfetamina on-line ser\u00e1 entregue assim que for confirmado. A equipe de remessa faz todos os esfor\u00e7os para garantir que o processo de envio e entrega seja r\u00e1pido e f\u00e1cil. Quando voc\u00ea compra p\u00f3 de anfetamina on-line do vendedor qualificado no mercado on-line, tamb\u00e9m pode esperar servi\u00e7os excepcionais. Compre p\u00f3 de anfetamina on-line       <\/p>\n<h3>Compre p\u00f3 de anfetamina online<\/h3>\n<p>&nbsp;<\/p>\n","protected":false},"excerpt":{"rendered":"<p>O sistema nervoso central (nervos do c\u00e9rebro e da medula espinhal) \u00e9 altamente estimulado pelo p\u00f3 de anfetamina, que \u00e9 usado clinicamente para tratar v\u00e1rias doen\u00e7as. Al\u00e9m disso, tem um longo hist\u00f3rico de abuso e \u00e9 bastante viciante. O transtorno do d\u00e9ficit de aten\u00e7\u00e3o e hiperatividade \u00e9 tratado clinicamente com p\u00f3 de anfetamina.   &nbsp;<\/p>\n","protected":false},"featured_media":18071,"comment_status":"closed","ping_status":"closed","template":"","meta":{"om_disable_all_campaigns":false,"_sitemap_exclude":false,"_sitemap_priority":"","_sitemap_frequency":"","_monsterinsights_skip_tracking":false,"_monsterinsights_sitenote_active":false,"_monsterinsights_sitenote_note":"","_monsterinsights_sitenote_category":0},"product_cat":[35703],"product_tag":[37841,37836,37828,37835,37832,37820,37822,37827,37837,37824,37829,37840,37833,37831,37823,37821,37839,37834,37838,37830,37826,37825],"class_list":{"0":"post-35254","1":"product","2":"type-product","3":"status-publish","4":"has-post-thumbnail","6":"product_cat-pesquisa-de-produtos-quimicos-e-psicodelicos","7":"product_tag-anfetamina-em-po-europa-revisao","8":"product_tag-anfetamina-em-po-loja-europa","9":"product_tag-anfetamina-em-po-melhor-preco-europa","10":"product_tag-anfetamina-em-po-ofertas-na-europa","11":"product_tag-anfetamina-em-po-venda-na-europa","12":"product_tag-comprar-anfetamina-em-po","13":"product_tag-comprar-po-de-anfetamina-online","14":"product_tag-compre-po-de-anfetamina-online-na-europa","15":"product_tag-desconto-em-po-de-anfetamina-na-europa","16":"product_tag-efeitos-do-po-de-anfetamina","17":"product_tag-encomendar-po-de-anfetamina-ue","18":"product_tag-fornecedores-de-po-de-anfetamina-na-europa","19":"product_tag-loja-online-de-po-de-anfetamina-europa","20":"product_tag-onde-comprar-anfetamina-em-po-na-europa","21":"product_tag-onde-comprar-po-de-anfetamina-online","22":"product_tag-peca-po-de-anfetamina-online","23":"product_tag-po-de-anfetamina-autentico-europa","24":"product_tag-po-de-anfetamina-barato-europa","25":"product_tag-po-de-anfetamina-entrega-na-europa","26":"product_tag-po-de-anfetamina-frete-gratis-europa","27":"product_tag-quanto-custa-o-po-de-anfetamina","28":"product_tag-vendas-de-po-de-anfetamina-online","30":"first","31":"instock","32":"shipping-taxable","33":"purchasable","34":"product-type-variable","35":"farmacie-col"},"aioseo_notices":[],"_links":{"self":[{"href":"https:\/\/lacasadelamedicina.es\/pt-br\/wp-json\/wp\/v2\/product\/35254"}],"collection":[{"href":"https:\/\/lacasadelamedicina.es\/pt-br\/wp-json\/wp\/v2\/product"}],"about":[{"href":"https:\/\/lacasadelamedicina.es\/pt-br\/wp-json\/wp\/v2\/types\/product"}],"replies":[{"embeddable":true,"href":"https:\/\/lacasadelamedicina.es\/pt-br\/wp-json\/wp\/v2\/comments?post=35254"}],"wp:featuredmedia":[{"embeddable":true,"href":"https:\/\/lacasadelamedicina.es\/pt-br\/wp-json\/wp\/v2\/media\/18071"}],"wp:attachment":[{"href":"https:\/\/lacasadelamedicina.es\/pt-br\/wp-json\/wp\/v2\/media?parent=35254"}],"wp:term":[{"taxonomy":"product_cat","embeddable":true,"href":"https:\/\/lacasadelamedicina.es\/pt-br\/wp-json\/wp\/v2\/product_cat?post=35254"},{"taxonomy":"product_tag","embeddable":true,"href":"https:\/\/lacasadelamedicina.es\/pt-br\/wp-json\/wp\/v2\/product_tag?post=35254"}],"curies":[{"name":"wp","href":"https:\/\/api.w.org\/{rel}","templated":true}]}}