{"id":35228,"date":"2024-08-09T14:01:59","date_gmt":"2024-08-09T14:01:59","guid":{"rendered":"https:\/\/lacasadelamedicina.es\/product\/compre-acetil-fentanil-em-po-99-puro-online\/"},"modified":"2024-08-09T14:01:59","modified_gmt":"2024-08-09T14:01:59","slug":"compre-acetil-fentanil-em-po-99-puro-online","status":"publish","type":"product","link":"https:\/\/lacasadelamedicina.es\/pt-br\/produto\/compre-acetil-fentanil-em-po-99-puro-online\/","title":{"rendered":"Compre Acetil Fentanil em P\u00f3 (99%+ puro) online"},"content":{"rendered":"<h3>Compre Acetil Fentanil em P\u00f3 (99%+ Puro) Online<\/h3>\n<p> Compre Acetil Fentanil em p\u00f3. \u00c9 cinco vezes mais forte que a hero\u00edna e \u00e9 classificado como um opioide. \u00c9 usado para tratar dores intensas e persistentes que n\u00e3o respondem a outros medicamentos. Este medicamento \u00e9 um analg\u00e9sico narc\u00f3tico poderoso. <strong>Compre Acetil Fentanil em P\u00f3 (99%+ Puro) Online<\/strong>&#8211; <a href=\"https:\/\/drlawsonspharmacy\/contact-us\/\">CONTATO<\/a> Acril Fentanil em P\u00f3 (99%+ Puro) para Venda Acetilfentanil \u00e9 um analg\u00e9sico opioide que funciona de forma semelhante ao fentanil em termos de al\u00edvio da dor. Acetilfentanil \u00e9 at\u00e9 80 vezes mais forte que a morfina e entre 5 e 40 vezes mais forte que a hero\u00edna. \u00c9 15 vezes mais forte que o fentanil. Acetil Fentanil em P\u00f3, uma subst\u00e2ncia cuidadosamente sintetizada que tem um n\u00edvel excepcional de pureza, pode ajudar voc\u00ea a realizar todo o potencial de sua pesquisa. Com uma pureza de mais de 99%, este produto excepcional permite pesquisas inovadoras no campo da pesquisa e an\u00e1lise farmac\u00eautica. Derivado do conhecido opioide fentanil, o Acetil Fentanil em P\u00f3 tem poderosas propriedades analg\u00e9sicas que o tornam uma ferramenta importante para pesquisadores que estudam o controle da dor, receptores opioides e \u00e1reas relacionadas. Devido \u00e0 sua alta pureza, voc\u00ea pode estudar o funcionamento complexo de compostos opioides em profundidade com confian\u00e7a em seus resultados precisos e confi\u00e1veis.          <\/p>\n<h3>Compre Acetil Fentanil em P\u00f3 (99%+ puro) online<\/h3>\n<p> Pureza e consist\u00eancia s\u00e3o vitais na pesquisa e <span class=\"selectable-text copyable-text\">Dr Lawsons Pharmacy<\/span> entende isso. \u00c9 por isso que nosso Acetil Fentanil em P\u00f3 \u00e9 fabricado usando as mais recentes t\u00e9cnicas de s\u00edntese e passa por rigorosos testes de controle de qualidade. Para garantir reprodutibilidade e confiabilidade em sua pesquisa, n\u00f3s nos esfor\u00e7amos para entregar um produto que atenda e exceda os mais altos padr\u00f5es da ind\u00fastria. A alta pureza do nosso Acetil Fentanil em P\u00f3 permite dosagem precisa e testes controlados, dando a voc\u00ea a confian\u00e7a necess\u00e1ria para conduzir pesquisas completas. Nosso produto \u00e9 facilmente sol\u00favel em solventes comuns, tornando-o f\u00e1cil de manusear e adequado para uma variedade de aplica\u00e7\u00f5es cient\u00edficas.     <\/p>\n<h3><strong>Encomende Acetil Fentanil em P\u00f3 (99%+ Puro)<\/strong><\/h3>\n<p> A seguran\u00e7a \u00e9 nossa prioridade n\u00famero um. \u00c9 importante lembrar que o Acetil Fentanil em P\u00f3 \u00e9 para uso em pesquisa apenas e nunca para consumo humano. N\u00f3s pedimos que voc\u00ea use esta subst\u00e2ncia poderosa de forma respons\u00e1vel, em conformidade com todas as leis e c\u00f3digos morais aplic\u00e1veis. O Acetil Fentanil em P\u00f3 provar\u00e1 ser uma ferramenta \u00fatil para sua pesquisa, esteja voc\u00ea estudando a farmacocin\u00e9tica de opioides, pesquisando as t\u00e9cnicas mais recentes em tratamento da dor ou pesquisando os efeitos dos opioides no sistema nervoso central.    &nbsp;<\/p>\n","protected":false},"excerpt":{"rendered":"<p>Compre Acetil Fentanil em P\u00f3 (99%+ Puro) online. para dor persistente e severa que \u00e9 resistente a outros medicamentos. Este medicamento \u00e9 um analg\u00e9sico narc\u00f3tico poderoso.   &nbsp;<\/p>\n","protected":false},"featured_media":18056,"comment_status":"closed","ping_status":"closed","template":"","meta":{"om_disable_all_campaigns":false,"_sitemap_exclude":false,"_sitemap_priority":"","_sitemap_frequency":"","_monsterinsights_skip_tracking":false,"_monsterinsights_sitenote_active":false,"_monsterinsights_sitenote_note":"","_monsterinsights_sitenote_category":0},"product_cat":[35703],"product_tag":[37749,37750,37742,37748,37745,37740,37747,37744,37746,37732,37733,37739,37736,37741,37752,37743,37735,37734,37751,37738,37753,37737],"class_list":{"0":"post-35228","1":"product","2":"type-product","3":"status-publish","4":"has-post-thumbnail","6":"product_cat-pesquisa-de-produtos-quimicos-e-psicodelicos","7":"product_tag-acetil-fentanil-em-po-99-puro-desconto-na-europa","8":"product_tag-acetil-fentanil-em-po-99-puro-entrega-na-europa","9":"product_tag-acetil-fentanil-em-po-99-puro-frete-gratis-europa","10":"product_tag-acetil-fentanil-em-po-99-puro-loja-europa","11":"product_tag-acetil-fentanil-em-po-99-puro-loja-online-europa","12":"product_tag-acetil-fentanil-em-po-99-puro-melhor-preco-europa","13":"product_tag-acetil-fentanil-em-po-99-puro-ofertas-na-europa","14":"product_tag-acetil-fentanil-em-po-99-puro-venda-na-europa","15":"product_tag-acetil-fentanil-em-po-barato-99-puro-europa","16":"product_tag-comprar-acetil-fentanil-em-po-99-puro","17":"product_tag-comprar-acetil-fentanil-em-po-99-puro-online","18":"product_tag-compre-acetil-fentanil-em-po-99-puro-online-europa","19":"product_tag-efeitos-do-po-de-acetilfentanil-99-puro","20":"product_tag-encomende-acetil-fentanil-em-po-99-puro-ue","21":"product_tag-fornecedores-de-acetil-fentanil-em-po-99-puro-na-europa","22":"product_tag-onde-comprar-acetil-fentanil-em-po-99-puro-europa","23":"product_tag-onde-comprar-acetil-fentanil-em-po-99-puro-online","24":"product_tag-peca-acetil-fentanil-em-po-99-puro-online","25":"product_tag-po-de-acetilfentanil-autentico-99-puro-europa","26":"product_tag-quanto-custa-acetil-fentanil-em-po-99-puro","27":"product_tag-revisao-de-acetil-fentanil-em-po-99-puro-europa","28":"product_tag-vendas-de-po-de-acetilfentanil-99-puro-online","30":"first","31":"instock","32":"shipping-taxable","33":"purchasable","34":"product-type-variable","35":"farmacie-col"},"aioseo_notices":[],"_links":{"self":[{"href":"https:\/\/lacasadelamedicina.es\/pt-br\/wp-json\/wp\/v2\/product\/35228"}],"collection":[{"href":"https:\/\/lacasadelamedicina.es\/pt-br\/wp-json\/wp\/v2\/product"}],"about":[{"href":"https:\/\/lacasadelamedicina.es\/pt-br\/wp-json\/wp\/v2\/types\/product"}],"replies":[{"embeddable":true,"href":"https:\/\/lacasadelamedicina.es\/pt-br\/wp-json\/wp\/v2\/comments?post=35228"}],"wp:featuredmedia":[{"embeddable":true,"href":"https:\/\/lacasadelamedicina.es\/pt-br\/wp-json\/wp\/v2\/media\/18056"}],"wp:attachment":[{"href":"https:\/\/lacasadelamedicina.es\/pt-br\/wp-json\/wp\/v2\/media?parent=35228"}],"wp:term":[{"taxonomy":"product_cat","embeddable":true,"href":"https:\/\/lacasadelamedicina.es\/pt-br\/wp-json\/wp\/v2\/product_cat?post=35228"},{"taxonomy":"product_tag","embeddable":true,"href":"https:\/\/lacasadelamedicina.es\/pt-br\/wp-json\/wp\/v2\/product_tag?post=35228"}],"curies":[{"name":"wp","href":"https:\/\/api.w.org\/{rel}","templated":true}]}}