{"id":35197,"date":"2024-08-09T14:02:03","date_gmt":"2024-08-09T14:02:03","guid":{"rendered":"https:\/\/lacasadelamedicina.es\/product\/compre-butylone-online\/"},"modified":"2024-08-09T14:02:03","modified_gmt":"2024-08-09T14:02:03","slug":"compre-butylone-online","status":"publish","type":"product","link":"https:\/\/lacasadelamedicina.es\/pt-br\/produto\/compre-butylone-online\/","title":{"rendered":"Compre Butylone online"},"content":{"rendered":"<h1>Compre Butylone online<\/h1>\n<p> Loja online que vende Butilona. Butilona, \u200b\u200bcomumente conhecida como k-MBDB ou B1, \u00e9 um entactog\u00eanio sint\u00e9tico e estimulante que pertence \u00e0s classes fenetilamina e catinona. Tamb\u00e9m \u00e9 conhecida como -ceto-N-metilbenzodioxolilbutanamina. A contraparte metilenodioxi substitu\u00edda da bufedrona e o an\u00e1logo -ceto da MBDB s\u00e3o ambos chamados Butilona. Compre Butilona online &#8211; <a href=\"https:\/\/drlawsonspharmacy\/contact-us\/\">CONTATO<\/a> \u00c0 medida que o fornecimento de metilona no mercado de produtos qu\u00edmicos de pesquisa diminui, ela \u00e9 frequentemente vendida na rua junto com a etilona como uma droga de designer, como um substituto ou imita\u00e7\u00e3o para MDMA e metilona (todos os quais s\u00e3o coletivamente chamados de &#8220;molly&#8221;). Butilona e MDMA t\u00eam propriedades farmacol\u00f3gicas e comportamentais semelhantes, mas seus efeitos subjetivos aparentes n\u00e3o s\u00e3o exatamente os mesmos. Diz-se que a butilona \u00e9 menos potente do que seus primos metilona e etilona, \u200b\u200be tem efeitos estimulantes tradicionais em vez de efeitos entactog\u00eanicos. S\u00f3 recentemente come\u00e7ou a ser usada por humanos.        <\/p>\n<h3><strong>Encomende Butylone online<\/strong><\/h3>\n<p> Um membro sint\u00e9tico da fam\u00edlia das catinonas, tamb\u00e9m conhecido como -ceto-N-metilbenzodioxolilbutanamina. As catinonas t\u00eam um n\u00facleo de fenetilamina com um anel fenil ligado a um grupo amino (NH2) por meio de uma cadeia etil e outra substitui\u00e7\u00e3o etil em R. Isso lhes d\u00e1 similaridades estruturais com as anfetaminas. As fenetilaminas alfa-metiladas (ou seja, anfetaminas) s\u00e3o como as catinonas s\u00e3o, a butilona. No entanto, elas diferem delas por terem um grupo funcional cetona (um grupo carbonila em R). A butilona compartilha uma substitui\u00e7\u00e3o metil na posi\u00e7\u00e3o RN com MDEA, etilona, \u200b\u200b4-MEC e alguns outros estimulantes e entactog\u00eanios. A butilona tamb\u00e9m tem grupos oxig\u00eanio nas posi\u00e7\u00f5es R3 e R4 do anel fenil. Esses grupos oxig\u00eanio s\u00e3o integrados em um anel metilenodioxi por meio de uma cadeia de metileno. A butilona tamb\u00e9m tem esse anel metilenodioxi. Ele atua como um inibidor combinado de recapta\u00e7\u00e3o\/liberador de dopamina, noradrenalina e serotonina. Esses neurotransmissores controlam a motiva\u00e7\u00e3o, o prazer, a recompensa e o foco. Isso \u00e9 alcan\u00e7ado impedindo que os neurotransmissores sejam reabsorvidos ap\u00f3s terem conclu\u00eddo sua tarefa de enviar um impulso cerebral. Isso permite que os neurotransmissores se acumulem e sejam reciclados, produzindo efeitos fisiologicamente estimulantes e euf\u00f3ricos.            <\/p>\n<h3>Onde posso comprar Butylone online, voc\u00ea sabe?<\/h3>\n<p> Onde posso comprar Butylone online, onde posso comprar Butylone online, o que \u00e9 Butylone e onde posso comprar p\u00f3 de Butylone de qualidade premium s\u00e3o todas perguntas que ser\u00e3o respondidas abaixo. Podemos fornecer as solu\u00e7\u00f5es para todas essas perguntas n\u00e3o resolvidas. Voc\u00ea pode aprender mais sobre onde e como comprar comprimidos de Fentanil online simplesmente navegando em nosso site. E quanto ao Butylone em p\u00f3? Voc\u00ea sabe onde posso comprar Butylone online? Onde comprar p\u00f3 de Butylon, Onde comprar p\u00f3 de Butylon puro, Como fazer p\u00f3 de Butylon, Como \u00e9 o p\u00f3 de Butylon, Pre\u00e7o de rua do p\u00f3 de Butylon, Pre\u00e7o do p\u00f3 de Butylon, Fornecedores de p\u00f3 de Butylon, Forma do p\u00f3 de Butylon, Comprar p\u00f3 de Butylon puro, Pre\u00e7o do p\u00f3 de Butylon \u00c9 bastante compreens\u00edvel que os indiv\u00edduos n\u00e3o confiem imediatamente na qualidade do Butylon vendido online porque n\u00e3o podem v\u00ea-lo pessoalmente. No entanto, as coisas s\u00e3o diferentes com os fornecedores de Butylon online. Os produtos oferecidos aqui s\u00e3o exatamente o que s\u00e3o e s\u00e3o de primeira qualidade, mantidos sob supervis\u00e3o profissional. R\u00e1pido e Envio discreto: O Butylone \u00e9 entregue conforme prometido imediatamente ap\u00f3s o recebimento do pedido. A equipe de envio se esfor\u00e7a para tornar o processo de envio e entrega r\u00e1pido e f\u00e1cil. Quando voc\u00ea compra Butylone de um vendedor respeit\u00e1vel em um mercado online, voc\u00ea tamb\u00e9m pode esperar um servi\u00e7o excelente.           &nbsp;<\/p>\n","protected":false},"excerpt":{"rendered":"<p>Butilona, \u200b\u200bcomumente conhecida como k-MBDB ou B1, \u00e9 um entactog\u00eanio sint\u00e9tico e estimulante pertencente \u00e0s classes fenetilamina e catinona. Tamb\u00e9m \u00e9 conhecida como -ceto-N-metilbenzodioxolilbutanamina. A contraparte metilenodioxi substitu\u00edda da bufedrona e o an\u00e1logo -ceto da MBDB s\u00e3o ambos chamados de butilona.   &nbsp;<\/p>\n","protected":false},"featured_media":18596,"comment_status":"closed","ping_status":"closed","template":"","meta":{"om_disable_all_campaigns":false,"_sitemap_exclude":false,"_sitemap_priority":"","_sitemap_frequency":"","_monsterinsights_skip_tracking":false,"_monsterinsights_sitenote_active":false,"_monsterinsights_sitenote_note":"","_monsterinsights_sitenote_category":0},"product_cat":[35703],"product_tag":[37614,37619,37610,37608,37600,37602,37607,37617,37604,37609,37601,37618,37620,37616,37613,37615,37611,37603,37606,37621,37612,37605],"class_list":{"0":"post-35197","1":"product","2":"type-product","3":"status-publish","4":"has-post-thumbnail","6":"product_cat-pesquisa-de-produtos-quimicos-e-psicodelicos","7":"product_tag-butilona-barata-europa","8":"product_tag-butylone-autentico-europa","9":"product_tag-butylone-frete-gratis-europa","10":"product_tag-butylone-melhor-preco-europa","11":"product_tag-comprar-butilona-pt-br","12":"product_tag-comprar-butylone-online","13":"product_tag-comprar-butylone-online-europa-pt-br","14":"product_tag-desconto-butylone-europe","15":"product_tag-efeitos-da-butilona","16":"product_tag-encomendar-butylone-eu","17":"product_tag-encomendar-butylone-online","18":"product_tag-entrega-de-butilona-na-europa","19":"product_tag-fornecedores-de-butylone-europe","20":"product_tag-loja-butylone-europe","21":"product_tag-loja-online-de-butilona-europa","22":"product_tag-ofertas-de-butylone-europe","23":"product_tag-onde-comprar-butylone-europa","24":"product_tag-onde-comprar-butylone-online","25":"product_tag-quanto-custa-butylone","26":"product_tag-revisao-da-butylone-europe","27":"product_tag-venda-de-butilona-na-europa","28":"product_tag-vendas-de-butilona-online","30":"first","31":"instock","32":"shipping-taxable","33":"purchasable","34":"product-type-variable","35":"farmacie-col"},"aioseo_notices":[],"_links":{"self":[{"href":"https:\/\/lacasadelamedicina.es\/pt-br\/wp-json\/wp\/v2\/product\/35197"}],"collection":[{"href":"https:\/\/lacasadelamedicina.es\/pt-br\/wp-json\/wp\/v2\/product"}],"about":[{"href":"https:\/\/lacasadelamedicina.es\/pt-br\/wp-json\/wp\/v2\/types\/product"}],"replies":[{"embeddable":true,"href":"https:\/\/lacasadelamedicina.es\/pt-br\/wp-json\/wp\/v2\/comments?post=35197"}],"wp:featuredmedia":[{"embeddable":true,"href":"https:\/\/lacasadelamedicina.es\/pt-br\/wp-json\/wp\/v2\/media\/18596"}],"wp:attachment":[{"href":"https:\/\/lacasadelamedicina.es\/pt-br\/wp-json\/wp\/v2\/media?parent=35197"}],"wp:term":[{"taxonomy":"product_cat","embeddable":true,"href":"https:\/\/lacasadelamedicina.es\/pt-br\/wp-json\/wp\/v2\/product_cat?post=35197"},{"taxonomy":"product_tag","embeddable":true,"href":"https:\/\/lacasadelamedicina.es\/pt-br\/wp-json\/wp\/v2\/product_tag?post=35197"}],"curies":[{"name":"wp","href":"https:\/\/api.w.org\/{rel}","templated":true}]}}