{"id":35176,"date":"2024-08-09T14:02:03","date_gmt":"2024-08-09T14:02:03","guid":{"rendered":"https:\/\/lacasadelamedicina.es\/product\/compre-po-de-efedrina-online\/"},"modified":"2024-08-09T14:02:03","modified_gmt":"2024-08-09T14:02:03","slug":"compre-po-de-efedrina-online","status":"publish","type":"product","link":"https:\/\/lacasadelamedicina.es\/pt-br\/produto\/compre-po-de-efedrina-online\/","title":{"rendered":"Compre p\u00f3 de efedrina online"},"content":{"rendered":"<h3>Compre p\u00f3 de efedrina online.<\/h3>\n<p> Lojas online que vendem Efedrina em P\u00f3. Efedrina em p\u00f3 \u00e9 um estimulante natural do sistema nervoso central (SNC) e \u00e9 derivado da planta Ephedra Equisetina. Nos EUA, \u00e9 poss\u00edvel obter Efedrina em p\u00f3 sem receita para tratar problemas respirat\u00f3rios.   Como existem alternativas mais seguras, considere comprar p\u00f3 de efedrina online. O p\u00f3 de efedrina \u00e9 um broncodilatador e descongestionante. Facilita a respira\u00e7\u00e3o reduzindo o edema, contraindo os vasos sangu\u00edneos nas passagens nasais e dilatando as vias a\u00e9reas nos pulm\u00f5es. CONTATO &#8211; Compre p\u00f3 de efedrina online <a href=\"https:\/\/drlawsonspharmacy\/contact-us\/\">Contato<\/a> O p\u00f3 de efedrina \u00e9 um estimulante natural do sistema nervoso central derivado da planta Ephedra equisetina. Seu sal, sulfato de efedrina, tamb\u00e9m \u00e9 atualmente produzido quimicamente; ele ocorre na natureza como um p\u00f3 branco e cristalino, com sabor amargo, sol\u00favel em \u00e1gua e altamente sol\u00favel em \u00e1lcool. O produto sint\u00e9tico \u00e9 comercializado nesta forma. Apesar de sua estrutura ser muito semelhante \u00e0 da metanfetamina, a efedrina tem efeitos significativamente menos potentes e mais duradouros no SNC do que as anfetaminas. Seus efeitos estimulantes perif\u00e9ricos s\u00e3o compar\u00e1veis, mas menos potentes, do que o horm\u00f4nio epinefrina (comumente conhecido como adrenalina), produzido pelas gl\u00e2ndulas suprarrenais do corpo. <strong>comprar p\u00f3 de efedrina online<\/strong> O p\u00f3 de efedrina \u00e9 usado para aliviar os sintomas de ataques de asma mais leves e para reduzir o risco de ataques agudos no tratamento da asma cr\u00f4nica, pois \u00e9 relativamente eficaz no relaxamento dos m\u00fasculos br\u00f4nquicos. Adultos geralmente tomam comprimidos na dosagem de 30-60 mg por via oral, tr\u00eas a quatro vezes ao dia. Gotas nasais de efedrina tamb\u00e9m s\u00e3o comumente usadas para tratar condi\u00e7\u00f5es do trato respirat\u00f3rio superior que causam congest\u00e3o nasal. Tamb\u00e9m pode ser usado para tratar press\u00e3o arterial baixa. <strong>pe\u00e7a p\u00f3 de efedrina online<\/strong><\/p>\n<h3>Voc\u00ea sabe onde posso obter efedrina em p\u00f3?<\/h3>\n<p> P\u00f3 de efedrina para venda, valor de rua do p\u00f3 de efedrina, dosagem do p\u00f3 de efedrina, onde posso comprar p\u00f3 de efedrina online, onde comprar p\u00f3 de efedrina, o que \u00e9 p\u00f3 de efedrina e p\u00f3 de efedrina de qualidade premium para venda. Podemos fornecer as solu\u00e7\u00f5es para todas essas perguntas n\u00e3o resolvidas. Voc\u00ea pode aprender mais sobre onde e como comprar p\u00f3 de efedrina online simplesmente navegando em nosso site. Como funciona o p\u00f3 de efedrina? Voc\u00ea sabe onde posso comprar p\u00f3 de efedrina online? Compre p\u00f3 de efedrina puro online, onde posso comprar p\u00f3 de efedrina online, como fazer p\u00f3 de efedrina, como \u00e9 o p\u00f3 de efedrina, quanto custa o p\u00f3 de efedrina na rua, onde posso comprar p\u00f3 de efedrina. <strong>encomende p\u00f3 de efedrina online<\/strong> \u00c9 bastante compreens\u00edvel que as pessoas n\u00e3o confiem imediatamente na qualidade do p\u00f3 de efedrina vendido online, pois n\u00e3o podem verificar pessoalmente. No entanto, esse n\u00e3o \u00e9 o caso dos fornecedores de p\u00f3 de efedrina na Internet. Os produtos oferecidos aqui s\u00e3o representa\u00e7\u00f5es precisas do que s\u00e3o, com manuten\u00e7\u00e3o de primeira linha sob supervis\u00e3o profissional. Envio r\u00e1pido e discreto: ap\u00f3s o recebimento do pedido, o p\u00f3 de efedrina online ser\u00e1 entregue dentro do prazo especificado. A equipe de remessa se esfor\u00e7a para tornar o processo de envio e entrega r\u00e1pido e f\u00e1cil. Ao comprar p\u00f3 de efedrina de um vendedor confi\u00e1vel em uma plataforma da internet, voc\u00ea tamb\u00e9m pode esperar receber servi\u00e7os de primeira qualidade.           &nbsp;<\/p>\n","protected":false},"excerpt":{"rendered":"<p>O p\u00f3 de efedrina \u00e9 uma subst\u00e2ncia estimulante do sistema nervoso central de ocorr\u00eancia natural derivada da planta Ephedra equisetina. Hoje em dia, tamb\u00e9m \u00e9 produzida quimicamente, com a subst\u00e2ncia sint\u00e9tica vendida como seu sal.  &nbsp;<\/p>\n","protected":false},"featured_media":18101,"comment_status":"closed","ping_status":"closed","template":"","meta":{"om_disable_all_campaigns":false,"_sitemap_exclude":false,"_sitemap_priority":"","_sitemap_frequency":"","_monsterinsights_skip_tracking":false,"_monsterinsights_sitenote_active":false,"_monsterinsights_sitenote_note":"","_monsterinsights_sitenote_category":0},"product_cat":[35703],"product_tag":[37576,37555,37557,37562,37572,37563,37559,37564,37573,37575,37571,37568,37570,37566,37558,37556,37574,37569,37565,37561,37567,37560],"class_list":{"0":"post-35176","1":"product","2":"type-product","3":"status-publish","4":"has-post-thumbnail","6":"product_cat-pesquisa-de-produtos-quimicos-e-psicodelicos","7":"product_tag-analise-do-ephedrine-powder-europe","8":"product_tag-comprar-po-de-efedrina","9":"product_tag-comprar-po-de-efedrina-online","10":"product_tag-compre-efedrina-em-po-online-na-europa","11":"product_tag-efedrina-em-po-desconto-na-europa","12":"product_tag-efedrina-em-po-melhor-preco-europa","13":"product_tag-efeitos-do-po-de-efedrina","14":"product_tag-encomendar-efedrina-em-po-ue","15":"product_tag-entrega-de-po-de-efedrina-na-europa","16":"product_tag-fornecedores-de-po-de-efedrina-na-europa","17":"product_tag-loja-de-po-de-efedrina-na-europa","18":"product_tag-loja-online-de-po-de-efedrina-europa","19":"product_tag-ofertas-de-po-de-efedrina-na-europa","20":"product_tag-onde-comprar-efedrina-em-po-na-europa","21":"product_tag-onde-comprar-efedrina-em-po-online","22":"product_tag-peca-po-de-efedrina-online","23":"product_tag-po-de-efedrina-autentico-europa","24":"product_tag-po-de-efedrina-barato-europa","25":"product_tag-po-de-efedrina-frete-gratis-europa","26":"product_tag-quanto-custa-o-po-de-efedrina","27":"product_tag-venda-de-po-de-efedrina-na-europa","28":"product_tag-vendas-de-po-de-efedrina-online","30":"first","31":"instock","32":"shipping-taxable","33":"purchasable","34":"product-type-variable","35":"farmacie-col"},"aioseo_notices":[],"_links":{"self":[{"href":"https:\/\/lacasadelamedicina.es\/pt-br\/wp-json\/wp\/v2\/product\/35176"}],"collection":[{"href":"https:\/\/lacasadelamedicina.es\/pt-br\/wp-json\/wp\/v2\/product"}],"about":[{"href":"https:\/\/lacasadelamedicina.es\/pt-br\/wp-json\/wp\/v2\/types\/product"}],"replies":[{"embeddable":true,"href":"https:\/\/lacasadelamedicina.es\/pt-br\/wp-json\/wp\/v2\/comments?post=35176"}],"wp:featuredmedia":[{"embeddable":true,"href":"https:\/\/lacasadelamedicina.es\/pt-br\/wp-json\/wp\/v2\/media\/18101"}],"wp:attachment":[{"href":"https:\/\/lacasadelamedicina.es\/pt-br\/wp-json\/wp\/v2\/media?parent=35176"}],"wp:term":[{"taxonomy":"product_cat","embeddable":true,"href":"https:\/\/lacasadelamedicina.es\/pt-br\/wp-json\/wp\/v2\/product_cat?post=35176"},{"taxonomy":"product_tag","embeddable":true,"href":"https:\/\/lacasadelamedicina.es\/pt-br\/wp-json\/wp\/v2\/product_tag?post=35176"}],"curies":[{"name":"wp","href":"https:\/\/api.w.org\/{rel}","templated":true}]}}