{"id":35157,"date":"2024-08-09T14:02:04","date_gmt":"2024-08-09T14:02:04","guid":{"rendered":"https:\/\/lacasadelamedicina.es\/product\/compre-5cakb48-online\/"},"modified":"2024-08-09T14:02:04","modified_gmt":"2024-08-09T14:02:04","slug":"compre-5cakb48-online","status":"publish","type":"product","link":"https:\/\/lacasadelamedicina.es\/pt-br\/produto\/compre-5cakb48-online\/","title":{"rendered":"Compre 5CAKB48 online"},"content":{"rendered":"<h1><span lang=\"EN-US\">5CAKB48 &#8211; Compre 5cakb48 online, 5cakb48 para venda, pe\u00e7a 5cakb48 online na ALEMANHA &#8211; Compre 5CAKB48 online <\/span><\/h1>\n<p> Compre 5CAKB48 online &#8211; Compre 5CAKB48 online: Do maior fornecedor e fornecedor, voc\u00ea pode comprar 5cakb48 de alta qualidade pelos menores pre\u00e7os. Estamos aqui para ajud\u00e1-lo a pedir 5cakb48 online legitimamente. &#8211; Compre 5CAKB48 online &#8211; <a href=\"https:\/\/drlawsonspharmacy\/contact-us\/\">CONTATO<\/a><span lang=\"EN-US\">Compre 5cakb48 online<\/span> Os clientes industriais podem solicitar qualquer tipo de produtos qu\u00edmicos de pesquisa na hora certa, gra\u00e7as \u00e0 plataforma da web. Isso torna mais f\u00e1cil e seguro para os clientes comprar um produto de alta qualidade desta empresa renomada. Os medicamentos que voc\u00ea compra de n\u00f3s sempre ser\u00e3o distintos, com a dosagem e os benef\u00edcios ideais. Quando voc\u00ea usa o site para comprar 5CAKB48 online, o pre\u00e7o dos produtos tamb\u00e9m \u00e9 menor. \u00c9 por isso que \u00e9 hora de voc\u00ea entrar em contato com esta ag\u00eancia se precisar de 5CAKB48 e outros produtos.       &nbsp;<\/p>\n<h3><span lang=\"EN-US\">O que \u00e9 o 5CAKB48?<\/span><\/h3>\n<p> Cannabis sint\u00e9tica ou 5CAKB48 \u00e9 uma subst\u00e2ncia bem conhecida que \u00e9 projetada especificamente para uso em laborat\u00f3rio. Isso permite que clientes industriais adquiram facilmente este produto sempre que precisarem para estudos posteriores. Este item n\u00e3o se destina ao uso por indiv\u00edduos ou outros. Como resultado, o desconforto n\u00e3o vem de \u00e2ngulos diferentes.    &nbsp;<\/p>\n<h3><span lang=\"EN-US\">Onde comprar 5CAKB48<\/span><\/h3>\n<p> Muitas pessoas est\u00e3o procurando a melhor empresa onde possam obter servi\u00e7os de qualidade que satisfa\u00e7am totalmente os usu\u00e1rios do 5CAKB48. Embora tenha propriedades especiais, este produto \u00e9 perigoso quando usado para fins pessoais. Portanto, voc\u00ea pode facilmente obter o 5CAKB48 na plataforma da web se precisar deste produto para sua pesquisa em andamento. O site \u00e9 muito mais f\u00e1cil de usar e explorar e oferece uma ampla gama de produtos a pre\u00e7os razo\u00e1veis. Esses itens devem ser explicados claramente aos usu\u00e1rios industriais antes que eles possam come\u00e7ar a us\u00e1-los a um custo razo\u00e1vel. Os clientes podem comprar legalmente este item desta empresa bem conhecida.      &nbsp;<\/p>\n","protected":false},"excerpt":{"rendered":"<p>&nbsp;<\/p>\n","protected":false},"featured_media":18206,"comment_status":"closed","ping_status":"closed","template":"","meta":{"om_disable_all_campaigns":false,"_sitemap_exclude":false,"_sitemap_priority":"","_sitemap_frequency":"","_monsterinsights_skip_tracking":false,"_monsterinsights_sitenote_active":false,"_monsterinsights_sitenote_note":"","_monsterinsights_sitenote_category":0},"product_cat":[35703],"product_tag":[37506,37507,37499,37497,37504,37501,37494,37510,37508,37503,37489,37491,37496,37493,37509,37505,37502,37500,37492,37498,37490,37495],"class_list":{"0":"post-35157","1":"product","2":"type-product","3":"status-publish","4":"has-post-thumbnail","6":"product_cat-pesquisa-de-produtos-quimicos-e-psicodelicos","7":"product_tag-5cakb48-desconto-europa","8":"product_tag-5cakb48-entrega-na-europa","9":"product_tag-5cakb48-frete-gratis-europa","10":"product_tag-5cakb48-melhor-preco-europa","11":"product_tag-5cakb48-ofertas-na-europa","12":"product_tag-5cakb48-venda-europa","13":"product_tag-5cakb48-vendas-online","14":"product_tag-analise-do-5cakb48-europe","15":"product_tag-autentico-5cakb48-europa-pt-br","16":"product_tag-barato-5cakb48-europa","17":"product_tag-comprar-5cakb48-pt-br","18":"product_tag-comprar-5cakb48-online","19":"product_tag-compre-5cakb48-online-europa","20":"product_tag-efeitos-do-5cakb48","21":"product_tag-fornecedores-5cakb48-europa","22":"product_tag-loja-5cakb48-europa","23":"product_tag-loja-online-5cakb48-europa","24":"product_tag-onde-comprar-5cakb48-europa","25":"product_tag-onde-comprar-5cakb48-online","26":"product_tag-ordem-5cakb48-ue","27":"product_tag-peca-5cakb48-online","28":"product_tag-quanto-e-5cakb48-pt-br","30":"first","31":"instock","32":"shipping-taxable","33":"purchasable","34":"product-type-variable","35":"farmacie-col"},"aioseo_notices":[],"_links":{"self":[{"href":"https:\/\/lacasadelamedicina.es\/pt-br\/wp-json\/wp\/v2\/product\/35157"}],"collection":[{"href":"https:\/\/lacasadelamedicina.es\/pt-br\/wp-json\/wp\/v2\/product"}],"about":[{"href":"https:\/\/lacasadelamedicina.es\/pt-br\/wp-json\/wp\/v2\/types\/product"}],"replies":[{"embeddable":true,"href":"https:\/\/lacasadelamedicina.es\/pt-br\/wp-json\/wp\/v2\/comments?post=35157"}],"wp:featuredmedia":[{"embeddable":true,"href":"https:\/\/lacasadelamedicina.es\/pt-br\/wp-json\/wp\/v2\/media\/18206"}],"wp:attachment":[{"href":"https:\/\/lacasadelamedicina.es\/pt-br\/wp-json\/wp\/v2\/media?parent=35157"}],"wp:term":[{"taxonomy":"product_cat","embeddable":true,"href":"https:\/\/lacasadelamedicina.es\/pt-br\/wp-json\/wp\/v2\/product_cat?post=35157"},{"taxonomy":"product_tag","embeddable":true,"href":"https:\/\/lacasadelamedicina.es\/pt-br\/wp-json\/wp\/v2\/product_tag?post=35157"}],"curies":[{"name":"wp","href":"https:\/\/api.w.org\/{rel}","templated":true}]}}