{"id":35151,"date":"2024-08-09T14:02:04","date_gmt":"2024-08-09T14:02:04","guid":{"rendered":"https:\/\/lacasadelamedicina.es\/product\/compre-po-e-cristal-de-2-fdck-online\/"},"modified":"2024-08-09T14:02:04","modified_gmt":"2024-08-09T14:02:04","slug":"compre-po-e-cristal-de-2-fdck-online","status":"publish","type":"product","link":"https:\/\/lacasadelamedicina.es\/pt-br\/produto\/compre-po-e-cristal-de-2-fdck-online\/","title":{"rendered":"Compre p\u00f3 e cristal de 2-FDCK online"},"content":{"rendered":"<h3><strong>2FDCK para venda &#8211; Compre 2-fdck online, Pe\u00e7a p\u00f3 de cristal 2-fdck online<\/strong><\/h3>\n<p><strong>Compre p\u00f3 e cristal de 2-FDCK online<\/strong>&#8211; Compre 2FDCK online &#8211; Oferecemos 2-fdck premium para venda em nossa loja online de cannabis. Comprar cristal e p\u00f3 de 2-FDCK online pode fazer com que seu item seja entregue rapidamente. Compre p\u00f3 e cristal de 2-FDCK online Produtos qu\u00edmicos farmac\u00eauticos como 2FDCK est\u00e3o entre os tipos de subst\u00e2ncias mais importantes e est\u00e3o em alta demanda agora. Pertence \u00e0 classe de arilciclohexilaminas entre as drogas dissociativas. Diz-se que se assemelha \u00e0 fam\u00edlia PCP de v\u00e1rias maneiras. Se voc\u00ea quiser comprar 2-fdck online, voc\u00ea precisa escolher o site apropriado para fazer um pedido com desconto instant\u00e2neo. Foi fundado em 2015, e voc\u00ea sempre pode fazer um pedido no site mais confi\u00e1vel online com vendas e descontos cont\u00ednuos. As propriedades qu\u00edmicas do grupo de arilciclohexilamina que cont\u00e9m cetamina s\u00e3o as mesmas.        &nbsp;<\/p>\n<h3><strong>Compre p\u00f3 e cristal de 2-FDCK online &#8211; O que \u00e9 2FDCK?<\/strong><\/h3>\n<p> Medicamente conhecido como 2&#8242;-Fl-2-Oxo-PCM, Fluorocetamina, 2FDCK \u00e9 um composto qu\u00edmico associado \u00e0 cetamina. \u00c9 frequentemente relatado como sendo usado como uma droga de designer em v\u00e1rios pa\u00edses. \u00c9 uma contrapartida da cetamina onde o fl\u00faor assume o papel das subst\u00e2ncias duradouras. De acordo com as \u00faltimas informa\u00e7\u00f5es, os detalhes farmacol\u00f3gicos da subst\u00e2ncia s\u00e3o desconhecidos, proporcionando uma vantagem competitiva. Esta subst\u00e2ncia alivia sintomas dissociativos, dor e outras emo\u00e7\u00f5es negativas. Voc\u00ea pode us\u00e1-lo com facilidade e conforto, e tem um efeito melhor no corpo. Estamos comprometidos em trazer produtos de alta qualidade para o mercado, e o consumidor pode obter p\u00f3 de cristal 2-fdck online nos EUA com um desconto instant\u00e2neo. Ele est\u00e1 ganhando maior tr\u00e1fego como resultado de ser usado para v\u00e1rias necessidades m\u00e9dicas humanas.        &nbsp;<\/p>\n<h3><strong>Por que voc\u00ea deve comprar o 2FDCK conosco?<\/strong><\/h3>\n<p> Somos o site ideal para comprar medicamentos naturais porque temos anos de experi\u00eancia em fornecer uma ampla gama de produtos com descontos exclusivos. Ao fazer um pedido pelo seu celular, voc\u00ea pode comprar 2-FDCK. N\u00f3s enviamos em quantidades de 1g, 5g, 25g e 50g, tornando mais f\u00e1cil para voc\u00ea obter exatamente o que precisa e economizar dinheiro.   <\/p>\n<ul>\n<li>Oferecemos suporte 24\u00d77 horas<\/li>\n<li>N\u00f3s entregamos produtos genu\u00ednos<\/li>\n<li>Embalagem 100% mais segura<\/li>\n<\/ul>\n<p>&nbsp;<\/p>\n<h3>Compre 2-FDCK em p\u00f3 e cristal online &#8211; Como usar 2-FDCK?<\/h3>\n<p> Ela fornece energia, suaviza os efeitos das drogas e limpa a mente. A SFDCK quer ter uma experi\u00eancia maravilhosa e achar a droga mais euf\u00f3rica. Essas drogas permitem engolir enquanto tomam o 2-FDCK mais dissociativo. Al\u00e9m disso, \u00e9 garantido que seja menos estimulado em compara\u00e7\u00e3o com outros m\u00e9todos. Voc\u00ea tem que esperar pelo 2FDCK para venda para comprar esses itens online, economizando a maior parte da taxa de transa\u00e7\u00e3o.     &nbsp;<\/p>\n","protected":false},"excerpt":{"rendered":"<p>&nbsp;<\/p>\n","protected":false},"featured_media":18191,"comment_status":"closed","ping_status":"closed","template":"","meta":{"om_disable_all_campaigns":false,"_sitemap_exclude":false,"_sitemap_priority":"","_sitemap_frequency":"","_monsterinsights_skip_tracking":false,"_monsterinsights_sitenote_active":false,"_monsterinsights_sitenote_note":"","_monsterinsights_sitenote_category":0},"product_cat":[35703],"product_tag":[37485,37482,37484,37483,37480,37475,37479,37488,37467,37468,37474,37471,37487,37478,37469,37476,37470,37481,37477,37486,37473,37472],"class_list":{"0":"post-35151","1":"product","2":"type-product","3":"status-publish","4":"has-post-thumbnail","6":"product_cat-pesquisa-de-produtos-quimicos-e-psicodelicos","7":"product_tag-2-fdck-em-po-e-cristal-entrega-na-europa","8":"product_tag-2-fdck-em-po-e-cristal-ofertas-na-europa","9":"product_tag-2-fdck-po-e-cristal-desconto-europa","10":"product_tag-2-fdck-po-e-cristal-loja-europa","11":"product_tag-2-fdck-po-e-cristal-loja-online-europa","12":"product_tag-2-fdck-po-e-cristal-melhor-preco-europa","13":"product_tag-2-fdck-po-e-cristal-venda-europa","14":"product_tag-analise-de-po-e-cristal-2-fdck-na-europa","15":"product_tag-compre-po-e-cristal-2-fdck","16":"product_tag-compre-po-e-cristal-de-2-fdck-online","17":"product_tag-compre-po-e-cristal-de-2-fdck-online-na-europa","18":"product_tag-efeitos-do-po-e-do-cristal-de-2-fdck","19":"product_tag-fornecedores-de-po-e-cristal-2-fdck-na-europa","20":"product_tag-onde-comprar-po-e-cristal-de-2-fdck-na-europa","21":"product_tag-onde-comprar-po-e-cristal-de-2-fdck-online","22":"product_tag-ordem-2-fdck-po-e-cristal-ue","23":"product_tag-peca-po-e-cristal-2-fdck-online","24":"product_tag-po-e-cristal-2-fdck-barato-europa","25":"product_tag-po-e-cristal-2-fdck-frete-gratis-europa","26":"product_tag-po-e-cristal-autenticos-2-fdck-europa","27":"product_tag-quanto-custa-o-po-e-o-cristal-de-2-fdck","28":"product_tag-vendas-de-po-e-cristal-2-fdck-online","30":"first","31":"instock","32":"shipping-taxable","33":"purchasable","34":"product-type-variable","35":"farmacie-col"},"aioseo_notices":[],"_links":{"self":[{"href":"https:\/\/lacasadelamedicina.es\/pt-br\/wp-json\/wp\/v2\/product\/35151"}],"collection":[{"href":"https:\/\/lacasadelamedicina.es\/pt-br\/wp-json\/wp\/v2\/product"}],"about":[{"href":"https:\/\/lacasadelamedicina.es\/pt-br\/wp-json\/wp\/v2\/types\/product"}],"replies":[{"embeddable":true,"href":"https:\/\/lacasadelamedicina.es\/pt-br\/wp-json\/wp\/v2\/comments?post=35151"}],"wp:featuredmedia":[{"embeddable":true,"href":"https:\/\/lacasadelamedicina.es\/pt-br\/wp-json\/wp\/v2\/media\/18191"}],"wp:attachment":[{"href":"https:\/\/lacasadelamedicina.es\/pt-br\/wp-json\/wp\/v2\/media?parent=35151"}],"wp:term":[{"taxonomy":"product_cat","embeddable":true,"href":"https:\/\/lacasadelamedicina.es\/pt-br\/wp-json\/wp\/v2\/product_cat?post=35151"},{"taxonomy":"product_tag","embeddable":true,"href":"https:\/\/lacasadelamedicina.es\/pt-br\/wp-json\/wp\/v2\/product_tag?post=35151"}],"curies":[{"name":"wp","href":"https:\/\/api.w.org\/{rel}","templated":true}]}}