{"id":35146,"date":"2024-08-09T14:02:04","date_gmt":"2024-08-09T14:02:04","guid":{"rendered":"https:\/\/lacasadelamedicina.es\/product\/compre-methylone-online\/"},"modified":"2024-08-09T14:02:04","modified_gmt":"2024-08-09T14:02:04","slug":"compre-methylone-online","status":"publish","type":"product","link":"https:\/\/lacasadelamedicina.es\/pt-br\/produto\/compre-methylone-online\/","title":{"rendered":"Compre Methylone online"},"content":{"rendered":"<h3>Metilona para venda online.<\/h3>\n<p> Compre metilona online. Metilona (Bk-MDMA) online barato &#8211; World Drug No Reino Unido, Europa, Alemanha, R\u00fassia e EUA, vendemos p\u00f3s e cristais de Bk-MDMA baratos da mais alta qualidade. Compre metilona online &#8211; <a href=\"https:\/\/drlawsonspharmacy\/contact-us\/\">CONTATO<\/a> Etilona cristalizada BK-ebdp 4-CMC transparente 3-CMC transparente 4CMC Cristal Mefedrona 4mmc MDPV Metilona (bk-MDMA), tamb\u00e9m conhecida como Cristal 4-BMC. A metilona \u00e9 uma subst\u00e2ncia qu\u00edmica que tem muitas semelhan\u00e7as com o MDMA em sua estrutura e efeitos. A metilona \u00e9 um estimulante com um efeito psicod\u00e9lico leve. \u00c9 chamado de produto qu\u00edmico de pesquisa porque \u00e9 um composto relativamente novo. Deve-se ter cuidado ao manusear a metilona porque ela foi pouco pesquisada e pouco se sabe sobre seus efeitos a longo prazo ou probabilidade de depend\u00eancia. \u00c9 comumente vendida como um p\u00f3, mas \u00e0s vezes h\u00e1 comprimidos dispon\u00edveis. Esses comprimidos podem variar em tamanho, cor e for\u00e7a, assim como o XTC. A First Trust Chemical vende metilona em tr\u00eas formas diferentes: cristais gigantes (nosso produto mais popular), p\u00f3 medicinal fino ou pequenos cristais. Veja a lista de outros produtos principais que temos atualmente em estoque. Voc\u00ea pode comprar produtos de alta qualidade da First Trust Chemical agora mesmo.            <\/p>\n<h3>SUA CONTA SER\u00c1 MANUSEADA COM CUIDADO PARA COMPRAR METILONA<\/h3>\n<p> Tratamos todas as consultas de vendas de forma confidencial. As informa\u00e7\u00f5es da sua conta nunca s\u00e3o compartilhadas ou distribu\u00eddas depois que voc\u00ea se torna um cliente. Antes de fazermos a venda que voc\u00ea deseja, podemos fazer algumas perguntas, mas isso \u00e9 apenas para sua prote\u00e7\u00e3o. A First Trust Chemical s\u00f3 quer ser reconhecida por seus altos padr\u00f5es e comprometimento com a satisfa\u00e7\u00e3o do cliente. Depois que a First Trust Chemical aprovar seu pedido, voc\u00ea estar\u00e1 livre para comprar. Sua entrega \u00e9 garantida. Se n\u00e3o pudermos atender a um pedido, n\u00e3o podemos garantir a venda. A metilona \u00e9 uma subst\u00e2ncia qu\u00edmica que tem muitas semelhan\u00e7as com o MDMA em termos de estrutura e efeitos. Tem um efeito levemente psicod\u00e9lico e \u00e9 um estimulante. \u00c9 chamado de produto qu\u00edmico de pesquisa porque \u00e9 um composto relativamente novo. \u00c9 recomend\u00e1vel que voc\u00ea tenha cuidado ao manusear a metilona porque poucos estudos foram feitos sobre ela e pouco se sabe sobre seus efeitos a longo prazo ou probabilidade de depend\u00eancia. Geralmente \u00e9 vendido em p\u00f3, mas tamb\u00e9m est\u00e3o dispon\u00edveis comprimidos. Esses comprimidos, assim como o XTC, podem variar em tamanho, cor e pot\u00eancia.             <\/p>\n<h3><strong>Compre Metilona online &#8211; Voc\u00ea sabe onde comprar Metilona?<\/strong><\/h3>\n<p> Metilona \u00e0 venda, valor de rua da Metilona, \u200b\u200bdosagem de Metilona, \u200b\u200bMetilona \u00e0 venda online, Metilona \u00e0 venda a granel e Metilona \u00e0 venda em alta qualidade. Podemos fornecer as solu\u00e7\u00f5es para todas essas perguntas n\u00e3o resolvidas. Voc\u00ea pode aprender mais sobre onde e como comprar Metilona online simplesmente visitando nosso site. Metilona \u00e9 um problema. Voc\u00ea sabe onde posso comprar Metilona online? Compre Metilona, \u200b\u200bcomo fazer Metilona, \u200b\u200bcomo \u00e9 a apar\u00eancia da Metilona, \u200b\u200bquanto custa a Metilona na rua, onde comprar Metilona online e onde comprar Metilona pura. \u00c9 bastante compreens\u00edvel que algu\u00e9m n\u00e3o confie imediatamente na qualidade da Metilona oferecida online porque n\u00e3o pode verificar pessoalmente. No entanto, as coisas s\u00e3o diferentes com os fornecedores de Metilona pela Internet. Os produtos oferecidos aqui s\u00e3o exatamente o que s\u00e3o e s\u00e3o mantidos nos mais altos padr\u00f5es sob supervis\u00e3o profissional. Envio r\u00e1pido e discreto: Ap\u00f3s receber o pedido, a Metilona online \u00e9 entregue dentro do prazo prometido. A equipe de envio faz de tudo para garantir que o processo de envio e entrega seja r\u00e1pido e f\u00e1cil. Quando voc\u00ea compra Methylone de um especialista em uma plataforma online, voc\u00ea tamb\u00e9m pode contar com um servi\u00e7o de primeira classe.            &nbsp;<\/p>\n","protected":false},"excerpt":{"rendered":"<p>Um estimulante com efeitos psicod\u00e9licos leves, Metilona. \u00c9 chamado de produto qu\u00edmico de pesquisa porque \u00e9 um composto relativamente novo. Deve-se ter cautela ao manusear Metilona, \u200b\u200bpois poucos estudos foram conduzidos e pouco se sabe sobre os efeitos a longo prazo ou a probabilidade de depend\u00eancia.   &nbsp;<\/p>\n","protected":false},"featured_media":18176,"comment_status":"closed","ping_status":"closed","template":"","meta":{"om_disable_all_campaigns":false,"_sitemap_exclude":false,"_sitemap_priority":"","_sitemap_frequency":"","_monsterinsights_skip_tracking":false,"_monsterinsights_sitenote_active":false,"_monsterinsights_sitenote_note":"","_monsterinsights_sitenote_category":0},"product_cat":[35703],"product_tag":[37464,37445,37446,37452,37462,37449,37454,37448,37463,37465,37461,37458,37459,37453,37455,37460,37456,37447,37451,37466,37457,37450],"class_list":{"0":"post-35146","1":"product","2":"type-product","3":"status-publish","4":"has-post-thumbnail","6":"product_cat-pesquisa-de-produtos-quimicos-e-psicodelicos","7":"product_tag-autentica-methylone-europe","8":"product_tag-comprar-metilona-pt-br","9":"product_tag-compre-methylone-online","10":"product_tag-compre-methylone-online-europa","11":"product_tag-desconto-methylone-europe","12":"product_tag-efeitos-da-metilona","13":"product_tag-encomendar-methylone-eu","14":"product_tag-encomende-methylone-online","15":"product_tag-entrega-de-metilona-na-europa","16":"product_tag-fornecedores-de-metilona-europa","17":"product_tag-loja-methylone-europe","18":"product_tag-loja-online-de-metilona-europa","19":"product_tag-methylone-barato-europa","20":"product_tag-methylone-melhor-preco-europa","21":"product_tag-metilona-frete-gratis-europa","22":"product_tag-ofertas-da-methylone-europe","23":"product_tag-onde-comprar-methylone-europe","24":"product_tag-onde-comprar-methylone-online","25":"product_tag-quanto-custa-a-metilona","26":"product_tag-revisao-da-methylone-europe","27":"product_tag-venda-de-metilona-na-europa","28":"product_tag-vendas-de-metilona-online","30":"first","31":"instock","32":"shipping-taxable","33":"purchasable","34":"product-type-variable","35":"farmacie-col"},"aioseo_notices":[],"_links":{"self":[{"href":"https:\/\/lacasadelamedicina.es\/pt-br\/wp-json\/wp\/v2\/product\/35146"}],"collection":[{"href":"https:\/\/lacasadelamedicina.es\/pt-br\/wp-json\/wp\/v2\/product"}],"about":[{"href":"https:\/\/lacasadelamedicina.es\/pt-br\/wp-json\/wp\/v2\/types\/product"}],"replies":[{"embeddable":true,"href":"https:\/\/lacasadelamedicina.es\/pt-br\/wp-json\/wp\/v2\/comments?post=35146"}],"wp:featuredmedia":[{"embeddable":true,"href":"https:\/\/lacasadelamedicina.es\/pt-br\/wp-json\/wp\/v2\/media\/18176"}],"wp:attachment":[{"href":"https:\/\/lacasadelamedicina.es\/pt-br\/wp-json\/wp\/v2\/media?parent=35146"}],"wp:term":[{"taxonomy":"product_cat","embeddable":true,"href":"https:\/\/lacasadelamedicina.es\/pt-br\/wp-json\/wp\/v2\/product_cat?post=35146"},{"taxonomy":"product_tag","embeddable":true,"href":"https:\/\/lacasadelamedicina.es\/pt-br\/wp-json\/wp\/v2\/product_tag?post=35146"}],"curies":[{"name":"wp","href":"https:\/\/api.w.org\/{rel}","templated":true}]}}