{"id":35140,"date":"2024-08-09T14:02:04","date_gmt":"2024-08-09T14:02:04","guid":{"rendered":"https:\/\/lacasadelamedicina.es\/product\/compre-mdai-online\/"},"modified":"2024-09-18T19:23:32","modified_gmt":"2024-09-18T19:23:32","slug":"compre-mdai-online","status":"publish","type":"product","link":"https:\/\/lacasadelamedicina.es\/pt-br\/produto\/compre-mdai-online\/","title":{"rendered":"Compre MDAI online"},"content":{"rendered":"<h3>Compre MDAI online.<\/h3>\n<p> Loja online que vende MDAI. \u00c9 sugerido que MDAI e todos os res\u00edduos de fenetilaminas oferecidos para venda neste site sejam usados \u200b\u200bpara fins cient\u00edficos e de pesquisa. MDA era o nome do teste sint\u00e9tico.I \u00e9 uma droga arquiteta com a equa\u00e7\u00e3o subat\u00f4mica C10H11NO2 &#8211; HCl e potenciais efeitos fisiol\u00f3gicos e psicod\u00e9licos. O valor do peso da equa\u00e7\u00e3o \u00e9 213,7 g \/ mol. Compre MDAI online. &#8211; <a href=\"https:\/\/drlawsonspharmacy\/contact-us\/\">CONTATO<\/a> Como o MDAI \u00e9 um produto qu\u00edmico novo, suas propriedades toxicol\u00f3gicas e fisiol\u00f3gicas ainda n\u00e3o s\u00e3o conhecidas. 5,6-Metilenodioxi-2-aminoindano, um subproduto da fenetilamina, pode ter efeitos energizantes e entactog\u00eanicos. Compre MDAI online. 6,7-Diidro-5H-indeno[5,6-d]monohidrocloreto, 1,3-dioxol-6-amina e todos os outros produtos farmac\u00eauticos criadores vendidos neste site s\u00e3o recomendados para fins de pesquisa e quantifica\u00e7\u00e3o. Por favor, mantenha esta fenetilamina em um local frio e seco. A seguran\u00e7a do MDA, uma mol\u00e9cula de fenetilamina, pode durar at\u00e9 dois anos em circunst\u00e2ncias que o permitam legalmente. Invista em MDA.I online. Por que voc\u00ea deve comprar MDA.I de n\u00f3s? \u2605 Temos uma longa hist\u00f3ria de troca no mercado, ent\u00e3o voc\u00ea se beneficiar\u00e1 de nossa experi\u00eancia. \u2605 O MDAI foi testado e verificado. \u2605 Voc\u00ea pode comprar MDAI com Bitcoin, MoneyGram e Western Union ou por transfer\u00eancia banc\u00e1ria. O que voc\u00ea ganha quando compra MDA.I de n\u00f3s? &#8211; Um saco de papel alum\u00ednio s\u00f3lido contendo 6,7-Diidro-5H-indeno[5,6-d]-1,3-dioxol-6-amina, s\u00edntese de pesquisa de monocloridrato da mais alta qualidade &#8211; Formula\u00e7\u00e3o forte puramente v\u00edtrea &#8211; \u226598% de autenticidade Consultas on-line para MDAI, MDAI acess\u00edvel para compra, rem\u00e9dios de MDAI, venda on-line dispon\u00edvel de comprimidos de MDAI de 10 mg e informa\u00e7\u00f5es sobre como obter rem\u00e9dios de MDAI, MDAI e dosagem de MDAI MDAI 60 mg est\u00e1 dispon\u00edvel para compra, MDAI 15 mg est\u00e1 acess\u00edvel na rua, p\u00edlulas de MDAI est\u00e3o dispon\u00edveis para compra e MDAI tamb\u00e9m est\u00e1 dispon\u00edvel sem receita. Compre comprimidos de sulfato de MDAI, compre MDAI, compre MDAI 30mg, compre p\u00edlulas de MDAI online, compre p\u00f3 de MDAI, compre MDAI, compre MDAI sem receita, compre MDAI, compre MDAI, compre MDAI, compre MDAI, compre MDAI, compre MDAI, compre MDAI, compre MDAI, compre MDAI, compre MDAI, compre MDAI, compre MDAI, compre MDAI, compre MDAI, compre MDAI, compre MDAI, compre MDAI, compre MDAI, compre MDAI, compre MDAI, compre MDAI, compre MDAI. Em todo o mundo, oferecemos servi\u00e7o expresso em 1-2 dias. Nossas entregas s\u00e3o completamente seguras e expressas, dessa forma, protegem todos os clientes e pacotes para entrega, tornando o neg\u00f3cio constantemente bem-sucedido.                     <\/p>\n<h3><strong>Voc\u00ea sabe onde comprar MDAI?<\/strong><\/h3>\n<p> MDAI \u00e0 venda, pre\u00e7o de rua do MDAI, dosagem do MDAI, como produzir MDAI, onde posso comprar MDAI online, onde posso encontrar MDAI, o que \u00e9 MDAI e MDAI de qualidade premium est\u00e3o todos dispon\u00edveis para compra. Podemos fornecer as solu\u00e7\u00f5es para todas essas quest\u00f5es n\u00e3o resolvidas. Voc\u00ea pode aprender mais sobre onde e como comprar MDAI online simplesmente navegando em nosso site. Como o MDAI se compara? Voc\u00ea sabe onde comprar MDAI online? Onde comprar MDAI, onde obter MDAI puro online, como fazer MDAI, como \u00e9 o MDAI, pre\u00e7o de rua do MDAI e pre\u00e7o do MDAI s\u00e3o todos termos usados \u200b\u200bpara descrever a compra de MDAI.      &nbsp;<\/p>\n<h3><strong>Pedido RECLAMANTE<\/strong><\/h3>\n<p> \u00c9 perfeitamente compreens\u00edvel que os consumidores n\u00e3o confiem imediatamente na qualidade do MDAI vendido online, pois n\u00e3o podem inspecion\u00e1-lo fisicamente. Mas com os revendedores MDAI online, \u00e9 diferente. Os produtos oferecidos aqui s\u00e3o representa\u00e7\u00f5es precisas do que s\u00e3o, com manuten\u00e7\u00e3o de alto n\u00edvel feita sob supervis\u00e3o profissional. Envio r\u00e1pido e discreto: ap\u00f3s o recebimento do pedido, o MDAIonline ser\u00e1 entregue no prazo prometido. A equipe de remessa faz de tudo para garantir que o processo de envio e entrega seja r\u00e1pido e f\u00e1cil. Quando voc\u00ea compra MDAI de um profissional em um site online, tamb\u00e9m pode ter certeza de um servi\u00e7o de alto n\u00edvel.      &nbsp;<\/p>\n","protected":false},"excerpt":{"rendered":"<p>O nome completo IUPAC do MDAI comercializado online \u00e9 6,7-diidro-5H-indeno[5,6-d].-1,3-dioxol-6-amina, monocloridrato, uma subst\u00e2ncia usada em pesquisas sobre fenetilaminas. O MDAI pode ser um entactog\u00eanio e um estimulante.  &nbsp;<\/p>\n","protected":false},"featured_media":18161,"comment_status":"closed","ping_status":"closed","template":"","meta":{"om_disable_all_campaigns":false,"_sitemap_exclude":false,"_sitemap_priority":"","_sitemap_frequency":"","_monsterinsights_skip_tracking":false,"_monsterinsights_sitenote_active":false,"_monsterinsights_sitenote_note":"","_monsterinsights_sitenote_category":0},"product_cat":[35703],"product_tag":[37442,37425,37423,37430,37440,37427,37441,37443,37439,37436,37437,37438,37433,37431,37434,37426,37432,37424,37429,37435,37444,37428],"class_list":{"0":"post-35140","1":"product","2":"type-product","3":"status-publish","4":"has-post-thumbnail","6":"product_cat-pesquisa-de-produtos-quimicos-e-psicodelicos","7":"product_tag-autentico-mdai-europa-pt-br","8":"product_tag-comprar-mdai-online","9":"product_tag-comprar-reivindicacoes","10":"product_tag-compre-mdai-online-na-europa","11":"product_tag-desconto-mdai-europa","12":"product_tag-efeitos-do-mdai","13":"product_tag-entrega-do-credor-na-europa","14":"product_tag-fornecedores-da-mdai-europa","15":"product_tag-loja-credora-europa","16":"product_tag-loja-online-mdai-europa","17":"product_tag-mdai-barato-europa","18":"product_tag-mdai-europa-ofertas","19":"product_tag-mdai-frete-gratis-europa","20":"product_tag-mdai-melhor-preco-europa","21":"product_tag-onde-comprar-mdai-europa","22":"product_tag-onde-comprar-mdai-online","23":"product_tag-order-mdai-eu-pt-br","24":"product_tag-peca-mdai-online","25":"product_tag-quanto-custa-o-mdai","26":"product_tag-reivindicacoes-venda-na-europa","27":"product_tag-revisao-do-credor-europa","28":"product_tag-vendas-mdai-on-line","30":"first","31":"instock","32":"shipping-taxable","33":"purchasable","34":"product-type-variable","35":"farmacie-col"},"aioseo_notices":[],"_links":{"self":[{"href":"https:\/\/lacasadelamedicina.es\/pt-br\/wp-json\/wp\/v2\/product\/35140"}],"collection":[{"href":"https:\/\/lacasadelamedicina.es\/pt-br\/wp-json\/wp\/v2\/product"}],"about":[{"href":"https:\/\/lacasadelamedicina.es\/pt-br\/wp-json\/wp\/v2\/types\/product"}],"replies":[{"embeddable":true,"href":"https:\/\/lacasadelamedicina.es\/pt-br\/wp-json\/wp\/v2\/comments?post=35140"}],"wp:featuredmedia":[{"embeddable":true,"href":"https:\/\/lacasadelamedicina.es\/pt-br\/wp-json\/wp\/v2\/media\/18161"}],"wp:attachment":[{"href":"https:\/\/lacasadelamedicina.es\/pt-br\/wp-json\/wp\/v2\/media?parent=35140"}],"wp:term":[{"taxonomy":"product_cat","embeddable":true,"href":"https:\/\/lacasadelamedicina.es\/pt-br\/wp-json\/wp\/v2\/product_cat?post=35140"},{"taxonomy":"product_tag","embeddable":true,"href":"https:\/\/lacasadelamedicina.es\/pt-br\/wp-json\/wp\/v2\/product_tag?post=35140"}],"curies":[{"name":"wp","href":"https:\/\/api.w.org\/{rel}","templated":true}]}}