{"id":35123,"date":"2024-08-09T14:02:04","date_gmt":"2024-08-09T14:02:04","guid":{"rendered":"https:\/\/lacasadelamedicina.es\/product\/compre-ketamina-em-po-online\/"},"modified":"2024-08-09T14:02:04","modified_gmt":"2024-08-09T14:02:04","slug":"compre-ketamina-em-po-online","status":"publish","type":"product","link":"https:\/\/lacasadelamedicina.es\/pt-br\/produto\/compre-ketamina-em-po-online\/","title":{"rendered":"Compre Ketamina em P\u00f3 Online"},"content":{"rendered":"<h1>Compre p\u00f3 de cetamina online.<\/h1>\n<p> Venda de cetamina online. Para curar estresse e desespero severos, compre p\u00f3 de cetamina. Compre p\u00f3 de cetamina online &#8211; <a href=\"https:\/\/drlawsonspharmacy\/contact-us\/\">CONTATO<\/a> A depress\u00e3o \u00e9 a doen\u00e7a mental mais comum no mundo e \u00e9 um dos principais contribuintes para o aumento das taxas de suic\u00eddio. Devido ao seu r\u00e1pido in\u00edcio de a\u00e7\u00e3o, <a href=\"https:\/\/dieapotheke247.com\/\">cetamina<\/a> est\u00e1 se tornando cada vez mais popular como um meio de tratamento da depress\u00e3o. Ela funciona ligando-se aos receptores NMDA no c\u00e9rebro, aumentando a concentra\u00e7\u00e3o do neurotransmissor glutamato. Como resultado, os receptores AMPA s\u00e3o ativados, causando a libera\u00e7\u00e3o de mais produtos qu\u00edmicos. Todo o processo afeta a cogni\u00e7\u00e3o, o humor e os padr\u00f5es de pensamento. Al\u00e9m disso, o medicamento melhora a comunica\u00e7\u00e3o entre certas regi\u00f5es do c\u00e9rebro e reduz os sinais relacionados \u00e0 inflama\u00e7\u00e3o. \u00c9 importante estar ciente dos pr\u00f3s e contras antes de comprar o p\u00f3 de cetamina.         &nbsp;<\/p>\n<h2>Compre p\u00f3 de cetamina online de um fornecedor confi\u00e1vel<\/h2>\n<p> Ao usar medicamentos prescritos por raz\u00f5es m\u00e9dicas, nada \u00e9 mais importante do que a qualidade. Na Farm\u00e1cia Dr. Lawsons, temos uma equipe de profissionais que realizam verifica\u00e7\u00f5es de controle de qualidade em v\u00e1rios est\u00e1gios para garantir que aderimos aos mais altos padr\u00f5es internacionais. Muitas pessoas tiveram grande sucesso com o p\u00f3 de cetamina que vendemos e esperamos que voc\u00ea tamb\u00e9m tenha. Se voc\u00ea tiver alguma d\u00favida, entre em contato com nossa equipe a qualquer momento que seja conveniente para voc\u00ea.    <\/p>\n<h3><\/h3>\n<p>&nbsp;<\/p>\n","protected":false},"excerpt":{"rendered":"<p>Foi demonstrado que a cetamina \u00e9 eficaz no tratamento da depress\u00e3o em indiv\u00edduos bipolares que n\u00e3o responderam aos antidepressivos. &nbsp;<\/p>\n","protected":false},"featured_media":18146,"comment_status":"closed","ping_status":"closed","template":"","meta":{"om_disable_all_campaigns":false,"_sitemap_exclude":false,"_sitemap_priority":"","_sitemap_frequency":"","_monsterinsights_skip_tracking":false,"_monsterinsights_sitenote_active":false,"_monsterinsights_sitenote_note":"","_monsterinsights_sitenote_category":0},"product_cat":[35703],"product_tag":[37378,37357,37359,37364,37374,37361,37366,37375,37377,37367,37365,37373,37370,37372,37368,37360,37358,37376,37371,37363,37369,37362],"class_list":{"0":"post-35123","1":"product","2":"type-product","3":"status-publish","4":"has-post-thumbnail","6":"product_cat-pesquisa-de-produtos-quimicos-e-psicodelicos","7":"product_tag-avaliacao-do-ketamine-powder-europe","8":"product_tag-comprar-po-de-cetamina","9":"product_tag-comprar-po-de-cetamina-online","10":"product_tag-compre-ketamina-em-po-online-na-europa","11":"product_tag-desconto-em-po-de-cetamina-na-europa","12":"product_tag-efeitos-do-po-de-cetamina","13":"product_tag-encomendar-ketamina-em-po-ue","14":"product_tag-entrega-de-po-de-cetamina-na-europa","15":"product_tag-fornecedores-de-po-de-cetamina-na-europa","16":"product_tag-ketamina-em-po-frete-gratis-europa","17":"product_tag-ketamina-em-po-melhor-preco-europa","18":"product_tag-loja-de-po-de-cetamina-na-europa","19":"product_tag-loja-online-de-po-de-cetamina-europa","20":"product_tag-ofertas-de-ketamina-powder-europe","21":"product_tag-onde-comprar-ketamina-em-po-na-europa","22":"product_tag-onde-comprar-ketamina-em-po-online","23":"product_tag-peca-po-de-cetamina-online","24":"product_tag-po-de-cetamina-autentico-europa","25":"product_tag-po-de-cetamina-barato-na-europa","26":"product_tag-quanto-custa-o-po-de-cetamina","27":"product_tag-venda-de-po-de-cetamina-na-europa","28":"product_tag-vendas-de-po-de-cetamina-online","30":"first","31":"instock","32":"shipping-taxable","33":"purchasable","34":"product-type-variable","35":"farmacie-col"},"aioseo_notices":[],"_links":{"self":[{"href":"https:\/\/lacasadelamedicina.es\/pt-br\/wp-json\/wp\/v2\/product\/35123"}],"collection":[{"href":"https:\/\/lacasadelamedicina.es\/pt-br\/wp-json\/wp\/v2\/product"}],"about":[{"href":"https:\/\/lacasadelamedicina.es\/pt-br\/wp-json\/wp\/v2\/types\/product"}],"replies":[{"embeddable":true,"href":"https:\/\/lacasadelamedicina.es\/pt-br\/wp-json\/wp\/v2\/comments?post=35123"}],"wp:featuredmedia":[{"embeddable":true,"href":"https:\/\/lacasadelamedicina.es\/pt-br\/wp-json\/wp\/v2\/media\/18146"}],"wp:attachment":[{"href":"https:\/\/lacasadelamedicina.es\/pt-br\/wp-json\/wp\/v2\/media?parent=35123"}],"wp:term":[{"taxonomy":"product_cat","embeddable":true,"href":"https:\/\/lacasadelamedicina.es\/pt-br\/wp-json\/wp\/v2\/product_cat?post=35123"},{"taxonomy":"product_tag","embeddable":true,"href":"https:\/\/lacasadelamedicina.es\/pt-br\/wp-json\/wp\/v2\/product_tag?post=35123"}],"curies":[{"name":"wp","href":"https:\/\/api.w.org\/{rel}","templated":true}]}}