{"id":35112,"date":"2024-08-09T14:02:04","date_gmt":"2024-08-09T14:02:04","guid":{"rendered":"https:\/\/lacasadelamedicina.es\/product\/compre-fentanil-em-po-online\/"},"modified":"2024-08-09T14:02:04","modified_gmt":"2024-08-09T14:02:04","slug":"compre-fentanil-em-po-online","status":"publish","type":"product","link":"https:\/\/lacasadelamedicina.es\/pt-br\/produto\/compre-fentanil-em-po-online\/","title":{"rendered":"Compre Fentanil em P\u00f3 Online"},"content":{"rendered":"<h1>Compre Fentanil em P\u00f3 Online<\/h1>\n<p> P\u00f3 de Fentanil para Venda Online, Incr\u00edvel Analg\u00e9sico Opioide Sint\u00e9tico O p\u00f3 de Fentanil \u00e9 semelhante em seus efeitos \u00e0 morfina, mas \u00e9 50 a muitas vezes mais forte.3 \u00c9 um medicamento de Tabela II que um m\u00e9dico deve administrar.4 \u00c9 normalmente usado para tratar pacientes com dor insuport\u00e1vel ou para controlar a dor ap\u00f3s cirurgia. Tamb\u00e9m \u00e9 ocasionalmente usado para tratar pessoas com dor cr\u00f4nica que n\u00e3o toleram outros opioides.5 Na medicina, o fentanil \u00e9 conhecido por nomes como Actiq, Duragesic e Sublimaze. Apache, China Girl, China White, Dance Fever, Friend, Goodfella, Jackpot, Murder 8, TNT e Tango and Cash s\u00e3o alguns dos nomes de rua para fentanil ou hero\u00edna que cont\u00e9m fentanil. Compre Fentanil P\u00f3 Online &#8211;       <a href=\"https:\/\/drlawsonspharmacy\/contact-us\/\">CONTATO<\/a><\/p>\n<h3>Como o Fentanil \u00e9 usado pelas pessoas?<\/h3>\n<p> O fentanil \u00e9 frequentemente administrado por meio de infus\u00f5es, fixa\u00e7\u00f5es transd\u00e9rmicas ou pastilhas quando prescrito por um m\u00e9dico.6 No entanto, o fentanil e os an\u00e1logos do fentanil associados a overdoses recentes s\u00e3o distribu\u00eddos por laborat\u00f3rios secretos.7 Este fentanil n\u00e3o medicamentoso \u00e9 oferecido para venda nas seguintes formas: como p\u00f3, polvilhado em papel mata-borr\u00e3o, combinado com ou como substituto da hero\u00edna, ou na forma de p\u00edlulas que imitam outros opioides menos potentes.8 O fentanil pode ser consumido por via oral, grunhido, infundido ou absorvido pelas membranas mucosas colocando papel mata-borr\u00e3o na boca.    <\/p>\n<h3>Quais s\u00e3o os efeitos do fentanil no c\u00e9rebro?<\/h3>\n<p> O fentanil funciona de forma semelhante \u00e0 hero\u00edna, morfina e outros narc\u00f3ticos, ligando-se aos receptores narc\u00f3ticos do corpo, que est\u00e3o localizados em \u00e1reas do c\u00e9rebro que regulam a dor e a emo\u00e7\u00e3o.9 Os narc\u00f3ticos podem aumentar os n\u00edveis de dopamina nas regi\u00f5es de recompensa do c\u00e9rebro ao se ligarem a esses receptores, resultando em um estado de euforia.9 Os efeitos do fentanil s\u00e3o semelhantes aos da hero\u00edna e incluem euforia, exaust\u00e3o, n\u00e1usea, caos, obstru\u00e7\u00e3o, seda\u00e7\u00e3o, resili\u00eancia, fixa\u00e7\u00e3o, dificuldade respirat\u00f3ria e aprisionamento, obviedade, estado de transe e morte.   <\/p>\n<h3>Voc\u00ea conhece alguma fonte online de Fentanil?<\/h3>\n<p> Onde posso comprar Fentanil em p\u00f3 online, onde posso comprar Fentanil online, o que \u00e9 Fentanil e Fentanil em p\u00f3 de qualidade premium para venda. Fentanil em p\u00f3 para venda, valor de rua do Fentanil em p\u00f3, dosagem de Fentanil e como fazer Fentanil em p\u00f3. Podemos fornecer as solu\u00e7\u00f5es para todas essas perguntas n\u00e3o resolvidas. Voc\u00ea pode aprender mais sobre onde e como comprar Fentanil em p\u00f3 online simplesmente navegando em nosso site. E quanto ao Fentanil em p\u00f3? Voc\u00ea sabe onde comprar Fentanil online? Compre Fentanil em P\u00f3, Fentanil em P\u00f3 para Venda, Como Fazer Fentanil em P\u00f3, Qual a Apar\u00eancia do Fentanil em P\u00f3, Valor de Rua do Fentanil em P\u00f3, Custo do Fentanil em P\u00f3, Onde Comprar Fentanil em P\u00f3, Fentanil em P\u00f3 Puro, Fornecedores de Fentanil em P\u00f3, Onde Posso Comprar Fentanil em P\u00f3 Online e Pre\u00e7o do Fentanil em P\u00f3       <\/p>\n<h3>Compre Fentanil em P\u00f3 Online<\/h3>\n<p> \u00c9 bastante compreens\u00edvel que os indiv\u00edduos n\u00e3o aceitem imediatamente a qualidade do Fentanyl Powder vendido online porque n\u00e3o podem verific\u00e1-lo pessoalmente. No entanto, a situa\u00e7\u00e3o \u00e9 diferente com os fornecedores de Fentanyl Powder online. Os produtos oferecidos aqui s\u00e3o exatamente o que s\u00e3o e s\u00e3o de primeira qualidade, com manuten\u00e7\u00e3o sob supervis\u00e3o profissional. Envio r\u00e1pido e discreto: O Fentanyl powder \u00e9 entregue conforme prometido imediatamente ap\u00f3s o recebimento do pedido. A equipe de remessa faz de tudo para garantir que o processo de envio e entrega seja r\u00e1pido e f\u00e1cil. Quando voc\u00ea compra Fentanyl powder de um vendedor confi\u00e1vel da Internet, tamb\u00e9m pode esperar um servi\u00e7o de primeira classe.      &nbsp;<\/p>\n","protected":false},"excerpt":{"rendered":"<p>Comparado \u00e0 morfina, o fentanil \u00e9 um analg\u00e9sico opioide sint\u00e9tico potente que \u00e9 de 50 a 100 vezes mais potente.1,2 \u00c9 um medicamento de prescri\u00e7\u00e3o da Tabela II3 e \u00e9 normalmente usado para controlar a dor ap\u00f3s cirurgia ou para tratar indiv\u00edduos com dor intensa. &nbsp;<\/p>\n","protected":false},"featured_media":18611,"comment_status":"closed","ping_status":"closed","template":"","meta":{"om_disable_all_campaigns":false,"_sitemap_exclude":false,"_sitemap_priority":"","_sitemap_frequency":"","_monsterinsights_skip_tracking":false,"_monsterinsights_sitenote_active":false,"_monsterinsights_sitenote_note":"","_monsterinsights_sitenote_category":0},"product_cat":[35703],"product_tag":[37313,37314,37320,37330,37317,37322,37316,37331,37323,37321,37329,37334,37333,37326,37328,37324,37315,37332,37327,37319,37325,37318],"class_list":{"0":"post-35112","1":"product","2":"type-product","3":"status-publish","4":"has-post-thumbnail","6":"product_cat-pesquisa-de-produtos-quimicos-e-psicodelicos","7":"product_tag-comprar-fentanil-em-po","8":"product_tag-compre-fentanil-em-po-online","9":"product_tag-compre-fentanil-em-po-online-na-europa","10":"product_tag-desconto-em-fentanil-em-po-na-europa","11":"product_tag-efeitos-do-po-de-fentanil","12":"product_tag-encomendar-fentanil-em-po-ue","13":"product_tag-encomendar-po-de-fentanil-online","14":"product_tag-entrega-de-fentanil-em-po-na-europa","15":"product_tag-fentanil-em-po-frete-gratis-europa","16":"product_tag-fentanil-em-po-melhor-preco-europa","17":"product_tag-fentanil-em-po-na-loja-europa","18":"product_tag-fentanil-powder-europe-revisao","19":"product_tag-fornecedores-de-fentanil-em-po-na-europa","20":"product_tag-loja-online-de-po-de-fentanil-europa","21":"product_tag-ofertas-de-fentanil-em-po-na-europa","22":"product_tag-onde-comprar-fentanil-em-po-na-europa","23":"product_tag-onde-comprar-fentanil-em-po-online","24":"product_tag-po-de-fentanil-autentico-europa","25":"product_tag-po-de-fentanil-barato-europa","26":"product_tag-quanto-custa-o-po-de-fentanil","27":"product_tag-venda-de-fentanil-em-po-na-europa","28":"product_tag-vendas-de-po-de-fentanil-online","30":"first","31":"instock","32":"shipping-taxable","33":"purchasable","34":"product-type-variable","35":"farmacie-col"},"aioseo_notices":[],"_links":{"self":[{"href":"https:\/\/lacasadelamedicina.es\/pt-br\/wp-json\/wp\/v2\/product\/35112"}],"collection":[{"href":"https:\/\/lacasadelamedicina.es\/pt-br\/wp-json\/wp\/v2\/product"}],"about":[{"href":"https:\/\/lacasadelamedicina.es\/pt-br\/wp-json\/wp\/v2\/types\/product"}],"replies":[{"embeddable":true,"href":"https:\/\/lacasadelamedicina.es\/pt-br\/wp-json\/wp\/v2\/comments?post=35112"}],"wp:featuredmedia":[{"embeddable":true,"href":"https:\/\/lacasadelamedicina.es\/pt-br\/wp-json\/wp\/v2\/media\/18611"}],"wp:attachment":[{"href":"https:\/\/lacasadelamedicina.es\/pt-br\/wp-json\/wp\/v2\/media?parent=35112"}],"wp:term":[{"taxonomy":"product_cat","embeddable":true,"href":"https:\/\/lacasadelamedicina.es\/pt-br\/wp-json\/wp\/v2\/product_cat?post=35112"},{"taxonomy":"product_tag","embeddable":true,"href":"https:\/\/lacasadelamedicina.es\/pt-br\/wp-json\/wp\/v2\/product_tag?post=35112"}],"curies":[{"name":"wp","href":"https:\/\/api.w.org\/{rel}","templated":true}]}}