{"id":35071,"date":"2024-08-09T14:02:08","date_gmt":"2024-08-09T14:02:08","guid":{"rendered":"https:\/\/lacasadelamedicina.es\/product\/compre-mefedrona-4-mmc-online\/"},"modified":"2024-08-09T14:02:08","modified_gmt":"2024-08-09T14:02:08","slug":"compre-mefedrona-4-mmc-online","status":"publish","type":"product","link":"https:\/\/lacasadelamedicina.es\/pt-br\/produto\/compre-mefedrona-4-mmc-online\/","title":{"rendered":"Compre Mefedrona (4-MMC) online"},"content":{"rendered":"<h3>Compre mefedrona (4-MMC) online.<\/h3>\n<p> Compre mefedrona (4-MMC) online. A mefedrona \u00e9 caracterizada pelo fornecimento de monoaminas. Seus dois enanti\u00f4meros apresentam intensidade compar\u00e1vel \u00e0 dos substratos nos transportadores de dopamina porque \u00e9 uma mol\u00e9cula quiral. Como substrato para transportadores de serotonina, a R-mefedrona \u00e9 muito menos eficaz que a S-mefedrona. <strong><em>Compre mefedrona (4-MMC) online<\/em><\/strong>&#8211; <a href=\"https:\/\/drlawsonspharmacy\/contact-us\/\">CONTATO<\/a> A mefedrona (4-MMC) \u00e9 mais hidrof\u00edlica do que as metilanfetaminas compar\u00e1veis \u200b\u200bdevido ao oxig\u00eanio cet\u00f4nico, o que pode explicar por que dosagens mais altas s\u00e3o necess\u00e1rias para atingir um n\u00edvel compar\u00e1vel para conseguir um efeito porque a mefedrona (4-MMC) \u00e9 menos capaz de passar atrav\u00e9s da barreira hematoencef\u00e1lica. <strong>compre mefedrona online<\/strong> A mefedrona (4-MMC) costuma ser fumada com \u00e1lcool. Um estudo em ratos examinou a intera\u00e7\u00e3o entre essas duas drogas e concentrou-se nas propriedades psicoestimulantes e recompensadoras do 4-MMC. Descobriu-se que o \u00e1lcool aumenta significativamente os efeitos psicoestimulantes do 4-MMC quando consumido em pequenas quantidades (n\u00e3o estimulantes). Um aumento na dopamina sin\u00e1ptica neutralizou este efeito, uma vez que o haloperidol, mas n\u00e3o a cetanserina, foi capaz de prevenir os efeitos potenciadores do \u00e1lcool. Uma pequena quantidade n\u00e3o compensat\u00f3ria de \u00e1lcool tamb\u00e9m melhorou as propriedades compensat\u00f3rias do 4-MMC. Onde comprar mefedrona e 4-MMC moderado online de acordo com uma consulta M-CAT? A mefedrona (4-MMC) Online \u00e9 apenas um dos produtos qu\u00edmicos mais recentes ou &#8220;drogas legais&#8221; que foram recentemente identificados, juntamente com narc\u00f3ticos sint\u00e9ticos produzidos pelo homem, como a cannabis modificada e compostos semiacabados, como a metilhexanamina. Essas drogas foram desenvolvidas principalmente para contornar as regulamenta\u00e7\u00f5es que pro\u00edbem narc\u00f3ticos ilegais, o que lhes valeu o apelido de \u201cdrogas arquitet\u00f4nicas\u201d. A combina\u00e7\u00e3o de mefedrona foi descrita pela primeira vez em 1929 por Saem de Burnaga Sanchez no Bulletin de la Soci\u00e9t\u00e9 Chimique de France sob o nome de &#8220;Toluil-alfa-monometilaminoetilcetona&#8221;, mas a subst\u00e2ncia permaneceu em segredo na comunidade acad\u00eamica at\u00e9 2003, segundo o Observat\u00f3rio Europeu da Droga e da Toxicodepend\u00eancia partilhado. \u201cEstive exausto nos \u00faltimos dias e tinha alguns reagentes divertidos por a\u00ed, ent\u00e3o pensei em tentar fazer cloridrato de 1-(4-metilfenil)-2-metilaminopropanona, ou 4-metilmetcatinona\u201d, escreveu Motor. no site antes de afirmar que, ap\u00f3s tom\u00e1-lo, sentiu uma \u201cfabulosa sensa\u00e7\u00e3o de prosperidade que nunca tive com nenhuma droga, exceto meu amado Ecstasy\u201d. Kinetic afirmou em entrevistas ser um &#8220;matem\u00e1tico que costumava promover p\u00edlulas para dormir para uma grande organiza\u00e7\u00e3o antidrogas&#8221; e disse que morava em Israel quando redescobriu a mefedrona.              <strong>Como posso encomendar mefedrona (4-MMC) online?<\/strong> Encomendar Mefedrona (4-MMC) online \u00e9 sempre uma decis\u00e3o s\u00e1bia porque permite poupar tempo e dinheiro. E comunicar-se com uma farm\u00e1cia on-line \u00e9 a \u00fanica op\u00e7\u00e3o confi\u00e1vel para solicitar Mefedrona (4-MMC) on-line. Voc\u00ea leu isso corretamente. Um fornecedor on-line confi\u00e1vel de Mefedrona (4-MMC) deve ser usado em vez de qualquer farm\u00e1cia, para que voc\u00ea possa esperar produtos de primeira linha e pronta entrega sem problemas. <strong>Fornecedor on-line de mefedrona (4-MMC) &#8211; Voc\u00ea entende que \u00e9 a melhor maneira de comprar mefedrona (4-MMC) on-line<\/strong> Quando se trata disso, <strong>Compre Mefedrona (4-MMC) online<\/strong>, uma farm\u00e1cia online como a nossa \u00e9 a melhor op\u00e7\u00e3o. Ao trabalhar com uma farm\u00e1cia confi\u00e1vel e experiente, voc\u00ea pode obter os melhores produtos e garantir sua efic\u00e1cia e seguran\u00e7a. Os fornecedores profissionais levam muito a s\u00e9rio as suas obriga\u00e7\u00f5es e responsabilidades para com os clientes. A mefedrona (4-MMC) e outros medicamentos relacionados podem ser adquiridos em farm\u00e1cias on-line a pre\u00e7os justos e acess\u00edveis. Esses bens podem ser adquiridos por muito pouco dinheiro.        <\/p>\n<h3><strong>Voc\u00ea sabe onde comprar mefedrona (4-MMC)?<\/strong><\/h3>\n<p> Mefedrona (4-MMC) \u00e0 venda, valor de rua de <a href=\"https:\/\/dieapotheke247.com\/\">Mefedrona<\/a> (4-MMC), dosagem de Mefedrona (4-MMC), como fazer Mefedrona (4-MMC), onde posso comprar Mefedrona ( 4-MMC) comprar online, onde comprar mefedrona (4-MMC), o que \u00e9 mefedrona (4-MMC) e mefedrona premium (4-MMC) para venda. Podemos fornecer solu\u00e7\u00f5es para todas essas quest\u00f5es n\u00e3o resolvidas. Em nosso site voc\u00ea aprender\u00e1 como comprar anfetamina em p\u00f3 online e onde compr\u00e1-la.   <strong>E quanto ao 4-MMC (4-MEP)? Voc\u00ea sabe onde posso comprar Mefedrona (4-MMC) online? Onde posso obter mefedrona (4-MMC), mefedrona pura (4-MMC), onde posso comprar mefedrona (4-MMC) online e outros termos e express\u00f5es relacionados s\u00e3o \u201ccomprar mefedrona (4-MMC) para venda\u201d, \u201c como fazer mefedrona (4-MMC), \u201ccomo \u00e9 a mefedrona (4-MMC)\u201d e \u201cmefedrona (4-MMC) a pre\u00e7o de rua\u201d.  <\/strong><\/p>\n<h3><strong>Encomende Mefedro (4-MMC).<\/strong><\/h3>\n<p> P\u00f3 de mefedrona (4-MMC) on-line de alta qualidade: Como eles n\u00e3o podem verificar pessoalmente o p\u00f3 de mefedrona (4-MMC) oferecido on-line, \u00e9 completamente compreens\u00edvel que as pessoas n\u00e3o confiem em sua qualidade. No entanto, este n\u00e3o \u00e9 o caso dos fornecedores online de p\u00f3 de mefedrona (4-MMC). Os produtos aqui oferecidos s\u00e3o uma representa\u00e7\u00e3o precisa do que s\u00e3o, com manuten\u00e7\u00e3o de primeira classe realizada sob supervis\u00e3o profissional. R\u00e1pido e r\u00e1pido Envio discreto: Ap\u00f3s o recebimento do pedido, a mefedrona (4-MMC) ser\u00e1 enviada online o mais r\u00e1pido poss\u00edvel. A equipe de expedi\u00e7\u00e3o faz todos os esfor\u00e7os para garantir que o processo de envio e entrega seja r\u00e1pido e f\u00e1cil. Ao comprar Mefedrona (4-MMC) online de um especialista, voc\u00ea tamb\u00e9m pode contar com servi\u00e7os de primeira classe.      &nbsp;<\/p>\n","protected":false},"excerpt":{"rendered":"<p>P\u00f3 branco, c\u00e1psulas, p\u00edlulas ou outras formas de mefedrona podem ser inaladas, injetadas, fumadas ou tomadas retalmente. Os efeitos ocorrem de 15 a 45 minutos ap\u00f3s a ingest\u00e3o da droga oralmente e s\u00e3o imediatos para aqueles que a inalam. A mefedrona \u00e9 apenas uma das in\u00fameras drogas de designer ou drogas legais que foram relatadas nos \u00faltimos anos, junto com a cannabis sint\u00e9tica e outros produtos qu\u00edmicos artificiais, como a metilhexanamina.   &nbsp;<\/p>\n","protected":false},"featured_media":18641,"comment_status":"closed","ping_status":"closed","template":"","meta":{"om_disable_all_campaigns":false,"_sitemap_exclude":false,"_sitemap_priority":"","_sitemap_frequency":"","_monsterinsights_skip_tracking":false,"_monsterinsights_sitenote_active":false,"_monsterinsights_sitenote_note":"","_monsterinsights_sitenote_category":0},"product_cat":[35703],"product_tag":[37156,37137,37139,37144,37154,37141,37138,37146,37155,37157,37153,37150,37147,37145,37151,37152,37148,37140,37143,37158,37149,37142],"class_list":{"0":"post-35071","1":"product","2":"type-product","3":"status-publish","4":"has-post-thumbnail","6":"product_cat-pesquisa-de-produtos-quimicos-e-psicodelicos","7":"product_tag-autentico-mefedrona-4-mmc-europa","8":"product_tag-comprar-mefedrona-4-mmc-pt-br","9":"product_tag-comprar-mefedrona-4-mmc-online","10":"product_tag-compre-mefedrona-4-mmc-online-europa","11":"product_tag-desconto-em-mefedrona-4-mmc-na-europa","12":"product_tag-efeitos-da-mefedrona-4-mmc","13":"product_tag-encomendar-mefedrona-4-mmc-online","14":"product_tag-encomendar-mefedrona-4-mmc-ue","15":"product_tag-entrega-de-mefedrona-4-mmc-na-europa","16":"product_tag-fornecedores-de-mefedrona-4-mmc-na-europa","17":"product_tag-loja-de-mefedrona-4-mmc-na-europa","18":"product_tag-loja-online-de-mefedrona-4-mmc-europa","19":"product_tag-mefedrona-4-mmc-frete-gratis-europa","20":"product_tag-mefedrona-4-mmc-melhor-preco-europa","21":"product_tag-mefedrona-barata-4-mmc-europa","22":"product_tag-ofertas-de-mefedrona-4-mmc-na-europa","23":"product_tag-onde-comprar-mefedrona-4-mmc-europa","24":"product_tag-onde-comprar-mefedrona-4-mmc-online","25":"product_tag-quanto-custa-mefedrona-4-mmc","26":"product_tag-revisao-da-mefedrona-4-mmc-europa","27":"product_tag-venda-de-mefedrona-4-mmc-na-europa","28":"product_tag-vendas-de-mefedrona-4-mmc-online","30":"first","31":"instock","32":"shipping-taxable","33":"purchasable","34":"product-type-variable","35":"farmacie-col"},"aioseo_notices":[],"_links":{"self":[{"href":"https:\/\/lacasadelamedicina.es\/pt-br\/wp-json\/wp\/v2\/product\/35071"}],"collection":[{"href":"https:\/\/lacasadelamedicina.es\/pt-br\/wp-json\/wp\/v2\/product"}],"about":[{"href":"https:\/\/lacasadelamedicina.es\/pt-br\/wp-json\/wp\/v2\/types\/product"}],"replies":[{"embeddable":true,"href":"https:\/\/lacasadelamedicina.es\/pt-br\/wp-json\/wp\/v2\/comments?post=35071"}],"wp:featuredmedia":[{"embeddable":true,"href":"https:\/\/lacasadelamedicina.es\/pt-br\/wp-json\/wp\/v2\/media\/18641"}],"wp:attachment":[{"href":"https:\/\/lacasadelamedicina.es\/pt-br\/wp-json\/wp\/v2\/media?parent=35071"}],"wp:term":[{"taxonomy":"product_cat","embeddable":true,"href":"https:\/\/lacasadelamedicina.es\/pt-br\/wp-json\/wp\/v2\/product_cat?post=35071"},{"taxonomy":"product_tag","embeddable":true,"href":"https:\/\/lacasadelamedicina.es\/pt-br\/wp-json\/wp\/v2\/product_tag?post=35071"}],"curies":[{"name":"wp","href":"https:\/\/api.w.org\/{rel}","templated":true}]}}