{"id":35057,"date":"2024-08-09T14:02:09","date_gmt":"2024-08-09T14:02:09","guid":{"rendered":"https:\/\/lacasadelamedicina.es\/product\/compre-cocaina-de-escamas-de-peixe-online\/"},"modified":"2024-09-18T18:42:05","modified_gmt":"2024-09-18T18:42:05","slug":"compre-cocaina-de-escamas-de-peixe-online","status":"publish","type":"product","link":"https:\/\/lacasadelamedicina.es\/pt-br\/produto\/compre-cocaina-de-escamas-de-peixe-online\/","title":{"rendered":"Compre coca\u00edna de escamas de peixe online"},"content":{"rendered":"<h3>Compre coca\u00edna em escamas de peixe online.<\/h3>\n<p> Uma das formas mais puras de coca\u00edna dispon\u00edveis hoje \u00e9 a coca\u00edna de escama de peixe, que est\u00e1 se tornando cada vez mais popular entre os usu\u00e1rios que buscam uma subst\u00e2ncia de alta qualidade. As formas convencionais de coca\u00edna s\u00e3o menos potentes do que a coca\u00edna de escama de peixe, que \u00e0s vezes \u00e9 misturada com outros narc\u00f3ticos para torn\u00e1-la mais forte. N\u00e3o procure mais do que a Farm\u00e1cia Dr. Lawsons se quiser comprar coca\u00edna de escama de peixe online pelo menor pre\u00e7o. Compre coca\u00edna de escama de peixe online &#8211;    <a href=\"https:\/\/drlawsonspharmacy\/contact-us\/\">CONTATO<\/a><\/p>\n<h3>Como \u00e9 feita a coca\u00edna em escamas de peixe?<\/h3>\n<p> Experimente a Coca\u00edna de Escama de Peixe \u00e0 Venda se estiver procurando uma nova abordagem para ficar chapado. Ela \u00e9 de cor branca perolada e \u00e9 uma coca\u00edna de alta intensidade. O termo &#8220;coca\u00edna de escama de peixe&#8221; se refere \u00e0 sua apar\u00eancia distinta. A coca\u00edna de escama de peixe \u00e9 feita misturando bicarbonato de s\u00f3dio ou anest\u00e9sico local ativo com p\u00f3 de coca\u00edna puro para criar uma base que \u00e9 aquecida at\u00e9 se liquefazer, depois coada, despejada e resfriada. Essas formas produzem uma massa semelhante a massa que, uma vez resfriada, \u00e9 quebrada em &#8220;escamas de peixe&#8221; de tamanho igual do produto que cont\u00e9m coca\u00edna. Isso cria um mercado consider\u00e1vel para indiv\u00edduos que buscam us\u00e1-la como uma droga recreativa. Essas pe\u00e7as podem ent\u00e3o ser processadas em p\u00f3 ou vendidas como tal. Voc\u00ea pode comprar coca\u00edna de escama de peixe online a granel ou por grama na Farm\u00e1cia Dr. Lawsons.        <\/p>\n<h3>Benef\u00edcios e efeitos colaterais da coca\u00edna de escamas de peixe<\/h3>\n<p> A melhor op\u00e7\u00e3o para coca\u00edna que seja poderosa e viciante \u00e9 a coca\u00edna de escama de peixe. A coca\u00edna de escama de peixe difere de outros tipos de coca\u00edna em muitos aspectos, incluindo a intensidade dos altos e baixos. Voc\u00ea pode ter certeza de que est\u00e1 tendo a melhor experi\u00eancia poss\u00edvel porque a coca\u00edna de escama de peixe tamb\u00e9m est\u00e1 dispon\u00edvel em alta qualidade. \u00c9 ideal para uso em rajadas curtas ou quando voc\u00ea n\u00e3o tem tempo para uma dose completa, pois dura cerca de duas horas quando tomada. A coca\u00edna de escama de peixe \u00e9 apenas outra forma da subst\u00e2ncia que as pessoas gostam de usar; n\u00e3o tem efeitos legais ou de sa\u00fade negativos. Um tipo potente de coca\u00edna chamado &#8220;coca\u00edna de escama de peixe&#8221; tem ganhado popularidade recentemente. Embora possa produzir uma alta poderosa, tamb\u00e9m pode ter consequ\u00eancias negativas que podem ser fatais. Antes de tomar coca\u00edna de escama de peixe, \u00e9 importante se educar sobre o processo de fabrica\u00e7\u00e3o da droga, os benef\u00edcios e riscos potenciais e onde obt\u00ea-la legalmente. Indiv\u00edduos que optam por comprar coca\u00edna de escama de peixe online em grandes quantidades ou em pequenas doses s\u00e3o, em \u00faltima an\u00e1lise, respons\u00e1veis \u200b\u200bpor tomar decis\u00f5es informadas sobre sua pr\u00f3pria sa\u00fade e bem-estar.         <\/p>\n<h3>Onde comprar coca\u00edna Fishscale online?<\/h3>\n<p> Na Farm\u00e1cia Dr. Lawsons, o armazenamento seguro de narc\u00f3ticos \u00e9 nossa maior prioridade, e \u00e9 por isso que compramos somente Coca\u00edna Fishscale de fornecedores confi\u00e1veis. Para garantir que voc\u00ea receba um produto de alta qualidade, toda a nossa Coca\u00edna Fishscale passa por rigorosos m\u00e9todos de controle de qualidade e testes. Para garantir uma entrega segura, embalamos e transportamos nossa Coca\u00edna Fishscale para venda on-line de forma discreta e cuidadosa. Pe\u00e7a Coca\u00edna Fishscale no atacado agora!    &nbsp;<\/p>\n","protected":false},"excerpt":{"rendered":"<p>&nbsp;<\/p>\n","protected":false},"featured_media":18701,"comment_status":"closed","ping_status":"closed","template":"","meta":{"om_disable_all_campaigns":false,"_sitemap_exclude":false,"_sitemap_priority":"","_sitemap_frequency":"","_monsterinsights_skip_tracking":false,"_monsterinsights_sitenote_active":false,"_monsterinsights_sitenote_note":"","_monsterinsights_sitenote_category":0},"product_cat":[36193],"product_tag":[37111,37106,37109,37110,37107,37112,37102,37108,37105,37100,37113,37104,37097,37093,37099,37092,37096,37095,37101,37103,37094,37098],"class_list":{"0":"post-35057","1":"product","2":"type-product","3":"status-publish","4":"has-post-thumbnail","6":"product_cat-cocaina-pt-br","7":"product_tag-cocaina-autentica-de-escamas-de-peixe-europa","8":"product_tag-cocaina-barata-de-escamas-de-peixe-europa","9":"product_tag-cocaina-de-escamas-de-peixe-desconto-na-europa","10":"product_tag-cocaina-de-escamas-de-peixe-entrega-na-europa","11":"product_tag-cocaina-de-escamas-de-peixe-europa-negocia","12":"product_tag-cocaina-de-escamas-de-peixe-fornecedores-da-europa","13":"product_tag-cocaina-de-escamas-de-peixe-frete-gratis-europa","14":"product_tag-cocaina-de-escamas-de-peixe-loja-europa","15":"product_tag-cocaina-de-escamas-de-peixe-loja-online-europa","16":"product_tag-cocaina-de-escamas-de-peixe-melhor-preco-europa","17":"product_tag-cocaina-de-escamas-de-peixe-revisao-da-europa","18":"product_tag-cocaina-de-escamas-de-peixe-venda-na-europa","19":"product_tag-cocaina-de-escamas-de-peixe-vendas-online","20":"product_tag-compre-cocaina-de-escamas-de-peixe-online","21":"product_tag-compre-cocaina-de-escamas-de-peixe-online-europa","22":"product_tag-compre-cocaina-em-escamas-de-peixe","23":"product_tag-efeitos-da-cocaina-em-escamas-de-peixe","24":"product_tag-encomende-cocaina-de-escamas-de-peixe-online","25":"product_tag-encomende-cocaina-de-escamas-de-peixe-ue","26":"product_tag-onde-comprar-cocaina-de-escamas-de-peixe-na-europa","27":"product_tag-onde-comprar-cocaina-de-escamas-de-peixe-online","28":"product_tag-quanto-custa-cocaina-de-escamas-de-peixe","30":"first","31":"instock","32":"shipping-taxable","33":"purchasable","34":"product-type-variable","35":"farmacie-col"},"aioseo_notices":[],"_links":{"self":[{"href":"https:\/\/lacasadelamedicina.es\/pt-br\/wp-json\/wp\/v2\/product\/35057"}],"collection":[{"href":"https:\/\/lacasadelamedicina.es\/pt-br\/wp-json\/wp\/v2\/product"}],"about":[{"href":"https:\/\/lacasadelamedicina.es\/pt-br\/wp-json\/wp\/v2\/types\/product"}],"replies":[{"embeddable":true,"href":"https:\/\/lacasadelamedicina.es\/pt-br\/wp-json\/wp\/v2\/comments?post=35057"}],"wp:featuredmedia":[{"embeddable":true,"href":"https:\/\/lacasadelamedicina.es\/pt-br\/wp-json\/wp\/v2\/media\/18701"}],"wp:attachment":[{"href":"https:\/\/lacasadelamedicina.es\/pt-br\/wp-json\/wp\/v2\/media?parent=35057"}],"wp:term":[{"taxonomy":"product_cat","embeddable":true,"href":"https:\/\/lacasadelamedicina.es\/pt-br\/wp-json\/wp\/v2\/product_cat?post=35057"},{"taxonomy":"product_tag","embeddable":true,"href":"https:\/\/lacasadelamedicina.es\/pt-br\/wp-json\/wp\/v2\/product_tag?post=35057"}],"curies":[{"name":"wp","href":"https:\/\/api.w.org\/{rel}","templated":true}]}}