{"id":34995,"date":"2024-08-09T14:02:09","date_gmt":"2024-08-09T14:02:09","guid":{"rendered":"https:\/\/lacasadelamedicina.es\/product\/compre-oleo-p2p-online\/"},"modified":"2024-08-09T14:02:09","modified_gmt":"2024-08-09T14:02:09","slug":"compre-oleo-p2p-online","status":"publish","type":"product","link":"https:\/\/lacasadelamedicina.es\/pt-br\/produto\/compre-oleo-p2p-online\/","title":{"rendered":"Compre \u00f3leo P2P online"},"content":{"rendered":"<h3>Compre petr\u00f3leo P2P online.<\/h3>\n<p> Compras P2P. Quimicamente, a fenilacetona \u00e9 um composto org\u00e2nico com a f\u00f3rmula C6H5CH2COCH3. \u00c9 um enxofre peidante que se dissolve em solventes org\u00e2nicos. Esta subst\u00e2ncia, tamb\u00e9m conhecida como P2P, \u00e9 usada para fazer metanfetamina e anfetamina. Devido ao seu uso ilegal na qu\u00edmica secreta, foi declarada uma subst\u00e2ncia controlada de Tabela II nos Estados Unidos em 1980. A fenilacetona \u00e9 formada pela desamina\u00e7\u00e3o oxidativa mediada por FMO3 de anfetamina e metanfetamina em humanos. Voc\u00ea pode pedir \u00f3leo P2P de alta qualidade barato e com frete gr\u00e1tis em nossa loja online. Compre \u00f3leo P2P online Onde posso comprar \u00f3leo P2P online?        <\/p>\n<h3>Somos o melhor fornecedor online de P2P-l de alta qualidade na Europa.<\/h3>\n<p><strong>Posso comprar P2P-L online?<\/strong> Recomendamos que voc\u00ea compre todos os seus produtos na Dr. Lawsons Pharmacy. Este \u00e9 o varejista de produtos qu\u00edmicos de pesquisa on-line mais respeit\u00e1vel, onde voc\u00ea pode obter p\u00f3 e etanol a um pre\u00e7o competitivo. Compre P2p-l   <strong>Por que as pessoas compram de n\u00f3s?<\/strong><\/p>\n<p>&nbsp;<\/p>\n<p><a href=\"https:\/\/drlawsonspharmacy\/contact-us\/\">CONTATO<\/a> Somos um fabricante com pre\u00e7os razo\u00e1veis, entrega r\u00e1pida e precis\u00e3o de 99,99%. Tipos de P2P Este produto qu\u00edmico de pesquisa \u00e9 oferecido em duas formas diferentes, incluindo p\u00f3 e l\u00edquido.&#8217; Tags: f\u00e1cil, receitas P2P, m\u00e9todo P2P passo a passo Gelo P2P, cheiro de benzil metil cetona, fenil-2-propanona e metilamina, s\u00edntese P2P, s\u00edntese de benzil metil cetona, s\u00edntese de fenil-2-propanona <\/p>\n<h4>Legenda: comprar fenilacetonol (P2P) online.<\/h4>\n<p>&nbsp;<\/p>\n<h3><strong>encomendar \u00f3leo p2p<\/strong><\/h3>\n<p> Compre fenilacetona (P2P) online l. O composto qu\u00edmico conhecido como fenilacetona tem a f\u00f3rmula C6H5CH2COCH3. O l\u00edquido \u00e9 incolor e sol\u00favel em solvente. Esta subst\u00e2ncia \u00e9 comumente chamada de P2P quando usada para fazer metanfetamina e anfetamina. Devido ao seu uso ilegal em qu\u00edmica il\u00edcita, foi declarada uma subst\u00e2ncia controlada de Tabela II nos Estados Unidos em 1980. A fenilacetona \u00e9 formada em humanos como um metab\u00f3lito de anfetamina e metanfetamina por desamina\u00e7\u00e3o oxidativa mediada por FMO3. Compre P2p-l Nosso objetivo \u00e9 fornecer a mais ampla sele\u00e7\u00e3o e prepara\u00e7\u00e3o poss\u00edveis. Sua qualidade superior, valor excepcional e excelente atendimento ao cliente. Acreditamos fortemente na satisfa\u00e7\u00e3o do cliente e na entrega segura. Entregar produtos aos nossos clientes \u00e9 essencial para o sucesso do nosso neg\u00f3cio. Voc\u00ea pode comprar P2P (l) online.           &nbsp;<\/p>\n","protected":false},"excerpt":{"rendered":"<h3>Posso comprar P2P-L online?<\/h3>\n<p> Recomendamos que voc\u00ea compre todos os seus produtos na Dr. Lawsons Pharmacy. Eles s\u00e3o o varejista de produtos qu\u00edmicos de pesquisa online mais respeit\u00e1vel, onde voc\u00ea pode obter tanto p\u00f3 quanto etanol a um \u00f3timo pre\u00e7o.  &nbsp;<\/p>\n","protected":false},"featured_media":18311,"comment_status":"closed","ping_status":"closed","template":"","meta":{"om_disable_all_campaigns":false,"_sitemap_exclude":false,"_sitemap_priority":"","_sitemap_frequency":"","_monsterinsights_skip_tracking":false,"_monsterinsights_sitenote_active":false,"_monsterinsights_sitenote_note":"","_monsterinsights_sitenote_category":0},"product_cat":[35703],"product_tag":[36884,36869,36871,36876,36886,36873,36878,36887,36889,36885,36882,36888,36883,36877,36880,36872,36879,36870,36875,36890,36881,36874],"class_list":{"0":"post-34995","1":"product","2":"type-product","3":"status-publish","4":"has-post-thumbnail","6":"product_cat-pesquisa-de-produtos-quimicos-e-psicodelicos","7":"product_tag-acordos-p2p-de-petroleo-na-europa","8":"product_tag-comprar-oleo-p2p","9":"product_tag-comprar-oleo-p2p-online","10":"product_tag-compre-oleo-p2p-online-na-europa","11":"product_tag-desconto-p2p-em-petroleo-na-europa","12":"product_tag-efeitos-do-petroleo-p2p","13":"product_tag-encomendar-oleo-p2p-ue","14":"product_tag-entrega-de-oleo-p2p-na-europa","15":"product_tag-fornecedores-de-petroleo-p2p-na-europa","16":"product_tag-loja-de-oleo-p2p-europa","17":"product_tag-loja-online-de-oleo-p2p-europa","18":"product_tag-oleo-p2p-autentico-europa","19":"product_tag-oleo-p2p-barato-na-europa","20":"product_tag-oleo-p2p-melhor-preco-europa","21":"product_tag-onde-comprar-oleo-p2p-na-europa","22":"product_tag-onde-comprar-oleo-p2p-online","23":"product_tag-p2p-oleo-frete-gratis-europa","24":"product_tag-peca-oleo-p2p-online","25":"product_tag-quanto-custa-o-petroleo-p2p","26":"product_tag-revisao-do-oleo-p2p-europa","27":"product_tag-venda-de-petroleo-p2p-na-europa","28":"product_tag-vendas-de-oleo-p2p-online","30":"first","31":"instock","32":"shipping-taxable","33":"purchasable","34":"product-type-variable","35":"farmacie-col"},"aioseo_notices":[],"_links":{"self":[{"href":"https:\/\/lacasadelamedicina.es\/pt-br\/wp-json\/wp\/v2\/product\/34995"}],"collection":[{"href":"https:\/\/lacasadelamedicina.es\/pt-br\/wp-json\/wp\/v2\/product"}],"about":[{"href":"https:\/\/lacasadelamedicina.es\/pt-br\/wp-json\/wp\/v2\/types\/product"}],"replies":[{"embeddable":true,"href":"https:\/\/lacasadelamedicina.es\/pt-br\/wp-json\/wp\/v2\/comments?post=34995"}],"wp:featuredmedia":[{"embeddable":true,"href":"https:\/\/lacasadelamedicina.es\/pt-br\/wp-json\/wp\/v2\/media\/18311"}],"wp:attachment":[{"href":"https:\/\/lacasadelamedicina.es\/pt-br\/wp-json\/wp\/v2\/media?parent=34995"}],"wp:term":[{"taxonomy":"product_cat","embeddable":true,"href":"https:\/\/lacasadelamedicina.es\/pt-br\/wp-json\/wp\/v2\/product_cat?post=34995"},{"taxonomy":"product_tag","embeddable":true,"href":"https:\/\/lacasadelamedicina.es\/pt-br\/wp-json\/wp\/v2\/product_tag?post=34995"}],"curies":[{"name":"wp","href":"https:\/\/api.w.org\/{rel}","templated":true}]}}