{"id":34977,"date":"2024-08-09T14:02:09","date_gmt":"2024-08-09T14:02:09","guid":{"rendered":"https:\/\/lacasadelamedicina.es\/product\/compre-sgt-78-online\/"},"modified":"2024-08-09T14:02:09","modified_gmt":"2024-08-09T14:02:09","slug":"compre-sgt-78-online","status":"publish","type":"product","link":"https:\/\/lacasadelamedicina.es\/pt-br\/produto\/compre-sgt-78-online\/","title":{"rendered":"Compre SGT-78 online"},"content":{"rendered":"<h3><span lang=\"EN-US\">SGT-78 &#8211; Compre SGT-78 online, SGT-78 \u00e0 venda, Pe\u00e7a SGT-78 online. <\/span><\/h3>\n<p> Compre SGT-78 online &#8211; A Farm\u00e1cia Dr. Lawsons agora oferece SGT-78 para compra online. Nossa empresa lida com SGT-78 para venda e pedidos online de Sgt-78. Pe\u00e7a SGT-78 legitimamente agora mesmo! Compre SGT-78 online &#8211;    <a href=\"https:\/\/drlawsonspharmacy\/contact-us\/\">CONTATO<\/a><\/p>\n<h3><span lang=\"EN-US\">O que \u00e9 SGT-78? <\/span><\/h3>\n<p> Os efeitos fisiol\u00f3gicos e psicotr\u00f3picos do produto qu\u00edmico original da droga, <a href=\"https:\/\/dieapotheke247.com\/\">C22H24N4O,<\/a> s\u00e3o frequentemente induzidos por ela. O significado da f\u00f3rmula \u00e9 360,5 g\/mol. Ningu\u00e9m sabe os efeitos toxicol\u00f3gicos ou fisiol\u00f3gicos de pedir Sgt 78 online. Os receptores canabinoides CB1 e CB2 perif\u00e9ricos podem interagir fortemente com canabinoides sint\u00e9ticos. Um canabinoide sint\u00e9tico baseado em indazol-3-carboxamida que est\u00e1 sendo vendido online como uma droga em desenvolvimento \u00e9 chamado SGT-78. Ele tem valores de EC50 in vitro de 0,58 nM e 6,12 nM para os receptores canabinoides CB1 e CB2, respectivamente, tornando-o um agonista potente. Evid\u00eancias aned\u00f3ticas sugerem que CUMYL-4CN-BINACA tem uma dose energ\u00e9tica de cerca de 0,1 mg em humanos e que exibe efeitos hipot\u00e9rmicos e anticonvulsivantes em camundongos quando administrado via receptor CB1. O metabolismo de CUMYL-4CN-BINACA produz cianeto, o que levanta preocupa\u00e7\u00f5es sobre danos ao f\u00edgado. A administra\u00e7\u00e3o de CUMYL-4CN-BINACA foi associada \u00e0 ocorr\u00eancia de hipertermia, rabdomi\u00f3lise e insufici\u00eancia renal.         <\/p>\n<h3><span lang=\"EN-US\">Comprar SGT-78 online &#8211; Em que se baseia o SGT-78?<\/span><\/h3>\n<p> O SGT-78, tamb\u00e9m conhecido como CUMYL-4CN-BINACA, \u00e9 um canabinoide sint\u00e9tico baseado em indazol-3-carboxamida. Ele foi oferecido para venda online como uma droga de designer, por exemplo. Al\u00e9m disso, \u00e9 um agonista potente para os receptores canabinoides CB1 e CB2. Finalmente, foram encontrados valores de EC50 in vitro de 0,58 nM e 6,12 nM, respectivamente. O SGT-78 utiliza o receptor CB1 em camundongos para liberar subst\u00e2ncias hipot\u00e9rmicas e anticonvulsivantes. Relatos aned\u00f3ticos indicam que a dose energ\u00e9tica em humanos \u00e9 de cerca de 0,1 mg. O metabolismo do SGT-78 produz cianeto, o que levanta preocupa\u00e7\u00f5es sobre a toxicidade hep\u00e1tica. Al\u00e9m disso, seu uso tem sido associado \u00e0 rabdomi\u00f3lise, insufici\u00eancia renal e hipertermia grave. Al\u00e9m disso, o padr\u00e3o de refer\u00eancia anal\u00edtico 5FAEB2201, uma subst\u00e2ncia usada em aplica\u00e7\u00f5es forenses e cient\u00edficas, \u00e9 estruturalmente id\u00eantico a este canabinoide sint\u00e9tico. Compre SGT-78 online dos EUA para obter produtos premium. Primeiro de tudo, a cannabis produz uma s\u00e9rie de subst\u00e2ncias chamadas canabinoides. Muitas delas n\u00e3o est\u00e3o presentes em outras plantas. Quantas exatamente? \u00c9 dif\u00edcil dizer. Muitas vezes, afirma-se que a cannabis produz dezenas, se n\u00e3o mais de 100 canabinoides vegetais diferentes. Tamb\u00e9m \u00e9 dif\u00edcil determinar a quantidade exata. A maioria tamb\u00e9m est\u00e1 insuficientemente presente, especialmente em produtos industriais de cannabis. Por esse motivo, \u00e9 dif\u00edcil para os cientistas determin\u00e1-los com precis\u00e3o. O fato de haver muitos \u00e9 crucial.                   <\/p>\n<h3><strong>Ordem SGT-78<\/strong><\/h3>\n<p> No entanto, n\u00e3o h\u00e1 uma maneira infal\u00edvel de detectar o abuso de drogas de design e produtos qu\u00edmicos de pesquisa. Em outros casos, eles se comportam de forma diferente da subst\u00e2ncia original, e os sinais e sintomas de seu uso e abuso podem ser muito diferentes. No entanto, pode ser \u00fatil se familiarizar com os sintomas e indicadores para reconhecer o abuso de drogas de pesquisa. Em resumo, eles compartilham muitas semelhan\u00e7as e est\u00e3o relacionados \u00e0s drogas de design bem conhecidas que est\u00e3o sendo vendidas conforme as informa\u00e7\u00f5es se tornam dispon\u00edveis.    &nbsp;<\/p>\n","protected":false},"excerpt":{"rendered":"<p>&nbsp;<\/p>\n","protected":false},"featured_media":18296,"comment_status":"closed","ping_status":"closed","template":"","meta":{"om_disable_all_campaigns":false,"_sitemap_exclude":false,"_sitemap_priority":"","_sitemap_frequency":"","_monsterinsights_skip_tracking":false,"_monsterinsights_sitenote_active":false,"_monsterinsights_sitenote_note":"","_monsterinsights_sitenote_category":0},"product_cat":[35703],"product_tag":[36799,36797,36792,36778,36780,36785,36795,36782,36796,36798,36791,36794,36793,36789,36781,36787,36779,36784,36788,36786,36790,36783],"class_list":{"0":"post-34977","1":"product","2":"type-product","3":"status-publish","4":"has-post-thumbnail","6":"product_cat-pesquisa-de-produtos-quimicos-e-psicodelicos","7":"product_tag-analise-do-sgt-78-europe","8":"product_tag-autentico-sgt-78-europa-pt-br","9":"product_tag-barato-sgt-78-europa","10":"product_tag-comprar-sgt-78-pt-br","11":"product_tag-comprar-sgt-78-online","12":"product_tag-compre-sgt-78-online-europa","13":"product_tag-desconto-sgt-78-europa","14":"product_tag-efeitos-do-sgt-78","15":"product_tag-entrega-sgt-78-europa","16":"product_tag-fornecedores-sgt-78-europa","17":"product_tag-loja-online-sgt-78-europa","18":"product_tag-loja-sgt-78-europa","19":"product_tag-ofertas-sgt-78-europa","20":"product_tag-onde-comprar-sgt-78-europa","21":"product_tag-onde-comprar-sgt-78-online","22":"product_tag-order-sgt-78-eu-pt-br","23":"product_tag-peca-sgt-78-online","24":"product_tag-quanto-custa-sgt-78","25":"product_tag-sgt-78-frete-gratis-europa","26":"product_tag-sgt-78-melhor-preco-europa","27":"product_tag-venda-sgt-78-europa","28":"product_tag-vendas-online-do-sgt-78","30":"first","31":"instock","32":"shipping-taxable","33":"purchasable","34":"product-type-variable","35":"farmacie-col"},"aioseo_notices":[],"_links":{"self":[{"href":"https:\/\/lacasadelamedicina.es\/pt-br\/wp-json\/wp\/v2\/product\/34977"}],"collection":[{"href":"https:\/\/lacasadelamedicina.es\/pt-br\/wp-json\/wp\/v2\/product"}],"about":[{"href":"https:\/\/lacasadelamedicina.es\/pt-br\/wp-json\/wp\/v2\/types\/product"}],"replies":[{"embeddable":true,"href":"https:\/\/lacasadelamedicina.es\/pt-br\/wp-json\/wp\/v2\/comments?post=34977"}],"wp:featuredmedia":[{"embeddable":true,"href":"https:\/\/lacasadelamedicina.es\/pt-br\/wp-json\/wp\/v2\/media\/18296"}],"wp:attachment":[{"href":"https:\/\/lacasadelamedicina.es\/pt-br\/wp-json\/wp\/v2\/media?parent=34977"}],"wp:term":[{"taxonomy":"product_cat","embeddable":true,"href":"https:\/\/lacasadelamedicina.es\/pt-br\/wp-json\/wp\/v2\/product_cat?post=34977"},{"taxonomy":"product_tag","embeddable":true,"href":"https:\/\/lacasadelamedicina.es\/pt-br\/wp-json\/wp\/v2\/product_tag?post=34977"}],"curies":[{"name":"wp","href":"https:\/\/api.w.org\/{rel}","templated":true}]}}