{"id":34923,"date":"2024-08-09T14:02:09","date_gmt":"2024-08-09T14:02:09","guid":{"rendered":"https:\/\/lacasadelamedicina.es\/product\/compre-gamma-butyrolactone-gbl-online\/"},"modified":"2024-08-09T14:02:09","modified_gmt":"2024-08-09T14:02:09","slug":"compre-gamma-butyrolactone-gbl-online","status":"publish","type":"product","link":"https:\/\/lacasadelamedicina.es\/pt-br\/produto\/compre-gamma-butyrolactone-gbl-online\/","title":{"rendered":"Compre Gamma Butyrolactone (GBL) online"},"content":{"rendered":"<h3>Gama-butirolactona para venda, compre GBL online na ALEMANHA, encomende GBL online<\/h3>\n<p> Compre gama butirolactona (GBL) online &#8211; Embora o GHB e o GBL sejam depressores significativos do SNC em praticamente todos os seres vivos, ainda n\u00e3o se sabe como eles afetam o c\u00e9rebro. Resolver esses quebra-cabe\u00e7as poderia nos ajudar a compreender as caracter\u00edsticas mais fundamentais da atividade cerebral. A detec\u00e7\u00e3o \u00f3ptica de GHB e GBL provavelmente ser\u00e1 para <a href=\"https:\/\/dieapotheke247.com\/\">pesquisas biol\u00f3gicas sobre esses neurodepressivos podem ser ben\u00e9ficas. Al\u00e9m disso, GHB e GBL est\u00e3o entre as esp\u00e9cies neurol\u00f3gicas para as quais os sensores s\u00e3o particularmente dif\u00edceis de construir devido \u00e0 sua estrutura simples e \u00e0 falta de locais de resposta. Gra\u00e7as ao nosso conhecimento e confiabilidade na venda online de gama butirolactona, nos tornamos uma das empresas mais populares, com literalmente milhares de consumidores de todo o mundo encomendando GBL. Compre Gama Butirolactona (GBL) online<\/a>      <a href=\"https:\/\/drlawsonspharmacy\/contact-us\/\"><a href=\"https:\/\/drlawsonspharmacy\/contact-us\/\">CONTATO Compre Gama Butirolactona (GBL) online &#8211;<\/a> <\/a><\/p>\n<h3>O que \u00e9 GBL?<\/h3>\n<p> \u00c9 um l\u00edquido incolor e higrosc\u00f3pico que se mistura com \u00e1gua e possui leve perfume. As mais b\u00e1sicas s\u00e3o as lactonas de 4 carbonos. O GBL atua em humanos como um pr\u00f3-f\u00e1rmaco para o \u00e1cido -hidroxibut\u00edrico GHB e como um depressor do SNC para uso recreativo com efeitos semelhantes aos dos barbit\u00faricos. \u00c9 convertido como intermedi\u00e1rio em outros compostos, como metil-2-pirrolidona. Extratos de GBL estavam presentes em amostras de vinho n\u00e3o adulterado. Esta descoberta prova que o GBL USA ocorre naturalmente em alguns vinhos e produtos relacionados. A an\u00e1lise por GC\/MS da concentra\u00e7\u00e3o de detec\u00e7\u00e3o de 5 g\/mL foi facilitada por uma t\u00e9cnica de elimina\u00e7\u00e3o simples. O GBL \u00e9 frequentemente deturpado e colocado \u00e0 venda como l\u00edquido.        <\/p>\n<h3>Por que comprar o GBL?<\/h3>\n<p> Gozamos de uma boa reputa\u00e7\u00e3o como um fornecedor que sempre leva a s\u00e9rio as suas obriga\u00e7\u00f5es para com os seus clientes. Os varejistas online oferecem gama-butirolactona GBL online e outros produtos relevantes a pre\u00e7os justos. Para encomendar estes produtos GBL, temos que investir muito dinheiro.   <\/p>\n<ul>\n<li>Seu pedido ser\u00e1 embalado com a m\u00e1xima precis\u00e3o pela equipe de embalagem para evitar danos durante o transporte.<\/li>\n<li>Ent\u00e3o voc\u00ea pode ver como \u00e9 f\u00e1cil solicitar um limpador de gama butirolactona GBL online conosco.<\/li>\n<li>Houve um tempo em que era dif\u00edcil comprar gama-butirolactona GBL.<\/li>\n<li>Off-line durante viagens longas e somente quando dispon\u00edvel off-line nas lojas on-line.<\/li>\n<li>Por\u00e9m, a modalidade online surgiu devido ao desenvolvimento tecnol\u00f3gico e hist\u00f3rico.<\/li>\n<\/ul>\n<p> A gama-butirolactona GBL pode ser facilmente adquirida em uma loja online por um pre\u00e7o baixo usando seus dispositivos em qualquer local. Voc\u00ea n\u00e3o precisa mais viajar quando pode comprar gama-butirolactona GBL online conosco a qualquer momento.  <\/p>\n<h3>Como fa\u00e7o para usar o GBL?<\/h3>\n<p> Este material destina-se a apoiar as recomenda\u00e7\u00f5es do seu m\u00e9dico ou outro profissional de sa\u00fade e n\u00e3o se destina a cobrir todos os potenciais usos, precau\u00e7\u00f5es, intera\u00e7\u00f5es ou efeitos adversos. Esta informa\u00e7\u00e3o pode n\u00e3o se aplicar \u00e0 sua situa\u00e7\u00e3o de sa\u00fade espec\u00edfica. Nunca compre GBL online ou de outro prestador de cuidados de sa\u00fade licenciado com base apenas nas informa\u00e7\u00f5es que leu online.   Procure sempre aconselhamento m\u00e9dico profissional urgente do seu m\u00e9dico. <strong><a href=\"https:\/\/legitchemicals.com\/product\/buy-gamma-butyrolactone-gbl-online\/\">Compre GBL online<\/a><\/strong> \u2013 Dr. A Lawsons Pharmacy Store tem o hidroxibutirato gama da mais alta qualidade para venda. Compre GHB online, encomende GHB legalmente online. A mol\u00e9cula gama-hidroxibutirato est\u00e1 presente no c\u00e9rebro. O GHB tem um efeito sedativo que afeta v\u00e1rias vias nervosas do c\u00e9rebro. \u00c9 comumente usado como droga para facilitar a agress\u00e3o sexual e como droga para festas, raz\u00e3o pela qual \u00e9 classificada como subst\u00e2ncia proibida por quest\u00f5es de seguran\u00e7a. Portanto, para obter GHB GAMMA HYDROXYBUTYRATE e resolver um problema s\u00e9rio, voc\u00ea precisa procurar o site relevante. Este produto, que ainda est\u00e1 \u00e0 venda nos EUA apesar de ter sido retirado do mercado em 1990, \u00e9 mais adequado para encontrar uma solu\u00e7\u00e3o para o seu problema. Compre Gama Butirolactona (GBL) online        &nbsp;<\/p>\n","protected":false},"excerpt":{"rendered":"<p>(GBL) on-line com os pre\u00e7os mais baixos de um fornecedor dos EUA. Um l\u00edquido higrosc\u00f3pico, incolor e de baixo odor com miscibilidade em \u00e1gua \u00e9 chamado de -butirolactona (GBL). O mais simples \u00e9 uma lactona de 4 carbonos. O GBL atua como um pr\u00f3-f\u00e1rmaco para o \u00e1cido hidroxibut\u00edrico (GHB) em humanos e tamb\u00e9m \u00e9 usado como um relaxante depressor do SNC com efeitos semelhantes aos dos barbit\u00faricos. Tamb\u00e9m \u00e9 um intermedi\u00e1rio qu\u00edmico usado para fazer outros compostos.     &nbsp;<\/p>\n","protected":false},"featured_media":18236,"comment_status":"closed","ping_status":"closed","template":"","meta":{"om_disable_all_campaigns":false,"_sitemap_exclude":false,"_sitemap_priority":"","_sitemap_frequency":"","_monsterinsights_skip_tracking":false,"_monsterinsights_sitenote_active":false,"_monsterinsights_sitenote_note":"","_monsterinsights_sitenote_category":0},"product_cat":[35703],"product_tag":[36587,36566,36568,36573,36570,36567,36575,36584,36586,36585,36580,36583,36576,36574,36582,36579,36581,36577,36569,36572,36578,36571],"class_list":{"0":"post-34923","1":"product","2":"type-product","3":"status-publish","4":"has-post-thumbnail","6":"product_cat-pesquisa-de-produtos-quimicos-e-psicodelicos","7":"product_tag-analise-da-gamma-butyrolactone-gbl-europe","8":"product_tag-comprar-gamma-butyrolactone-gbl","9":"product_tag-comprar-gamma-butyrolactone-gbl-online","10":"product_tag-compre-gamma-butyrolactone-gbl-online-europa","11":"product_tag-efeitos-da-gama-butirolactona-gbl","12":"product_tag-encomendar-gamma-butyrolactone-gbl-online","13":"product_tag-encomendar-gamma-butyrolactone-gbl-ue","14":"product_tag-entrega-de-gama-butirolactona-gbl-na-europa","15":"product_tag-fornecedores-de-gama-butirolactona-gbl-na-europa","16":"product_tag-gamma-butyrolactone-gbl-autentico-europa","17":"product_tag-gamma-butyrolactone-gbl-barato-na-europa","18":"product_tag-gamma-butyrolactone-gbl-desconto-na-europa","19":"product_tag-gamma-butyrolactone-gbl-frete-gratis-europa","20":"product_tag-gamma-butyrolactone-gbl-melhor-preco-europa","21":"product_tag-loja-gamma-butyrolactone-gbl-europa","22":"product_tag-loja-online-gamma-butyrolactone-gbl-europa","23":"product_tag-ofertas-de-gamma-butyrolactone-gbl-na-europa","24":"product_tag-onde-comprar-gamma-butyrolactone-gbl-europa","25":"product_tag-onde-comprar-gamma-butyrolactone-gbl-online","26":"product_tag-quanto-custa-gamma-butyrolactone-gbl","27":"product_tag-venda-de-gamma-butyrolactone-gbl-na-europa","28":"product_tag-vendas-de-gama-butirolactona-gbl-online","30":"first","31":"instock","32":"shipping-taxable","33":"purchasable","34":"product-type-variable","35":"farmacie-col"},"aioseo_notices":[],"_links":{"self":[{"href":"https:\/\/lacasadelamedicina.es\/pt-br\/wp-json\/wp\/v2\/product\/34923"}],"collection":[{"href":"https:\/\/lacasadelamedicina.es\/pt-br\/wp-json\/wp\/v2\/product"}],"about":[{"href":"https:\/\/lacasadelamedicina.es\/pt-br\/wp-json\/wp\/v2\/types\/product"}],"replies":[{"embeddable":true,"href":"https:\/\/lacasadelamedicina.es\/pt-br\/wp-json\/wp\/v2\/comments?post=34923"}],"wp:featuredmedia":[{"embeddable":true,"href":"https:\/\/lacasadelamedicina.es\/pt-br\/wp-json\/wp\/v2\/media\/18236"}],"wp:attachment":[{"href":"https:\/\/lacasadelamedicina.es\/pt-br\/wp-json\/wp\/v2\/media?parent=34923"}],"wp:term":[{"taxonomy":"product_cat","embeddable":true,"href":"https:\/\/lacasadelamedicina.es\/pt-br\/wp-json\/wp\/v2\/product_cat?post=34923"},{"taxonomy":"product_tag","embeddable":true,"href":"https:\/\/lacasadelamedicina.es\/pt-br\/wp-json\/wp\/v2\/product_tag?post=34923"}],"curies":[{"name":"wp","href":"https:\/\/api.w.org\/{rel}","templated":true}]}}