{"id":34865,"date":"2024-08-09T14:02:13","date_gmt":"2024-08-09T14:02:13","guid":{"rendered":"https:\/\/lacasadelamedicina.es\/product\/compre-cocaina-mexicana-online\/"},"modified":"2024-08-09T14:02:13","modified_gmt":"2024-08-09T14:02:13","slug":"compre-cocaina-mexicana-online","status":"publish","type":"product","link":"https:\/\/lacasadelamedicina.es\/pt-br\/produto\/compre-cocaina-mexicana-online\/","title":{"rendered":"Compre coca\u00edna mexicana online"},"content":{"rendered":"<h3>Compre coca\u00edna mexicana online.<\/h3>\n<p> Comprar coca\u00edna mexicana online pode ser uma maneira r\u00e1pida e segura de adquirir a droga sem ter que lidar com traficantes ou com o mercado negro em sua vizinhan\u00e7a. Ent\u00e3o, se voc\u00ea quer comprar coca\u00edna mexicana, mas n\u00e3o sabe por onde come\u00e7ar, basta fazer um pedido com a Narco Powders e receb\u00ea-lo em sua casa. Compre coca\u00edna mexicana online &#8211;   <a href=\"https:\/\/drlawsonspharmacy\/contact-us\/\">CONTATO<\/a><\/p>\n<h3>Como \u00e9 feita a coca\u00edna mexicana?<\/h3>\n<p> Existem dois tipos principais de coca\u00edna: mexicana e colombiana. Enquanto a coca\u00edna colombiana \u00e9 extra\u00edda das folhas do arbusto de coca africano, a coca\u00edna mexicana \u00e9 feita de folhas de coca ou sementes de papoula. A coca\u00edna mexicana \u00e9 produzida de uma forma um pouco mais complexa do que a coca\u00edna colombiana. As folhas de coca s\u00e3o primeiro secas antes de serem mo\u00eddas em p\u00f3. Para criar uma pasta, esse p\u00f3 \u00e9 misturado com \u00e1gua e subst\u00e2ncias adicionais, como a\u00e7\u00facar e sal. A mistura \u00e9 ent\u00e3o aquecida para criar uma pasta espessa que pode ser formada em comprimidos ou blocos.      <\/p>\n<h3>Compre Coca\u00edna Mexicana Online<\/h3>\n<p> Existem muitos m\u00e9todos alternativos para processar coca\u00edna mexicana. Antes de ser injetada ou fumada, a coca\u00edna mexicana pode ser dissolvida em v\u00e1rios solventes. Se voc\u00ea est\u00e1 procurando comprar coca\u00edna mexicana online na Dr. Lawsons Pharmacy, voc\u00ea deve prestar aten\u00e7\u00e3o \u00e0s instru\u00e7\u00f5es de seguran\u00e7a do site. Use agulhas limpas sempre que poss\u00edvel e n\u00e3o injete a droga em feridas abertas, pois isso pode levar a infec\u00e7\u00f5es e outros problemas de sa\u00fade. Al\u00e9m disso, sempre tenha cuidado ao fazer sexo com algu\u00e9m que acabou de usar coca\u00edna mexicana comprada online. Compre coca\u00edna mexicana online      <\/p>\n<h3>Benef\u00edcios da coca\u00edna mexicana<\/h3>\n<p> Uma das variedades de coca\u00edna mais amplamente utilizadas \u00e9 a coca\u00edna mexicana. Ela tem um efeito potente e duradouro, \u00e9 da mais alta qualidade e tem o corte ideal. Al\u00e9m disso, em compara\u00e7\u00e3o com outras variedades de coca\u00edna, a coca\u00edna mexicana tem menos probabilidade de ser adulterada ou incluir contaminantes. Isso implica que \u00e9 mais r\u00e1pida de criar e mais simples de usar. Finalmente, a coca\u00edna mexicana \u00e9 a melhor op\u00e7\u00e3o para aqueles que precisam de narc\u00f3ticos na estrada porque pode ser armazenada por um longo tempo sem se deteriorar ou perder sua usabilidade.     <\/p>\n<h3>Efeitos colaterais da coca\u00edna mexicana<\/h3>\n<p> A coca\u00edna mexicana \u00e9 uma subst\u00e2ncia poderosa e viciante que pode ter efeitos colaterais negativos. O uso regular de coca\u00edna mexicana, como qualquer outro v\u00edcio, pode resultar em aumento da frequ\u00eancia card\u00edaca, suor e pupilas dilatadas. Em casos graves, convuls\u00f5es, ansiedade, feridas na boca e n\u00e1usea s\u00e3o poss\u00edveis. Tomar este medicamento traz o risco de desenvolver depend\u00eancia f\u00edsica, ent\u00e3o voc\u00ea deve seguir as instru\u00e7\u00f5es de dosagem cuidadosamente.    <\/p>\n<h3>Onde comprar coca\u00edna mexicana online?<\/h3>\n<p> Se voc\u00ea quer comprar coca\u00edna mexicana de alta qualidade, n\u00e3o h\u00e1 lugar melhor para ir do que a Farm\u00e1cia Dr. Lawsons. De p\u00f3 branco a crack, voc\u00ea pode obter todos os tipos de coca\u00edna mexicana aqui. Voc\u00ea pode ter certeza de que encontrar\u00e1 a variedade e o tipo certos de coca\u00edna para suas necessidades em nossa ampla variedade. Al\u00e9m disso, oferecemos uma variedade de m\u00e9todos de pagamento, incluindo Bitcoin e transfer\u00eancia banc\u00e1ria, para que voc\u00ea possa comprar drogas com total confian\u00e7a.    &nbsp;<\/p>\n","protected":false},"excerpt":{"rendered":"<p>Compre coca\u00edna mexicana online. Comprar coca\u00edna mexicana online pode ser uma maneira r\u00e1pida e segura de adquirir a droga sem ter que lidar com traficantes ou com o mercado negro em sua vizinhan\u00e7a. Ent\u00e3o, se voc\u00ea quer comprar coca\u00edna mexicana, mas n\u00e3o sabe por onde come\u00e7ar, basta fazer um pedido com a Narco Powders e [&hellip;]<\/p>\n","protected":false},"featured_media":18746,"comment_status":"closed","ping_status":"closed","template":"","meta":{"om_disable_all_campaigns":false,"_sitemap_exclude":false,"_sitemap_priority":"","_sitemap_frequency":"","_monsterinsights_skip_tracking":false,"_monsterinsights_sitenote_active":false,"_monsterinsights_sitenote_note":"","_monsterinsights_sitenote_category":0},"product_cat":[36193],"product_tag":[36370,36374,36369,36365,36363,36355,36357,36362,36376,36372,36359,36364,36373,36375,36371,36368,36366,36358,36356,36361,36367,36360],"class_list":{"0":"post-34865","1":"product","2":"type-product","3":"status-publish","4":"has-post-thumbnail","6":"product_cat-cocaina-pt-br","7":"product_tag-acordos-de-cocaina-mexicana-na-europa","8":"product_tag-autentica-cocaina-mexicana-europa","9":"product_tag-cocaina-mexicana-barata-europa","10":"product_tag-cocaina-mexicana-frete-gratis-europa","11":"product_tag-cocaina-mexicana-melhor-preco-europa","12":"product_tag-comprar-cocaina-mexicana-pt-br","13":"product_tag-comprar-cocaina-mexicana-online","14":"product_tag-compre-cocaina-mexicana-online-europa","15":"product_tag-critica-da-cocaina-mexicana-na-europa","16":"product_tag-desconto-na-europa-da-cocaina-mexicana","17":"product_tag-efeitos-da-cocaina-mexicana","18":"product_tag-encomendar-cocaina-mexicana-ue","19":"product_tag-entrega-de-cocaina-mexicana-na-europa","20":"product_tag-fornecedores-de-cocaina-mexicana-na-europa","21":"product_tag-loja-de-cocaina-mexicana-na-europa","22":"product_tag-loja-online-de-cocaina-mexicana-europa","23":"product_tag-onde-comprar-cocaina-mexicana-na-europa","24":"product_tag-onde-comprar-cocaina-mexicana-online","25":"product_tag-peca-cocaina-mexicana-online","26":"product_tag-quanto-custa-a-cocaina-mexicana","27":"product_tag-venda-de-cocaina-mexicana-na-europa","28":"product_tag-vendas-de-cocaina-mexicana-online","30":"first","31":"instock","32":"shipping-taxable","33":"purchasable","34":"product-type-variable","35":"farmacie-col"},"aioseo_notices":[],"_links":{"self":[{"href":"https:\/\/lacasadelamedicina.es\/pt-br\/wp-json\/wp\/v2\/product\/34865"}],"collection":[{"href":"https:\/\/lacasadelamedicina.es\/pt-br\/wp-json\/wp\/v2\/product"}],"about":[{"href":"https:\/\/lacasadelamedicina.es\/pt-br\/wp-json\/wp\/v2\/types\/product"}],"replies":[{"embeddable":true,"href":"https:\/\/lacasadelamedicina.es\/pt-br\/wp-json\/wp\/v2\/comments?post=34865"}],"wp:featuredmedia":[{"embeddable":true,"href":"https:\/\/lacasadelamedicina.es\/pt-br\/wp-json\/wp\/v2\/media\/18746"}],"wp:attachment":[{"href":"https:\/\/lacasadelamedicina.es\/pt-br\/wp-json\/wp\/v2\/media?parent=34865"}],"wp:term":[{"taxonomy":"product_cat","embeddable":true,"href":"https:\/\/lacasadelamedicina.es\/pt-br\/wp-json\/wp\/v2\/product_cat?post=34865"},{"taxonomy":"product_tag","embeddable":true,"href":"https:\/\/lacasadelamedicina.es\/pt-br\/wp-json\/wp\/v2\/product_tag?post=34865"}],"curies":[{"name":"wp","href":"https:\/\/api.w.org\/{rel}","templated":true}]}}