{"id":34857,"date":"2024-08-09T14:02:16","date_gmt":"2024-08-09T14:02:16","guid":{"rendered":"https:\/\/lacasadelamedicina.es\/product\/volkswagen-cocaina-compre-online-90\/"},"modified":"2024-08-09T14:02:16","modified_gmt":"2024-08-09T14:02:16","slug":"volkswagen-cocaina-compre-online-90","status":"publish","type":"product","link":"https:\/\/lacasadelamedicina.es\/pt-br\/produto\/volkswagen-cocaina-compre-online-90\/","title":{"rendered":"Volkswagen Coca\u00edna Compre Online 90%"},"content":{"rendered":"<h3>Compre Volkswagen Coca\u00edna Online 90% Pura Online<\/h3>\n<p> A coca\u00edna da Volkswagen cont\u00e9m entre 70 e 90 por cento de<a href=\"https:\/\/dieapotheke247.com\/\">coca\u00edna<\/a> pura. \u00c9 um dos tipos de coca\u00edna normalmente encontrados na sociedade de hoje. Em muitos casos, a coca\u00edna atua como um bloqueador ou analg\u00e9sico. Coca\u00edna Volkswagen 90% pura \u00e0 venda. Compre coca\u00edna Volkswagen online 90%- <a href=\"https:\/\/drlawsonspharmacy\/contact-us\/\">CONTATO Compre coca\u00edna Volkswagen online 90%<\/a> Uma das subst\u00e2ncias psicotr\u00f3picas usadas nas ind\u00fastrias m\u00e9dica e n\u00e3o m\u00e9dica \u00e9 a coca\u00edna Volkswagen. A coca\u00edna Volkswagen geralmente tamb\u00e9m tem propriedades estimulantes. Por esse motivo, \u00e9 usada para fazer uma variedade de medicamentos e terapias.       <\/p>\n<h3><b>Como funciona a coca\u00edna da Volkswagen<\/b><\/h3>\n<p> Embora os diferentes tipos de coca\u00edna contenham quantidades diferentes de coca\u00edna pura, alguns deles s\u00e3o mais \u00fateis do que outros. A coca\u00edna Volkswagen tamb\u00e9m \u00e9 \u00fatil para o corpo humano de muitas maneiras. Compre Coca\u00edna Volkswagen Online 90% Este material extremamente puro \u00e9 usado para executar tarefas de forma r\u00e1pida e precisa. Esta coca\u00edna tem um efeito imediato no sistema nervoso central. Alguns horm\u00f4nios qu\u00edmicos usados \u200b\u200bpara aliviar a dor s\u00e3o estimulados pela coca\u00edna. Ela tamb\u00e9m estimula a libera\u00e7\u00e3o de certos neurotransmissores no c\u00e9rebro. No entanto, ela tamb\u00e9m pode ocasionalmente liberar produtos qu\u00edmicos por conta pr\u00f3pria para controlar a dor. Ela tem um efeito relaxante e pode aliviar qualquer tipo de desconforto. As pessoas sentem al\u00edvio do desconforto como resultado.         <\/p>\n<h3>Compre Volkswagen Coca\u00edna Online<\/h3>\n<p> Tomar esta pr\u00f3-droga tamb\u00e9m pode resolver o problema da ins\u00f4nia. Seus componentes cont\u00eam uma pequena quantidade de drogas indutoras do sono. A coca\u00edna Volkswagen \u00e9 usada em casas noturnas por profissionais e pessoas comuns para v\u00e1rios prop\u00f3sitos. Pessoas que consumiram esta droga por um curto per\u00edodo de tempo relataram sentir-se mais en\u00e9rgicas e ativas. Como a coca\u00edna Volkswagen \u00e9 uma droga altamente pura, o consumo prolongado pode ser perigoso para o corpo humano. Portanto, ela s\u00f3 deve ser usada quando o corpo humano precisar. Compre coca\u00edna Volkswagen online 90%       <\/p>\n<h3><strong>Pe\u00e7a coca\u00edna Volkswagen online 90% pura<\/strong><\/h3>\n<p> Tamb\u00e9m oferecemos coca\u00edna Volkswagen muito barata em nossa loja virtual. Por meio de nosso servi\u00e7o de entrega, voc\u00ea pode receber seu item extremamente r\u00e1pido. Nossos qu\u00edmicos garantiram que as condi\u00e7\u00f5es de armazenamento s\u00e3o tais que a pureza da coca\u00edna n\u00e3o pode ser alterada por nenhum fator. Compre coca\u00edna Volkswagen online 90%    &nbsp;<\/p>\n","protected":false},"excerpt":{"rendered":"<p>Volkswagen Coca\u00edna para venda online. Aqui na Farm\u00e1cia Dr. Lawsons oferecemos a aut\u00eantica Coca\u00edna Volkswagen para venda. Trabalhamos duro todos os dias para oferecer aos nossos clientes a melhor coca\u00edna Volkswagen do mercado.   &nbsp;<\/p>\n","protected":false},"featured_media":18386,"comment_status":"closed","ping_status":"closed","template":"","meta":{"om_disable_all_campaigns":false,"_sitemap_exclude":false,"_sitemap_priority":"","_sitemap_frequency":"","_monsterinsights_skip_tracking":false,"_monsterinsights_sitenote_active":false,"_monsterinsights_sitenote_note":"","_monsterinsights_sitenote_category":0},"product_cat":[36193],"product_tag":[36354,36352,36347,36333,36334,36340,36337,36342,36336,36351,36353,36346,36349,36348,36344,36335,36339,36345,36350,36343,36341,36338],"class_list":{"0":"post-34857","1":"product","2":"type-product","3":"status-publish","4":"has-post-thumbnail","6":"product_cat-cocaina-pt-br","7":"product_tag-analise-do-volkswagen-cocaine-90-europe","8":"product_tag-autentica-volkswagen-cocaina-90-europa-pt-br","9":"product_tag-cocaina-barata-volkswagen-90-europa","10":"product_tag-comprar-volkswagen-cocaina-90-pt-br","11":"product_tag-compre-volkswagen-cocaina-90-online","12":"product_tag-compre-volkswagen-cocaina-90-online-europa","13":"product_tag-efeitos-da-cocaina-volkswagen-90","14":"product_tag-encomendar-volkswagen-cocaina-90-ue","15":"product_tag-encomende-volkswagen-cocaina-90-online","16":"product_tag-entrega-de-cocaina-90-da-volkswagen-na-europa","17":"product_tag-fornecedores-de-cocaina-90-da-europa-da-volkswagen","18":"product_tag-loja-online-volkswagen-cocaina-90-europa","19":"product_tag-loja-volkswagen-cocaina-90-europa","20":"product_tag-ofertas-volkswagen-cocaina-90-europa","21":"product_tag-onde-comprar-volkswagen-cocaina-90-europa","22":"product_tag-onde-comprar-volkswagen-cocaina-90-online","23":"product_tag-quanto-custa-a-cocaina-volkswagen-90","24":"product_tag-venda-de-volkswagen-cocaina-90-europa","25":"product_tag-volkswagen-cocaina-90-desconto-europa","26":"product_tag-volkswagen-cocaina-90-frete-gratis-europa","27":"product_tag-volkswagen-cocaina-90-melhor-preco-europa","28":"product_tag-volkswagen-cocaina-90-vendas-online","30":"first","31":"instock","32":"shipping-taxable","33":"purchasable","34":"product-type-variable","35":"farmacie-col"},"aioseo_notices":[],"_links":{"self":[{"href":"https:\/\/lacasadelamedicina.es\/pt-br\/wp-json\/wp\/v2\/product\/34857"}],"collection":[{"href":"https:\/\/lacasadelamedicina.es\/pt-br\/wp-json\/wp\/v2\/product"}],"about":[{"href":"https:\/\/lacasadelamedicina.es\/pt-br\/wp-json\/wp\/v2\/types\/product"}],"replies":[{"embeddable":true,"href":"https:\/\/lacasadelamedicina.es\/pt-br\/wp-json\/wp\/v2\/comments?post=34857"}],"wp:featuredmedia":[{"embeddable":true,"href":"https:\/\/lacasadelamedicina.es\/pt-br\/wp-json\/wp\/v2\/media\/18386"}],"wp:attachment":[{"href":"https:\/\/lacasadelamedicina.es\/pt-br\/wp-json\/wp\/v2\/media?parent=34857"}],"wp:term":[{"taxonomy":"product_cat","embeddable":true,"href":"https:\/\/lacasadelamedicina.es\/pt-br\/wp-json\/wp\/v2\/product_cat?post=34857"},{"taxonomy":"product_tag","embeddable":true,"href":"https:\/\/lacasadelamedicina.es\/pt-br\/wp-json\/wp\/v2\/product_tag?post=34857"}],"curies":[{"name":"wp","href":"https:\/\/api.w.org\/{rel}","templated":true}]}}