{"id":34842,"date":"2024-08-09T14:02:16","date_gmt":"2024-08-09T14:02:16","guid":{"rendered":"https:\/\/lacasadelamedicina.es\/product\/compre-crack-online\/"},"modified":"2024-08-09T14:02:16","modified_gmt":"2024-08-09T14:02:16","slug":"compre-crack-online","status":"publish","type":"product","link":"https:\/\/lacasadelamedicina.es\/pt-br\/produto\/compre-crack-online\/","title":{"rendered":"Compre crack online"},"content":{"rendered":"<h3>Compre crack online.<\/h3>\n<p> O crack \u00e9 a droga para voc\u00ea se estiver procurando por uma onda que lhe dar\u00e1 um poderoso impulso de energia. A planta de coca \u00e9 a fonte do crack, um poderoso estimulante. Ela tem um efeito forte e imediato que produz prazer e um impulso de energia, entre outros efeitos. Voc\u00ea est\u00e1 planejando comprar crack online? Se sim, a Farm\u00e1cia Dr. Lawsons \u00e9 sua loja completa para tudo o que voc\u00ea quer comprar online sobre crack. Compre crack online &#8211;      <a href=\"https:\/\/drlawsonspharmacy\/contact-us\/\">CONTATO<\/a><\/p>\n<h3>Do que \u00e9 feito o crack?<\/h3>\n<p> As folhas da planta de coca s\u00e3o usadas para fazer coca\u00edna, um estimulante. Ela \u00e9 frequentemente comercializada como &#8220;crack cocaine&#8221;, uma combina\u00e7\u00e3o de coca\u00edna e \u00e1gua. A Dr. Lawsons Pharmacy \u00e9 a melhor escolha para quem quer comprar essa subst\u00e2ncia poderosa com seguran\u00e7a, gra\u00e7as \u00e0 sua ampla variedade de crack de alta qualidade a granel, m\u00e9todos de pagamento seguros e entrega discreta.   <\/p>\n<h3>Benef\u00edcios do Crack Coca\u00edna<\/h3>\n<p> Um dos narc\u00f3ticos mais comumente usados \u200b\u200bno mercado \u00e9 o crack, e por um bom motivo. \u00c9 uma maneira f\u00e1cil e r\u00e1pida de obter uma alta poderosa que dura mais do que outras drogas. Ao contr\u00e1rio de outros narc\u00f3ticos, que \u00e0s vezes levam horas para fazer efeito, o crack funciona instantaneamente. Voc\u00ea pode aproveitar sua alta imediatamente porque pode sentir os efeitos depois de apenas alguns minutos. Acredita-se tamb\u00e9m que o crack aumenta a criatividade e a intensidade emocional em compara\u00e7\u00e3o com outras drogas, como maconha ou ecstasy. Compre crack online na Dr. Na Lawsons Pharmacy, oferecemos aos consumidores em todos os pa\u00edses acesso acess\u00edvel a crack premium dispon\u00edvel para compra online. Voc\u00ea pode ter certeza de que obter\u00e1 os melhores resultados poss\u00edveis, pois nosso crack \u00e9 fabricado com os mais altos padr\u00f5es de pureza.       <\/p>\n<h3>Efeitos colaterais do crack<\/h3>\n<p> O crack \u00e9 uma subst\u00e2ncia extremamente viciante e prejudicial que pode prejudicar seriamente sua sa\u00fade. Os efeitos negativos do crack podem ser mortais, viciantes e ter um impacto negativo na sa\u00fade mental. Al\u00e9m disso, o crack pode ter efeitos colaterais f\u00edsicos imediatos, como palpita\u00e7\u00f5es card\u00edacas, agress\u00e3o e psicose. \u00c9 importante se educar sobre os riscos antes de usar crack, pois os efeitos negativos a longo prazo podem n\u00e3o se tornar aparentes at\u00e9 anos ap\u00f3s o consumo.    <\/p>\n<h3>Compre Crack Coca\u00edna Online &#8211; Compre Crack Coca\u00edna Online na Farm\u00e1cia Dr. Lawsons<\/h3>\n<p> Procurando uma maneira de ficar chapado? Visite a Dr. Lawsons Pharmacy, o site onde voc\u00ea pode comprar crack testado de qualidade a granel. Oferecemos uma ampla variedade de produtos, incluindo crack em tamanhos de um quilo a pequenas quantidades. Voc\u00ea n\u00e3o encontrar\u00e1 um neg\u00f3cio melhor do que nosso excelente pre\u00e7o de crack em nenhum outro lugar. Embalamos nossos itens com muito cuidado para que cheguem discretamente e com seguran\u00e7a, porque sabemos o valor da privacidade. Esperamos sinceramente que voc\u00ea considere a Dr. Lawsons Pharmacy como sua principal fonte na Internet para comprar crack.      &nbsp;<\/p>\n","protected":false},"excerpt":{"rendered":"<p>Compre crack online. O crack \u00e9 a droga para voc\u00ea se estiver procurando por uma onda que lhe dar\u00e1 um poderoso impulso de energia. A planta de coca \u00e9 a fonte do crack, um poderoso estimulante. Ela tem um efeito forte e imediato que produz prazer e um impulso de energia, entre outros efeitos. Voc\u00ea [&hellip;]<\/p>\n","protected":false},"featured_media":18761,"comment_status":"closed","ping_status":"closed","template":"","meta":{"om_disable_all_campaigns":false,"_sitemap_exclude":false,"_sitemap_priority":"","_sitemap_frequency":"","_monsterinsights_skip_tracking":false,"_monsterinsights_sitenote_active":false,"_monsterinsights_sitenote_note":"","_monsterinsights_sitenote_category":0},"product_cat":[36193],"product_tag":[36308,36289,36291,36296,36303,36306,36310,36299,36305,36297,36293,36298,36307,36309,36302,36304,36300,36292,36290,36295,36301,36294],"class_list":{"0":"post-34842","1":"product","2":"type-product","3":"status-publish","4":"has-post-thumbnail","6":"product_cat-cocaina-pt-br","7":"product_tag-autentico-crack-de-cocaina-europa","8":"product_tag-comprar-crack-pt-br","9":"product_tag-comprar-crack-online","10":"product_tag-compre-crack-online-na-europa","11":"product_tag-crack-barato-na-europa","12":"product_tag-crack-cocaina-desconto-europa","13":"product_tag-crack-cocaina-europa-revisao","14":"product_tag-crack-cocaina-frete-gratis-europa","15":"product_tag-crack-cocaina-loja-europa","16":"product_tag-crack-cocaina-melhor-preco-europa","17":"product_tag-efeitos-do-crack","18":"product_tag-encomendar-crack-cocaina-ue","19":"product_tag-entrega-de-crack-na-europa","20":"product_tag-fornecedores-de-crack-cocaina-na-europa","21":"product_tag-loja-online-de-crack-cocaina-europa","22":"product_tag-ofertas-de-crack-na-europa","23":"product_tag-onde-comprar-crack-na-europa","24":"product_tag-onde-comprar-crack-online","25":"product_tag-peca-crack-online","26":"product_tag-quanto-custa-o-crack","27":"product_tag-venda-de-crack-na-europa","28":"product_tag-vendas-de-crack-online","30":"first","31":"instock","32":"shipping-taxable","33":"purchasable","34":"product-type-variable","35":"farmacie-col"},"aioseo_notices":[],"_links":{"self":[{"href":"https:\/\/lacasadelamedicina.es\/pt-br\/wp-json\/wp\/v2\/product\/34842"}],"collection":[{"href":"https:\/\/lacasadelamedicina.es\/pt-br\/wp-json\/wp\/v2\/product"}],"about":[{"href":"https:\/\/lacasadelamedicina.es\/pt-br\/wp-json\/wp\/v2\/types\/product"}],"replies":[{"embeddable":true,"href":"https:\/\/lacasadelamedicina.es\/pt-br\/wp-json\/wp\/v2\/comments?post=34842"}],"wp:featuredmedia":[{"embeddable":true,"href":"https:\/\/lacasadelamedicina.es\/pt-br\/wp-json\/wp\/v2\/media\/18761"}],"wp:attachment":[{"href":"https:\/\/lacasadelamedicina.es\/pt-br\/wp-json\/wp\/v2\/media?parent=34842"}],"wp:term":[{"taxonomy":"product_cat","embeddable":true,"href":"https:\/\/lacasadelamedicina.es\/pt-br\/wp-json\/wp\/v2\/product_cat?post=34842"},{"taxonomy":"product_tag","embeddable":true,"href":"https:\/\/lacasadelamedicina.es\/pt-br\/wp-json\/wp\/v2\/product_tag?post=34842"}],"curies":[{"name":"wp","href":"https:\/\/api.w.org\/{rel}","templated":true}]}}