{"id":34829,"date":"2024-08-09T14:02:16","date_gmt":"2024-08-09T14:02:16","guid":{"rendered":"https:\/\/lacasadelamedicina.es\/product\/compre-cocaina-colombiana-online\/"},"modified":"2024-08-09T14:02:16","modified_gmt":"2024-08-09T14:02:16","slug":"compre-cocaina-colombiana-online","status":"publish","type":"product","link":"https:\/\/lacasadelamedicina.es\/pt-br\/produto\/compre-cocaina-colombiana-online\/","title":{"rendered":"Compre coca\u00edna colombiana online"},"content":{"rendered":"<h3>Compre coca\u00edna colombiana online.<\/h3>\n<p> Voc\u00ea est\u00e1 procurando por Coca\u00edna Colombiana para comprar online? Nesse caso, a Farm\u00e1cia Dr. Lawsons \u00e9 o lugar ideal para voc\u00ea. Aqui voc\u00ea pode obter uma ampla gama de produtos de coca\u00edna premium feitos de folhas de coca colombianas. Compre Coca\u00edna Colombiana Online &#8211;    <a href=\"https:\/\/drlawsonspharmacy\/contact-us\/\">CONTATO<\/a><\/p>\n<h3>Como \u00e9 feita a coca\u00edna colombiana?<\/h3>\n<p> Um dos narc\u00f3ticos mais amplamente usados \u200b\u200bno mercado hoje \u00e9 a coca\u00edna colombiana. \u00c9 um estimulante poderoso que pode aumentar a energia e o foco. Para produzir coca\u00edna colombiana, os agricultores devem primeiro colher folhas de coca nos Andes. Uma vez que as folhas de coca est\u00e3o maduras, elas s\u00e3o colhidas e transformadas em cristais de cloridrato de coca\u00edna. Este processo envolve destilar as folhas usando v\u00e1rios processos qu\u00edmicos, como lavagem \u00e1cida e extra\u00e7\u00e3o de \u00e9ter. Finalmente, a coca\u00edna \u00e9 transportada para o exterior e vendida no mercado clandestino.      <\/p>\n<h3>Compre Coca\u00edna Colombiana Online<\/h3>\n<p> Como a coca\u00edna colombiana \u00e9 mais lucrativa do que outros tipos de drogas na Europa e em outras partes do mundo, as organiza\u00e7\u00f5es de tr\u00e1fico de drogas usam diferentes rotas e portos para lev\u00e1-la at\u00e9 l\u00e1. Devido a essas caracter\u00edsticas, muitas vezes h\u00e1 grandes diferen\u00e7as de pre\u00e7o entre a coca\u00edna colombiana e outras drogas dispon\u00edveis no mercado.  <\/p>\n<h3>Benef\u00edcios da coca\u00edna colombiana<\/h3>\n<p> Se voc\u00ea quer experimentar uma sensa\u00e7\u00e3o mais intensa de euforia ou quer tomar <a href=\"https:\/\/dieapotheke247.com\/\">coca\u00edna colombiana<\/a> como parte do seu tratamento de depend\u00eancia, h\u00e1 uma s\u00e9rie de benef\u00edcios em faz\u00ea-lo. A coca\u00edna colombiana tem uma pot\u00eancia maior do que outros tipos de coca\u00edna, permitindo que os usu\u00e1rios experimentem os benef\u00edcios com uma quantidade muito menor, bem como tenham uma maior sensa\u00e7\u00e3o de prazer e alerta. Devido \u00e0 sua pureza e aus\u00eancia de contamina\u00e7\u00e3o cruzada com outras subst\u00e2ncias, a coca\u00edna colombiana comprada online \u00e9 frequentemente vista como mais atraente. Temos a coca\u00edna colombiana ideal para venda, quer voc\u00ea queira cheir\u00e1-la ou fum\u00e1-la. Por que n\u00e3o experimentar agora na Dr. Lawsons Pharmacy? Voc\u00ea n\u00e3o vai se decepcionar!      <\/p>\n<h3>Efeitos colaterais da coca\u00edna colombiana<\/h3>\n<p> Os efeitos colaterais de curto prazo do uso de coca\u00edna incluem usu\u00e1rios experimentando uma sensa\u00e7\u00e3o de euforia ou euforia, bem como aumento de energia e motiva\u00e7\u00e3o. Dependendo de quanta coca\u00edna algu\u00e9m consumiu, esses efeitos indesejados geralmente duram cerca de uma hora. Problemas com concentra\u00e7\u00e3o e aten\u00e7\u00e3o, aumento da frequ\u00eancia card\u00edaca e press\u00e3o arterial, ins\u00f4nia, perda ou ganho r\u00e1pido de peso, v\u00edcio, convuls\u00f5es, danos ao f\u00edgado e at\u00e9 mesmo a morte s\u00e3o todos poss\u00edveis efeitos negativos de longo prazo do uso de coca\u00edna.   <\/p>\n<h3>Onde encomendar coca\u00edna colombiana online?<\/h3>\n<p> Pedir coca\u00edna online na Dr. Lawsons Pharmacy faz sentido por uma s\u00e9rie de raz\u00f5es. Uma delas \u00e9 que as v\u00e1rias autoridades permanecem divididas sobre se \u00e9 legal comprar coca\u00edna online. Mas voc\u00ea pode comprar coca\u00edna colombiana online sem medo de ser preso. A conveni\u00eancia de comprar coca\u00edna online \u00e9 outra justificativa. A Dr. Lawsons Pharmacy torna f\u00e1cil e conveniente comprar coca\u00edna colombiana a granel sem ter que sair de casa ou do local de trabalho. Por \u00faltimo, mas n\u00e3o menos importante, a Dr. Lawsons Pharmacy oferece uma variedade de produtos de coca\u00edna para venda, de p\u00f3 a tijolos de crack.      &nbsp;<\/p>\n","protected":false},"excerpt":{"rendered":"<p>&nbsp;<\/p>\n","protected":false},"featured_media":18371,"comment_status":"closed","ping_status":"closed","template":"","meta":{"om_disable_all_campaigns":false,"_sitemap_exclude":false,"_sitemap_priority":"","_sitemap_frequency":"","_monsterinsights_skip_tracking":false,"_monsterinsights_sitenote_active":false,"_monsterinsights_sitenote_note":"","_monsterinsights_sitenote_category":0},"product_cat":[36193],"product_tag":[36259,36257,36252,36248,36246,36238,36240,36245,36255,36242,36247,36256,36258,36254,36251,36253,36249,36241,36239,36244,36250,36243],"class_list":{"0":"post-34829","1":"product","2":"type-product","3":"status-publish","4":"has-post-thumbnail","6":"product_cat-cocaina-pt-br","7":"product_tag-analise-da-cocaina-colombiana-na-europa","8":"product_tag-autentica-cocaina-colombiana-europa-pt-br","9":"product_tag-cocaina-colombiana-barata-europa","10":"product_tag-cocaina-colombiana-frete-gratis-europa","11":"product_tag-cocaina-colombiana-melhor-preco-europa","12":"product_tag-comprar-cocaina-colombiana-pt-br","13":"product_tag-comprar-cocaina-colombiana-online","14":"product_tag-compre-cocaina-colombiana-online-europa","15":"product_tag-desconto-na-europa-da-cocaina-colombiana","16":"product_tag-efeitos-da-cocaina-colombiana","17":"product_tag-encomendar-cocaina-colombiana-ue","18":"product_tag-entrega-de-cocaina-colombiana-na-europa","19":"product_tag-fornecedores-colombianos-de-cocaina-na-europa","20":"product_tag-loja-de-cocaina-colombiana-na-europa","21":"product_tag-loja-online-de-cocaina-colombiana-europa","22":"product_tag-negociacoes-de-cocaina-colombiana-na-europa","23":"product_tag-onde-comprar-cocaina-colombiana-na-europa","24":"product_tag-onde-comprar-cocaina-colombiana-online","25":"product_tag-peca-cocaina-colombiana-online","26":"product_tag-quanto-custa-a-cocaina-colombiana","27":"product_tag-venda-de-cocaina-colombiana-na-europa","28":"product_tag-vendas-de-cocaina-colombiana-online","30":"first","31":"instock","32":"shipping-taxable","33":"purchasable","34":"product-type-variable","35":"farmacie-col"},"aioseo_notices":[],"_links":{"self":[{"href":"https:\/\/lacasadelamedicina.es\/pt-br\/wp-json\/wp\/v2\/product\/34829"}],"collection":[{"href":"https:\/\/lacasadelamedicina.es\/pt-br\/wp-json\/wp\/v2\/product"}],"about":[{"href":"https:\/\/lacasadelamedicina.es\/pt-br\/wp-json\/wp\/v2\/types\/product"}],"replies":[{"embeddable":true,"href":"https:\/\/lacasadelamedicina.es\/pt-br\/wp-json\/wp\/v2\/comments?post=34829"}],"wp:featuredmedia":[{"embeddable":true,"href":"https:\/\/lacasadelamedicina.es\/pt-br\/wp-json\/wp\/v2\/media\/18371"}],"wp:attachment":[{"href":"https:\/\/lacasadelamedicina.es\/pt-br\/wp-json\/wp\/v2\/media?parent=34829"}],"wp:term":[{"taxonomy":"product_cat","embeddable":true,"href":"https:\/\/lacasadelamedicina.es\/pt-br\/wp-json\/wp\/v2\/product_cat?post=34829"},{"taxonomy":"product_tag","embeddable":true,"href":"https:\/\/lacasadelamedicina.es\/pt-br\/wp-json\/wp\/v2\/product_tag?post=34829"}],"curies":[{"name":"wp","href":"https:\/\/api.w.org\/{rel}","templated":true}]}}