{"id":34824,"date":"2024-08-09T14:02:17","date_gmt":"2024-08-09T14:02:17","guid":{"rendered":"https:\/\/lacasadelamedicina.es\/product\/compre-po-de-kilocaina-99-online\/"},"modified":"2024-08-09T14:02:17","modified_gmt":"2024-08-09T14:02:17","slug":"compre-po-de-kilocaina-99-online","status":"publish","type":"product","link":"https:\/\/lacasadelamedicina.es\/pt-br\/produto\/compre-po-de-kilocaina-99-online\/","title":{"rendered":"Compre p\u00f3 de Kiloca\u00edna 99% online"},"content":{"rendered":"<h3>Compre Kiloca\u00edna em P\u00f3 99% Online<\/h3>\n<p> Compre Kiloca\u00edna em P\u00f3 a Granel Agora; Compre Kiloca\u00edna em P\u00f3 99% Online &#8211; <a href=\"https:\/\/drlawsonspharmacy\/contact-us\/\">CONTATO Compre Kiloca\u00edna em P\u00f3 99 Online<\/a> Semelhante \u00e0 coca\u00edna \u00e9 a Kiloca\u00edna. Um produto qu\u00edmico de pesquisa novo e interessante, a Kiloca\u00edna, recebeu avalia\u00e7\u00f5es positivas desde seu lan\u00e7amento. Esta categoria de drogas experimentais \u00e9 frequentemente chamada de &#8220;drogas de designer&#8221;. Devido \u00e0 sua nova estrutura qu\u00edmica e \u00e0 falta de regulamenta\u00e7\u00f5es legais espec\u00edficas, elas representam uma nova classe de drogas. Os pr\u00f3prios produtos qu\u00edmicos de pesquisa permanecem legais e n\u00e3o planejados, o que os torna interessantes por uma s\u00e9rie de raz\u00f5es. Eles s\u00e3o frequentemente chamados de &#8220;sais de banho&#8221; ou &#8220;drogas legais&#8221; porque s\u00e3o vendidos legalmente e porque seus efeitos s\u00e3o muitas vezes muito semelhantes aos das principais drogas de origem ilegal.      <\/p>\n<h3><strong>Como comprar p\u00f3 de Kiloca\u00edna 99% puro<\/strong><\/h3>\n<p> A fascinante nova subst\u00e2ncia de pesquisa Kilocain recebeu avalia\u00e7\u00f5es positivas desde seu lan\u00e7amento. Por ser um produto qu\u00edmico que ainda est\u00e1 sendo pesquisado, ele se enquadra na categoria de &#8220;drogas de designer&#8221;. Essas subst\u00e2ncias pertencem a uma classe especial de drogas que s\u00e3o caracterizadas por uma estrutura qu\u00edmica especial e para as quais muitas vezes h\u00e1 regulamenta\u00e7\u00e3o limitada sob as leis atuais. Muitas vezes chamadas de &#8220;sais de banho&#8221; ou &#8220;drogas legais&#8221;, essas subst\u00e2ncias s\u00e3o vendidas legalmente e t\u00eam efeitos semelhantes aos narc\u00f3ticos ilegais, mas variam em pot\u00eancia. O status legal e n\u00e3o regulamentado de produtos qu\u00edmicos como Kilocain, que abre um universo de possibilidades fascinantes, \u00e9 o que leva os cientistas a estud\u00e1-los. Compre Kilocain Powder 99 online      <\/p>\n<h3><strong>Encomendar p\u00f3 de quiloca\u00edna<\/strong><\/h3>\n<p> O termo &#8220;drogas sint\u00e9ticas&#8221; se refere a uma ampla gama de subst\u00e2ncias que foram sintetizadas para fins de pesquisa e testes na ci\u00eancia. &nbsp;<\/p>\n","protected":false},"excerpt":{"rendered":"<p><strong>Compre p\u00f3 de Kiloca\u00edna 99% puro online. A coca\u00edna \u00e9 compar\u00e1vel \u00e0 Kiloca\u00edna.  <\/strong><\/p>\n","protected":false},"featured_media":18416,"comment_status":"closed","ping_status":"closed","template":"","meta":{"om_disable_all_campaigns":false,"_sitemap_exclude":false,"_sitemap_priority":"","_sitemap_frequency":"","_monsterinsights_skip_tracking":false,"_monsterinsights_sitenote_active":false,"_monsterinsights_sitenote_note":"","_monsterinsights_sitenote_category":0},"product_cat":[35703],"product_tag":[36216,36217,36223,36220,36219,36236,36237,36233,36234,36232,36229,36231,36228,36221,36227,36218,36225,36226,36224,36235,36230,36222],"class_list":{"0":"post-34824","1":"product","2":"type-product","3":"status-publish","4":"has-post-thumbnail","6":"product_cat-pesquisa-de-produtos-quimicos-e-psicodelicos","7":"product_tag-comprar-po-de-kilocaina-99","8":"product_tag-compre-po-de-kilocaina-99-online","9":"product_tag-compre-po-de-kilocaina-99-online-europa","10":"product_tag-efeitos-do-po-de-kilocaina-99","11":"product_tag-encomende-po-de-kilocaina-99-online","12":"product_tag-fornecedores-de-po-de-quilocaina-99-europa","13":"product_tag-kilocain-em-po-99-europa-revisao","14":"product_tag-kilocaina-em-po-99-desconto-na-europa","15":"product_tag-kilocaina-em-po-99-entrega-na-europa","16":"product_tag-kilocaina-em-po-99-loja-europa","17":"product_tag-kilocaina-em-po-99-loja-online-europa","18":"product_tag-kilocaina-em-po-99-ofertas-na-europa","19":"product_tag-kilocaina-em-po-99-venda-na-europa","20":"product_tag-kilocaina-em-po-99-vendas-online","21":"product_tag-onde-comprar-kilocain-em-po-99-europa","22":"product_tag-onde-comprar-kilocain-em-po-99-online","23":"product_tag-order-kilocain-powder-99-eu-pt-br","24":"product_tag-po-de-kilocaina-99-frete-gratis-europa","25":"product_tag-po-de-kilocaina-99-melhor-preco-europa","26":"product_tag-po-de-kilocaina-autentico-99-europa","27":"product_tag-po-de-kilocaina-barato-99-europa","28":"product_tag-quanto-custa-o-po-de-kilocaina-99","30":"first","31":"instock","32":"shipping-taxable","33":"purchasable","34":"product-type-variable","35":"farmacie-col"},"aioseo_notices":[],"_links":{"self":[{"href":"https:\/\/lacasadelamedicina.es\/pt-br\/wp-json\/wp\/v2\/product\/34824"}],"collection":[{"href":"https:\/\/lacasadelamedicina.es\/pt-br\/wp-json\/wp\/v2\/product"}],"about":[{"href":"https:\/\/lacasadelamedicina.es\/pt-br\/wp-json\/wp\/v2\/types\/product"}],"replies":[{"embeddable":true,"href":"https:\/\/lacasadelamedicina.es\/pt-br\/wp-json\/wp\/v2\/comments?post=34824"}],"wp:featuredmedia":[{"embeddable":true,"href":"https:\/\/lacasadelamedicina.es\/pt-br\/wp-json\/wp\/v2\/media\/18416"}],"wp:attachment":[{"href":"https:\/\/lacasadelamedicina.es\/pt-br\/wp-json\/wp\/v2\/media?parent=34824"}],"wp:term":[{"taxonomy":"product_cat","embeddable":true,"href":"https:\/\/lacasadelamedicina.es\/pt-br\/wp-json\/wp\/v2\/product_cat?post=34824"},{"taxonomy":"product_tag","embeddable":true,"href":"https:\/\/lacasadelamedicina.es\/pt-br\/wp-json\/wp\/v2\/product_tag?post=34824"}],"curies":[{"name":"wp","href":"https:\/\/api.w.org\/{rel}","templated":true}]}}