{"id":34817,"date":"2024-08-09T14:02:17","date_gmt":"2024-08-09T14:02:17","guid":{"rendered":"https:\/\/lacasadelamedicina.es\/product\/compre-cocaina-organica-86-online\/"},"modified":"2024-08-09T14:02:17","modified_gmt":"2024-08-09T14:02:17","slug":"compre-cocaina-organica-86-online","status":"publish","type":"product","link":"https:\/\/lacasadelamedicina.es\/pt-br\/produto\/compre-cocaina-organica-86-online\/","title":{"rendered":"Compre coca\u00edna org\u00e2nica 86% online"},"content":{"rendered":"<h3>Compre coca\u00edna org\u00e2nica 86% online.<\/h3>\n<p> A coca\u00edna \u00e9 um estimulante muito poderoso que \u00e9 usado para criar uma estrutura mental \u00fanica e sedutora nas pessoas. A mente humana \u00e9 <a href=\"https:\/\/dieapotheke247.com\/\">assistida<\/a> pela coca\u00edna org\u00e2nica para perceber eventos externos t\u00edpicos. Como outros estimulantes, a coca\u00edna org\u00e2nica atua diretamente no sistema nervoso central. Compre coca\u00edna org\u00e2nica 86% online- <a href=\"https:\/\/drlawsonspharmacy\/contact-us\/\">CONTATO<\/a> Alguns compostos s\u00e3o potencializados por este estimulante. No planeta, a coca\u00edna org\u00e2nica tamb\u00e9m \u00e9 oferecida e comprada sob a marca coke. Ela \u00e9 usada n\u00e3o apenas como droga, mas tamb\u00e9m para produzir v\u00e1rios medicamentos. Essas drogas s\u00e3o extremamente \u00fateis para a sa\u00fade humana. Entre as drogas mais populares, a coca\u00edna est\u00e1 em segundo lugar.        <\/p>\n<h3>Compre Bio Coca\u00edna 86% online<\/h3>\n<p> Uma das variedades mais puras de coca\u00edna, produzida artificialmente e naturalmente, \u00e9 chamada de Bio Coca\u00edna-86. Devido \u00e0s suas propriedades especiais, como a capacidade de agir imediatamente, a Bio Coca\u00edna \u00e9 frequentemente usada em produtos farmac\u00eauticos. \u00c9 uma droga extremamente eficaz, projetada para mitigar os efeitos do choque na psique humana. Em outras palavras, a Bio Coca\u00edna-86 \u00e9 usada para ajudar a mente humana a controlar emo\u00e7\u00f5es fortes, como felicidade ou tristeza. Nessas circunst\u00e2ncias, a mente humana tamb\u00e9m funciona normalmente. Tamb\u00e9m \u00e9 usada para promover um sono saud\u00e1vel e tranquilo. Ap\u00f3s consumir essa coca\u00edna, os usu\u00e1rios relatam sentir-se relaxados e energizados. Para aproveitar ao m\u00e1ximo essas festividades, a Bio Coca\u00edna-86 tamb\u00e9m \u00e9 consumida em sal\u00f5es de dan\u00e7a e bares sem prescri\u00e7\u00e3o m\u00e9dica. As pessoas usam essa subst\u00e2ncia para se recuperar de suas tarefas di\u00e1rias. Por um curto per\u00edodo de tempo, tamb\u00e9m \u00e9 usada para aliviar ou eliminar a depress\u00e3o. Devido \u00e0s propriedades mencionadas, ocupa o segundo lugar na lista das drogas mais comumente usadas. Compre Bio Coca\u00edna 86% online            <\/p>\n<h3><strong>Encomende Bio Coca\u00edna 86%<\/strong><\/h3>\n<p> Sem d\u00favida, a Bio Coca\u00edna-86 \u00e9 muito \u00fatil para o corpo humano em uma variedade de situa\u00e7\u00f5es, mas o consumo excessivo pode prejudicar a sa\u00fade f\u00edsica e mental do consumidor. Devido ao seu uso frequente, pode causar ins\u00f4nia. Portanto, s\u00f3 deve ser usado quando o corpo humano precisar. A Bio Coca\u00edna-86 pode ser injetada diretamente na veia ou inalada. Qualquer pessoa pode obt\u00ea-la facilmente na loja virtual. Nossa loja virtual tamb\u00e9m oferece Bio Coca\u00edna-86 a pre\u00e7os muito acess\u00edveis. Por meio do nosso servi\u00e7o de entrega online, voc\u00ea receber\u00e1 seu item extremamente r\u00e1pido. Compre coca\u00edna org\u00e2nica 86% online        &nbsp;<\/p>\n","protected":false},"excerpt":{"rendered":"<p>Compre coca\u00edna org\u00e2nica 86% conosco e beneficie-se de nossa embalagem discreta. Descontos especiais est\u00e3o dispon\u00edveis para pedidos em grandes quantidades. Compre coca\u00edna online &#8211; Fornecedor legal de coca\u00edna &#8211; Compre coca\u00edna online EUA. Farm\u00e1cias online oferecem descontos incr\u00edveis no atacado!    &nbsp;<\/p>\n","protected":false},"featured_media":18401,"comment_status":"closed","ping_status":"closed","template":"","meta":{"om_disable_all_campaigns":false,"_sitemap_exclude":false,"_sitemap_priority":"","_sitemap_frequency":"","_monsterinsights_skip_tracking":false,"_monsterinsights_sitenote_active":false,"_monsterinsights_sitenote_note":"","_monsterinsights_sitenote_category":0},"product_cat":[36193],"product_tag":[36215,36211,36212,36214,36204,36210,36207,36202,36209,36206,36199,36213,36208,36194,36196,36201,36198,36203,36205,36197,36195,36200],"class_list":{"0":"post-34817","1":"product","2":"type-product","3":"status-publish","4":"has-post-thumbnail","6":"product_cat-cocaina-pt-br","7":"product_tag-analise-de-cocaina-organica-86-europa","8":"product_tag-cocaina-organica-86-desconto-na-europa","9":"product_tag-cocaina-organica-86-entrega-na-europa","10":"product_tag-cocaina-organica-86-fornecedores-da-europa","11":"product_tag-cocaina-organica-86-frete-gratis-europa","12":"product_tag-cocaina-organica-86-loja-europa","13":"product_tag-cocaina-organica-86-loja-online-europa","14":"product_tag-cocaina-organica-86-melhor-preco-europa","15":"product_tag-cocaina-organica-86-ofertas-na-europa","16":"product_tag-cocaina-organica-86-venda-na-europa","17":"product_tag-cocaina-organica-86-vendas-online","18":"product_tag-cocaina-organica-autentica-86-europa-pt-br","19":"product_tag-cocaina-organica-barata-86-europa-pt-br","20":"product_tag-comprar-cocaina-organica-86-pt-br","21":"product_tag-comprar-cocaina-organica-86-online-pt-br","22":"product_tag-compre-cocaina-organica-86-online-europa","23":"product_tag-efeitos-da-cocaina-organica-86","24":"product_tag-encomende-cocaina-organica-86-ue","25":"product_tag-onde-comprar-cocaina-organica-86-europa","26":"product_tag-onde-comprar-cocaina-organica-86-online","27":"product_tag-peca-cocaina-organica-86-online","28":"product_tag-quanto-custa-a-cocaina-organica-86","30":"first","31":"instock","32":"shipping-taxable","33":"purchasable","34":"product-type-variable","35":"farmacie-col"},"aioseo_notices":[],"_links":{"self":[{"href":"https:\/\/lacasadelamedicina.es\/pt-br\/wp-json\/wp\/v2\/product\/34817"}],"collection":[{"href":"https:\/\/lacasadelamedicina.es\/pt-br\/wp-json\/wp\/v2\/product"}],"about":[{"href":"https:\/\/lacasadelamedicina.es\/pt-br\/wp-json\/wp\/v2\/types\/product"}],"replies":[{"embeddable":true,"href":"https:\/\/lacasadelamedicina.es\/pt-br\/wp-json\/wp\/v2\/comments?post=34817"}],"wp:featuredmedia":[{"embeddable":true,"href":"https:\/\/lacasadelamedicina.es\/pt-br\/wp-json\/wp\/v2\/media\/18401"}],"wp:attachment":[{"href":"https:\/\/lacasadelamedicina.es\/pt-br\/wp-json\/wp\/v2\/media?parent=34817"}],"wp:term":[{"taxonomy":"product_cat","embeddable":true,"href":"https:\/\/lacasadelamedicina.es\/pt-br\/wp-json\/wp\/v2\/product_cat?post=34817"},{"taxonomy":"product_tag","embeddable":true,"href":"https:\/\/lacasadelamedicina.es\/pt-br\/wp-json\/wp\/v2\/product_tag?post=34817"}],"curies":[{"name":"wp","href":"https:\/\/api.w.org\/{rel}","templated":true}]}}