{"id":34813,"date":"2024-08-09T14:02:20","date_gmt":"2024-08-09T14:02:20","guid":{"rendered":"https:\/\/lacasadelamedicina.es\/product\/compre-benzil-metil-cetona-b-m-k-online\/"},"modified":"2024-08-09T14:02:20","modified_gmt":"2024-08-09T14:02:20","slug":"compre-benzil-metil-cetona-b-m-k-online","status":"publish","type":"product","link":"https:\/\/lacasadelamedicina.es\/pt-br\/produto\/compre-benzil-metil-cetona-b-m-k-online\/","title":{"rendered":"Compre Benzil Metil Cetona (B-M-K) online"},"content":{"rendered":"<h3>Benzil Metil Cetona-b-m-k para Venda \u2013 Compre Benzil Metil Cetona-b-m-k Online<\/h3>\n<p> Somos sua melhor fonte e revendedor para comprar Benzil Metil Cetona e tamb\u00e9m temos Benzil Metil Cetona para venda. Voc\u00ea pode comprar Benzil Metil Cetona online facilmente e legalmente conosco. Compre Benzil Metil Cetona (B-M-K) Online \u2013 <a href=\"https:\/\/drlawsonspharmacy\/contact-us\/\">CONTATO<\/a> BMK \u00e9 um produto qu\u00edmico natural com uma ampla gama de usos. \u00c9 um processo de uma etapa na s\u00edntese da droga Ecstasy. \u00c9 um l\u00edquido misc\u00edvel que se dissolve em \u00e1gua e \u00e9 ins\u00edpido, incolor e inflam\u00e1vel. O melhor \u00f3leo BMK est\u00e1 dispon\u00edvel em nossa loja online. Comprar Benzyl Methyl Ketone online \u00e9 f\u00e1cil. Siga estas diretrizes: Selecione seu produto preferido no menu suspenso abaixo. Clique em &#8220;Adicionar ao carrinho&#8221; para concluir a compra do item. Fa\u00e7a o pedido assim que for entregue.          <\/p>\n<h3>Benef\u00edcios da Benzil Metil Cetona<\/h3>\n<p> Devido \u00e0 sua composi\u00e7\u00e3o de \u00e1lcool e cetona, a Benzoil Metil Cetona pode ter efeitos diur\u00e9ticos e desintoxicantes. <\/p>\n<ul>\n<li>O BMK foi sugerido por alguns pesquisadores como um \u00fatil aliviador de estresse.<\/li>\n<li>Alguns dizem que ele reduz o cortisol, um horm\u00f4nio do estresse, embora possa levar algum tempo para sentir os efeitos.<\/li>\n<li>Outro poss\u00edvel benef\u00edcio do <strong>Benzilmetilcetona-b-m-k<\/strong> \u00e9 que ele pode reduzir o risco de doen\u00e7a de Alzheimer.<\/li>\n<li>Acredita-se que o composto combata a inflama\u00e7\u00e3o no c\u00e9rebro, o que pode proteger contra danos nervosos relacionados ao Alzheimer.<\/li>\n<\/ul>\n<h3>Onde voc\u00ea pode comprar benzilmetilcetona?<\/h3>\n<p> Benzilmetilcetona, ou fenilacetona, \u00e9 uma subst\u00e2ncia qu\u00edmica. O \u00f3leo \u00e9 transparente e tem um \u00edndice de refra\u00e7\u00e3o de 1,5168. Por ser uma mat\u00e9ria-prima ou intermedi\u00e1ria na fabrica\u00e7\u00e3o de metanfetamina e anfetamina, \u00e9 frequentemente chamada de P2P. Essa coisa tem um cheiro bom e \u00e9 quase t\u00e3o densa quanto \u00e1gua. BMK \u00e9 usada como um produto qu\u00edmico ilegal na fabrica\u00e7\u00e3o ilegal de anfetamina, embora tenha alguns usos leg\u00edtimos, como no desenvolvimento de propilhexedrina. Compre benzilmetilcetona (b-m-k) online.<\/p>\n","protected":false},"excerpt":{"rendered":"<p>Benzil Metil Cetona-b-m-k para Venda \u2013 Compre Benzil Metil Cetona-b-m-k Online Somos sua melhor fonte e revendedor para comprar Benzil Metil Cetona e tamb\u00e9m temos Benzil Metil Cetona para venda. Voc\u00ea pode comprar Benzil Metil Cetona online facilmente e legalmente conosco. Compre Benzil Metil Cetona (B-M-K) Online \u2013 CONTATO BMK \u00e9 um produto qu\u00edmico natural [&hellip;]<\/p>\n","protected":false},"featured_media":18656,"comment_status":"closed","ping_status":"closed","template":"","meta":{"om_disable_all_campaigns":false,"_sitemap_exclude":false,"_sitemap_priority":"","_sitemap_frequency":"","_monsterinsights_skip_tracking":false,"_monsterinsights_sitenote_active":false,"_monsterinsights_sitenote_note":"","_monsterinsights_sitenote_category":0},"product_cat":[35703],"product_tag":[36168,36170,36166,36159,36157,36161,36163,36151,36149,36156,36153,36150,36158,36167,36169,36165,36162,36164,36160,36152,36155,36154],"class_list":{"0":"post-34813","1":"product","2":"type-product","3":"status-publish","4":"has-post-thumbnail","6":"product_cat-pesquisa-de-produtos-quimicos-e-psicodelicos","7":"product_tag-autentico-benzil-metil-cetona-b-m-k-europa","8":"product_tag-benzil-metil-cetona-b-m-k-revisao-da-europa","9":"product_tag-benzilmetilcetona-b-m-k-desconto-na-europa","10":"product_tag-benzilmetilcetona-b-m-k-frete-gratis-europa","11":"product_tag-benzilmetilcetona-b-m-k-melhor-preco-europa","12":"product_tag-benzilmetilcetona-b-m-k-venda-na-europa","13":"product_tag-benzilmetilcetona-barata-b-m-k-europa","14":"product_tag-comprar-benzil-metil-cetona-b-m-k-online","15":"product_tag-comprar-benzilmetilcetona-b-m-k","16":"product_tag-compre-benzil-metil-cetona-b-m-k-online-europa","17":"product_tag-efeitos-da-benzilmetilcetona-b-m-k","18":"product_tag-encomendar-benzil-metil-cetona-b-m-k-online","19":"product_tag-encomendar-benzil-metil-cetona-b-m-k-ue","20":"product_tag-entrega-de-benzilmetilcetona-b-m-k-na-europa","21":"product_tag-fornecedores-de-benzilmetilcetona-b-m-k-na-europa","22":"product_tag-loja-benzil-metil-cetona-b-m-k-europa","23":"product_tag-loja-online-benzyl-methyl-ketone-b-m-k-europa","24":"product_tag-ofertas-de-benzil-metil-cetona-b-m-k-na-europa","25":"product_tag-onde-comprar-benzil-metil-cetona-b-m-k-europa","26":"product_tag-onde-comprar-benzil-metil-cetona-b-m-k-online","27":"product_tag-quanto-custa-benzil-metil-cetona-b-m-k","28":"product_tag-vendas-de-benzilmetilcetona-b-m-k-online","30":"first","31":"instock","32":"shipping-taxable","33":"purchasable","34":"product-type-variable","35":"has-default-attributes","36":"farmacie-col"},"aioseo_notices":[],"_links":{"self":[{"href":"https:\/\/lacasadelamedicina.es\/pt-br\/wp-json\/wp\/v2\/product\/34813"}],"collection":[{"href":"https:\/\/lacasadelamedicina.es\/pt-br\/wp-json\/wp\/v2\/product"}],"about":[{"href":"https:\/\/lacasadelamedicina.es\/pt-br\/wp-json\/wp\/v2\/types\/product"}],"replies":[{"embeddable":true,"href":"https:\/\/lacasadelamedicina.es\/pt-br\/wp-json\/wp\/v2\/comments?post=34813"}],"wp:featuredmedia":[{"embeddable":true,"href":"https:\/\/lacasadelamedicina.es\/pt-br\/wp-json\/wp\/v2\/media\/18656"}],"wp:attachment":[{"href":"https:\/\/lacasadelamedicina.es\/pt-br\/wp-json\/wp\/v2\/media?parent=34813"}],"wp:term":[{"taxonomy":"product_cat","embeddable":true,"href":"https:\/\/lacasadelamedicina.es\/pt-br\/wp-json\/wp\/v2\/product_cat?post=34813"},{"taxonomy":"product_tag","embeddable":true,"href":"https:\/\/lacasadelamedicina.es\/pt-br\/wp-json\/wp\/v2\/product_tag?post=34813"}],"curies":[{"name":"wp","href":"https:\/\/api.w.org\/{rel}","templated":true}]}}