{"id":34803,"date":"2024-08-09T14:02:39","date_gmt":"2024-08-09T14:02:39","guid":{"rendered":"https:\/\/lacasadelamedicina.es\/product\/compre-170ug-shiva-lsd-blotters-online\/"},"modified":"2024-08-09T14:02:39","modified_gmt":"2024-08-09T14:02:39","slug":"compre-170ug-shiva-lsd-blotters-online","status":"publish","type":"product","link":"https:\/\/lacasadelamedicina.es\/pt-br\/produto\/compre-170ug-shiva-lsd-blotters-online\/","title":{"rendered":"Compre 170ug Shiva LSD Blotters Online"},"content":{"rendered":"<h2><strong>Compre 1P-LSD 170UG SHIVA LSD BLOTTERS Online<\/strong><\/h2>\n<p> A droga psicod\u00e9lica 1P-LSD, tamb\u00e9m chamada de dietilamida do \u00e1cido 1-propionil-lis\u00e9rgico, \u00e9 um derivado e an\u00e1logo funcional do LSD e um hom\u00f3logo do ALD-52. O LSD e o 1P-LSD compartilham uma rela\u00e7\u00e3o qu\u00edmica e dizem ter efeitos bastante semelhantes. Embora pouco se saiba sobre a farmacologia do 1P-LSD, ele provavelmente atua em receptores de serotonina no c\u00e9rebro para criar seus efeitos psicod\u00e9licos.   <\/p>\n<h2><strong>Compre 170ug shiva LSD Blotters<\/strong><\/h2>\n<p> ID IUPAC: (6aR,9R)- N,N- dietil- 7-metil- 4,6,6a,7,8,9- hexahidroindolo \u2013 [4,3-fg] quinolina-9-carboxamida Massa molar: 323,43 g Ponto de fus\u00e3o: 80 \u00b0CF\u00f3rmula: C20H25N3O CAS ID: 50-37-3 Dietilamida do \u00e1cido lis\u00e9rgico, tamb\u00e9m conhecida como \u00e1cido, \u00e9 uma droga psicod\u00e9lica conhecida por seus efeitos psicol\u00f3gicos. F\u00f3rmula: C20H25N30 IUPAC ID: (6aR,9R)- N,N- dietil- 7-metil- 4,6,6a,7,8,9- hexahidroindolo-  [4,3-fg] quinolina- 9-carboxamida Massa molar: 323,43 g\/mol Ponto de fus\u00e3o: 80 \u00b0C CAS ID: 50-37-3 <\/p>\n<h3><strong>1P-LSD 170UG SHIVA LSD BLOTTERS<\/strong><\/h3>\n<p> Temos muitos clientes fi\u00e9is em todo o mundo e estamos ansiosos para trabalhar com voc\u00ea em uma base de longo prazo. Se precisar de mais informa\u00e7\u00f5es, n\u00e3o hesite em entrar em contato conosco; faremos tudo o que pudermos para atender \u00e0s suas necessidades. Novos compostos psicoativos, ou produtos qu\u00edmicos que alteram a mente que foram sintetizados em um laborat\u00f3rio e oferecidos como substitutos legais para drogas il\u00edcitas como coca\u00edna e maconha, tornaram-se mais prevalentes durante os \u00faltimos 20 anos na ind\u00fastria farmac\u00eautica. Esses medicamentos n\u00e3o passaram por testes extensivos, ent\u00e3o \u00e9 poss\u00edvel que seus efeitos sejam inconsistentes e imprevis\u00edveis.    <\/p>\n<h3><strong>EFEITOS<\/strong><\/h3>\n<p> Na literatura cient\u00edfica, o perfil de efeitos do 1P-LSD n\u00e3o \u00e9 bem descrito. Acredita-se tipicamente que ele seja similar ao do LSD. De acordo com v\u00e1rios relatos aned\u00f3ticos, o 1P-LSD dura um pouco menos tempo em humanos do que o LSD, com a maioria dos usu\u00e1rios alegando que n\u00e3o conseguem dizer a diferen\u00e7a entre os efeitos qualitativos das duas drogas.   <\/p>\n<h3><strong>ESCOLHENDO GAMA<\/strong><\/h3>\n<p> O fator mais crucial na escolha do nosso servi\u00e7o \u00e9 o Meth Trust. O aspecto prim\u00e1rio para ganhar um n\u00famero crescente de clientes \u00e9 a qualidade. Ofertas e descontos s\u00e3o cruciais para o sucesso dos nossos clientes.   <\/p>\n<h3><strong>CONCLUS\u00c3O<\/strong><\/h3>\n<p> Um dos produtos de LSD mais populares entre os adolescentes, que frequentemente o usam como uma droga de festa, \u00e9 o Goblin\u2019s Den. No mercado virtual, h\u00e1 uma grande variedade de itens de LSD que s\u00e3o livremente acess\u00edveis. Aqui, garantimos a voc\u00ea a melhor qualidade e pre\u00e7o do produto, 200 mcg Goblin\u2019s Den.<\/p>\n","protected":false},"excerpt":{"rendered":"<p>Compre 1P-LSD 170UG SHIVA LSD BLOTTERS Online A droga psicod\u00e9lica 1P-LSD, tamb\u00e9m chamada de dietilamida do \u00e1cido 1-propionil-lis\u00e9rgico, \u00e9 um derivado e an\u00e1logo funcional do LSD e um hom\u00f3logo do ALD-52. O LSD e o 1P-LSD compartilham uma rela\u00e7\u00e3o qu\u00edmica e dizem ter efeitos bastante semelhantes. Embora pouco se saiba sobre a farmacologia do 1P-LSD, [&hellip;]<\/p>\n","protected":false},"featured_media":19211,"comment_status":"open","ping_status":"closed","template":"","meta":{"om_disable_all_campaigns":false,"_sitemap_exclude":false,"_sitemap_priority":"","_sitemap_frequency":"","_monsterinsights_skip_tracking":false,"_monsterinsights_sitenote_active":false,"_monsterinsights_sitenote_note":"","_monsterinsights_sitenote_category":0},"product_cat":[35018],"product_tag":[36122,36123,36125,36115,36121,36118,36113,36120,36117,36110,36126,36124,36119,36105,36106,36112,36109,36108,36114,36116,36107,36111],"class_list":{"0":"post-34803","1":"product","2":"type-product","3":"status-publish","4":"has-post-thumbnail","6":"product_cat-lsd-pt-br","7":"product_tag-170ug-shiva-lsd-blotters-desconto-na-europa","8":"product_tag-170ug-shiva-lsd-blotters-entrega-na-europa","9":"product_tag-170ug-shiva-lsd-blotters-fornecedores-da-europa","10":"product_tag-170ug-shiva-lsd-blotters-frete-gratis-europa","11":"product_tag-170ug-shiva-lsd-blotters-loja-europa","12":"product_tag-170ug-shiva-lsd-blotters-loja-online-europa","13":"product_tag-170ug-shiva-lsd-blotters-melhor-preco-europa","14":"product_tag-170ug-shiva-lsd-blotters-ofertas-na-europa","15":"product_tag-170ug-shiva-lsd-blotters-venda-na-europa","16":"product_tag-170ug-shiva-lsd-blotters-vendas-online","17":"product_tag-analise-do-shiva-lsd-blotters-europe-170ug","18":"product_tag-autenticos-170ug-shiva-lsd-blotters-europa","19":"product_tag-barato-170ug-shiva-lsd-blotters-europa","20":"product_tag-compre-170ug-shiva-lsd-blotters","21":"product_tag-compre-170ug-shiva-lsd-blotters-online","22":"product_tag-compre-170ug-shiva-lsd-blotters-online-europa","23":"product_tag-efeitos-de-170ug-shiva-lsd-blotters","24":"product_tag-encomendar-170ug-shiva-lsd-blotters-online","25":"product_tag-encomende-170ug-shiva-lsd-blotters-eu","26":"product_tag-onde-comprar-170ug-shiva-lsd-blotters-europa","27":"product_tag-onde-comprar-170ug-shiva-lsd-blotters-online","28":"product_tag-quanto-custa-170ug-shiva-lsd-blotters","30":"first","31":"instock","32":"shipping-taxable","33":"purchasable","34":"product-type-variable","35":"farmacie-col"},"aioseo_notices":[],"_links":{"self":[{"href":"https:\/\/lacasadelamedicina.es\/pt-br\/wp-json\/wp\/v2\/product\/34803"}],"collection":[{"href":"https:\/\/lacasadelamedicina.es\/pt-br\/wp-json\/wp\/v2\/product"}],"about":[{"href":"https:\/\/lacasadelamedicina.es\/pt-br\/wp-json\/wp\/v2\/types\/product"}],"replies":[{"embeddable":true,"href":"https:\/\/lacasadelamedicina.es\/pt-br\/wp-json\/wp\/v2\/comments?post=34803"}],"wp:featuredmedia":[{"embeddable":true,"href":"https:\/\/lacasadelamedicina.es\/pt-br\/wp-json\/wp\/v2\/media\/19211"}],"wp:attachment":[{"href":"https:\/\/lacasadelamedicina.es\/pt-br\/wp-json\/wp\/v2\/media?parent=34803"}],"wp:term":[{"taxonomy":"product_cat","embeddable":true,"href":"https:\/\/lacasadelamedicina.es\/pt-br\/wp-json\/wp\/v2\/product_cat?post=34803"},{"taxonomy":"product_tag","embeddable":true,"href":"https:\/\/lacasadelamedicina.es\/pt-br\/wp-json\/wp\/v2\/product_tag?post=34803"}],"curies":[{"name":"wp","href":"https:\/\/api.w.org\/{rel}","templated":true}]}}