{"id":34795,"date":"2024-08-09T14:02:20","date_gmt":"2024-08-09T14:02:20","guid":{"rendered":"https:\/\/lacasadelamedicina.es\/product\/compre-jwh-250-online\/"},"modified":"2024-08-09T14:02:20","modified_gmt":"2024-08-09T14:02:20","slug":"compre-jwh-250-online","status":"publish","type":"product","link":"https:\/\/lacasadelamedicina.es\/pt-br\/produto\/compre-jwh-250-online\/","title":{"rendered":"Compre JWH-250 online"},"content":{"rendered":"<h1>Compre JWH-250 online<\/h1>\n<p> Vendas on-line de produtos JWH-250. Desde o final dos anos 2000, o JWH-250, um agonista sint\u00e9tico do receptor canabinoide, foi encontrado em produtos. Foi desenvolvido pelo Dr. John W. Huffman, e Huffman et al. publicaram um artigo sobre ele em 2005. Compre JWH-250 on-line. <a href=\"https:\/\/drlawsonspharmacy\/contact-us\/\">CONTATO<\/a> O medicamento, fenilacetilindol, atua como um agonista nos receptores CB1 e CB2. Suas parcialidades em CB1 e CB2 s\u00e3o 11 nM e 33 nM, respectivamente. O JWH-250 chegou ao <a href=\"https:\/\/dieapotheke247.com\/\">mercado<\/a> alguns anos ap\u00f3s sua primeira men\u00e7\u00e3o no texto, com a pol\u00edcia alem\u00e3 fazendo a primeira identifica\u00e7\u00e3o em maio de 2009. Eles encontraram a droga em uma mistura natural de incenso. Compre JWH-250 online Tamb\u00e9m foi encontrado em p\u00f3s e misturas comercializados online para analistas japoneses. Todos esses produtos continham entre 77 e 165 mg. \u00c9 muito prov\u00e1vel que as pessoas tenham entrado em contato com o JWH-250 sem perceber devido \u00e0 forma como ele foi vendido. Traduzido usando www.DeepL.com\/Translator (vers\u00e3o gratuita) Massa molar: 335,439 g\/mol ChEMBL Id: 188031 ChemSpider ID: 23256117 PubChem CID: 44397540 Formula\u00e7\u00e3o: C22H25NO2 Voc\u00ea pode me dizer onde comprar o JWH-250? JWH-250 \u00e0 venda, valor de rua do JWH-250, dosagem do JWH-250, como fazer o JWH-250, onde comprar, onde comprar o JWH-250, o que \u00e9 o JWH-250 e onde obter o JWH-250 com a mais alta qualidade est\u00e3o todos dispon\u00edveis. Podemos fornecer as solu\u00e7\u00f5es para todas essas perguntas n\u00e3o resolvidas. Voc\u00ea pode descobrir como e onde comprar JWH-250 online simplesmente navegando em nosso site. E o JWH-250? Al\u00e9m disso, voc\u00ea sabe onde posso comprar JWH-250 online? Compre JWH-250 para venda, como fazer JWH-250, como \u00e9 o JWH-250, quanto custa o JWH-250 na rua, quanto custa o JWH-250 online, onde posso obter JWH-250 e onde comprar JWH-250 puro. \u00c9 bem claro que as pessoas n\u00e3o confiam imediatamente na qualidade do JWH-250 vendido online, pois n\u00e3o podem inspecion\u00e1-lo fisicamente. No entanto, esse n\u00e3o \u00e9 o caso dos fornecedores online de JWH-250. Os produtos oferecidos aqui s\u00e3o representa\u00e7\u00f5es precisas do que s\u00e3o, com manuten\u00e7\u00e3o de primeira classe realizada sob supervis\u00e3o profissional. Envio r\u00e1pido e discreto: O JWH-250 ser\u00e1 entregue conforme prometido imediatamente ap\u00f3s o recebimento do pedido. A equipe de envio se esfor\u00e7a para tornar o envio e a entrega r\u00e1pidos e f\u00e1ceis. Quando voc\u00ea compra JWH-250 de um especialista em uma plataforma online, voc\u00ea tamb\u00e9m pode contar com um servi\u00e7o de primeira classe.                       &nbsp;<\/p>\n","protected":false},"excerpt":{"rendered":"<p>Compre JWH-250 online. JWH-250, um agonista sint\u00e9tico do receptor canabinoide, foi encontrado em produtos desde o final dos anos 2000. Foi desenvolvido pelo Dr. John W. Huffman, e Huffman et al. publicou um artigo sobre ele em 2005. Compre JWH-250 online.    &nbsp;<\/p>\n","protected":false},"featured_media":18626,"comment_status":"closed","ping_status":"closed","template":"","meta":{"om_disable_all_campaigns":false,"_sitemap_exclude":false,"_sitemap_priority":"","_sitemap_frequency":"","_monsterinsights_skip_tracking":false,"_monsterinsights_sitenote_active":false,"_monsterinsights_sitenote_note":"","_monsterinsights_sitenote_category":0},"product_cat":[35703],"product_tag":[36082,36080,36061,36063,36068,36065,36079,36081,36075,36078,36071,36069,36073,36077,36074,36076,36072,36064,36070,36062,36067,36066],"class_list":{"0":"post-34795","1":"product","2":"type-product","3":"status-publish","4":"has-post-thumbnail","6":"product_cat-pesquisa-de-produtos-quimicos-e-psicodelicos","7":"product_tag-analise-do-jwh-250-europa","8":"product_tag-autentico-jwh-250-europa-pt-br","9":"product_tag-comprar-jwh-250-pt-br","10":"product_tag-comprar-jwh-250-online","11":"product_tag-compre-jwh-250-online-europa","12":"product_tag-efeitos-do-jwh-250","13":"product_tag-entrega-jwh-250-europa","14":"product_tag-fornecedores-jwh-250-europa","15":"product_tag-jwh-250-barato-europa","16":"product_tag-jwh-250-desconto-europa","17":"product_tag-jwh-250-frete-gratis-europa","18":"product_tag-jwh-250-melhor-preco-europa","19":"product_tag-jwh-250-venda-europa","20":"product_tag-loja-jwh-250-europa","21":"product_tag-loja-online-jwh-250-europa","22":"product_tag-ofertas-jwh-250-europa","23":"product_tag-onde-comprar-jwh-250-europa","24":"product_tag-onde-comprar-jwh-250-online","25":"product_tag-order-jwh-250-eu-pt-br","26":"product_tag-peca-jwh-250-online","27":"product_tag-quanto-custa-jwh-250","28":"product_tag-vendas-jwh-250-online","30":"first","31":"instock","32":"shipping-taxable","33":"purchasable","34":"product-type-variable","35":"farmacie-col"},"aioseo_notices":[],"_links":{"self":[{"href":"https:\/\/lacasadelamedicina.es\/pt-br\/wp-json\/wp\/v2\/product\/34795"}],"collection":[{"href":"https:\/\/lacasadelamedicina.es\/pt-br\/wp-json\/wp\/v2\/product"}],"about":[{"href":"https:\/\/lacasadelamedicina.es\/pt-br\/wp-json\/wp\/v2\/types\/product"}],"replies":[{"embeddable":true,"href":"https:\/\/lacasadelamedicina.es\/pt-br\/wp-json\/wp\/v2\/comments?post=34795"}],"wp:featuredmedia":[{"embeddable":true,"href":"https:\/\/lacasadelamedicina.es\/pt-br\/wp-json\/wp\/v2\/media\/18626"}],"wp:attachment":[{"href":"https:\/\/lacasadelamedicina.es\/pt-br\/wp-json\/wp\/v2\/media?parent=34795"}],"wp:term":[{"taxonomy":"product_cat","embeddable":true,"href":"https:\/\/lacasadelamedicina.es\/pt-br\/wp-json\/wp\/v2\/product_cat?post=34795"},{"taxonomy":"product_tag","embeddable":true,"href":"https:\/\/lacasadelamedicina.es\/pt-br\/wp-json\/wp\/v2\/product_tag?post=34795"}],"curies":[{"name":"wp","href":"https:\/\/api.w.org\/{rel}","templated":true}]}}