{"id":34759,"date":"2024-08-09T14:02:20","date_gmt":"2024-08-09T14:02:20","guid":{"rendered":"https:\/\/lacasadelamedicina.es\/product\/compre-mercurio-liquido-virgin-silver-online\/"},"modified":"2024-08-09T14:02:20","modified_gmt":"2024-08-09T14:02:20","slug":"compre-mercurio-liquido-virgin-silver-online","status":"publish","type":"product","link":"https:\/\/lacasadelamedicina.es\/pt-br\/produto\/compre-mercurio-liquido-virgin-silver-online\/","title":{"rendered":"Compre merc\u00fario l\u00edquido Virgin Silver online"},"content":{"rendered":"<h3><span lang=\"EN-US\">Merc\u00fario l\u00edquido de prata virgem para venda &#8211; Compre merc\u00fario l\u00edquido de prata virgem online<\/span><\/h3>\n<p> Compre merc\u00fario l\u00edquido de prata virgem online &#8211; Oferecemos merc\u00fario l\u00edquido de prata pura a granel para venda online pelos pre\u00e7os mais baixos porque somos o melhor varejista de canabinoides. O merc\u00fario dissolvido em prata pura pode ser comprado legalmente online conosco para fins de pesquisa. Compre merc\u00fario l\u00edquido de prata virgem online &#8211; Compre merc\u00fario l\u00edquido de prata virgem online O recipiente atual de 34,5 kg cont\u00e9m prata l\u00edquida virgem que pode ser usada para fins industriais. Esta garrafa cont\u00e9m prata l\u00edquida pura que foi produzida com a ajuda de m\u00e1quinas de \u00faltima gera\u00e7\u00e3o e receitas desenvolvidas por especialistas. Al\u00e9m disso, comprar merc\u00fario l\u00edquido de prata pura no site desta empresa \u00e9 f\u00e1cil. Esta plataforma \u00e9 f\u00e1cil de usar e entrega um produto de alta qualidade quando necess\u00e1rio.      <a href=\"https:\/\/drlawsonspharmacy\/contact-us\/\">CONTATO<\/a><\/p>\n<h3><span lang=\"EN-US\">O que \u00e9 merc\u00fario l\u00edquido de prata virgem?<\/span><\/h3>\n<p> Esta mat\u00e9ria-prima bem conhecida pode ser encontrada em muitos itens, como interruptores de merc\u00fario, tubos fluorescentes, term\u00f4metros e bar\u00f4metros. O merc\u00fario l\u00edquido de prata pura \u00e9, portanto, \u00fanico para uso na fabrica\u00e7\u00e3o de outros materiais ou produtos qu\u00edmicos, pois atua como um catalisador para rea\u00e7\u00f5es qu\u00edmicas subsequentes. Cerca de 99,9% deste merc\u00fario est\u00e1 dispon\u00edvel na forma pura. Portanto, o programa tamb\u00e9m incluir\u00e1 outras mat\u00e9rias-primas, como ouro e prata. Eles, portanto, passar\u00e3o por testes completos antes de serem usados. Compre merc\u00fario l\u00edquido de prata virgem online      <\/p>\n<h3><span lang=\"EN-US\">Onde comprar merc\u00fario l\u00edquido de prata virgem?<\/span><\/h3>\n<p> Os usu\u00e1rios podem comprar recipientes deste merc\u00fario l\u00edquido a um pre\u00e7o razo\u00e1vel. A subst\u00e2ncia n\u00e3o cont\u00e9m metais pesados. Comprar merc\u00fario l\u00edquido de prata pelo pre\u00e7o certo e na quantidade necess\u00e1ria \u00e9 mais conveniente para os clientes. Se voc\u00ea n\u00e3o sabe como medir ou calcular corretamente quanto merc\u00fario \u00e9 necess\u00e1rio, ligue para os especialistas da ag\u00eancia e eles o ajudar\u00e3o a determinar a quantidade necess\u00e1ria. <a href=\"https:\/\/dieapotheke247.com\/\">Este<\/a> produto \u00e9 usado apenas para produtos qu\u00edmicos de pesquisa, mas \u00e9 fornecido em forma pura e de alta qualidade.    &nbsp;<\/p>\n","protected":false},"excerpt":{"rendered":"<p>Merc\u00fario l\u00edquido de prata virgem para venda &#8211; Compre merc\u00fario l\u00edquido de prata virgem online Compre merc\u00fario l\u00edquido de prata virgem online &#8211; Oferecemos merc\u00fario l\u00edquido de prata pura a granel para venda online pelos pre\u00e7os mais baixos porque somos o melhor varejista de canabinoides. O merc\u00fario dissolvido em prata pura pode ser comprado legalmente [&hellip;]<\/p>\n","protected":false},"featured_media":18731,"comment_status":"closed","ping_status":"closed","template":"","meta":{"om_disable_all_campaigns":false,"_sitemap_exclude":false,"_sitemap_priority":"","_sitemap_frequency":"","_monsterinsights_skip_tracking":false,"_monsterinsights_sitenote_active":false,"_monsterinsights_sitenote_note":"","_monsterinsights_sitenote_category":0},"product_cat":[35703],"product_tag":[35923,35921,35903,35909,35904,35919,35906,35911,35920,35922,35918,35917,35913,35905,35902,35916,35910,35908,35914,35907,35912,35915],"class_list":{"0":"post-34759","1":"product","2":"type-product","3":"status-publish","4":"has-post-thumbnail","6":"product_cat-pesquisa-de-produtos-quimicos-e-psicodelicos","7":"product_tag-analise-do-mercurio-liquido-virgin-silver-europe","8":"product_tag-autentico-mercurio-liquido-virgem-de-prata-europa","9":"product_tag-comprar-mercurio-liquido-de-prata-virgem","10":"product_tag-compre-mercurio-liquido-de-prata-virgem-online-na-europa","11":"product_tag-compre-mercurio-liquido-virgin-silver-online","12":"product_tag-desconto-em-mercurio-liquido-virgin-silver-na-europa","13":"product_tag-efeitos-do-mercurio-liquido-de-prata-virgem","14":"product_tag-encomendar-mercurio-liquido-de-prata-virgem-ue","15":"product_tag-entrega-de-mercurio-liquido-de-prata-virgem-na-europa","16":"product_tag-fornecedores-de-mercurio-liquido-de-prata-virgem-na-europa","17":"product_tag-loja-de-mercurio-liquido-virgin-silver-europe","18":"product_tag-ofertas-de-mercurio-liquido-virgin-silver-na-europa","19":"product_tag-onde-comprar-mercurio-liquido-virgin-silver-europa","20":"product_tag-onde-comprar-mercurio-liquido-virgin-silver-online","21":"product_tag-peca-online-mercurio-liquido-virgin-silver","22":"product_tag-prata-virgem-barata-mercurio-liquido-europa","23":"product_tag-prata-virgem-mercurio-liquido-melhor-preco-europa","24":"product_tag-quanto-custa-o-mercurio-liquido-virgin-silver","25":"product_tag-venda-de-mercurio-liquido-de-prata-virgem-na-europa","26":"product_tag-vendas-de-mercurio-liquido-virgin-silver-online","27":"product_tag-virgin-silver-liquid-mercury-frete-gratis-para-a-europa","28":"product_tag-virgin-silver-liquid-mercury-loja-on-line-europa","30":"first","31":"instock","32":"shipping-taxable","33":"purchasable","34":"product-type-variable","35":"farmacie-col"},"aioseo_notices":[],"_links":{"self":[{"href":"https:\/\/lacasadelamedicina.es\/pt-br\/wp-json\/wp\/v2\/product\/34759"}],"collection":[{"href":"https:\/\/lacasadelamedicina.es\/pt-br\/wp-json\/wp\/v2\/product"}],"about":[{"href":"https:\/\/lacasadelamedicina.es\/pt-br\/wp-json\/wp\/v2\/types\/product"}],"replies":[{"embeddable":true,"href":"https:\/\/lacasadelamedicina.es\/pt-br\/wp-json\/wp\/v2\/comments?post=34759"}],"wp:featuredmedia":[{"embeddable":true,"href":"https:\/\/lacasadelamedicina.es\/pt-br\/wp-json\/wp\/v2\/media\/18731"}],"wp:attachment":[{"href":"https:\/\/lacasadelamedicina.es\/pt-br\/wp-json\/wp\/v2\/media?parent=34759"}],"wp:term":[{"taxonomy":"product_cat","embeddable":true,"href":"https:\/\/lacasadelamedicina.es\/pt-br\/wp-json\/wp\/v2\/product_cat?post=34759"},{"taxonomy":"product_tag","embeddable":true,"href":"https:\/\/lacasadelamedicina.es\/pt-br\/wp-json\/wp\/v2\/product_tag?post=34759"}],"curies":[{"name":"wp","href":"https:\/\/api.w.org\/{rel}","templated":true}]}}