{"id":34704,"date":"2024-08-09T14:02:21","date_gmt":"2024-08-09T14:02:21","guid":{"rendered":"https:\/\/lacasadelamedicina.es\/product\/compre-4f-bca-online\/"},"modified":"2024-08-09T14:02:21","modified_gmt":"2024-08-09T14:02:21","slug":"compre-4f-bca-online","status":"publish","type":"product","link":"https:\/\/lacasadelamedicina.es\/pt-br\/produto\/compre-4f-bca-online\/","title":{"rendered":"Compre 4F BCA online"},"content":{"rendered":"<h3>4F BCA &#8211; 4f-bca para venda &#8211; Compre 4f bca online ALEMANHA Pesquisa Qu\u00edmica<\/h3>\n<p> Compre 4F BCA online &#8211; Como \u00e9 o tipo crucial de subst\u00e2ncia com demanda crescente no mercado, nossa empresa, Ultimate Online Pharmacy, est\u00e1 aqui para atender a essas expectativas com uma linha de produtos altamente eficaz. Se voc\u00ea quiser comprar 4F <a href=\"https:\/\/dieapotheke247.com\/\">B<\/a>CA online, entre em contato conosco imediatamente. A Farm\u00e1cia Dr. Lawsons \u00e9 conhecida por seus produtos de primeira linha e suporte especializado. Somos um vendedor e fornecedor respeit\u00e1vel de 4F-BCA na ind\u00fastria online. \u00c9 conhecido como 4-fluoro-BCA e vem em forma l\u00edquida e s\u00f3lida. uma vez vendido como estimulante; pertence \u00e0 classe indazol de canabinoides. Compre 4F BCA online-       <a href=\"https:\/\/drlawsonspharmacy\/contact-us\/\"><a href=\"https:\/\/drlawsonspharmacy\/contact-us\/\">CONTATO<\/a><\/a><\/p>\n<p>&nbsp;<\/p>\n<h3>O que \u00e9 4F BCA?<\/h3>\n<p> Uma novidade na fam\u00edlia de produtos qu\u00edmicos de pesquisa da cannabis \u00e9 o 4F-BCA. A droga \u00e9 amarela e 99,6% pura. A pessoa deve manter a subst\u00e2ncia qu\u00edmica em um local fresco e seco. A droga funciona de forma semelhante ao 4ADB e 5ADB. \u00c9 um produto qu\u00edmico de pesquisa poderoso, mas n\u00e3o \u00e9 adequado para ingest\u00e3o humana. O 4F-BCA parece ser compar\u00e1vel em seus efeitos a outros canabinoides. Para uso em fins forenses, de pesquisa e testes, qu\u00edmicos e pesquisadores podem comprar 4F-BCA EUA. Essas drogas s\u00e3o compradas por qu\u00edmicos, cientistas e pesquisadores como materiais de refer\u00eancia de pesquisa comuns. Outros usos n\u00e3o s\u00e3o aprovados. Voc\u00ea pode obter 4F-BCA para uso em pesquisa e para venda. Em muitos pa\u00edses, esses narc\u00f3ticos s\u00e3o restritos ou controlados, e v\u00e1rios estados dos EUA os proibiram.           &nbsp;<\/p>\n<h3>Compre 4F BCA online<\/h3>\n<p> N\u00e3o h\u00e1 evid\u00eancias que sustentem o uso de 4F-BCA em particular. Esses medicamentos ajudam as pessoas ansiosas e destitu\u00eddas que os usam a relaxar. Est\u00e1 dispon\u00edvel online. Compre 4F-BCA com desconto. Temos um vasto conhecimento do setor e entendemos a psicologia do consumidor.     <strong>Pode ser principalmente inalado ou tomado por via oral.<\/strong><\/p>\n<p><strong>Por outro lado, a quantidade exata da droga \u00e9 uma quest\u00e3o de debate.<\/strong><\/p>\n<p><strong>A maioria das pessoas desconhece a dose ou composi\u00e7\u00e3o exata que est\u00e1 tomando.<\/strong> Pesquisas m\u00e9dicas mostram que essas drogas, como o 4F-BCA da Chemical Frog com 99,9% de pureza, n\u00e3o t\u00eam uso industrial, comercial ou m\u00e9dico. Traduzido com www.DeepL.com\/Translator (vers\u00e3o gratuita)  &nbsp;<\/p>\n<h3><strong>Pedido 4F BCA<\/strong> &#8211; Como escolher a plataforma certa?<\/h3>\n<p> A alta qualidade do 4F-BCA para venda, rotulagem qu\u00edmica impec\u00e1vel, embalagem discreta, entrega pontual, transporte seguro e outros servi\u00e7os oferecidos por nossa empresa nos diferenciam da concorr\u00eancia. \u00c9 f\u00e1cil e seguro obter produtos qu\u00edmicos de pesquisa on-line 4F-BCA em nosso site. Todos os dados do cliente s\u00e3o normalmente protegidos em nosso sistema. Nossos processos de pagamento tamb\u00e9m s\u00e3o seguros. \u00c9 uma subst\u00e2ncia muito poderosa e ativa. Ao se ligar aos receptores CB1 no c\u00e9rebro, ele os desacelera. Quando tomado por um longo tempo, o sistema nervoso central humano fica muito vulner\u00e1vel. Alguns fabricantes de produtos qu\u00edmicos produzem os medicamentos em forma de ervas e os comercializam localmente como subst\u00e2ncias seguras e legais.        &nbsp;<\/p>\n","protected":false},"excerpt":{"rendered":"<p>&nbsp;<\/p>\n","protected":false},"featured_media":18671,"comment_status":"closed","ping_status":"closed","template":"","meta":{"om_disable_all_campaigns":false,"_sitemap_exclude":false,"_sitemap_priority":"","_sitemap_frequency":"","_monsterinsights_skip_tracking":false,"_monsterinsights_sitenote_active":false,"_monsterinsights_sitenote_note":"","_monsterinsights_sitenote_category":0},"product_cat":[35703],"product_tag":[35824,35822,35826,35835,35833,35828,35814,35816,35821,35831,35818,35832,35834,35830,35827,35829,35825,35817,35823,35815,35820,35819],"class_list":{"0":"post-34704","1":"product","2":"type-product","3":"status-publish","4":"has-post-thumbnail","6":"product_cat-pesquisa-de-produtos-quimicos-e-psicodelicos","7":"product_tag-4f-bca-frete-gratis-europa","8":"product_tag-4f-bca-melhor-preco-europa","9":"product_tag-4f-bca-venda-europa","10":"product_tag-analise-do-4f-bca-europe","11":"product_tag-autentico-4f-bca-europa-pt-br","12":"product_tag-barato-4f-bca-europa","13":"product_tag-comprar-4f-bca-pt-br","14":"product_tag-comprar-4f-bca-online","15":"product_tag-compre-4f-bca-online-europa","16":"product_tag-desconto-4f-bca-europa","17":"product_tag-efeitos-do-4f-bca","18":"product_tag-entrega-4f-bca-europa-pt-br","19":"product_tag-fornecedores-4f-bca-europa","20":"product_tag-loja-4f-bca-europa","21":"product_tag-loja-online-4f-bca-europa","22":"product_tag-ofertas-4f-bca-europa","23":"product_tag-onde-comprar-4f-bca-europa","24":"product_tag-onde-comprar-4f-bca-online","25":"product_tag-ordem-4f-bca-ue","26":"product_tag-peca-4f-bca-online","27":"product_tag-quanto-e-4f-bca-pt-br","28":"product_tag-vendas-4f-bca-online","30":"first","31":"instock","32":"shipping-taxable","33":"purchasable","34":"product-type-variable","35":"farmacie-col"},"aioseo_notices":[],"_links":{"self":[{"href":"https:\/\/lacasadelamedicina.es\/pt-br\/wp-json\/wp\/v2\/product\/34704"}],"collection":[{"href":"https:\/\/lacasadelamedicina.es\/pt-br\/wp-json\/wp\/v2\/product"}],"about":[{"href":"https:\/\/lacasadelamedicina.es\/pt-br\/wp-json\/wp\/v2\/types\/product"}],"replies":[{"embeddable":true,"href":"https:\/\/lacasadelamedicina.es\/pt-br\/wp-json\/wp\/v2\/comments?post=34704"}],"wp:featuredmedia":[{"embeddable":true,"href":"https:\/\/lacasadelamedicina.es\/pt-br\/wp-json\/wp\/v2\/media\/18671"}],"wp:attachment":[{"href":"https:\/\/lacasadelamedicina.es\/pt-br\/wp-json\/wp\/v2\/media?parent=34704"}],"wp:term":[{"taxonomy":"product_cat","embeddable":true,"href":"https:\/\/lacasadelamedicina.es\/pt-br\/wp-json\/wp\/v2\/product_cat?post=34704"},{"taxonomy":"product_tag","embeddable":true,"href":"https:\/\/lacasadelamedicina.es\/pt-br\/wp-json\/wp\/v2\/product_tag?post=34704"}],"curies":[{"name":"wp","href":"https:\/\/api.w.org\/{rel}","templated":true}]}}