{"id":34679,"date":"2024-08-09T14:02:30","date_gmt":"2024-08-09T14:02:30","guid":{"rendered":"https:\/\/lacasadelamedicina.es\/product\/compre-po-de-ibogaina-online\/"},"modified":"2024-08-09T14:02:30","modified_gmt":"2024-08-09T14:02:30","slug":"compre-po-de-ibogaina-online","status":"publish","type":"product","link":"https:\/\/lacasadelamedicina.es\/pt-br\/produto\/compre-po-de-ibogaina-online\/","title":{"rendered":"Compre p\u00f3 de iboga\u00edna online"},"content":{"rendered":"<h3 class=\"product_title entry-title\">Compre Iboga\u00edna em P\u00f3 Online.<\/h3>\n<p> Compre p\u00f3 de iboga\u00edna online. Tamb\u00e9m dispon\u00edvel online est\u00e1 a coca\u00edna. Um arbusto \u00e9 Iboga. Em v\u00e1rias comunidades africanas, \u00e9 estilizado e usado para fins gerais. A casca da raiz desta planta tamb\u00e9m \u00e9 usada na medicina. O componente de Ibogai que \u00e9 proibido na <a href=\"https:\/\/dieapotheke247.com\/\">Alemanha<\/a> \u00e9 a Iboga\u00edna. A Iboga \u00e9 usada por pessoas para tratar febre do feno, gripe sazonal, gripe su\u00edna, press\u00e3o alta, depend\u00eancia de drogas, HIV\/AIDS e problemas nervosos. Tamb\u00e9m \u00e9 usado como t\u00f4nico geral, para aumentar o desejo sexual, combater o abuso e a depend\u00eancia de drogas e prevenir a fadiga e a sonol\u00eancia.        <\/p>\n<h3>Compre Iboga\u00edna em P\u00f3 Online. Tamb\u00e9m est\u00e1 dispon\u00edvel online a coca\u00edna. <\/h3>\n<p> Introdu\u00e7\u00e3o O p\u00f3 de iboga alcaloide natural, extra\u00eddo da planta de iboga Tabernanthe, \u00e9 conhecido por seu extraordin\u00e1rio potencial para promover cura e transforma\u00e7\u00e3o profundas. Este p\u00f3 limpo e poderoso \u00e9 um rem\u00e9dio promissor para pessoas que buscam um novo caminho para o bem-estar, oferecendo uma abordagem hol\u00edstica para lidar com v\u00e1rios problemas f\u00edsicos, mentais e emocionais. Selecionamos cuidadosamente nossos fornecedores confi\u00e1veis \u200b\u200bpara garantir a mais alta qualidade e pureza de nosso p\u00f3 de iboga\u00edna. Realizamos testes completos em cada lote para confirmar sua efic\u00e1cia para que voc\u00ea possa come\u00e7ar sua jornada com confian\u00e7a e paz de esp\u00edrito.    <\/p>\n<h3><strong>Encomendar p\u00f3 de iboga\u00edna<\/strong><\/h3>\n<p> A iboga\u00edna \u00e9 conhecida por sua extraordin\u00e1ria capacidade de quebrar o ciclo de depend\u00eancia de subst\u00e2ncias, tornando-a atraente para aqueles que buscam a liberta\u00e7\u00e3o do v\u00edcio. Ela atua nos receptores do c\u00e9rebro para criar uma experi\u00eancia transformadora que ajuda a quebrar os grilh\u00f5es do v\u00edcio e nos permite come\u00e7ar do zero no caminho da recupera\u00e7\u00e3o. A iboga\u00edna tem se mostrado promissora na promo\u00e7\u00e3o do bem-estar mental e emocional, al\u00e9m do tratamento do v\u00edcio. Muitos relatam experimentar uma reflex\u00e3o maior que os ajudou a lidar e curar traumas emocionais profundamente enraizados, medo e tristeza. O componente vision\u00e1rio da experi\u00eancia com a iboga\u00edna fornece um espa\u00e7o sagrado para introspec\u00e7\u00e3o e autodescoberta, muitas vezes levando ao fortalecimento de la\u00e7os espirituais e desenvolvimento pessoal.<\/p>\n","protected":false},"excerpt":{"rendered":"<p>A fam\u00edlia de plantas Apocynaceae inclui esp\u00e9cies como Tabernanthe iboga, Voacanga africana e Tabernaemontana undulata, que cont\u00eam o composto alucin\u00f3geno natural iboga\u00edna. Uma droga psicod\u00e9lica com efeitos dissociativos.  <\/p>\n","protected":false},"featured_media":18821,"comment_status":"closed","ping_status":"closed","template":"","meta":{"om_disable_all_campaigns":false,"_sitemap_exclude":false,"_sitemap_priority":"","_sitemap_frequency":"","_monsterinsights_skip_tracking":false,"_monsterinsights_sitenote_active":false,"_monsterinsights_sitenote_note":"","_monsterinsights_sitenote_category":0},"product_cat":[35703],"product_tag":[35748,35750,35755,35765,35752,35757,35766,35768,35767,35758,35756,35764,35761,35763,35759,35751,35749,35762,35754,35769,35760,35753],"class_list":{"0":"post-34679","1":"product","2":"type-product","3":"status-publish","4":"has-post-thumbnail","6":"product_cat-pesquisa-de-produtos-quimicos-e-psicodelicos","7":"product_tag-comprar-ibogaina-em-po","8":"product_tag-comprar-po-de-ibogaina-online","9":"product_tag-compre-po-de-ibogaina-online-na-europa","10":"product_tag-desconto-em-po-de-ibogaina-na-europa","11":"product_tag-efeitos-do-po-de-ibogaina","12":"product_tag-encomendar-po-de-ibogaina-ue","13":"product_tag-entrega-de-po-de-ibogaina-na-europa","14":"product_tag-fornecedores-de-po-de-ibogaina-na-europa","15":"product_tag-ibogaina-em-po-autentica-europa","16":"product_tag-ibogaina-em-po-frete-gratis-europa","17":"product_tag-ibogaina-em-po-melhor-preco-europa","18":"product_tag-loja-de-po-de-ibogaina-na-europa","19":"product_tag-loja-online-de-po-de-ibogaina-europa","20":"product_tag-ofertas-de-po-de-ibogaina-na-europa","21":"product_tag-onde-comprar-ibogaina-em-po-na-europa","22":"product_tag-onde-comprar-po-de-ibogaina-online","23":"product_tag-peca-po-de-ibogaina-online","24":"product_tag-po-de-ibogaina-barato-europa","25":"product_tag-quanto-custa-o-po-de-ibogaina","26":"product_tag-revisao-do-po-de-ibogaina-na-europa","27":"product_tag-venda-de-po-de-ibogaina-na-europa","28":"product_tag-vendas-de-po-de-ibogaina-online","30":"first","31":"instock","32":"shipping-taxable","33":"purchasable","34":"product-type-variable","35":"farmacie-col"},"aioseo_notices":[],"_links":{"self":[{"href":"https:\/\/lacasadelamedicina.es\/pt-br\/wp-json\/wp\/v2\/product\/34679"}],"collection":[{"href":"https:\/\/lacasadelamedicina.es\/pt-br\/wp-json\/wp\/v2\/product"}],"about":[{"href":"https:\/\/lacasadelamedicina.es\/pt-br\/wp-json\/wp\/v2\/types\/product"}],"replies":[{"embeddable":true,"href":"https:\/\/lacasadelamedicina.es\/pt-br\/wp-json\/wp\/v2\/comments?post=34679"}],"wp:featuredmedia":[{"embeddable":true,"href":"https:\/\/lacasadelamedicina.es\/pt-br\/wp-json\/wp\/v2\/media\/18821"}],"wp:attachment":[{"href":"https:\/\/lacasadelamedicina.es\/pt-br\/wp-json\/wp\/v2\/media?parent=34679"}],"wp:term":[{"taxonomy":"product_cat","embeddable":true,"href":"https:\/\/lacasadelamedicina.es\/pt-br\/wp-json\/wp\/v2\/product_cat?post=34679"},{"taxonomy":"product_tag","embeddable":true,"href":"https:\/\/lacasadelamedicina.es\/pt-br\/wp-json\/wp\/v2\/product_tag?post=34679"}],"curies":[{"name":"wp","href":"https:\/\/api.w.org\/{rel}","templated":true}]}}