{"id":34669,"date":"2024-08-09T14:02:30","date_gmt":"2024-08-09T14:02:30","guid":{"rendered":"https:\/\/lacasadelamedicina.es\/product\/compre-spray-de-fumaca-k2-online-spice-online\/"},"modified":"2024-08-09T14:02:30","modified_gmt":"2024-08-09T14:02:30","slug":"compre-spray-de-fumaca-k2-online-spice-online","status":"publish","type":"product","link":"https:\/\/lacasadelamedicina.es\/pt-br\/produto\/compre-spray-de-fumaca-k2-online-spice-online\/","title":{"rendered":"Compre spray de fuma\u00e7a K2 online (SPICE) Online"},"content":{"rendered":"<h3>Compre incenso spray K2 online (SPICE) Online.<\/h3>\n<p> Compre spray de incenso K2 &#8211; Papel K2 tamb\u00e9m est\u00e1 dispon\u00edvel. \u00c9 poss\u00edvel comprar spray K2 incolor e inodoro. Voc\u00ea precisa de 25 ml de spray para cobrir uma folha de papel A4 inteira. Compre spray de incenso K2 online (SPICE) <a href=\"https:\/\/drlawsonspharmacy\/contact-us\/\">CONTATO<\/a> Os dois nomes mais conhecidos para maconha sint\u00e9tica s\u00e3o sabor e K2. Eles consistem em material vegetal seco que foi misturado com canabinoides artificiais. Os canabinoides artificiais s\u00e3o misturas sint\u00e9ticas que t\u00eam o mesmo efeito nos receptores canabinoides do c\u00e9rebro que o delta9-tetrahidrocanabinol (THC), o principal componente psicoativo da maconha. Usu\u00e1rios de cannabis acreditam que usar Spice tem efeitos semelhantes. Canabinoides, ou compostos qu\u00edmicos, s\u00e3o encontrados na planta da maconha. Um grupo de drogas chamadas canabinoides projetados s\u00e3o chamados de sabor e K2. Eles consistem em material vegetal seco que foi tratado com subst\u00e2ncias artificiais para afetar a percep\u00e7\u00e3o. Primeiro, analistas fizeram arranjos para testes usando essas drogas artificiais.           <\/p>\n<h3>Compre spray de fuma\u00e7a K2 online (SPICE)<\/h3>\n<p> O K2 tamb\u00e9m \u00e9 oferecido como um l\u00edquido que pode ser fumado usando cigarros eletr\u00f4nicos. Ele tamb\u00e9m pode ser consumido como um ch\u00e1 ou fumado em baseados ou cachimbos. A forma l\u00edquida do K2 \u00e9 ent\u00e3o pingada em fibras, papel e plantas. O tempero pode ter efeitos semelhantes aos da maconha, mas \u00e9 consumido principalmente por sua discri\u00e7\u00e3o e notoriedade. Normalmente, esse produto qu\u00edmico \u00e9 oferecido como material vegetal. Apesar de oferecermos um excelente sabor de K2, a composi\u00e7\u00e3o geral de nossas misturas personalizadas \u00e9 totalmente informada pelos regulamentos atuais. Incenso de ervas online Para despertar seus sentidos, compre incenso de ervas K2 forte! Quando voc\u00ea compra K2 de n\u00f3s, nossa qualidade se destaca daqueles que vendem misturas sem vida e imita\u00e7\u00f5es. N\u00f3s nos destacamos de outros fornecedores porque vendemos incenso de ervas de alta qualidade. Um tranquilizante de rua feito pelo homem com subst\u00e2ncias sint\u00e9ticas pulverizadas em sabores, o sabor tamb\u00e9m \u00e9 conhecido como K2, spray de incenso de maconha sint\u00e9tica e erva daninha sint\u00e9tica, spray k2 para venda. No papel, l\u00edquido K2. Voc\u00ea pode comprar spray K2 e incenso l\u00edquido online. Encomende papel K2 Zing da mais alta qualidade e receba-o diretamente em sua casa.             <\/p>\n<h3><strong>K2 Incense Spray Online (SPICE) online<\/strong><\/h3>\n<p> Se voc\u00ea quer dominar l\u00edquidos de incenso local K2 e sprinkles de e-l\u00edquidos online, voc\u00ea veio ao lugar perfeito. Para atender \u00e0s necessidades de todos os clientes nos Estados Unidos e ao redor do mundo, vendemos os dominantes locais furiosos do l\u00edquido K2 aos pre\u00e7os mais descontados. Outro uso bem conhecido \u00e9 fazer duchas K2, que s\u00e3o normalmente aplicadas topicamente. \u00c9, sem d\u00favida, vital. Canabinoides manufaturados &#8211; tamb\u00e9m chamados de &#8220;sabor&#8221; ou &#8220;K2&#8221; &#8211; apareceram pela primeira vez nos Estados Unidos na d\u00e9cada de 2000. papel de especiarias K2 de alta qualidade. Oferecemos o melhor papel de especiarias K2 que voc\u00ea pode comprar online. Compre agora. O que exatamente \u00e9 maconha sint\u00e9tica (tamb\u00e9m conhecida como K2, Spice ou canabinoides manufaturados)? O melhor incenso local est\u00e1 dispon\u00edvel conosco.          &nbsp;<\/p>\n","protected":false},"excerpt":{"rendered":"<p>O K2 Spray est\u00e1 dispon\u00edvel para compra e \u00e9 incolor e inodoro. Para pulverizar uma folha de papel A4 inteira, voc\u00ea precisar\u00e1 de 25ml. O K2 Paper \u00e9 outro item que vendemos.   &nbsp;<\/p>\n","protected":false},"featured_media":18791,"comment_status":"closed","ping_status":"closed","template":"","meta":{"om_disable_all_campaigns":false,"_sitemap_exclude":false,"_sitemap_priority":"","_sitemap_frequency":"","_monsterinsights_skip_tracking":false,"_monsterinsights_sitenote_active":false,"_monsterinsights_sitenote_note":"","_monsterinsights_sitenote_category":0},"product_cat":[35703],"product_tag":[35725,35704,35705,35711,35708,35707,35713,35722,35724,35716,35720,35717,35719,35715,35706,35710,35721,35714,35712,35723,35718,35709],"class_list":{"0":"post-34669","1":"product","2":"type-product","3":"status-publish","4":"has-post-thumbnail","6":"product_cat-pesquisa-de-produtos-quimicos-e-psicodelicos","7":"product_tag-analise-do-spray-de-fumaca-k2-spice-europa","8":"product_tag-compre-spray-de-fumaca-k2-spice","9":"product_tag-compre-spray-de-fumaca-k2-spice-online","10":"product_tag-compre-spray-de-fumaca-k2-spice-online-na-europa","11":"product_tag-efeitos-do-spray-de-fumaca-k2-spice","12":"product_tag-encomende-spray-de-fumaca-k2-spice-online","13":"product_tag-encomende-spray-de-fumaca-k2-spice-ue","14":"product_tag-entrega-na-europa-do-spray-de-fumaca-k2-spice","15":"product_tag-fornecedores-de-spray-de-fumaca-k2-spice-na-europa","16":"product_tag-k2-spray-de-fumaca-spice-venda-na-europa","17":"product_tag-loja-de-spray-de-fumaca-k2-spice-na-europa","18":"product_tag-loja-online-k2-smoke-spray-spice-europa","19":"product_tag-ofertas-de-spray-de-fumaca-k2-spice-na-europa","20":"product_tag-onde-comprar-spray-de-fumaca-k2-spice-europa","21":"product_tag-onde-comprar-spray-de-fumaca-k2-spice-online","22":"product_tag-quanto-custa-o-spray-de-fumaca-k2-spice","23":"product_tag-spray-de-fumaca-k2-spice-desconto-na-europa","24":"product_tag-spray-de-fumaca-k2-spice-frete-gratis-europa","25":"product_tag-spray-de-fumaca-k2-spice-melhor-preco-europa","26":"product_tag-spray-de-fumaca-k2-autentico-spice-europa","27":"product_tag-spray-de-fumaca-k2-barato-spice-europa","28":"product_tag-vendas-online-de-spray-de-fumaca-k2-spice","30":"first","31":"instock","32":"shipping-taxable","33":"purchasable","34":"product-type-variable","35":"farmacie-col"},"aioseo_notices":[],"_links":{"self":[{"href":"https:\/\/lacasadelamedicina.es\/pt-br\/wp-json\/wp\/v2\/product\/34669"}],"collection":[{"href":"https:\/\/lacasadelamedicina.es\/pt-br\/wp-json\/wp\/v2\/product"}],"about":[{"href":"https:\/\/lacasadelamedicina.es\/pt-br\/wp-json\/wp\/v2\/types\/product"}],"replies":[{"embeddable":true,"href":"https:\/\/lacasadelamedicina.es\/pt-br\/wp-json\/wp\/v2\/comments?post=34669"}],"wp:featuredmedia":[{"embeddable":true,"href":"https:\/\/lacasadelamedicina.es\/pt-br\/wp-json\/wp\/v2\/media\/18791"}],"wp:attachment":[{"href":"https:\/\/lacasadelamedicina.es\/pt-br\/wp-json\/wp\/v2\/media?parent=34669"}],"wp:term":[{"taxonomy":"product_cat","embeddable":true,"href":"https:\/\/lacasadelamedicina.es\/pt-br\/wp-json\/wp\/v2\/product_cat?post=34669"},{"taxonomy":"product_tag","embeddable":true,"href":"https:\/\/lacasadelamedicina.es\/pt-br\/wp-json\/wp\/v2\/product_tag?post=34669"}],"curies":[{"name":"wp","href":"https:\/\/api.w.org\/{rel}","templated":true}]}}