{"id":34637,"date":"2024-08-09T14:02:39","date_gmt":"2024-08-09T14:02:39","guid":{"rendered":"https:\/\/lacasadelamedicina.es\/product\/compre-albert-einstein-rainha-elizabeth-online\/"},"modified":"2024-08-09T14:02:39","modified_gmt":"2024-08-09T14:02:39","slug":"compre-albert-einstein-rainha-elizabeth-online","status":"publish","type":"product","link":"https:\/\/lacasadelamedicina.es\/pt-br\/produto\/compre-albert-einstein-rainha-elizabeth-online\/","title":{"rendered":"Compre Albert Einstein + Rainha Elizabeth Online"},"content":{"rendered":"<h2>Compre Albert Einstein + Queen Elizabeth online. Conjunto de 2 folhas de alta qualidade. <\/h2>\n<p> Compre Albert Einstein + Queen Elizabeth online. Conjunto de 2 folhas de alta qualidade. Essas folhas perfuradas t\u00eam cores brilhantes, alto n\u00edvel de detalhes e uma perfura\u00e7\u00e3o limpa de 1\/4\u2033. 2 designs diferentes \u2013 tamb\u00e9m vendidos individualmente.<\/p>\n","protected":false},"excerpt":{"rendered":"<p>Compre Albert Einstein + Queen Elizabeth online. Conjunto de 2 folhas de alta qualidade. Compre Albert Einstein + Queen Elizabeth online. Conjunto de 2 folhas de alta qualidade. Essas folhas perfuradas t\u00eam cores brilhantes, alto n\u00edvel de detalhes e uma perfura\u00e7\u00e3o limpa de 1\/4\u2033. 2 designs diferentes \u2013 tamb\u00e9m vendidos individualmente.<\/p>\n","protected":false},"featured_media":19241,"comment_status":"open","ping_status":"closed","template":"","meta":{"om_disable_all_campaigns":false,"_sitemap_exclude":false,"_sitemap_priority":"","_sitemap_frequency":"","_monsterinsights_skip_tracking":false,"_monsterinsights_sitenote_active":false,"_monsterinsights_sitenote_note":"","_monsterinsights_sitenote_category":0},"product_cat":[35018],"product_tag":[35342,35341,35347,35346,35336,35339,35334,35344,35338,35331,35345,35340,35327,35333,35326,35343,35330,35329,35337,35328,35335,35332],"class_list":{"0":"post-34637","1":"product","2":"type-product","3":"status-publish","4":"has-post-thumbnail","6":"product_cat-lsd-pt-br","7":"product_tag-albert-einstein-loja-da-rainha-elizabeth-europa","8":"product_tag-albert-einstein-queen-elizabeth-europa-ofertas","9":"product_tag-albert-einstein-queen-elizabeth-europe-review-pt-br","10":"product_tag-albert-einstein-queen-elizabeth-fornecedores-da-europa","11":"product_tag-albert-einstein-queen-elizabeth-frete-gratis-europa","12":"product_tag-albert-einstein-queen-elizabeth-loja-online-europa","13":"product_tag-albert-einstein-queen-elizabeth-melhor-preco-europa","14":"product_tag-albert-einstein-rainha-elizabeth-entrega-europa","15":"product_tag-albert-einstein-rainha-elizabeth-europa-a-venda","16":"product_tag-albert-einstein-vendas-da-rainha-elizabeth-online","17":"product_tag-autentico-albert-einstein-rainha-elizabeth-europa","18":"product_tag-barato-albert-einstein-rainha-elizabeth-europa","19":"product_tag-compre-albert-einstein-queen-elizabeth-online","20":"product_tag-compre-albert-einstein-queen-elizabeth-online-europa","21":"product_tag-compre-albert-einstein-rainha-elizabeth","22":"product_tag-desconto-albert-einstein-queen-elizabeth-europe","23":"product_tag-efeitos-de-albert-einstein-rainha-elizabeth","24":"product_tag-encomende-albert-einstein-queen-elizabeth-online","25":"product_tag-onde-comprar-albert-einstein-queen-elizabeth-europa","26":"product_tag-onde-comprar-albert-einstein-queen-elizabeth-online","27":"product_tag-ordem-albert-einstein-rainha-elizabeth-ue","28":"product_tag-quanto-custa-albert-einstein-rainha-elizabeth","30":"first","31":"instock","32":"shipping-taxable","33":"purchasable","34":"product-type-simple","35":"farmacie-col"},"aioseo_notices":[],"_links":{"self":[{"href":"https:\/\/lacasadelamedicina.es\/pt-br\/wp-json\/wp\/v2\/product\/34637"}],"collection":[{"href":"https:\/\/lacasadelamedicina.es\/pt-br\/wp-json\/wp\/v2\/product"}],"about":[{"href":"https:\/\/lacasadelamedicina.es\/pt-br\/wp-json\/wp\/v2\/types\/product"}],"replies":[{"embeddable":true,"href":"https:\/\/lacasadelamedicina.es\/pt-br\/wp-json\/wp\/v2\/comments?post=34637"}],"wp:featuredmedia":[{"embeddable":true,"href":"https:\/\/lacasadelamedicina.es\/pt-br\/wp-json\/wp\/v2\/media\/19241"}],"wp:attachment":[{"href":"https:\/\/lacasadelamedicina.es\/pt-br\/wp-json\/wp\/v2\/media?parent=34637"}],"wp:term":[{"taxonomy":"product_cat","embeddable":true,"href":"https:\/\/lacasadelamedicina.es\/pt-br\/wp-json\/wp\/v2\/product_cat?post=34637"},{"taxonomy":"product_tag","embeddable":true,"href":"https:\/\/lacasadelamedicina.es\/pt-br\/wp-json\/wp\/v2\/product_tag?post=34637"}],"curies":[{"name":"wp","href":"https:\/\/api.w.org\/{rel}","templated":true}]}}