{"id":34636,"date":"2024-08-09T14:02:39","date_gmt":"2024-08-09T14:02:39","guid":{"rendered":"https:\/\/lacasadelamedicina.es\/product\/compre-1p-lsd-blotters-150mcg-online\/"},"modified":"2024-08-09T14:02:39","modified_gmt":"2024-08-09T14:02:39","slug":"compre-1p-lsd-blotters-150mcg-online","status":"publish","type":"product","link":"https:\/\/lacasadelamedicina.es\/pt-br\/produto\/compre-1p-lsd-blotters-150mcg-online\/","title":{"rendered":"Compre 1P-LSD Blotters 150mcg Online"},"content":{"rendered":"<h3>Compre 150mcg 1P-LSD Blotters: Pesquise informa\u00e7\u00f5es qu\u00edmicas<\/h3>\n<p><strong>O que s\u00e3o os blotters 1P-LSD de 150 mcg?<\/strong> Os blotters 1P-LSD (150 mcg) s\u00e3o um tipo de produto qu\u00edmico de pesquisa comumente usado em estudos. Embora esses blotters sejam atualmente legais para venda e compra, seu status legal pode mudar. \u00c9 importante observar que os blotters 1P-LSD s\u00e3o destinados estritamente para fins de pesquisa e n\u00e3o s\u00e3o aprovados para consumo humano. <strong>Diretrizes de armazenamento para blotters 1P-LSD de 150 mcg<\/strong> Para garantir a longevidade e a efic\u00e1cia dos blotters 1P-LSD (150 mcg), armazene-os em um local fresco e seco. Quando mantido nessas condi\u00e7\u00f5es, o produto qu\u00edmico permanece est\u00e1vel por at\u00e9 dois anos. O armazenamento adequado ajudar\u00e1 a manter a integridade dos blotters durante toda a sua vida \u00fatil. IUPAC: dietilamida do \u00e1cido 1-propionil-lis\u00e9rgico CAS#: N\/A F\u00f3rmula molecular: C23H29N3O2 Massa molecular: 379,45926 g\/mol <strong>Pe\u00e7a 150 mcg 1P-LSD Blotters da Chemswell!<\/strong> A Chemswell oferece entrega r\u00e1pida e confi\u00e1vel para 150 mcg 1P-LSD Blotters. Se voc\u00ea fizer um pedido hoje, pode esperar que seu pacote chegue \u00e0 sua porta em um dia. Todas as entregas s\u00e3o tratadas discretamente pela PostNL, garantindo privacidade. Para pedidos em massa de 1P-LSD Blotters, entre em contato com nossa equipe de atendimento ao cliente para obter mais informa\u00e7\u00f5es. <strong>Op\u00e7\u00f5es de pagamento<\/strong> A Chemswell oferece uma variedade de m\u00e9todos de pagamento para sua conveni\u00eancia, incluindo:         <\/p>\n<ul>\n<li>Cart\u00e3o de cr\u00e9dito (Mastercard, Visa, American Express)<\/li>\n<li>PayPal<\/li>\n<li>Bitcoin<\/li>\n<li>ideal<\/li>\n<\/ul>\n<p><strong>Por que escolher Chemswell?<\/strong> A Chemswell est\u00e1 comprometida em oferecer o servi\u00e7o da mais alta qualidade a pre\u00e7os competitivos. Para quaisquer d\u00favidas ou informa\u00e7\u00f5es adicionais, sinta-se \u00e0 vontade para entrar em contato conosco por e-mail ou telefone. Visite nossa p\u00e1gina de contato para mais detalhes. 1P-LSD \u00e9 uma nova subst\u00e2ncia psicod\u00e9lica da classe da lisergamida. 1P-LSD \u00e9 intimamente relacionado ao LSD e \u00e9 relatado que produz efeitos quase id\u00eanticos. Devido \u00e0 sua novidade, pouco se sabe sobre a farmacologia do 1P-LSD, mas acredita-se que ele produza seus efeitos ligando-se aos receptores de serotonina no c\u00e9rebro. Pe\u00e7a seus 150mcg 1P-LSD Blotters da Chemswell hoje para um servi\u00e7o e valor excepcionais.<\/p>\n","protected":false},"excerpt":{"rendered":"<p>1P-LSD Blotters 150mcg \u00e9 uma droga psicod\u00e9lica da classe da lisergamida que \u00e9 um derivado e an\u00e1logo funcional do LSD e um hom\u00f3logo do ALD-52. Originou-se em 2015 quando apareceu como uma droga de designer vendida online. Ele modifica a mol\u00e9cula do LSD adicionando um grupo propionil ao \u00e1tomo de nitrog\u00eanio do grupo indol do LSD.  <\/p>\n","protected":false},"featured_media":19226,"comment_status":"closed","ping_status":"closed","template":"","meta":{"om_disable_all_campaigns":false,"_sitemap_exclude":false,"_sitemap_priority":"","_sitemap_frequency":"","_monsterinsights_skip_tracking":false,"_monsterinsights_sitenote_active":false,"_monsterinsights_sitenote_note":"","_monsterinsights_sitenote_category":0},"product_cat":[35018],"product_tag":[35608,35609,35612,35611,35601,35607,35604,35613,35606,35603,35597,35610,35605,35593,35594,35599,35596,35600,35602,35595,35614,35598],"class_list":{"0":"post-34636","1":"product","2":"type-product","3":"status-publish","4":"has-post-thumbnail","6":"product_cat-lsd-pt-br","7":"product_tag-1p-lsd-blotters-150mcg-desconto-na-europa","8":"product_tag-1p-lsd-blotters-150mcg-entrega-na-europa","9":"product_tag-1p-lsd-blotters-150mcg-europa-revisao","10":"product_tag-1p-lsd-blotters-150mcg-fornecedores-da-europa","11":"product_tag-1p-lsd-blotters-150mcg-frete-gratis-europa","12":"product_tag-1p-lsd-blotters-150mcg-loja-europa","13":"product_tag-1p-lsd-blotters-150mcg-loja-online-europa","14":"product_tag-1p-lsd-blotters-150mcg-melhor-preco-europa","15":"product_tag-1p-lsd-blotters-150mcg-ofertas-na-europa","16":"product_tag-1p-lsd-blotters-150mcg-venda-na-europa","17":"product_tag-1p-lsd-blotters-150mcg-vendas-online","18":"product_tag-autentico1p-lsd-blotters-150mcg-europa","19":"product_tag-cheap1p-lsd-blotters-150mcg-europa-pt-br","20":"product_tag-compre-1p-lsd-blotters-150mcg","21":"product_tag-compre-1p-lsd-blotters-150mcg-online","22":"product_tag-compre-1p-lsd-blotters-150mcg-online-europa","23":"product_tag-efeitos-dos-blotters-1p-lsd-150mcg","24":"product_tag-encomendar-1p-lsd-blotters-150mcg-ue","25":"product_tag-onde-comprar-1p-lsd-blotters-150mcg-europa","26":"product_tag-onde-comprar-1p-lsd-blotters-150mcg-online","27":"product_tag-peca-1p-lsd-blotters-150mcg-online","28":"product_tag-quanto-custa-1p-lsd-blotters-150mcg","30":"first","31":"instock","32":"shipping-taxable","33":"purchasable","34":"product-type-simple","35":"farmacie-col"},"aioseo_notices":[],"_links":{"self":[{"href":"https:\/\/lacasadelamedicina.es\/pt-br\/wp-json\/wp\/v2\/product\/34636"}],"collection":[{"href":"https:\/\/lacasadelamedicina.es\/pt-br\/wp-json\/wp\/v2\/product"}],"about":[{"href":"https:\/\/lacasadelamedicina.es\/pt-br\/wp-json\/wp\/v2\/types\/product"}],"replies":[{"embeddable":true,"href":"https:\/\/lacasadelamedicina.es\/pt-br\/wp-json\/wp\/v2\/comments?post=34636"}],"wp:featuredmedia":[{"embeddable":true,"href":"https:\/\/lacasadelamedicina.es\/pt-br\/wp-json\/wp\/v2\/media\/19226"}],"wp:attachment":[{"href":"https:\/\/lacasadelamedicina.es\/pt-br\/wp-json\/wp\/v2\/media?parent=34636"}],"wp:term":[{"taxonomy":"product_cat","embeddable":true,"href":"https:\/\/lacasadelamedicina.es\/pt-br\/wp-json\/wp\/v2\/product_cat?post=34636"},{"taxonomy":"product_tag","embeddable":true,"href":"https:\/\/lacasadelamedicina.es\/pt-br\/wp-json\/wp\/v2\/product_tag?post=34636"}],"curies":[{"name":"wp","href":"https:\/\/api.w.org\/{rel}","templated":true}]}}