{"id":34508,"date":"2024-08-09T14:02:39","date_gmt":"2024-08-09T14:02:39","guid":{"rendered":"https:\/\/lacasadelamedicina.es\/product\/compre-105-mcg-voidrealm-online\/"},"modified":"2024-08-09T14:02:39","modified_gmt":"2024-08-09T14:02:39","slug":"compre-105-mcg-voidrealm-online","status":"publish","type":"product","link":"https:\/\/lacasadelamedicina.es\/pt-br\/produto\/compre-105-mcg-voidrealm-online\/","title":{"rendered":"Compre 105 MCG Voidrealm Online"},"content":{"rendered":"<p><strong>Compre 105 mcg Voidrealm Online<\/strong> O LSD pode n\u00e3o tender a ser t\u00f3xico, mas a resist\u00eancia pode se desenvolver com a aplica\u00e7\u00e3o de doses crescentes. Respostas psicol\u00f3gicas adversas, como medo, depress\u00e3o e vis\u00f5es, s\u00e3o prov\u00e1veis. Alucina\u00e7\u00f5es preocupantes podem surgir sem mais aplica\u00e7\u00e3o, uma s\u00edndrome chamada s\u00edndrome alucin\u00f3gena da vis\u00e3o cr\u00f4nica. A morte como consequ\u00eancia do LSD \u00e9 muito incomum. <strong>Fatos que podem ajudar voc\u00ea a comprar 105 mcg Voidrealm online<\/strong> Embora o LSD ofere\u00e7a uma ampla gama de produtos, como carrinhos de vapor, tempestade fractal, pasta de professor e assim por diante. E o Voidrealm \u00e9 outra subst\u00e2ncia popular de LSD que n\u00e3o \u00e9 particularmente viciante, mas \u00e9 importante ter cuidado ao usar essas drogas. Aqui est\u00e3o algumas sugest\u00f5es para ajud\u00e1-lo a comprar 105 mcg void realm online. <strong>Fatos para ajudar voc\u00ea a comprar 105 mcg de Voidrealm on-line<\/strong><strong>Conclus\u00e3o<\/strong> 105 mcg void domain cria resist\u00eancia, o que significa que mais LSD \u00e9 necess\u00e1rio para que o paciente obtenha o mesmo efeito. Pacientes que usam o medicamento regularmente precisam fornecer doses gradualmente maiores para sustentar a quantidade de depend\u00eancia que experimentaram anteriormente. Dada a natureza incerta do produto, esta \u00e9 uma pr\u00e1tica altamente perigosa. Ao longo de 2018, o n\u00famero de pessoas com doze anos ou mais que se tornam v\u00edtimas. <strong>Encomende produtos qu\u00edmicos de pesquisa na darkweb,<\/strong> ,Compre produtos qu\u00edmicos de pesquisa na darkweb online com entrega r\u00e1pida pela DHL e Fedex.Compre produtos qu\u00edmicos de pesquisa online nos EUA.Compre drogas de LSD online.Compre fentanil online nos Estados Unidos.Compre Crystal Meth Online, Coca\u00edna para venda online nos EUA<\/p>\n","protected":false},"excerpt":{"rendered":"<p>Compre 105 mcg Voidrealm OnlineEmbora o LSD tenha uma variedade muito vasta de produtos, como carrinhos de vapor, tempestade fractal, pasta de professor e assim por diante. E o Voidrealm tamb\u00e9m \u00e9 um desses produtos populares de LSD que n\u00e3o \u00e9 t\u00e3o viciante, mas deve-se ter cuidado o suficiente com esses tipos de drogas. Portanto, aqui est\u00e3o alguns pontos que podem ajud\u00e1-lo a comprar 105 mcg void realm online  <\/p>\n","protected":false},"featured_media":19181,"comment_status":"open","ping_status":"closed","template":"","meta":{"om_disable_all_campaigns":false,"_sitemap_exclude":false,"_sitemap_priority":"","_sitemap_frequency":"","_monsterinsights_skip_tracking":false,"_monsterinsights_sitenote_active":false,"_monsterinsights_sitenote_note":"","_monsterinsights_sitenote_category":0},"product_cat":[35018],"product_tag":[35387,35390,35380,35383,35378,35382,35385,35375,35391,35389,35384,35372,35371,35377,35374,35370,35388,35386,35381,35373,35379,35376],"class_list":{"0":"post-34508","1":"product","2":"type-product","3":"status-publish","4":"has-post-thumbnail","6":"product_cat-lsd-pt-br","7":"product_tag-105-desconto-mcg-voidrealm-europa","8":"product_tag-105-fornecedores-mcg-voidrealm-europe","9":"product_tag-105-mcg-voidrealm-frete-gratis-europa","10":"product_tag-105-mcg-voidrealm-loja-online-europa","11":"product_tag-105-mcg-voidrealm-melhor-preco-europa","12":"product_tag-105-mcg-voidrealm-venda-na-europa","13":"product_tag-105-ofertas-mcg-voidrealm-europe","14":"product_tag-105-vendas-de-mcg-voidrealm-online","15":"product_tag-analise-do-105-mcg-voidrealm-europe","16":"product_tag-autentico-105-mcg-voidrealm-europa-pt-br","17":"product_tag-barato-105-mcg-voidrealm-europa","18":"product_tag-compre-105-mcg-voidrealm","19":"product_tag-compre-105-mcg-voidrealm-online","20":"product_tag-compre-105-mcg-voidrealm-online-europa","21":"product_tag-efeitos-de-105-mcg-voidrealm","22":"product_tag-encomende-105-mcg-voidrealm-online","23":"product_tag-entrega-105-mcg-voidrealm-europa","24":"product_tag-loja-105-mcg-voidrealm-europa","25":"product_tag-onde-comprar-105-mcg-voidrealm-europa","26":"product_tag-onde-comprar-105-mcg-voidrealm-online","27":"product_tag-ordem-105-mcg-voidrealm-eu","28":"product_tag-quanto-custa-105-mcg-voidrealm","30":"first","31":"instock","32":"shipping-taxable","33":"purchasable","34":"product-type-variable","35":"farmacie-col"},"aioseo_notices":[],"_links":{"self":[{"href":"https:\/\/lacasadelamedicina.es\/pt-br\/wp-json\/wp\/v2\/product\/34508"}],"collection":[{"href":"https:\/\/lacasadelamedicina.es\/pt-br\/wp-json\/wp\/v2\/product"}],"about":[{"href":"https:\/\/lacasadelamedicina.es\/pt-br\/wp-json\/wp\/v2\/types\/product"}],"replies":[{"embeddable":true,"href":"https:\/\/lacasadelamedicina.es\/pt-br\/wp-json\/wp\/v2\/comments?post=34508"}],"wp:featuredmedia":[{"embeddable":true,"href":"https:\/\/lacasadelamedicina.es\/pt-br\/wp-json\/wp\/v2\/media\/19181"}],"wp:attachment":[{"href":"https:\/\/lacasadelamedicina.es\/pt-br\/wp-json\/wp\/v2\/media?parent=34508"}],"wp:term":[{"taxonomy":"product_cat","embeddable":true,"href":"https:\/\/lacasadelamedicina.es\/pt-br\/wp-json\/wp\/v2\/product_cat?post=34508"},{"taxonomy":"product_tag","embeddable":true,"href":"https:\/\/lacasadelamedicina.es\/pt-br\/wp-json\/wp\/v2\/product_tag?post=34508"}],"curies":[{"name":"wp","href":"https:\/\/api.w.org\/{rel}","templated":true}]}}