{"id":34507,"date":"2024-08-09T14:02:42","date_gmt":"2024-08-09T14:02:42","guid":{"rendered":"https:\/\/lacasadelamedicina.es\/product\/compre-hofmann-blotter-205%c2%b5g-lsd-online\/"},"modified":"2024-08-09T14:02:42","modified_gmt":"2024-08-09T14:02:42","slug":"compre-hofmann-blotter-205%c2%b5g-lsd-online","status":"publish","type":"product","link":"https:\/\/lacasadelamedicina.es\/pt-br\/produto\/compre-hofmann-blotter-205%c2%b5g-lsd-online\/","title":{"rendered":"Compre Hofmann Blotter 205\u00b5g LSD Online"},"content":{"rendered":"<h2>Hofmann Blotter 205\u00b5g LSD para venda<\/h2>\n<p> Hofmann Blotter 205\u00b5g LSD \u00e0 venda. Temos Hofmann Blotter 200\u00b5g LSD. Uma merda muito forte, um LSD agrad\u00e1vel e claro. O grupo europeu de verifica\u00e7\u00e3o de drogas que analisou esta unidade de dosagem de blotter emitiu um aviso de &#8220;alta dose&#8221; porque cont\u00e9m mais de 150 ugs de LSD. O design vis\u00edvel \u00e9 azul, preto, branco e amarelo. O verso \u00e9 preto e branco.     <\/p>\n<h2>Compre Hofmann LSD:<\/h2>\n<p> LSD, tamb\u00e9m conhecido como \u00e1cido ou LSD-25, \u00e9 uma subst\u00e2ncia psicoativa n\u00e3o viciante derivada de um fungo chamado ergot. Foi descoberto por acaso no laborat\u00f3rio de Albert Hofmann. Conhecido por sua capacidade de alterar a percep\u00e7\u00e3o, o LSD \u00e9 frequentemente descrito pelos usu\u00e1rios como uma entrada em um mundo inteiramente novo. Ele afeta as mesmas regi\u00f5es do c\u00e9rebro que est\u00e3o envolvidas no sonho, levando a percep\u00e7\u00f5es distorcidas da realidade e alucina\u00e7\u00f5es v\u00edvidas. O LSD \u00e9 considerado n\u00e3o t\u00f3xico e \u00e9 virtualmente imposs\u00edvel ter uma overdose dele. No entanto, \u00e9 importante ter cautela e estar ciente das regulamenta\u00e7\u00f5es legais que cercam seu uso.<\/p>\n","protected":false},"excerpt":{"rendered":"<p>Hofmann Blotter 205\u00b5g LSD para venda Hofmann Blotter 205\u00b5g LSD \u00e0 venda. Temos Hofmann Blotter 200\u00b5g LSD. Uma merda muito forte, um LSD agrad\u00e1vel e claro. O grupo europeu de verifica\u00e7\u00e3o de drogas que analisou esta unidade de dosagem de blotter emitiu um aviso de &#8220;alta dose&#8221; porque cont\u00e9m mais de 150 ugs de LSD. [&hellip;]<\/p>\n","protected":false},"featured_media":19301,"comment_status":"open","ping_status":"closed","template":"","meta":{"om_disable_all_campaigns":false,"_sitemap_exclude":false,"_sitemap_priority":"","_sitemap_frequency":"","_monsterinsights_skip_tracking":false,"_monsterinsights_sitenote_active":false,"_monsterinsights_sitenote_note":"","_monsterinsights_sitenote_category":0},"product_cat":[35018],"product_tag":[],"class_list":{"0":"post-34507","1":"product","2":"type-product","3":"status-publish","4":"has-post-thumbnail","6":"product_cat-lsd-pt-br","8":"first","9":"instock","10":"shipping-taxable","11":"purchasable","12":"product-type-simple","13":"farmacie-col"},"aioseo_notices":[],"_links":{"self":[{"href":"https:\/\/lacasadelamedicina.es\/pt-br\/wp-json\/wp\/v2\/product\/34507"}],"collection":[{"href":"https:\/\/lacasadelamedicina.es\/pt-br\/wp-json\/wp\/v2\/product"}],"about":[{"href":"https:\/\/lacasadelamedicina.es\/pt-br\/wp-json\/wp\/v2\/types\/product"}],"replies":[{"embeddable":true,"href":"https:\/\/lacasadelamedicina.es\/pt-br\/wp-json\/wp\/v2\/comments?post=34507"}],"wp:featuredmedia":[{"embeddable":true,"href":"https:\/\/lacasadelamedicina.es\/pt-br\/wp-json\/wp\/v2\/media\/19301"}],"wp:attachment":[{"href":"https:\/\/lacasadelamedicina.es\/pt-br\/wp-json\/wp\/v2\/media?parent=34507"}],"wp:term":[{"taxonomy":"product_cat","embeddable":true,"href":"https:\/\/lacasadelamedicina.es\/pt-br\/wp-json\/wp\/v2\/product_cat?post=34507"},{"taxonomy":"product_tag","embeddable":true,"href":"https:\/\/lacasadelamedicina.es\/pt-br\/wp-json\/wp\/v2\/product_tag?post=34507"}],"curies":[{"name":"wp","href":"https:\/\/api.w.org\/{rel}","templated":true}]}}