{"id":34506,"date":"2024-08-09T14:02:42","date_gmt":"2024-08-09T14:02:42","guid":{"rendered":"https:\/\/lacasadelamedicina.es\/product\/compre-california-sunshine-online\/"},"modified":"2024-08-09T14:02:42","modified_gmt":"2024-08-09T14:02:42","slug":"compre-california-sunshine-online","status":"publish","type":"product","link":"https:\/\/lacasadelamedicina.es\/pt-br\/produto\/compre-california-sunshine-online\/","title":{"rendered":"Compre California Sunshine Online"},"content":{"rendered":"<h2>Compre California Sunshine Online<\/h2>\n<p> California Sunshine \u2013 Folha de 100 abas. Compre California Sunshine LSD online. Um \u00edcone, \u00e0s vezes confundido com o sol laranja, com cores brilhantes e detalhes incr\u00edveis, este mata-borr\u00e3o tem sido visto dosado no mundo todo desde a d\u00e9cada de 1980 e \u00e9 uma joia absoluta na hist\u00f3ria do LSD.  <\/p>\n<h2>Compre California Sunshine LSD Online<\/h2>\n<p> Eles criaram o LSD original orange sunshine ap\u00f3s uma viagem de \u00e1cido de alta dose, onde uma voz interna disse a Nicholas Sand que seu trabalho na vida era fazer psicod\u00e9licos e ligar o mundo. Compre California Sunshine LSD Online O LSD (dietilamida do \u00e1cido lis\u00e9rgico), sintetizado pela primeira vez em 1938, \u00e9 uma subst\u00e2ncia psicoativa potente. \u00c9 fabricado artificialmente a partir do \u00e1cido lis\u00e9rgico, que \u00e9 derivado do ergot, um fungo que cresce no centeio e outros gr\u00e3os. Devido \u00e0 sua alta pot\u00eancia, as doses de LSD s\u00e3o geralmente medidas em microgramas (mcg). Os efeitos do LSD, muitas vezes chamados de &#8220;viagem&#8221;, podem variar de estimulantes e agrad\u00e1veis \u200b\u200ba alteradores da mente. No entanto, eles tamb\u00e9m podem levar a experi\u00eancias desagrad\u00e1veis \u200b\u200bou \u00e0s vezes assustadoras, conhecidas como &#8220;viagem ruim&#8221;. Nos EUA, o LSD \u00e9 classificado como uma subst\u00e2ncia il\u00edcita e \u00e9 designado pela Drug Enforcement Administration (DEA) como uma droga de Tabela I. Esta classifica\u00e7\u00e3o significa que o LSD \u00e9 considerado como tendo um alto potencial de abuso, carece de usos m\u00e9dicos aceitos e \u00e9 considerado inseguro para uso sob supervis\u00e3o m\u00e9dica. Apesar de seu status de Tabela I, tem havido interesse renovado em explorar potenciais aplica\u00e7\u00f5es terap\u00eauticas para o LSD, como no tratamento de alcoolismo e depress\u00e3o. Estudos em andamento que aderem aos padr\u00f5es modernos de pesquisa podem aumentar nossa compreens\u00e3o dos poss\u00edveis benef\u00edcios do LSD.<\/p>\n","protected":false},"excerpt":{"rendered":"<h2>Compre California Sunshine LSD Online<\/h2>\n<p> O LSD \u00e9 entregue em estrutura semelhante a vidro e depois se mistura com outros fixadores latentes, ou enfraquece como um fluido para cria\u00e7\u00e3o em estruturas inger\u00edveis. \u00c9 inodoro, sombrio e tem um gosto um tanto \u00e1spero. <\/p>\n","protected":false},"featured_media":19286,"comment_status":"open","ping_status":"closed","template":"","meta":{"om_disable_all_campaigns":false,"_sitemap_exclude":false,"_sitemap_priority":"","_sitemap_frequency":"","_monsterinsights_skip_tracking":false,"_monsterinsights_sitenote_active":false,"_monsterinsights_sitenote_note":"","_monsterinsights_sitenote_category":0},"product_cat":[35018],"product_tag":[35019,35020,35021],"class_list":{"0":"post-34506","1":"product","2":"type-product","3":"status-publish","4":"has-post-thumbnail","6":"product_cat-lsd-pt-br","7":"product_tag-compre-california-sunshine","8":"product_tag-compre-california-sunshine-online","9":"product_tag-onde-comprar-california-sunshine-online","11":"first","12":"instock","13":"shipping-taxable","14":"purchasable","15":"product-type-simple","16":"farmacie-col"},"aioseo_notices":[],"_links":{"self":[{"href":"https:\/\/lacasadelamedicina.es\/pt-br\/wp-json\/wp\/v2\/product\/34506"}],"collection":[{"href":"https:\/\/lacasadelamedicina.es\/pt-br\/wp-json\/wp\/v2\/product"}],"about":[{"href":"https:\/\/lacasadelamedicina.es\/pt-br\/wp-json\/wp\/v2\/types\/product"}],"replies":[{"embeddable":true,"href":"https:\/\/lacasadelamedicina.es\/pt-br\/wp-json\/wp\/v2\/comments?post=34506"}],"wp:featuredmedia":[{"embeddable":true,"href":"https:\/\/lacasadelamedicina.es\/pt-br\/wp-json\/wp\/v2\/media\/19286"}],"wp:attachment":[{"href":"https:\/\/lacasadelamedicina.es\/pt-br\/wp-json\/wp\/v2\/media?parent=34506"}],"wp:term":[{"taxonomy":"product_cat","embeddable":true,"href":"https:\/\/lacasadelamedicina.es\/pt-br\/wp-json\/wp\/v2\/product_cat?post=34506"},{"taxonomy":"product_tag","embeddable":true,"href":"https:\/\/lacasadelamedicina.es\/pt-br\/wp-json\/wp\/v2\/product_tag?post=34506"}],"curies":[{"name":"wp","href":"https:\/\/api.w.org\/{rel}","templated":true}]}}