{"id":34502,"date":"2024-08-09T14:02:42","date_gmt":"2024-08-09T14:02:42","guid":{"rendered":"https:\/\/lacasadelamedicina.es\/product\/compre-alice-no-pais-das-maravilhas-308-ug-online\/"},"modified":"2024-10-15T19:54:43","modified_gmt":"2024-10-15T19:54:43","slug":"compre-alice-no-pais-das-maravilhas-308-ug-online","status":"publish","type":"product","link":"https:\/\/lacasadelamedicina.es\/pt-br\/produto\/compre-alice-no-pais-das-maravilhas-308-ug-online\/","title":{"rendered":"Compre Alice no pa\u00eds das maravilhas 308 Ug online"},"content":{"rendered":"<h2>Compre Alice no pa\u00eds das maravilhas 308 Ug online<\/h2>\n<p>A droga psicod\u00e9lica (ou ente\u00f3gena) dietilamida do \u00e1cido lis\u00e9rgico (LSD) foi sintetizada pela primeira vez em 16 de novembro de 1938 pelo qu\u00edmico su\u00ed\u00e7o Albert Hofmann nos laborat\u00f3rios da Sandoz (atual Novartis) na Basileia, Su\u00ed\u00e7a. Em meados dos anos 60, a rea\u00e7\u00e3o contra o uso do LSD e seus efeitos corrosivos percebidos sobre os valores da classe m\u00e9dia ocidental resultaram em a\u00e7\u00f5es governamentais para restringir a disponibilidade da droga, tornando ilegal qualquer uso.<\/p>\n<p>[21]  O LSD foi declarado uma subst\u00e2ncia de &#8220;Tabela I&#8221;, designando legalmente que a droga tem um &#8220;alto potencial de abuso&#8221; e n\u00e3o tem nenhum &#8220;uso m\u00e9dico atualmente aceito no tratamento&#8221;. O LSD foi retirado de circula\u00e7\u00e3o legal. A Administra\u00e7\u00e3o de Combate \u00e0s Drogas dos Estados Unidos alegou: Comprar Lsd on-line. Encomendar Lsd online. Lsd para venda on-line    <\/p>\n<h2>Benef\u00edcios para a sa\u00fade do \u00e1cido lis\u00e9rgico dietilamida<\/h2>\n<p>1) O LSD alivia a ansiedade e a dor em pacientes terminais. 2) O LSD aumenta a empatia emocional, a socialidade e a sugestibilidade. 3) O LSD tem efeitos ben\u00e9ficos sobre a depend\u00eancia de \u00e1lcool e drogas<br \/>\n4) O LSD alivia dores de cabe\u00e7a em grupos. 5) LSD para tratamento de transtornos de humor e depress\u00e3o. 6) O LSD ajuda a aumentar a criatividade humana. 7) LSD como tratamento para autismo. 8) O LSD tem efeitos antiinflamat\u00f3rios potentes. 9) O LSD reduz a criminalidade em criminosos. Em meados da d\u00e9cada de 1960, a crescente rea\u00e7\u00e3o contra o LSD e seu impacto negativo percebido nos valores da classe m\u00e9dia ocidental levaram \u00e0 interven\u00e7\u00e3o do governo para restringir sua disponibilidade. As autoridades declararam o LSD como uma subst\u00e2ncia de &#8220;Tabela I&#8221;, categorizando-o como tendo um &#8220;alto potencial de abuso&#8221; e sem qualquer &#8220;uso m\u00e9dico aceito no tratamento&#8221;. Consequentemente, o LSD foi retirado de circula\u00e7\u00e3o legal. A Administra\u00e7\u00e3o de Combate \u00e0s Drogas dos EUA enfatizou sua proibi\u00e7\u00e3o, declarando: &#8220;Compre LSD on-line. Encomende LSD on-line. LSD para venda on-line&#8221;.<\/p>\n","protected":false},"excerpt":{"rendered":"<p>Compre Alice no pa\u00eds das maravilhas 308 Ug online A droga psicod\u00e9lica (ou ente\u00f3gena) dietilamida do \u00e1cido lis\u00e9rgico (LSD) foi sintetizada pela primeira vez em 16 de novembro de 1938 pelo qu\u00edmico su\u00ed\u00e7o Albert Hofmann nos laborat\u00f3rios da Sandoz (atual Novartis) na Basileia, Su\u00ed\u00e7a. Em meados dos anos 60, a rea\u00e7\u00e3o contra o uso do [&hellip;]<\/p>\n","protected":false},"featured_media":19271,"comment_status":"open","ping_status":"closed","template":"","meta":{"om_disable_all_campaigns":false,"_sitemap_exclude":false,"_sitemap_priority":"","_sitemap_frequency":"","_monsterinsights_skip_tracking":false,"_monsterinsights_sitenote_active":false,"_monsterinsights_sitenote_note":"","_monsterinsights_sitenote_category":0},"product_cat":[35018],"product_tag":[39800,39796,39790,39810,39808,39821,39804,39815,39817,39813,39806,39823,39779,39782,39794,39788,39787,39798,39803,39784,39792],"class_list":{"0":"post-34502","1":"product","2":"type-product","3":"status-publish","4":"has-post-thumbnail","6":"product_cat-lsd-pt-br","7":"product_tag-alice-in-wonderland-308-ug-frete-gratis-para-a-europa","8":"product_tag-alice-in-wonderland-308-ug-melhor-preco-europa","9":"product_tag-alice-in-wonderland-308-ug-vendas-online","10":"product_tag-alice-no-pais-das-maravilhas-308-ofertas-da-ug-europe","11":"product_tag-alice-no-pais-das-maravilhas-308-ug-europa-baratos","12":"product_tag-alice-no-pais-das-maravilhas-308-ug-europa-fornecedores","13":"product_tag-alice-no-pais-das-maravilhas-308-ug-europe-a-venda","14":"product_tag-alice-no-pais-das-maravilhas-308-ug-europe-com-desconto","15":"product_tag-alice-no-pais-das-maravilhas-308-ug-europe-delivery","16":"product_tag-alice-no-pais-das-maravilhas-308-ug-europe-shop","17":"product_tag-alice-no-pais-das-maravilhas-308-ug-loja-on-line-europa","18":"product_tag-avaliacao-do-alice-in-wonderland-308-ug-europe","19":"product_tag-comprar-alice-no-pais-das-maravilhas-308-ug","20":"product_tag-comprar-alice-no-pais-das-maravilhas-308-ug-on-line","21":"product_tag-comprar-alice-no-pais-das-maravilhas-308-ug-online-europa","22":"product_tag-efeitos-de-alice-no-pais-das-maravilhas-308-ug","23":"product_tag-encomendar-alice-in-wonderland-308-ug-online","24":"product_tag-encomendar-alice-no-pais-das-maravilhas-308-ug-eu","25":"product_tag-onde-comprar-alice-no-pais-das-maravilhas-308-ug-europa","26":"product_tag-onde-comprar-alice-no-pais-das-maravilhas-308-ug-on-line","27":"product_tag-quanto-custa-alice-no-pais-das-maravilhas-308-ug","29":"first","30":"instock","31":"shipping-taxable","32":"purchasable","33":"product-type-variable","34":"farmacie-col"},"aioseo_notices":[],"_links":{"self":[{"href":"https:\/\/lacasadelamedicina.es\/pt-br\/wp-json\/wp\/v2\/product\/34502"}],"collection":[{"href":"https:\/\/lacasadelamedicina.es\/pt-br\/wp-json\/wp\/v2\/product"}],"about":[{"href":"https:\/\/lacasadelamedicina.es\/pt-br\/wp-json\/wp\/v2\/types\/product"}],"replies":[{"embeddable":true,"href":"https:\/\/lacasadelamedicina.es\/pt-br\/wp-json\/wp\/v2\/comments?post=34502"}],"wp:featuredmedia":[{"embeddable":true,"href":"https:\/\/lacasadelamedicina.es\/pt-br\/wp-json\/wp\/v2\/media\/19271"}],"wp:attachment":[{"href":"https:\/\/lacasadelamedicina.es\/pt-br\/wp-json\/wp\/v2\/media?parent=34502"}],"wp:term":[{"taxonomy":"product_cat","embeddable":true,"href":"https:\/\/lacasadelamedicina.es\/pt-br\/wp-json\/wp\/v2\/product_cat?post=34502"},{"taxonomy":"product_tag","embeddable":true,"href":"https:\/\/lacasadelamedicina.es\/pt-br\/wp-json\/wp\/v2\/product_tag?post=34502"}],"curies":[{"name":"wp","href":"https:\/\/api.w.org\/{rel}","templated":true}]}}