{"id":34499,"date":"2024-08-09T14:02:42","date_gmt":"2024-08-09T14:02:42","guid":{"rendered":"https:\/\/lacasadelamedicina.es\/product\/compre-albert-hofmann-bicycle-day-1943-online\/"},"modified":"2024-08-09T14:02:42","modified_gmt":"2024-08-09T14:02:42","slug":"compre-albert-hofmann-bicycle-day-1943-online","status":"publish","type":"product","link":"https:\/\/lacasadelamedicina.es\/pt-br\/produto\/compre-albert-hofmann-bicycle-day-1943-online\/","title":{"rendered":"Compre Albert Hofmann Bicycle Day 1943 Online"},"content":{"rendered":"<h2>Compre Albert Hofmann Bicycle Day 1943 online<\/h2>\n<p> \u201cPouco a pouco, pude come\u00e7ar a apreciar as cores e os jogos de formas sem precedentes que persistiam por tr\u00e1s dos meus olhos fechados. Imagens caleidosc\u00f3picas e fant\u00e1sticas surgiram em mim, alternando-se, variegadas, abrindo-se e fechando-se em c\u00edrculos e espirais, explodindo em fontes coloridas, rearranjando-se e hibridizando-se em fluxo constante.\u201d<\/p>\n","protected":false},"excerpt":{"rendered":"<p>Compre Albert Hofmann Bicycle Day 1943 online \u201cPouco a pouco, pude come\u00e7ar a apreciar as cores e os jogos de formas sem precedentes que persistiam por tr\u00e1s dos meus olhos fechados. Imagens caleidosc\u00f3picas e fant\u00e1sticas surgiram em mim, alternando-se, variegadas, abrindo-se e fechando-se em c\u00edrculos e espirais, explodindo em fontes coloridas, rearranjando-se e hibridizando-se em [&hellip;]<\/p>\n","protected":false},"featured_media":19256,"comment_status":"open","ping_status":"closed","template":"","meta":{"om_disable_all_campaigns":false,"_sitemap_exclude":false,"_sitemap_priority":"","_sitemap_frequency":"","_monsterinsights_skip_tracking":false,"_monsterinsights_sitenote_active":false,"_monsterinsights_sitenote_note":"","_monsterinsights_sitenote_category":0},"product_cat":[35018],"product_tag":[35300,35299,35292,35287,35294,35297,35296,35295,35289,35298,35279,35280,35286,35293,35283,35282,35290,35281,35288,35285,35291,35284],"class_list":{"0":"post-34499","1":"product","2":"type-product","3":"status-publish","4":"has-post-thumbnail","6":"product_cat-lsd-pt-br","7":"product_tag-albert-hofmann-bicycle-day-1943-critica-da-europa","8":"product_tag-albert-hofmann-bicycle-day-1943-fornecedores-da-europa","9":"product_tag-albert-hofmann-bicycle-day-1943-loja-online-europa","10":"product_tag-albert-hofmann-bicycle-day-1943-melhor-preco-europa","11":"product_tag-albert-hofmann-bicycle-day-1943-ofertas-da-europa","12":"product_tag-albert-hofmann-dia-da-bicicleta-1943-entrega-na-europa","13":"product_tag-albert-hofmann-dia-da-bicicleta-1943-europa-desconto","14":"product_tag-albert-hofmann-dia-da-bicicleta-1943-europa-loja","15":"product_tag-albert-hofmann-dia-da-bicicleta-1943-frete-gratis-europa","16":"product_tag-autentico-albert-hofmann-bicycle-day-1943-europa-pt-br","17":"product_tag-compre-albert-hofmann-bicycle-day-1943","18":"product_tag-compre-albert-hofmann-bicycle-day-1943-online","19":"product_tag-compre-albert-hofmann-bicycle-day-1943-online-europa","20":"product_tag-dia-da-bicicleta-albert-hofmann-barata-1943-europa","21":"product_tag-efeitos-do-dia-da-bicicleta-albert-hofmann-1943","22":"product_tag-encomende-albert-hofmann-bicycle-day-1943-online","23":"product_tag-onde-comprar-albert-hofmann-bicycle-day-1943-europa","24":"product_tag-onde-comprar-albert-hofmann-bicycle-day-1943-online","25":"product_tag-ordem-albert-hofmann-dia-da-bicicleta-1943-ue","26":"product_tag-quanto-custa-o-dia-da-bicicleta-albert-hofmann-1943","27":"product_tag-venda-de-bicicleta-albert-hofmann-no-dia-1943-na-europa","28":"product_tag-vendas-online-do-dia-da-bicicleta-albert-hofmann-1943","30":"first","31":"instock","32":"shipping-taxable","33":"purchasable","34":"product-type-simple","35":"farmacie-col"},"aioseo_notices":[],"_links":{"self":[{"href":"https:\/\/lacasadelamedicina.es\/pt-br\/wp-json\/wp\/v2\/product\/34499"}],"collection":[{"href":"https:\/\/lacasadelamedicina.es\/pt-br\/wp-json\/wp\/v2\/product"}],"about":[{"href":"https:\/\/lacasadelamedicina.es\/pt-br\/wp-json\/wp\/v2\/types\/product"}],"replies":[{"embeddable":true,"href":"https:\/\/lacasadelamedicina.es\/pt-br\/wp-json\/wp\/v2\/comments?post=34499"}],"wp:featuredmedia":[{"embeddable":true,"href":"https:\/\/lacasadelamedicina.es\/pt-br\/wp-json\/wp\/v2\/media\/19256"}],"wp:attachment":[{"href":"https:\/\/lacasadelamedicina.es\/pt-br\/wp-json\/wp\/v2\/media?parent=34499"}],"wp:term":[{"taxonomy":"product_cat","embeddable":true,"href":"https:\/\/lacasadelamedicina.es\/pt-br\/wp-json\/wp\/v2\/product_cat?post=34499"},{"taxonomy":"product_tag","embeddable":true,"href":"https:\/\/lacasadelamedicina.es\/pt-br\/wp-json\/wp\/v2\/product_tag?post=34499"}],"curies":[{"name":"wp","href":"https:\/\/api.w.org\/{rel}","templated":true}]}}