{"id":34326,"date":"2024-08-09T14:02:43","date_gmt":"2024-08-09T14:02:43","guid":{"rendered":"https:\/\/lacasadelamedicina.es\/product\/compre-lsd-liquido-online\/"},"modified":"2024-08-09T14:02:43","modified_gmt":"2024-08-09T14:02:43","slug":"compre-lsd-liquido-online","status":"publish","type":"product","link":"https:\/\/lacasadelamedicina.es\/pt-br\/produto\/compre-lsd-liquido-online\/","title":{"rendered":"Compre LSD l\u00edquido online"},"content":{"rendered":"<h2>Compre LSD l\u00edquido para venda online<\/h2>\n<h3>Compre LSD l\u00edquido para venda online<\/h3>\n<p> O LSD come\u00e7a como uma subst\u00e2ncia cristalina e \u00e9 ent\u00e3o distribu\u00eddo em formas consum\u00edveis. Durante a d\u00e9cada de 1960, era comumente distribu\u00eddo em micropontos (p\u00edlulas min\u00fasculas), quadrados de gelatina (conhecidos como &#8220;vidros de janela&#8221;) e papel mata-borr\u00e3o. <strong>Compre LSD<\/strong> Os psicod\u00e9licos, incluindo o LSD, s\u00e3o vistos de forma diferente por v\u00e1rias pessoas \u2014 alguns os veem como uma ferramenta valiosa na psiquiatria, outros como uma amea\u00e7a \u00e0 sociedade e alguns como uma porta de entrada para reinos alternativos. O LSD, junto com outros psicod\u00e9licos bem conhecidos como DMT, mescalina e psilocibina, tem sido usado por diferentes culturas por s\u00e9culos para induzir estados alterados de consci\u00eancia. Enquanto o LSD foi descoberto pela primeira vez em 1943, as outras subst\u00e2ncias s\u00e3o derivadas de plantas e fungos e t\u00eam longas hist\u00f3rias de uso.    <strong>Por que comprar LSD?<\/strong> LSD, tamb\u00e9m conhecido como &#8220;\u00e1cido&#8221;, \u00e9 uma das subst\u00e2ncias mais potentes que alteram o humor. Ele \u00e9 sintetizado a partir do \u00e1cido lis\u00e9rgico encontrado no fungo ergot que cresce no centeio e outros gr\u00e3os. O LSD est\u00e1 comumente dispon\u00edvel em v\u00e1rias formas, incluindo pequenos comprimidos (micropontos), c\u00e1psulas, quadrados de gelatina (vidros de janela) e, \u00e0s vezes, em papel mata-borr\u00e3o com desenhos art\u00edsticos ou personagens de desenho animado. Ele tamb\u00e9m pode ser vendido na forma l\u00edquida. Independentemente da forma, o LSD normalmente induz um profundo distanciamento da realidade.<\/p>\n","protected":false},"excerpt":{"rendered":"<p>Nossa solu\u00e7\u00e3o cont\u00e9m LSD-25 genu\u00edno, n\u00e3o um substituto (j\u00e1 que muitos outros sites podem oferecer 1P-LSD em vez disso). Est\u00e1 dispon\u00edvel em v\u00e1rias dosagens de dilui\u00e7\u00e3o. A solu\u00e7\u00e3o \u00e9 feita com o ingrediente ativo e \u00e1gua destilada, preparada em um ambiente est\u00e9ril para garantir a pureza. Um benef\u00edcio significativo do formato l\u00edquido \u00e9 a capacidade de medir doses com precis\u00e3o. Cada frasco \u00e9 equipado com uma tampa conta-gotas marcada em incrementos de 0,25 mL, permitindo dosagem precisa e facilidade de uso. Isso garante que voc\u00ea possa tomar exatamente a quantidade desejada.     <\/p>\n","protected":false},"featured_media":19316,"comment_status":"open","ping_status":"closed","template":"","meta":{"om_disable_all_campaigns":false,"_sitemap_exclude":false,"_sitemap_priority":"","_sitemap_frequency":"","_monsterinsights_skip_tracking":false,"_monsterinsights_sitenote_active":false,"_monsterinsights_sitenote_note":"","_monsterinsights_sitenote_category":0},"product_cat":[35018],"product_tag":[35038,35033,35029,35027,35019,35020,35026,35040,35036,35023,35028,35037,35039,35031,35035,35032,35034,35030,35021,35022,35025,35024],"class_list":{"0":"post-34326","1":"product","2":"type-product","3":"status-publish","4":"has-post-thumbnail","6":"product_cat-lsd-pt-br","7":"product_tag-autentico-sol-da-california-na-europa","8":"product_tag-barato-california-sunshine-europe","9":"product_tag-california-sunshine-frete-gratis-europa","10":"product_tag-california-sunshine-melhor-preco-europa","11":"product_tag-compre-california-sunshine","12":"product_tag-compre-california-sunshine-online","13":"product_tag-compre-california-sunshine-online-na-europa","14":"product_tag-critica-do-california-sunshine-europe","15":"product_tag-desconto-california-sunshine-europe","16":"product_tag-efeitos-do-sol-da-california","17":"product_tag-encomende-california-sunshine-eu","18":"product_tag-entrega-da-california-sunshine-europe","19":"product_tag-fornecedores-da-california-sunshine-europe","20":"product_tag-liquidacao-da-california-sunshine-europe","21":"product_tag-loja-california-sunshine-europe","22":"product_tag-loja-online-california-sunshine-europa","23":"product_tag-ofertas-da-california-sunshine-europe","24":"product_tag-onde-comprar-california-sunshine-europe","25":"product_tag-onde-comprar-california-sunshine-online","26":"product_tag-peca-california-sunshine-online","27":"product_tag-quanto-custa-o-california-sunshine","28":"product_tag-vendas-online-de-california-sunshine","30":"first","31":"instock","32":"shipping-taxable","33":"purchasable","34":"product-type-simple","35":"farmacie-col"},"aioseo_notices":[],"_links":{"self":[{"href":"https:\/\/lacasadelamedicina.es\/pt-br\/wp-json\/wp\/v2\/product\/34326"}],"collection":[{"href":"https:\/\/lacasadelamedicina.es\/pt-br\/wp-json\/wp\/v2\/product"}],"about":[{"href":"https:\/\/lacasadelamedicina.es\/pt-br\/wp-json\/wp\/v2\/types\/product"}],"replies":[{"embeddable":true,"href":"https:\/\/lacasadelamedicina.es\/pt-br\/wp-json\/wp\/v2\/comments?post=34326"}],"wp:featuredmedia":[{"embeddable":true,"href":"https:\/\/lacasadelamedicina.es\/pt-br\/wp-json\/wp\/v2\/media\/19316"}],"wp:attachment":[{"href":"https:\/\/lacasadelamedicina.es\/pt-br\/wp-json\/wp\/v2\/media?parent=34326"}],"wp:term":[{"taxonomy":"product_cat","embeddable":true,"href":"https:\/\/lacasadelamedicina.es\/pt-br\/wp-json\/wp\/v2\/product_cat?post=34326"},{"taxonomy":"product_tag","embeddable":true,"href":"https:\/\/lacasadelamedicina.es\/pt-br\/wp-json\/wp\/v2\/product_tag?post=34326"}],"curies":[{"name":"wp","href":"https:\/\/api.w.org\/{rel}","templated":true}]}}