{"id":34317,"date":"2024-08-09T14:02:44","date_gmt":"2024-08-09T14:02:44","guid":{"rendered":"https:\/\/lacasadelamedicina.es\/product\/compre-pilulas-de-pentobarbital-online\/"},"modified":"2024-08-09T14:02:44","modified_gmt":"2024-08-09T14:02:44","slug":"compre-pilulas-de-pentobarbital-online","status":"publish","type":"product","link":"https:\/\/lacasadelamedicina.es\/pt-br\/produto\/compre-pilulas-de-pentobarbital-online\/","title":{"rendered":"Compre p\u00edlulas de pentobarbital online"},"content":{"rendered":"<h2>Compre p\u00edlulas de pentobarbital online<\/h2>\n<p><strong>Para que s\u00e3o usados \u200b\u200bos comprimidos de pentobarbital?<\/strong> As p\u00edlulas de pentobarbital s\u00e3o usadas principalmente como um sedativo de curto prazo para tratar ins\u00f4nia e induzir o sono para procedimentos cir\u00fargicos. Elas tamb\u00e9m podem ser usadas para tratamento de convuls\u00f5es de emerg\u00eancia. No entanto, esses n\u00e3o s\u00e3o os \u00fanicos usos do pentobarbital.   <strong>Informa\u00e7\u00f5es importantes sobre p\u00edlulas de pentobarbital<\/strong><\/p>\n<ul>\n<li><strong>Evite se:<\/strong> voc\u00ea tem hist\u00f3rico de porfiria (um dist\u00farbio enzim\u00e1tico gen\u00e9tico que afeta o SNC e a pele) ou se voc\u00ea \u00e9 al\u00e9rgico a barbit\u00faricos.<\/li>\n<li><strong>Condi\u00e7\u00f5es m\u00e9dicas:<\/strong> informe seu m\u00e9dico se voc\u00ea tem doen\u00e7a hep\u00e1tica ou renal, uma condi\u00e7\u00e3o cr\u00f4nica ou hist\u00f3rico de abuso de barbit\u00faricos para garantir que o medicamento seja seguro para voc\u00ea.<\/li>\n<li><strong>Gravidez:<\/strong> O pentobarbital pode prejudicar o feto, causando depend\u00eancia e sintomas de abstin\u00eancia ap\u00f3s o nascimento. Sempre consulte seu m\u00e9dico se estiver gr\u00e1vida ou planejando engravidar. <\/li>\n<li><strong>Controle de natalidade:<\/strong> O pentobarbital pode afetar a efic\u00e1cia das p\u00edlulas anticoncepcionais. M\u00e9todos n\u00e3o hormonais podem ser recomendados. <\/li>\n<\/ul>\n<p><strong>Riscos potenciais para crian\u00e7as e mulheres gr\u00e1vidas<\/strong><\/p>\n<ul>\n<li><strong>Desenvolvimento cerebral:<\/strong> Sedativos usados \u200b\u200bdurante cirurgias podem impactar o desenvolvimento cerebral em crian\u00e7as menores de tr\u00eas anos ou beb\u00eas n\u00e3o nascidos expostos ao pentobarbital. O uso repetido pode levar a problemas de aprendizagem ou comportamentais. No entanto, usos \u00fanicos de curto prazo n\u00e3o mostraram efeitos significativos em estudos.  <\/li>\n<li><strong>Amamenta\u00e7\u00e3o:<\/strong> O pentobarbital pode passar para o leite materno e afetar o beb\u00ea amamentado. Informe seu m\u00e9dico se estiver amamentando. <\/li>\n<\/ul>\n<p><strong>Intera\u00e7\u00f5es medicamentosas<\/strong> Evite combinar pentobarbital com outros depressores do SNC ou subst\u00e2ncias que afetam a respira\u00e7\u00e3o ou induzem o sono, pois isso pode levar a efeitos graves ou fatais. Informe seu m\u00e9dico se estiver tomando:  <\/p>\n<ul>\n<li>Griseofulvina<\/li>\n<li>Doxiciclina<\/li>\n<li>Medicamentos para convuls\u00f5es como divalproex<\/li>\n<li>Medicamentos esteroides, como dexametasona<\/li>\n<li>Terapia de reposi\u00e7\u00e3o hormonal ou p\u00edlulas anticoncepcionais<\/li>\n<li>Anticoagulantes como Coumadin ou varfarina<\/li>\n<li>Inibidores da MAO, como metileno ou linezolida<\/li>\n<\/ul>\n<p> Esta lista n\u00e3o \u00e9 exaustiva, e outros medicamentos, incluindo produtos fitoter\u00e1picos e vitaminas de venda livre, podem interagir com o pentobarbital. <strong>Dose esquecida<\/strong> O pentobarbital \u00e9 geralmente prescrito conforme a necessidade, portanto, perder uma dose pode n\u00e3o ser uma preocupa\u00e7\u00e3o. Se voc\u00ea estiver em um esquema de dosagem e perder uma dose, tome-a assim que se lembrar. Pule-a se a pr\u00f3xima dose for iminente. Nunca duplique a dose para compensar uma dose esquecida. <strong>Riscos de overdose<\/strong> A overdose de pentobarbital pode ser fatal. Procure assist\u00eancia m\u00e9dica imediata se suspeitar de uma overdose. Os sintomas incluem sensa\u00e7\u00e3o de fraqueza ou fraqueza, respira\u00e7\u00e3o lenta ou superficial, sonol\u00eancia extrema, pulso fraco, frequ\u00eancia card\u00edaca r\u00e1pida, mic\u00e7\u00e3o reduzida, desmaios, pupilas dilatadas ou sensa\u00e7\u00e3o de frio. <strong>Efeitos colaterais<\/strong> Procure ajuda de emerg\u00eancia se tiver rea\u00e7\u00f5es al\u00e9rgicas graves, como dificuldade para respirar ou incha\u00e7o no rosto, l\u00e1bios, l\u00edngua ou garganta. Outros efeitos colaterais graves incluem:       <\/p>\n<ul>\n<li>Confus\u00e3o, agita\u00e7\u00e3o, alucina\u00e7\u00f5es<\/li>\n<li>Respira\u00e7\u00e3o fraca ou superficial<\/li>\n<li>Pulso fraco ou frequ\u00eancia card\u00edaca lenta<\/li>\n<li>Tonturas, n\u00e1useas ou v\u00f4mitos<\/li>\n<\/ul>\n<p> Os efeitos colaterais comuns podem incluir: <\/p>\n<ul>\n<li>Perda de equil\u00edbrio ou coordena\u00e7\u00e3o<\/li>\n<li>Sonol\u00eancia, tontura<\/li>\n<li>Dist\u00farbios do sono, como pesadelos ou ins\u00f4nia<\/li>\n<\/ul>\n<p><strong>Precau\u00e7\u00f5es<\/strong><\/p>\n<ul>\n<li><strong>Estado de alerta:<\/strong> O pentobarbital pode prejudicar sua capacidade de pensar e reagir. Evite atividades que exijam total aten\u00e7\u00e3o, como dirigir. <\/li>\n<li><strong>\u00c1lcool:<\/strong> N\u00e3o consuma \u00e1lcool enquanto estiver tomando este medicamento.<\/li>\n<li><strong>Compartilhamento:<\/strong> Mantenha o pentobarbital longe de crian\u00e7as e pessoas com hist\u00f3rico de abuso de subst\u00e2ncias. Use-o apenas conforme prescrito e siga cuidadosamente as instru\u00e7\u00f5es de dosagem. <\/li>\n<\/ul>\n<p><strong>Comprando p\u00edlulas de pentobarbital online<\/strong> Embora seja poss\u00edvel comprar p\u00edlulas de pentobarbital online, \u00e9 aconselh\u00e1vel cautela. Certifique-se de pesquisar cuidadosamente e ler avalia\u00e7\u00f5es para evitar golpes e verificar se voc\u00ea est\u00e1 comprando de uma fonte confi\u00e1vel. Para transa\u00e7\u00f5es seguras e discretas, visite <a href=\"https:\/\/lacasadelamedicina.es\/pt-br\/\"><strong>Farm\u00e1cia Dr. Lawsons<\/strong>.<\/a>  <\/p>\n<p>&nbsp;<\/p>\n","protected":false},"excerpt":{"rendered":"<p>Pe\u00e7a Nembutal Pentobarbital S\u00f3dico Comprimidos para Uso Oral. Dispon\u00edvel em doses de 50mg e 100mg. Cada pedido \u00e9 embalado com seguran\u00e7a e enviado discretamente. Selecione sua dosagem e quantidade preferidas abaixo e adicione ao seu carrinho.   <\/p>\n","protected":false},"featured_media":19391,"comment_status":"open","ping_status":"closed","template":"","meta":{"om_disable_all_campaigns":false,"_sitemap_exclude":false,"_sitemap_priority":"","_sitemap_frequency":"","_monsterinsights_skip_tracking":false,"_monsterinsights_sitenote_active":false,"_monsterinsights_sitenote_note":"","_monsterinsights_sitenote_category":0},"product_cat":[34921],"product_tag":[34996,35003,34997,35010,35006,35004,35013,35000,35005,34999,35014,35016,35009,35007,34998,35015,35012,35011,35002,35017,35008,35001],"class_list":{"0":"post-34317","1":"product","2":"type-product","3":"status-publish","4":"has-post-thumbnail","6":"product_cat-pentobarbital-sodico-nembutal-pt-br","7":"product_tag-comprar-comprimidos-de-pentobarbital","8":"product_tag-compre-comprimidos-de-pentobarbital-online-na-europa","9":"product_tag-compre-pilulas-de-pentobarbital-online","10":"product_tag-comprimidos-baratos-de-pentobarbital-na-europa","11":"product_tag-comprimidos-de-pentobarbital-frete-gratis-europa","12":"product_tag-comprimidos-de-pentobarbital-melhor-preco-europa","13":"product_tag-desconto-em-comprimidos-de-pentobarbital-na-europa","14":"product_tag-efeitos-das-pilulas-de-pentobarbital","15":"product_tag-encomendar-comprimidos-de-pentobarbital-ue","16":"product_tag-encomende-comprimidos-de-pentobarbital-online","17":"product_tag-entrega-de-comprimidos-de-pentobarbital-na-europa","18":"product_tag-fornecedores-de-comprimidos-de-pentobarbital-na-europa","19":"product_tag-loja-online-de-comprimidos-de-pentobarbital-europa","20":"product_tag-onde-comprar-comprimidos-de-pentobarbital-na-europa","21":"product_tag-onde-comprar-comprimidos-de-pentobarbital-online","22":"product_tag-pilulas-autenticas-de-pentobarbital-europa","23":"product_tag-pilulas-de-pentobarbital-loja-europa","24":"product_tag-pilulas-de-pentobarbital-ofertas-na-europa","25":"product_tag-quanto-custam-os-comprimidos-de-pentobarbital","26":"product_tag-revisao-de-pilulas-de-pentobarbital-na-europa","27":"product_tag-venda-de-comprimidos-de-pentobarbital-na-europa","28":"product_tag-vendas-de-comprimidos-de-pentobarbital-online","30":"first","31":"instock","32":"shipping-taxable","33":"purchasable","34":"product-type-variable","35":"farmacie-col"},"aioseo_notices":[],"_links":{"self":[{"href":"https:\/\/lacasadelamedicina.es\/pt-br\/wp-json\/wp\/v2\/product\/34317"}],"collection":[{"href":"https:\/\/lacasadelamedicina.es\/pt-br\/wp-json\/wp\/v2\/product"}],"about":[{"href":"https:\/\/lacasadelamedicina.es\/pt-br\/wp-json\/wp\/v2\/types\/product"}],"replies":[{"embeddable":true,"href":"https:\/\/lacasadelamedicina.es\/pt-br\/wp-json\/wp\/v2\/comments?post=34317"}],"wp:featuredmedia":[{"embeddable":true,"href":"https:\/\/lacasadelamedicina.es\/pt-br\/wp-json\/wp\/v2\/media\/19391"}],"wp:attachment":[{"href":"https:\/\/lacasadelamedicina.es\/pt-br\/wp-json\/wp\/v2\/media?parent=34317"}],"wp:term":[{"taxonomy":"product_cat","embeddable":true,"href":"https:\/\/lacasadelamedicina.es\/pt-br\/wp-json\/wp\/v2\/product_cat?post=34317"},{"taxonomy":"product_tag","embeddable":true,"href":"https:\/\/lacasadelamedicina.es\/pt-br\/wp-json\/wp\/v2\/product_tag?post=34317"}],"curies":[{"name":"wp","href":"https:\/\/api.w.org\/{rel}","templated":true}]}}