{"id":34280,"date":"2024-08-10T09:07:04","date_gmt":"2024-08-10T09:07:04","guid":{"rendered":"https:\/\/lacasadelamedicina.es\/product\/compre-cogumelos-golden-teacher-online\/"},"modified":"2024-08-10T09:07:04","modified_gmt":"2024-08-10T09:07:04","slug":"compre-cogumelos-golden-teacher-online","status":"publish","type":"product","link":"https:\/\/lacasadelamedicina.es\/pt-br\/produto\/compre-cogumelos-golden-teacher-online\/","title":{"rendered":"Compre cogumelos Golden Teacher online"},"content":{"rendered":"<h2>Compre cogumelos Golden Teacher online<\/h2>\n<p> Compre Golden Teacher Online. Os s\u00e1bios cogumelos Golden Teacher criam magia na mente e proporcionam uma jornada ao autoconhecimento. Este kit de cultivo FreshMushroom 100% mic\u00e9lio cresce r\u00e1pido e \u00e9 completamente livre de manuten\u00e7\u00e3o. O XP significa Extra Potency!   <\/p>\n<h3>Como funciona<\/h3>\n<p> A psilocibina funciona ativando os receptores de serotonina <span class=\"css-1a8rnix icon-hl-trusted-source-after\"><span class=\"sro\">Fonte confi\u00e1vel<\/span><\/span>, mais frequentemente no c\u00f3rtex pr\u00e9-frontal. Esta parte do c\u00e9rebro afeta o humor, a cogni\u00e7\u00e3o e a percep\u00e7\u00e3o. Os alucin\u00f3genos tamb\u00e9m atuam em outras regi\u00f5es do c\u00e9rebro que regulam a excita\u00e7\u00e3o e as respostas de p\u00e2nico. A psilocibina nem sempre causa alucina\u00e7\u00f5es visuais ou auditivas ativas. Em vez disso, ela distorce a forma como algumas pessoas que usam a droga percebem objetos e pessoas j\u00e1 em seu ambiente. A quantidade de droga que uma pessoa consome, suas experi\u00eancias passadas e suas expectativas de como a experi\u00eancia tomar\u00e1 forma podem impactar os efeitos da psilocibina. De acordo com o Centro Europeu de Monitoramento de Drogas e Depend\u00eancia de Drogas (EMCDDA), os efeitos alucin\u00f3genos da psilocibina geralmente ocorrem dentro de 30 minutos ap\u00f3s uma pessoa ingeri-la e duram de 4 a 6 horas. Em alguns indiv\u00edduos, as mudan\u00e7as na percep\u00e7\u00e3o sensorial e nos padr\u00f5es de pensamento podem durar v\u00e1rios dias.        <\/p>\n<h3>Pot\u00eancia<\/h3>\n<p> A pot\u00eancia de um cogumelo m\u00e1gico depende de: <\/p>\n<ul>\n<li>esp\u00e9cies<\/li>\n<li>origem<\/li>\n<li>condi\u00e7\u00f5es de crescimento<\/li>\n<li>per\u00edodo de colheita<\/li>\n<li>se uma pessoa os come frescos ou secos<\/li>\n<\/ul>\n<p> O OEDT sugere que a quantidade de psilocibina em cogumelos secos \u00e9 cerca de 10 vezes maior do que em seus equivalentes frescos. <\/p>\n<h3>Consumo<\/h3>\n<p> Cogumelos contendo psilocibina s\u00e3o pequenos e geralmente marrons ou bronzeados. Na natureza, as pessoas podem confundir cogumelos contendo psilocibina com qualquer outro cogumelo venenoso. As pessoas geralmente consomem psilocibina como um ch\u00e1 preparado ou a preparam com um alimento para mascarar seu gosto amargo. Os fabricantes tamb\u00e9m esmagam cogumelos secos em p\u00f3 e os preparam em forma de c\u00e1psula. Algumas pessoas que consomem esses cogumelos os cobrem com chocolate.     <\/p>\n<h3>Hist\u00f3ria:<\/h3>\n<p> Os amantes de cogumelos m\u00e1gicos concordam que os cogumelos Golden Teacher, tamb\u00e9m conhecidos como uma cepa de Psilocybe cubensis, s\u00e3o a cepa de cogumelo psicod\u00e9lico mais popular. Este artigo dar\u00e1 uma olhada mais de perto nos infames cogumelos Golden Teacher. Ao final deste artigo, voc\u00ea saber\u00e1 tudo o que h\u00e1 para saber sobre este fungo psicod\u00e9lico. Aqueles que s\u00e3o novos no mundo dos psicod\u00e9licos e cogumelos podem contar com os Golden Teachers para uma viagem confi\u00e1vel com menos chances de ter uma viagem ruim. Portanto, eles geralmente s\u00e3o um cogumelo de entrada para novatos em cogumelos m\u00e1gicos.    <\/p>\n<h3>Efeitos dos cogumelos Golden Teacher;<\/h3>\n<p> Os Cogumelos Professores Dourados tamb\u00e9m produzem efeitos alucin\u00f3genos ** uma caracter\u00edstica comum entre todos os cogumelos m\u00e1gicos. Espere uma experi\u00eancia vision\u00e1ria junto com ondas de energia universal surgindo atrav\u00e9s de voc\u00ea com fortes alucina\u00e7\u00f5es de olhos abertos e fechados.<\/p>\n","protected":false},"excerpt":{"rendered":"<p>Compre professores dourados tamb\u00e9m s\u00e3o elogiados por seus efeitos espirituais e\/ou xam\u00e2nicos. Portanto, este cogumelo n\u00e3o \u00e9 apenas para viagens casuais. Ele tamb\u00e9m pode ser usado para obter novos insights sobre si mesmo e o universo.  <\/p>\n","protected":false},"featured_media":19736,"comment_status":"open","ping_status":"closed","template":"","meta":{"om_disable_all_campaigns":false,"_sitemap_exclude":false,"_sitemap_priority":"","_sitemap_frequency":"","_monsterinsights_skip_tracking":false,"_monsterinsights_sitenote_active":false,"_monsterinsights_sitenote_note":"","_monsterinsights_sitenote_category":0},"product_cat":[34760],"product_tag":[34912,34905,34903,34901,34907,34893,34894,34900,34914,34910,34897,34902,34896,34911,34913,34909,34906,34908,34904,34895,34899,34898],"class_list":{"0":"post-34280","1":"product","2":"type-product","3":"status-publish","4":"has-post-thumbnail","6":"product_cat-cogumelos-magicos","7":"product_tag-cogumelos-autenticos-golden-teacher-europe","8":"product_tag-cogumelos-golden-teacher-a-venda-na-europa","9":"product_tag-cogumelos-golden-teacher-frete-gratis-europa","10":"product_tag-cogumelos-golden-teacher-melhor-preco-europa","11":"product_tag-cogumelos-professores-dourados-baratos-europa","12":"product_tag-compre-cogumelos-golden-teacher","13":"product_tag-compre-cogumelos-golden-teacher-online","14":"product_tag-compre-cogumelos-golden-teacher-online-na-europa","15":"product_tag-critica-golden-teacher-mushrooms-europe","16":"product_tag-desconto-golden-teacher-mushrooms-europe","17":"product_tag-efeitos-dos-cogumelos-golden-teacher","18":"product_tag-encomende-cogumelos-golden-teacher-eu","19":"product_tag-encomende-cogumelos-golden-teacher-online","20":"product_tag-entrega-de-cogumelos-golden-teacher-na-europa","21":"product_tag-fornecedores-de-cogumelos-golden-teacher-europe","22":"product_tag-loja-golden-teacher-mushrooms-europa","23":"product_tag-loja-online-golden-teacher-mushrooms-europa","24":"product_tag-ofertas-da-golden-teacher-mushrooms-europe","25":"product_tag-onde-comprar-cogumelos-golden-teacher-na-europa","26":"product_tag-onde-comprar-cogumelos-golden-teacher-online","27":"product_tag-quanto-custa-o-golden-teacher-mushrooms","28":"product_tag-vendas-de-cogumelos-golden-teacher-online","30":"first","31":"instock","32":"shipping-taxable","33":"purchasable","34":"product-type-simple","35":"farmacie-col"},"aioseo_notices":[],"_links":{"self":[{"href":"https:\/\/lacasadelamedicina.es\/pt-br\/wp-json\/wp\/v2\/product\/34280"}],"collection":[{"href":"https:\/\/lacasadelamedicina.es\/pt-br\/wp-json\/wp\/v2\/product"}],"about":[{"href":"https:\/\/lacasadelamedicina.es\/pt-br\/wp-json\/wp\/v2\/types\/product"}],"replies":[{"embeddable":true,"href":"https:\/\/lacasadelamedicina.es\/pt-br\/wp-json\/wp\/v2\/comments?post=34280"}],"wp:featuredmedia":[{"embeddable":true,"href":"https:\/\/lacasadelamedicina.es\/pt-br\/wp-json\/wp\/v2\/media\/19736"}],"wp:attachment":[{"href":"https:\/\/lacasadelamedicina.es\/pt-br\/wp-json\/wp\/v2\/media?parent=34280"}],"wp:term":[{"taxonomy":"product_cat","embeddable":true,"href":"https:\/\/lacasadelamedicina.es\/pt-br\/wp-json\/wp\/v2\/product_cat?post=34280"},{"taxonomy":"product_tag","embeddable":true,"href":"https:\/\/lacasadelamedicina.es\/pt-br\/wp-json\/wp\/v2\/product_tag?post=34280"}],"curies":[{"name":"wp","href":"https:\/\/api.w.org\/{rel}","templated":true}]}}