{"id":34276,"date":"2024-08-10T09:36:11","date_gmt":"2024-08-10T09:36:11","guid":{"rendered":"https:\/\/lacasadelamedicina.es\/product\/compre-bones-liberty-online\/"},"modified":"2024-08-10T09:36:11","modified_gmt":"2024-08-10T09:36:11","slug":"compre-bones-liberty-online","status":"publish","type":"product","link":"https:\/\/lacasadelamedicina.es\/pt-br\/produto\/compre-bones-liberty-online\/","title":{"rendered":"Compre bon\u00e9s Liberty online"},"content":{"rendered":"<h2>Compre bon\u00e9s Liberty online<\/h2>\n<p><strong>Compre Liberty Caps Online na Farm\u00e1cia do Dr. Lawson<\/strong> Bem-vindo \u00e0 Farm\u00e1cia do Dr. Lawson, seu principal destino para produtos farmac\u00eauticos confi\u00e1veis \u200b\u200be de alta qualidade. Temos o prazer de oferecer Liberty Caps (Psilocybe semilanceata) para compra online, fornecendo a voc\u00ea uma maneira f\u00e1cil e segura de acessar esses potentes cogumelos psicoativos. <strong>Sobre a Liberty Caps<\/strong> A Liberty Caps, tamb\u00e9m conhecida como <em>Psilocybe semilanceata<\/em>, s\u00e3o famosos por suas propriedades psicoativas devido \u00e0 presen\u00e7a de psilocibina e biocitina. Eles est\u00e3o entre os cogumelos psilocibinos mais amplamente distribu\u00eddos na natureza e s\u00e3o conhecidos por sua pot\u00eancia. Esses cogumelos apresentam uma tampa c\u00f4nica distinta em forma de sino, que mede at\u00e9 2,5 cm (1,0 pol.) de di\u00e2metro e geralmente tem uma pequena protrus\u00e3o semelhante a um mamilo no topo. Sua cor varia de amarelo a marrom, com sulcos radiais quando \u00famidos, desbotando para um tom mais claro \u00e0 medida que amadurecem. O estipe longo e fino do cogumelo \u00e9 normalmente da mesma cor ou ligeiramente mais claro que a tampa. Compre Liberty Caps &#8211; 1\u00aa s\u00e9rie barato. Psilocybe semilanceata, comumente conhecido como liberty cap, \u00e9 uma esp\u00e9cie de fungo que produz os compostos psicoativos psilocibina e biocitina. \u00c9 um dos cogumelos psilocibinos mais amplamente distribu\u00eddos na natureza e um dos mais potentes Compre cogumelos m\u00e1gicos online. Eles t\u00eam um cone distinto para o chap\u00e9u em forma de sino. At\u00e9 2,5 cm (1,0 pol) de di\u00e2metro, com uma pequena protrus\u00e3o semelhante a um mamilo no topo. Eles s\u00e3o amarelos a marrons, cobertos com sulcos radiais quando \u00famidos e desbotam para uma cor mais clara \u00e0 medida que amadurecem. Seu estipe tende a ser fino e longo, e da mesma cor ou ligeiramente mais claro que o chap\u00e9u. Cogumelo Liberty Caps Compre Liberty Caps online \u2013 Compre cogumelos m\u00e1gicos \u2013 Cogumelos Liberty Tops na web O cogumelo Liberty Caps \u00e9 um cogumelo alucin\u00f3geno que cont\u00e9m as misturas psicoativas e de psilocibina. No momento em que o topo est\u00e1 seco, ele se torna muito mais claro, uma tonalidade amarelo-terrosa clara. Tamb\u00e9m \u00e9 chamado de cogumelo m\u00e1gico. Para quaisquer perguntas ou assist\u00eancia adicional, n\u00e3o hesite em entrar em contato com nossa equipe de suporte ao cliente. Obrigado por escolher a Farm\u00e1cia do Dr. Lawson. Estamos comprometidos em fornecer a voc\u00ea os melhores produtos e servi\u00e7os para todas as suas necessidades farmac\u00eauticas.<\/p>\n","protected":false},"excerpt":{"rendered":"<p>Nossos Liberty Caps s\u00e3o adquiridos de fornecedores confi\u00e1veis \u200b\u200be s\u00e3o da mais alta qualidade. Garantimos que todos os produtos atendem a rigorosos padr\u00f5es de controle de qualidade para garantir que voc\u00ea receba um produto potente e eficaz. <\/p>\n","protected":false},"featured_media":19751,"comment_status":"open","ping_status":"closed","template":"","meta":{"om_disable_all_campaigns":false,"_sitemap_exclude":false,"_sitemap_priority":"","_sitemap_frequency":"","_monsterinsights_skip_tracking":false,"_monsterinsights_sitenote_active":false,"_monsterinsights_sitenote_note":"","_monsterinsights_sitenote_category":0},"product_cat":[34760],"product_tag":[34892,34890,34885,34871,34872,34878,34888,34875,34880,34874,34889,34891,34881,34879,34883,34887,34884,34886,34882,34873,34877,34876],"class_list":{"0":"post-34276","1":"product","2":"type-product","3":"status-publish","4":"has-post-thumbnail","6":"product_cat-cogumelos-magicos","7":"product_tag-avaliacao-da-liberty-caps-europe","8":"product_tag-bones-liberty-autenticos-europa","9":"product_tag-bones-liberty-baratos-europa","10":"product_tag-compre-bones-liberty","11":"product_tag-compre-liberty-caps-online","12":"product_tag-compre-liberty-caps-online-na-europa","13":"product_tag-desconto-liberty-caps-europe","14":"product_tag-efeitos-dos-liberty-caps","15":"product_tag-encomendar-liberty-caps-eu","16":"product_tag-encomende-liberty-caps-online","17":"product_tag-entrega-da-liberty-caps-na-europa","18":"product_tag-fornecedores-da-liberty-caps-europe","19":"product_tag-liberty-caps-frete-gratis-europa","20":"product_tag-liberty-caps-melhor-preco-europa","21":"product_tag-liquidacao-da-liberty-caps-europe","22":"product_tag-loja-liberty-caps-europa","23":"product_tag-loja-online-liberty-caps-europa","24":"product_tag-ofertas-da-liberty-caps-europe","25":"product_tag-onde-comprar-liberty-caps-europa","26":"product_tag-onde-comprar-liberty-caps-online","27":"product_tag-quanto-custa-liberty-caps","28":"product_tag-vendas-online-de-bones-liberty","30":"first","31":"instock","32":"shipping-taxable","33":"purchasable","34":"product-type-variable","35":"farmacie-col"},"aioseo_notices":[],"_links":{"self":[{"href":"https:\/\/lacasadelamedicina.es\/pt-br\/wp-json\/wp\/v2\/product\/34276"}],"collection":[{"href":"https:\/\/lacasadelamedicina.es\/pt-br\/wp-json\/wp\/v2\/product"}],"about":[{"href":"https:\/\/lacasadelamedicina.es\/pt-br\/wp-json\/wp\/v2\/types\/product"}],"replies":[{"embeddable":true,"href":"https:\/\/lacasadelamedicina.es\/pt-br\/wp-json\/wp\/v2\/comments?post=34276"}],"wp:featuredmedia":[{"embeddable":true,"href":"https:\/\/lacasadelamedicina.es\/pt-br\/wp-json\/wp\/v2\/media\/19751"}],"wp:attachment":[{"href":"https:\/\/lacasadelamedicina.es\/pt-br\/wp-json\/wp\/v2\/media?parent=34276"}],"wp:term":[{"taxonomy":"product_cat","embeddable":true,"href":"https:\/\/lacasadelamedicina.es\/pt-br\/wp-json\/wp\/v2\/product_cat?post=34276"},{"taxonomy":"product_tag","embeddable":true,"href":"https:\/\/lacasadelamedicina.es\/pt-br\/wp-json\/wp\/v2\/product_tag?post=34276"}],"curies":[{"name":"wp","href":"https:\/\/api.w.org\/{rel}","templated":true}]}}