{"id":34275,"date":"2024-08-10T10:17:18","date_gmt":"2024-08-10T10:17:18","guid":{"rendered":"https:\/\/lacasadelamedicina.es\/product\/compre-cogumelos-magicos-online\/"},"modified":"2024-08-10T10:17:18","modified_gmt":"2024-08-10T10:17:18","slug":"compre-cogumelos-magicos-online","status":"publish","type":"product","link":"https:\/\/lacasadelamedicina.es\/pt-br\/produto\/compre-cogumelos-magicos-online\/","title":{"rendered":"Compre cogumelos m\u00e1gicos online"},"content":{"rendered":"<h3>Compre cogumelos m\u00e1gicos online<\/h3>\n<p> Compre cogumelos m\u00e1gicos dos EUA. Psilocybe cubensis \u00e9 uma esp\u00e9cie de cogumelo psicod\u00e9lico cujos principais compostos ativos s\u00e3o psilocibina e psilocina. Comumente chamado de cogumelos, cogumelos m\u00e1gicos, topos dourados, cubos ou c\u00e1psulas douradas, pertence \u00e0 fam\u00edlia de fungos Hymenogastraceae e \u00e9 conhecido anteriormente como Stropharia cogenesis. Psilocybe cogenesis \u00e9 uma esp\u00e9cie de cogumelo psicod\u00e9lico cujos principais compostos ativos s\u00e3o psilocibina e psilocina. Comumente chamado de cogumelos, cogumelos m\u00e1gicos, topos dourados, cubos ou c\u00e1psulas douradas, pertence \u00e0 fam\u00edlia de fungos Hymenogastraceae e \u00e9 conhecido anteriormente como Stropharia cogenesis. Cogumelos m\u00e1gicos s\u00e3o cogumelos selvagens ou cultivados que cont\u00eam psilocibina, um composto psicoativo e alucin\u00f3geno de ocorr\u00eancia natural. A psilocibina \u00e9 considerada um dos psicod\u00e9licos mais conhecidos, de acordo com a Substance Abuse and Mental Health Services Administrations.       <\/p>\n<h3>O que \u00e9 psilocibina (cogumelos m\u00e1gicos)?<\/h3>\n<p> Psilocibina (4-fosforiloxi-N, N-dimetiltriptamina) e psilocina s\u00e3o compostos qu\u00edmicos obtidos de certos tipos de cogumelos alucin\u00f3genos secos ou frescos encontrados no M\u00e9xico, Am\u00e9rica do Sul e regi\u00f5es sul e noroeste dos Estados Unidos. A psilocibina \u00e9 classificada como uma indol-alquilamina (triptamina). Esses compostos t\u00eam estrutura semelhante \u00e0 dietilamida do \u00e1cido lis\u00e9rgico (LSD) e s\u00e3o abusados \u200b\u200bpor seus efeitos alucin\u00f3genos e euf\u00f3ricos para produzir uma &#8220;viagem&#8221;. Os efeitos alucin\u00f3genos (psicod\u00e9licos) s\u00e3o provavelmente devidos \u00e0 a\u00e7\u00e3o nos receptores de serotonina (5-HT) do sistema nervoso central. Existem mais de 180 esp\u00e9cies de cogumelos que cont\u00eam os produtos qu\u00edmicos psilocibina ou psilocina. Como o peiote (mescalina), os cogumelos alucin\u00f3genos t\u00eam sido usados \u200b\u200bem ritos nativos ou religiosos h\u00e1 s\u00e9culos. Tanto a psilocibina quanto a psilocina tamb\u00e9m podem ser produzidas sinteticamente em laborat\u00f3rio. Houve relatos de que a psilocibina comprada nas ruas pode, na verdade, ser outras esp\u00e9cies de cogumelos misturadas com LSD.        <\/p>\n<h3>M\u00e9todos de uso de psilocibina<\/h3>\n<p> &#8220;Cogumelos M\u00e1gicos&#8221; t\u00eam caules longos e finos que podem parecer brancos ou acinzentados, cobertos por chap\u00e9us com guelras escuras na parte inferior. Cogumelos secos geralmente s\u00e3o de cor marrom ferrugem avermelhada com \u00e1reas isoladas de branco-sujo. Os cogumelos s\u00e3o ingeridos oralmente e podem ser feitos em ch\u00e1 ou misturados a outros alimentos. Os cogumelos podem ser usados \u200b\u200bcomo produto fresco ou seco. A psilocibina tem um sabor amargo e desagrad\u00e1vel.<\/p>\n","protected":false},"excerpt":{"rendered":"<p>Compre cogumelos m\u00e1gicos online Compre cogumelos m\u00e1gicos dos EUA. Psilocybe cubensis \u00e9 uma esp\u00e9cie de cogumelo psicod\u00e9lico cujos principais compostos ativos s\u00e3o psilocibina e psilocina. Comumente chamado de cogumelos, cogumelos m\u00e1gicos, topos dourados, cubos ou c\u00e1psulas douradas, pertence \u00e0 fam\u00edlia de fungos Hymenogastraceae e \u00e9 conhecido anteriormente como Stropharia cogenesis. Psilocybe cogenesis \u00e9 uma esp\u00e9cie [&hellip;]<\/p>\n","protected":false},"featured_media":19766,"comment_status":"open","ping_status":"closed","template":"","meta":{"om_disable_all_campaigns":false,"_sitemap_exclude":false,"_sitemap_priority":"","_sitemap_frequency":"","_monsterinsights_skip_tracking":false,"_monsterinsights_sitenote_active":false,"_monsterinsights_sitenote_note":"","_monsterinsights_sitenote_category":0},"product_cat":[34760],"product_tag":[34868,34863,34859,34857,34861,34850,34849,34856,34870,34866,34853,34858,34852,34867,34869,34865,34862,34864,34860,34851,34855,34854],"class_list":{"0":"post-34275","1":"product","2":"type-product","3":"status-publish","4":"has-post-thumbnail","6":"product_cat-cogumelos-magicos","7":"product_tag-cogumelos-magicos-autenticos-europa","8":"product_tag-cogumelos-magicos-baratos-europa","9":"product_tag-cogumelos-magicos-frete-gratis-europa","10":"product_tag-cogumelos-magicos-melhor-preco-europa","11":"product_tag-cogumelos-magicos-venda-europa","12":"product_tag-compre-cogumelos-magicos","13":"product_tag-compre-cogumelos-magicos-online","14":"product_tag-compre-cogumelos-magicos-online-na-europa","15":"product_tag-critica-do-magic-mushrooms-europe","16":"product_tag-desconto-magic-mushrooms-europe","17":"product_tag-efeitos-dos-cogumelos-magicos","18":"product_tag-encomendar-cogumelos-magicos-ue","19":"product_tag-encomende-cogumelos-magicos-online","20":"product_tag-entrega-de-cogumelos-magicos-na-europa","21":"product_tag-fornecedores-de-cogumelos-magicos-da-europa","22":"product_tag-loja-magic-mushrooms-europe","23":"product_tag-loja-online-magic-mushrooms-europa","24":"product_tag-ofertas-da-magic-mushrooms-europe","25":"product_tag-onde-comprar-cogumelos-magicos-na-europa","26":"product_tag-onde-comprar-cogumelos-magicos-online","27":"product_tag-quanto-custam-os-cogumelos-magicos","28":"product_tag-vendas-de-cogumelos-magicos-online","30":"first","31":"instock","32":"shipping-taxable","33":"purchasable","34":"product-type-simple","35":"farmacie-col"},"aioseo_notices":[],"_links":{"self":[{"href":"https:\/\/lacasadelamedicina.es\/pt-br\/wp-json\/wp\/v2\/product\/34275"}],"collection":[{"href":"https:\/\/lacasadelamedicina.es\/pt-br\/wp-json\/wp\/v2\/product"}],"about":[{"href":"https:\/\/lacasadelamedicina.es\/pt-br\/wp-json\/wp\/v2\/types\/product"}],"replies":[{"embeddable":true,"href":"https:\/\/lacasadelamedicina.es\/pt-br\/wp-json\/wp\/v2\/comments?post=34275"}],"wp:featuredmedia":[{"embeddable":true,"href":"https:\/\/lacasadelamedicina.es\/pt-br\/wp-json\/wp\/v2\/media\/19766"}],"wp:attachment":[{"href":"https:\/\/lacasadelamedicina.es\/pt-br\/wp-json\/wp\/v2\/media?parent=34275"}],"wp:term":[{"taxonomy":"product_cat","embeddable":true,"href":"https:\/\/lacasadelamedicina.es\/pt-br\/wp-json\/wp\/v2\/product_cat?post=34275"},{"taxonomy":"product_tag","embeddable":true,"href":"https:\/\/lacasadelamedicina.es\/pt-br\/wp-json\/wp\/v2\/product_tag?post=34275"}],"curies":[{"name":"wp","href":"https:\/\/api.w.org\/{rel}","templated":true}]}}