{"id":34266,"date":"2024-08-10T10:33:02","date_gmt":"2024-08-10T10:33:02","guid":{"rendered":"https:\/\/lacasadelamedicina.es\/product\/compre-cogumelo-magico-mazatapec-online\/"},"modified":"2024-08-10T10:33:02","modified_gmt":"2024-08-10T10:33:02","slug":"compre-cogumelo-magico-mazatapec-online","status":"publish","type":"product","link":"https:\/\/lacasadelamedicina.es\/pt-br\/produto\/compre-cogumelo-magico-mazatapec-online\/","title":{"rendered":"Compre Cogumelo M\u00e1gico Mazatapec Online"},"content":{"rendered":"<h3>Cogumelo M\u00e1gico Mazatapec<\/h3>\n<p> Compre cogumelo mazatapec online. Um cogumelo com psilocibina, tamb\u00e9m conhecido como cogumelo m\u00e1gico ou cogumelo psicod\u00e9lico, cont\u00e9m psilocibina e psilocina. G\u00eaneros biol\u00f3gicos que cont\u00eam cogumelos com psilocibina incluem Copelandia, Gymnopilus, Inocybe, Panaeolus, Pholiotina, Pluteus e Psilocybe. Os cogumelos alteram o c\u00e9rebro quimicamente. Geralmente, seus efeitos duram de 6 a 7 horas e os efeitos podem ser notados mesmo ap\u00f3s 24 horas. Os cogumelos m\u00e1gicos Mazatapec s\u00e3o uma das duas cepas muito populares que v\u00eam do M\u00e9xico. Esses cogumelos produzem uma jornada espiritual muito poderosa e s\u00e3o suaves para o corpo. Comparados a algumas outras cepas, os cogumelos Mazatepec n\u00e3o diminuem tanto a temperatura do seu corpo e os usu\u00e1rios tamb\u00e9m relataram que apertam menos suas mand\u00edbulas com essa cepa. Isso, por sua vez, permitir\u00e1 que voc\u00ea aproveite sua jornada espiritual com menos distra\u00e7\u00f5es. A apar\u00eancia desses cogumelos \u00e9 caracterizada por suas tampas marrom-claras a escuras combinadas com um caule de tamanho m\u00e9dio.         <\/p>\n<h4>Hist\u00f3ria do Mazatapec<\/h4>\n<p> Encontrado em Oaxaca, M\u00e9xico, o povo ind\u00edgena Mazatec usa esses cogumelos m\u00e1gicos para cerim\u00f4nias espirituais e ritual\u00edsticas. \u00c9 uma cepa constante que tem sido usada por gera\u00e7\u00f5es. A cepa Mazatapec tamb\u00e9m \u00e9 um dos primeiros cogumelos psilocibinos introduzidos no mundo ocidental. Compre cogumelo Mazatapec online Efeitos do Mazatapec Cubensis O Mazatapec Cubensis \u00e9 \u00f3timo para iniciantes e veteranos. Ele oferece uma experi\u00eancia psicoativa completa com um impacto suave no corpo. Os efeitos aumentam sua criatividade e pensamentos originais. Al\u00e9m disso, melhora o comportamento social e os bons sentimentos. Voc\u00ea ter\u00e1 alucina\u00e7\u00f5es visuais com os olhos fechados ou abertos. Os visuais incluir\u00e3o varia\u00e7\u00f5es de forma e cor, bem como fractais e formas.        <\/p>\n<h3>Guia de dosagem<\/h3>\n<p> Dose criativa: 0,5 gramas a 1,25 gramas Dose recreativa m\u00e9dia: 1,5 gramas a 2 gramas Dose recreativa completa: 2 gramas a 3,5 gramas Dose recreativa completa experiente: 3,5 gramas a 5 gramas Dose her\u00f3ica: 5 gramas a 7+ gramas &nbsp;<\/p>\n","protected":false},"excerpt":{"rendered":"<p>Cogumelo M\u00e1gico Mazatapec Compre cogumelo mazatapec online. Um cogumelo com psilocibina, tamb\u00e9m conhecido como cogumelo m\u00e1gico ou cogumelo psicod\u00e9lico, cont\u00e9m psilocibina e psilocina. G\u00eaneros biol\u00f3gicos que cont\u00eam cogumelos com psilocibina incluem Copelandia, Gymnopilus, Inocybe, Panaeolus, Pholiotina, Pluteus e Psilocybe. Os cogumelos alteram o c\u00e9rebro quimicamente. Geralmente, seus efeitos duram de 6 a 7 horas e [&hellip;]<\/p>\n","protected":false},"featured_media":14905,"comment_status":"open","ping_status":"closed","template":"","meta":{"om_disable_all_campaigns":false,"_sitemap_exclude":false,"_sitemap_priority":"","_sitemap_frequency":"","_monsterinsights_skip_tracking":false,"_monsterinsights_sitenote_active":false,"_monsterinsights_sitenote_note":"","_monsterinsights_sitenote_category":0},"product_cat":[34760],"product_tag":[34826,34817,34824,34819,34815,34813,34805,34806,34812,34822,34809,34814,34808,34823,34825,34821,34818,34820,34816,34807,34811,34810],"class_list":{"0":"post-34266","1":"product","2":"type-product","3":"status-publish","4":"has-post-thumbnail","6":"product_cat-cogumelos-magicos","7":"product_tag-analise-do-cogumelo-magico-mazatapec-europe","8":"product_tag-cogumelo-magico-mazatapec-a-venda-na-europa","9":"product_tag-cogumelo-magico-mazatapec-autentico-europa","10":"product_tag-cogumelo-magico-mazatapec-barato-europa","11":"product_tag-cogumelo-magico-mazatapec-frete-gratis-europa","12":"product_tag-cogumelo-magico-mazatapec-melhor-preco-europa","13":"product_tag-compre-cogumelo-magico-mazatapec","14":"product_tag-compre-cogumelo-magico-mazatapec-online","15":"product_tag-compre-cogumelo-magico-mazatapec-online-europa","16":"product_tag-desconto-mazatapec-magic-mushroom-europe","17":"product_tag-efeitos-do-cogumelo-magico-mazatapec","18":"product_tag-encomendar-cogumelo-magico-mazatapec-ue","19":"product_tag-encomende-cogumelo-magico-mazatapec-online","20":"product_tag-entrega-de-cogumelo-magico-mazatapec-na-europa","21":"product_tag-fornecedores-de-cogumelos-magicos-mazatapec-na-europa","22":"product_tag-loja-mazatapec-magic-mushroom-europe","23":"product_tag-loja-online-mazatapec-magic-mushroom-europa","24":"product_tag-ofertas-de-cogumelos-magicos-mazatapec-na-europa","25":"product_tag-onde-comprar-mazatapec-magic-mushroom-europa","26":"product_tag-onde-comprar-mazatapec-magic-mushroom-online","27":"product_tag-quanto-custa-o-cogumelo-magico-mazatapec","28":"product_tag-vendas-de-cogumelos-magicos-mazatapec-online","30":"first","31":"instock","32":"shipping-taxable","33":"purchasable","34":"product-type-simple","35":"farmacie-col"},"aioseo_notices":[],"_links":{"self":[{"href":"https:\/\/lacasadelamedicina.es\/pt-br\/wp-json\/wp\/v2\/product\/34266"}],"collection":[{"href":"https:\/\/lacasadelamedicina.es\/pt-br\/wp-json\/wp\/v2\/product"}],"about":[{"href":"https:\/\/lacasadelamedicina.es\/pt-br\/wp-json\/wp\/v2\/types\/product"}],"replies":[{"embeddable":true,"href":"https:\/\/lacasadelamedicina.es\/pt-br\/wp-json\/wp\/v2\/comments?post=34266"}],"wp:featuredmedia":[{"embeddable":true,"href":"https:\/\/lacasadelamedicina.es\/pt-br\/wp-json\/wp\/v2\/media\/14905"}],"wp:attachment":[{"href":"https:\/\/lacasadelamedicina.es\/pt-br\/wp-json\/wp\/v2\/media?parent=34266"}],"wp:term":[{"taxonomy":"product_cat","embeddable":true,"href":"https:\/\/lacasadelamedicina.es\/pt-br\/wp-json\/wp\/v2\/product_cat?post=34266"},{"taxonomy":"product_tag","embeddable":true,"href":"https:\/\/lacasadelamedicina.es\/pt-br\/wp-json\/wp\/v2\/product_tag?post=34266"}],"curies":[{"name":"wp","href":"https:\/\/api.w.org\/{rel}","templated":true}]}}