{"id":34259,"date":"2024-08-10T10:46:42","date_gmt":"2024-08-10T10:46:42","guid":{"rendered":"https:\/\/lacasadelamedicina.es\/product\/por-penis-envy-mushrooms-online\/"},"modified":"2024-08-10T10:46:42","modified_gmt":"2024-08-10T10:46:42","slug":"por-penis-envy-mushrooms-online","status":"publish","type":"product","link":"https:\/\/lacasadelamedicina.es\/pt-br\/produto\/por-penis-envy-mushrooms-online\/","title":{"rendered":"Por Penis Envy Mushrooms Online"},"content":{"rendered":"<h3>Por Penis Envy Mushrooms Online<\/h3>\n<p> Compre cogumelos penis envy online. Psilocybe cubensis \u00e9 uma esp\u00e9cie de cogumelo psicod\u00e9lico cujos principais compostos ativos s\u00e3o psilocibina e psilocina. Comumente chamados de cogumelos, cogumelos m\u00e1gicos, topos dourados, cubos ou c\u00e1psulas douradas. Os cogumelos Supa Envy far\u00e3o voc\u00ea experimentar viagens de n\u00edvel 4-5 que o levar\u00e3o a uma dimens\u00e3o diferente por horas. O Penis Envy \u00e9 um vencedor absoluto&#8230; Forte e muito visual. Al\u00e9m de sua maior pot\u00eancia, o Penis Envy parece diferente. N\u00e3o \u00e9 necess\u00e1rio nenhum palpite, sua apar\u00eancia em forma de falo o torna realmente algo diferente. A melhor coisa \u00e9 que voc\u00ea tamb\u00e9m pode cultivar esses cogumelos m\u00e1gicos. O Penis Envy \u00e9 uma cepa de cogumelo m\u00e1gico muito potente que \u00e9 conhecida por ter uma quantidade maior. Compre cogumelos penis envy online. Os cogumelos penis envy s\u00e3o uma das 180 esp\u00e9cies de cogumelos do g\u00eanero Psilocybe e crescem em v\u00e1rios ambientes. O cogumelo da inveja do p\u00eanis tamb\u00e9m \u00e9 conhecido pelos nomes de Discos Voadores, Psilocibo \u00cdndigo, Azzies e Anjos Azuis.            <strong>O que diferencia nossos cogumelos m\u00e1gicos Penis Envy?<\/strong><\/p>\n<ol>\n<li><strong>Garantia legal e testada em laborat\u00f3rio<\/strong>: Na Farm\u00e1cia Dr. Lawson, todos os nossos produtos, incluindo os cativantes cogumelos Penis Envy, s\u00e3o exaustivamente testados para garantir que estejam livres de psilocibina, psilocina, 4-ACO-DMT, Amanita muscaria, canabinoides e outros produtos qu\u00edmicos de pesquisa. Esses testes rigorosos garantem que nossas ofertas atendam aos mais altos padr\u00f5es de seguran\u00e7a e legalidade. <\/li>\n<li><strong>Cultivo inovador<\/strong>: Nossos cogumelos Penis Envy s\u00e3o criados por meio de t\u00e9cnicas avan\u00e7adas de cultivo que se concentram na manipula\u00e7\u00e3o da composi\u00e7\u00e3o gen\u00e9tica para criar uma cepa &#8220;n\u00e3o detectada&#8221;. Isso significa que nossos cogumelos s\u00e3o desprovidos de psilocibina e psilocina, ao mesmo tempo em que preservam as qualidades \u00fanicas que os tornam procurados. <\/li>\n<li><strong>Perfil alcaloide aprimorado<\/strong>: O que torna nossos cogumelos Penis Envy realmente especiais s\u00e3o seus n\u00edveis elevados de outros alcaloides naturais. Esses compostos contribuem para uma experi\u00eancia psicod\u00e9lica intensa e envolvente, proporcionando os efeitos profundos que os usu\u00e1rios m\u00e9dicos e recreativos buscam. <\/li>\n<li><strong>Diversa Gama de Produtos<\/strong>: Al\u00e9m dos nossos cogumelos Penis Envy, a Farm\u00e1cia Dr. Lawson oferece uma variedade de outros produtos de cogumelos m\u00e1gicos, incluindo gomas e c\u00e1psulas de microdoses. Cada produto \u00e9 criado com o mesmo compromisso com a qualidade e a seguran\u00e7a. <\/li>\n<\/ol>\n<p> Compre cogumelos da inveja do p\u00eanis online hoje. O cogumelo da inveja do p\u00eanis cont\u00e9m 0,4% de baeocistina, 1,8% de psilocibina e 0,5% de psilocina. \u00c9 a esp\u00e9cie mais potente para sintetizar triptamina. Por exemplo, esta esp\u00e9cie \u00e9 3 vezes mais potente que Psilocybe Cubensis Psilocybe Cyanscens <strong>Explore as caracter\u00edsticas \u00fanicas dos nossos cogumelos da inveja do p\u00eanis na Farm\u00e1cia do Dr. Lawson<\/strong> Nossos cogumelos da inveja do p\u00eanis apresentam caracter\u00edsticas excepcionais e raras que os diferenciam. Aqui est\u00e1 uma an\u00e1lise mais detalhada de suas caracter\u00edsticas distintivas:     <\/p>\n<ul>\n<li><strong>Esporos<\/strong>: Esses cogumelos possuem esporos que v\u00eam em dois tons distintos: preto-p\u00farpura e marrom-p\u00farpura escuro. Os esporos t\u00eam formato elipsoide, o que os distingue de outras esp\u00e9cies do mesmo g\u00eanero. <\/li>\n<li><strong>P\u00edleo (chap\u00e9u)<\/strong>: O p\u00edleo, ou chap\u00e9u, do cogumelo \u00e9 c\u00f4nico ou convexo em forma. Quando fresco, exibe uma cor marrom rica ou caramelo. \u00c0 medida que o cogumelo envelhece, a mancha escura profunda no centro do chap\u00e9u muda para um tom mais claro, semelhante a palha, \u00e0 medida que seca.  <\/li>\n<\/ul>\n<p> Na Farm\u00e1cia Dr. Lawson, temos o compromisso de oferecer cogumelos Penis Envy de alta qualidade com esses atributos exclusivos, garantindo um produto raro e not\u00e1vel.<\/p>\n","protected":false},"excerpt":{"rendered":"<p>O cogumelo Penis Envy foi descoberto em 1979 e, desde ent\u00e3o, pesquisadores publicaram v\u00e1rios artigos sobre ele. Por exemplo, em sua publica\u00e7\u00e3o de 1996, \u201cPsilocybin shrooms of the world\u201d, Paul Stamets nomeou a esp\u00e9cie Azurescens. O nome Azurescens \u00e9 uma tradu\u00e7\u00e3o livre para a cor azul ou azul do cogumelo.  <\/p>\n","protected":false},"featured_media":19796,"comment_status":"open","ping_status":"closed","template":"","meta":{"om_disable_all_campaigns":false,"_sitemap_exclude":false,"_sitemap_priority":"","_sitemap_frequency":"","_monsterinsights_skip_tracking":false,"_monsterinsights_sitenote_active":false,"_monsterinsights_sitenote_note":"","_monsterinsights_sitenote_category":0},"product_cat":[34760],"product_tag":[34782,34780,34775,34761,34762,34768,34778,34765,34764,34770,34779,34781,34774,34777,34772,34763,34771,34769,34776,34773,34767,34766],"class_list":{"0":"post-34259","1":"product","2":"type-product","3":"status-publish","4":"has-post-thumbnail","6":"product_cat-cogumelos-magicos","7":"product_tag-analise-do-penis-envy-mushrooms-europe","8":"product_tag-cogumelos-autenticos-penis-envy-europe","9":"product_tag-cogumelos-penis-envy-baratos-europa","10":"product_tag-compre-cogumelos-penis-envy","11":"product_tag-compre-cogumelos-penis-envy-online","12":"product_tag-compre-penis-envy-mushrooms-online-na-europa","13":"product_tag-desconto-penis-envy-mushrooms-europa","14":"product_tag-efeitos-dos-cogumelos-penis-envy","15":"product_tag-encomende-cogumelos-penis-envy-online","16":"product_tag-encomende-penis-envy-mushrooms-ue","17":"product_tag-entrega-de-cogumelos-penis-envy-na-europa","18":"product_tag-fornecedores-de-cogumelos-penis-envy-europe","19":"product_tag-loja-online-penis-envy-mushrooms-europa","20":"product_tag-loja-penis-envy-mushrooms-europa","21":"product_tag-onde-comprar-penis-envy-mushrooms-europa","22":"product_tag-onde-comprar-penis-envy-mushrooms-online","23":"product_tag-penis-envy-mushrooms-frete-gratis-europa","24":"product_tag-penis-envy-mushrooms-melhor-preco-europa","25":"product_tag-penis-envy-mushrooms-ofertas-na-europa","26":"product_tag-penis-envy-mushrooms-venda-na-europa","27":"product_tag-quanto-custa-o-penis-envy-mushrooms","28":"product_tag-vendas-de-cogumelos-penis-envy-online","30":"first","31":"instock","32":"shipping-taxable","33":"purchasable","34":"product-type-simple","35":"farmacie-col"},"aioseo_notices":[],"_links":{"self":[{"href":"https:\/\/lacasadelamedicina.es\/pt-br\/wp-json\/wp\/v2\/product\/34259"}],"collection":[{"href":"https:\/\/lacasadelamedicina.es\/pt-br\/wp-json\/wp\/v2\/product"}],"about":[{"href":"https:\/\/lacasadelamedicina.es\/pt-br\/wp-json\/wp\/v2\/types\/product"}],"replies":[{"embeddable":true,"href":"https:\/\/lacasadelamedicina.es\/pt-br\/wp-json\/wp\/v2\/comments?post=34259"}],"wp:featuredmedia":[{"embeddable":true,"href":"https:\/\/lacasadelamedicina.es\/pt-br\/wp-json\/wp\/v2\/media\/19796"}],"wp:attachment":[{"href":"https:\/\/lacasadelamedicina.es\/pt-br\/wp-json\/wp\/v2\/media?parent=34259"}],"wp:term":[{"taxonomy":"product_cat","embeddable":true,"href":"https:\/\/lacasadelamedicina.es\/pt-br\/wp-json\/wp\/v2\/product_cat?post=34259"},{"taxonomy":"product_tag","embeddable":true,"href":"https:\/\/lacasadelamedicina.es\/pt-br\/wp-json\/wp\/v2\/product_tag?post=34259"}],"curies":[{"name":"wp","href":"https:\/\/api.w.org\/{rel}","templated":true}]}}