{"id":34187,"date":"2024-08-10T19:23:17","date_gmt":"2024-08-10T19:23:17","guid":{"rendered":"https:\/\/lacasadelamedicina.es\/product\/compre-buprenorfina-online\/"},"modified":"2024-08-10T19:23:17","modified_gmt":"2024-08-10T19:23:17","slug":"compre-buprenorfina-online","status":"publish","type":"product","link":"https:\/\/lacasadelamedicina.es\/pt-br\/produto\/compre-buprenorfina-online\/","title":{"rendered":"Compre buprenorfina online"},"content":{"rendered":"<h1 class=\"product_title entry-title\">Compre buprenorfina online<\/h1>\n<p> Compre buprenorfina online. A buprenorfina \u00e9 usada para tratar transtorno do uso de opioides (OUD), dor aguda e dor cr\u00f4nica. Pode ser administrada em v\u00e1rias formas, incluindo sublingual (debaixo da l\u00edngua), bucal (na bochecha), inje\u00e7\u00f5es (intravenosas e subcut\u00e2neas), adesivos de pele (transd\u00e9rmicos) ou implantes. Para o tratamento de OUD, a buprenorfina s\u00f3 deve ser administrada quando o paciente estiver apresentando sintomas moderados de abstin\u00eancia de opioides e sob a supervis\u00e3o de um profissional de sa\u00fade. A buprenorfina ajuda a controlar o v\u00edcio em opioides reduzindo os desejos e os sintomas de abstin\u00eancia sem causar euforia ou efeitos colaterais graves, o que auxilia na preven\u00e7\u00e3o de reca\u00eddas. Ela atua como um substituto para a droga abusada, minimizando o desconforto e permitindo que os pacientes se concentrem em sua recupera\u00e7\u00e3o. A buprenorfina para OUD faz parte de um plano de tratamento abrangente que inclui aconselhamento e terapia comportamental. Para OUD, a buprenorfina est\u00e1 dispon\u00edvel como inje\u00e7\u00f5es de a\u00e7\u00e3o prolongada (Sublocade, Brixadi) e comprimidos sublinguais (Subutex, agora descontinuado, mas gen\u00e9ricos est\u00e3o dispon\u00edveis). No tratamento da dor, a buprenorfina \u00e9 usada para dor aguda grave e dor cr\u00f4nica moderada a grave n\u00e3o controlada por outros medicamentos. Est\u00e1 dispon\u00edvel como adesivos de pele (Butrans) e filmes bucais (Belbuca) para dor cr\u00f4nica, e como uma inje\u00e7\u00e3o (Buprenex) para dor aguda. A buprenorfina aparece em tr\u00eas formas:           <\/p>\n<ul>\n<li>Um filme retangular laranja com sabor de lim\u00e3o<\/li>\n<li>Comprimidos<\/li>\n<li>L\u00edquido<\/li>\n<\/ul>\n<p> As marcas incluem Belbuca, Brixadi, Buprenex, Buprenorfina, Butrans, Sublocade, Suboxone, Subutex e Zubsolv. <strong>Efeitos colaterais:<\/strong> Procure ajuda m\u00e9dica imediata se tiver sinais de uma rea\u00e7\u00e3o al\u00e9rgica, como urtic\u00e1ria, dificuldade para respirar ou incha\u00e7o no rosto, l\u00e1bios, l\u00edngua ou garganta. Os medicamentos opioides podem retardar ou parar a respira\u00e7\u00e3o, o que pode ser fatal. Certifique-se de que algu\u00e9m por perto possa administrar naloxona e procure atendimento m\u00e9dico de emerg\u00eancia se tiver respira\u00e7\u00e3o lenta, l\u00e1bios azuis ou dificuldade para acordar. Entre em contato com seu m\u00e9dico se tiver sintomas como abstin\u00eancia de opioides, problemas respirat\u00f3rios, batimento card\u00edaco lento, dor no peito, baixos n\u00edveis de cortisol ou problemas no f\u00edgado. Al\u00e9m disso, procure ajuda m\u00e9dica para sintomas de s\u00edndrome da serotonina, como agita\u00e7\u00e3o, alucina\u00e7\u00f5es, febre e rigidez muscular.     <strong>Efeitos colaterais comuns:<\/strong><\/p>\n<ul>\n<li>Constipa\u00e7\u00e3o<\/li>\n<li>N\u00e1usea<\/li>\n<li>V\u00f4mito<\/li>\n<li>Dor de cabe\u00e7a<\/li>\n<li>Aumento da transpira\u00e7\u00e3o<\/li>\n<li>Ins\u00f4nia<\/li>\n<li>Dor<\/li>\n<\/ul>\n<p><strong>Medicamentos para depend\u00eancia de opioides:<\/strong><\/p>\n<ul>\n<li>Buprenorfina: Sublocade (inje\u00e7\u00e3o subcut\u00e2nea), Probuphine (implante), Subutex (comprimidos sublinguais)<\/li>\n<li>Buprenorfina e naloxona: Bunavail (filme sublingual), Suboxone (filme sublingual e comprimidos), Zubsolv (comprimidos sublinguais)<\/li>\n<li>Lofexidina: Lucemyra (comprimidos)<\/li>\n<li>Naltrexona: Vivitrol (inje\u00e7\u00e3o IM), Naltrexona (comprimidos)<\/li>\n<\/ul>\n<p><strong>Medicamentos para dor intensa:<\/strong><\/p>\n<ul>\n<li>Buprenorfina: Buprenex (inje\u00e7\u00e3o IM e IV), Belbuca (filme bucal), Butrans (adesivo transd\u00e9rmico)<\/li>\n<li>Metadona: Dolofina (comprimidos)<\/li>\n<\/ul>\n<p><strong>Nomes de marcas e formas farmac\u00eauticas:<\/strong><\/p>\n<ul>\n<li>Brixadi: Inje\u00e7\u00e3o de libera\u00e7\u00e3o prolongada (subcut\u00e2nea), semanal ou mensal, para OUD<\/li>\n<li>Sublocade: Inje\u00e7\u00e3o de libera\u00e7\u00e3o prolongada (subcut\u00e2nea), mensal, para OUD<\/li>\n<li>Probuphine (descontinuado): Implante (subd\u00e9rmico), a cada seis meses, para depend\u00eancia de opioides<\/li>\n<li>Belbuca: Pel\u00edcula bucal, uma vez ao dia ou a cada 12 horas, para dor intensa<\/li>\n<li>Butrans: Sistema transd\u00e9rmico, a cada sete dias, para dores intensas<\/li>\n<li>Subutex (descontinuado): Comprimidos sublinguais, uma vez ao dia, para depend\u00eancia de opioides<\/li>\n<li>Buprenex: Inje\u00e7\u00e3o (intravenosa ou intramuscular), a cada 6 horas, para dor intensa<\/li>\n<\/ul>\n<p> Compre buprenorfina online ou descubra onde comprar buprenorfina online para mais detalhes sobre sua disponibilidade e op\u00e7\u00f5es de compra.<\/p>\n","protected":false},"excerpt":{"rendered":"<p>Compre buprenorfina online. A buprenorfina \u00e9 um medicamento essencial usado para tratar transtorno do uso de opioides (OUD), bem como para controlar dores agudas e cr\u00f4nicas. Voc\u00ea pode encontrar buprenorfina dispon\u00edvel para compra online.  <\/p>\n","protected":false},"featured_media":19841,"comment_status":"open","ping_status":"closed","template":"","meta":{"om_disable_all_campaigns":false,"_sitemap_exclude":false,"_sitemap_priority":"","_sitemap_frequency":"","_monsterinsights_skip_tracking":false,"_monsterinsights_sitenote_active":false,"_monsterinsights_sitenote_note":"","_monsterinsights_sitenote_category":0},"product_cat":[33327],"product_tag":[34668,34663,34659,34665,34657,34670,34649,34656,34650,33593,34666,34653,34658,34652,34667,34669,34662,34664,34660,34651,34655,34661,34654],"class_list":{"0":"post-34187","1":"product","2":"type-product","3":"status-publish","4":"has-post-thumbnail","6":"product_cat-analgesicos-pt-br","7":"product_tag-buprenorfina-autentica-europa-pt-br","8":"product_tag-buprenorfina-barata-europa","9":"product_tag-buprenorfina-frete-gratis-europa","10":"product_tag-buprenorfina-loja-europa","11":"product_tag-buprenorfina-melhor-preco-europa","12":"product_tag-buprenorfina-revisao-europa","13":"product_tag-comprar-buprenorfina-pt-br","14":"product_tag-comprar-buprenorfina-online-europa-pt-br","15":"product_tag-compre-buprenorfina-online","16":"product_tag-compre-suboxone-online","17":"product_tag-desconto-buprenorfina-europa","18":"product_tag-efeitos-da-buprenorfina","19":"product_tag-encomendar-buprenorfina-ue","20":"product_tag-encomende-buprenorfina-online","21":"product_tag-entrega-de-buprenorfina-na-europa","22":"product_tag-fornecedores-de-buprenorfina-na-europa","23":"product_tag-loja-online-de-buprenorfina-europa","24":"product_tag-ofertas-de-buprenorfina-na-europa","25":"product_tag-onde-comprar-buprenorfina-europa","26":"product_tag-onde-comprar-buprenorfina-online","27":"product_tag-quanto-custa-a-buprenorfina","28":"product_tag-venda-de-buprenorfina-na-europa","29":"product_tag-vendas-de-buprenorfina-online","31":"first","32":"instock","33":"shipping-taxable","34":"purchasable","35":"product-type-variable","36":"farmacie-col"},"aioseo_notices":[],"_links":{"self":[{"href":"https:\/\/lacasadelamedicina.es\/pt-br\/wp-json\/wp\/v2\/product\/34187"}],"collection":[{"href":"https:\/\/lacasadelamedicina.es\/pt-br\/wp-json\/wp\/v2\/product"}],"about":[{"href":"https:\/\/lacasadelamedicina.es\/pt-br\/wp-json\/wp\/v2\/types\/product"}],"replies":[{"embeddable":true,"href":"https:\/\/lacasadelamedicina.es\/pt-br\/wp-json\/wp\/v2\/comments?post=34187"}],"wp:featuredmedia":[{"embeddable":true,"href":"https:\/\/lacasadelamedicina.es\/pt-br\/wp-json\/wp\/v2\/media\/19841"}],"wp:attachment":[{"href":"https:\/\/lacasadelamedicina.es\/pt-br\/wp-json\/wp\/v2\/media?parent=34187"}],"wp:term":[{"taxonomy":"product_cat","embeddable":true,"href":"https:\/\/lacasadelamedicina.es\/pt-br\/wp-json\/wp\/v2\/product_cat?post=34187"},{"taxonomy":"product_tag","embeddable":true,"href":"https:\/\/lacasadelamedicina.es\/pt-br\/wp-json\/wp\/v2\/product_tag?post=34187"}],"curies":[{"name":"wp","href":"https:\/\/api.w.org\/{rel}","templated":true}]}}