{"id":34167,"date":"2024-08-10T19:38:26","date_gmt":"2024-08-10T19:38:26","guid":{"rendered":"https:\/\/lacasadelamedicina.es\/product\/comprar-demerol-online\/"},"modified":"2024-09-17T19:45:12","modified_gmt":"2024-09-17T19:45:12","slug":"comprar-demerol-online","status":"publish","type":"product","link":"https:\/\/lacasadelamedicina.es\/pt-br\/produto\/comprar-demerol-online\/","title":{"rendered":"Comprar Demerol Online"},"content":{"rendered":"<h1 class=\"product_title entry-title\">Comprar Demerol Online<\/h1>\n<p> Compre Demerol online. Demerol, tamb\u00e9m conhecido como cloridrato de meperidina, \u00e9 usado para controlar dores moderadas a intensas. Ele funciona ligando-se aos receptores opioides no sistema nervoso central, tornando-se um tipo de analg\u00e9sico e opioide. A meperidina \u00e9 eficaz para o al\u00edvio da dor quando outros medicamentos para dor s\u00e3o inadequados ou intoler\u00e1veis. Ele se enquadra na categoria de analg\u00e9sicos narc\u00f3ticos e atua no sistema nervoso central para aliviar a dor. No entanto, n\u00e3o \u00e9 recomendado para o tratamento da dor cr\u00f4nica. O uso prolongado de meperidina pode levar \u00e0 depend\u00eancia f\u00edsica ou mental. Embora o v\u00edcio mental seja menos comum quando usado adequadamente, a depend\u00eancia f\u00edsica pode causar sintomas de abstin\u00eancia se o tratamento for interrompido abruptamente. A redu\u00e7\u00e3o gradual da dose pode ajudar a evitar efeitos graves de abstin\u00eancia. O Demerol est\u00e1 dispon\u00edvel apenas por meio de um programa de distribui\u00e7\u00e3o restrito conhecido como programa Opioid Analgesic REMS (Risk Evaluation and Mitigation Strategy). <strong>Nome gen\u00e9rico:<\/strong> Meperidina <strong>Nome da marca:<\/strong> Demerol <strong>Classe do medicamento:<\/strong> Analg\u00e9sicos opioides, opioides sint\u00e9ticos <strong>Formas de dosagem:<\/strong> Xarope, comprimido, solu\u00e7\u00e3o <strong>Poss\u00edveis efeitos colaterais graves:<\/strong>         <\/p>\n<ul>\n<li>Frequ\u00eancia card\u00edaca lenta<\/li>\n<li>Respira\u00e7\u00e3o fraca ou superficial<\/li>\n<li>Pausas respirat\u00f3rias durante o sono<\/li>\n<li>Sonol\u00eancia severa<\/li>\n<li>Tontura<\/li>\n<li>Confus\u00e3o<\/li>\n<li>Mudan\u00e7as de humor<\/li>\n<li>Constipa\u00e7\u00e3o grave<\/li>\n<li>Tremores<\/li>\n<li>Movimentos musculares descontrolados<\/li>\n<li>Convuls\u00f5es<\/li>\n<li>N\u00e1useas e v\u00f4mitos<\/li>\n<li>Perda de apetite<\/li>\n<li>Tontura<\/li>\n<li>Agravamento da fadiga e fraqueza<\/li>\n<\/ul>\n<p> Procure atendimento m\u00e9dico imediato se sentir algum destes efeitos colaterais graves. <strong>Efeitos colaterais comuns:<\/strong><\/p>\n<ul>\n<li>Tontura<\/li>\n<li>Frequ\u00eancia card\u00edaca lenta<\/li>\n<li>Respira\u00e7\u00e3o fraca ou superficial<\/li>\n<li>Confus\u00e3o<\/li>\n<li>Tremores<\/li>\n<li>Movimentos musculares descontrolados<\/li>\n<li>Convuls\u00f5es<\/li>\n<li>Tontura<\/li>\n<li>Seda\u00e7\u00e3o<\/li>\n<li>Mudan\u00e7as de humor<\/li>\n<li>N\u00e1useas e v\u00f4mitos<\/li>\n<li>Suando<\/li>\n<li>Constipa\u00e7\u00e3o<\/li>\n<li>Perda de apetite<\/li>\n<li>Dor de cabe\u00e7a<\/li>\n<li>Fraqueza<\/li>\n<li>Boca seca<\/li>\n<li>Coceira<\/li>\n<li>Mic\u00e7\u00e3o reduzida<\/li>\n<li>Lavagem<\/li>\n<li>Sonol\u00eancia severa<\/li>\n<li>Diminui\u00e7\u00e3o do interesse em sexo<\/li>\n<\/ul>\n<p><strong>Efeitos colaterais graves que requerem aten\u00e7\u00e3o imediata:<\/strong><\/p>\n<ul>\n<li>Perda repentina da vis\u00e3o ou outros sintomas oculares graves<\/li>\n<li>Batimentos card\u00edacos r\u00e1pidos ou irregulares, palpita\u00e7\u00e3o no peito, falta de ar ou tontura repentina<\/li>\n<li>Dor de cabe\u00e7a intensa, confus\u00e3o, fala arrastada, fraqueza nos membros, dificuldade para caminhar, perda de coordena\u00e7\u00e3o, febre alta, suor abundante ou tremores<\/li>\n<\/ul>\n<p><strong>Dosagem:<\/strong> A dose t\u00edpica para adultos \u00e9 de 50 a 150 mg a cada 3 a 4 horas. <strong>Intera\u00e7\u00f5es medicamentosas:<\/strong> Demerol pode interagir com outros analg\u00e9sicos narc\u00f3ticos, sedativos, tranquilizantes, relaxantes musculares ou medicamentos que afetam a sonol\u00eancia ou a respira\u00e7\u00e3o. Informe seu m\u00e9dico sobre todos os medicamentos e suplementos que voc\u00ea est\u00e1 usando. <strong>Gravidez e amamenta\u00e7\u00e3o:<\/strong> Demerol n\u00e3o foi extensivamente estudado em mulheres gr\u00e1vidas. Ele causa depend\u00eancia e pode causar sintomas de abstin\u00eancia. Consulte seu m\u00e9dico se estiver gr\u00e1vida ou planejando engravidar. Demerol pode passar para o leite materno e potencialmente prejudicar um beb\u00ea amamentado, ent\u00e3o amamentar enquanto estiver usando Demerol n\u00e3o \u00e9 recomendado. Compre Demerol online ou encontre mais informa\u00e7\u00f5es sobre onde compr\u00e1-lo.<\/p>\n","protected":false},"excerpt":{"rendered":"<p>Compre Demerol Online. Demerol \u00e9 um medicamento usado para tratar dores moderadas a severas. Tabs de Demerol para venda online, onde comprar xarope de Demerol online.  <\/p>\n","protected":false},"featured_media":19856,"comment_status":"open","ping_status":"closed","template":"","meta":{"om_disable_all_campaigns":false,"_sitemap_exclude":false,"_sitemap_priority":"","_sitemap_frequency":"","_monsterinsights_skip_tracking":false,"_monsterinsights_sitenote_active":false,"_monsterinsights_sitenote_note":"","_monsterinsights_sitenote_category":0},"product_cat":[33327],"product_tag":[34583,34584,34590,34609,34599,34593,34591,34605,34587,34586,34607,34611,34603,34597,34601,34594,34585,34592,34589,34613,34595,34588],"class_list":{"0":"post-34167","1":"product","2":"type-product","3":"status-publish","4":"has-post-thumbnail","6":"product_cat-analgesicos-pt-br","7":"product_tag-comprar-demerol-pt-br","8":"product_tag-compre-demerol-online","9":"product_tag-compre-demerol-online-na-europa","10":"product_tag-demerol-autentico-europa","11":"product_tag-demerol-barato-europa","12":"product_tag-demerol-frete-gratis-europa","13":"product_tag-demerol-melhor-preco-europa","14":"product_tag-desconto-demerol-europa","15":"product_tag-efeitos-do-demerol","16":"product_tag-encomende-demerol-online","17":"product_tag-entrega-demerol-europa","18":"product_tag-fornecedores-da-demerol-europa","19":"product_tag-loja-demerol-europa","20":"product_tag-loja-online-demerol-europa","21":"product_tag-ofertas-demerol-europa","22":"product_tag-onde-comprar-demerol-europa","23":"product_tag-onde-comprar-demerol-online","24":"product_tag-order-demerol-eu-pt-br","25":"product_tag-quanto-custa-o-demerol","26":"product_tag-revisao-do-demerol-europe","27":"product_tag-venda-de-demerol-na-europa","28":"product_tag-vendas-de-demerol-online","30":"first","31":"instock","32":"shipping-taxable","33":"purchasable","34":"product-type-variable","35":"farmacie-col"},"aioseo_notices":[],"_links":{"self":[{"href":"https:\/\/lacasadelamedicina.es\/pt-br\/wp-json\/wp\/v2\/product\/34167"}],"collection":[{"href":"https:\/\/lacasadelamedicina.es\/pt-br\/wp-json\/wp\/v2\/product"}],"about":[{"href":"https:\/\/lacasadelamedicina.es\/pt-br\/wp-json\/wp\/v2\/types\/product"}],"replies":[{"embeddable":true,"href":"https:\/\/lacasadelamedicina.es\/pt-br\/wp-json\/wp\/v2\/comments?post=34167"}],"wp:featuredmedia":[{"embeddable":true,"href":"https:\/\/lacasadelamedicina.es\/pt-br\/wp-json\/wp\/v2\/media\/19856"}],"wp:attachment":[{"href":"https:\/\/lacasadelamedicina.es\/pt-br\/wp-json\/wp\/v2\/media?parent=34167"}],"wp:term":[{"taxonomy":"product_cat","embeddable":true,"href":"https:\/\/lacasadelamedicina.es\/pt-br\/wp-json\/wp\/v2\/product_cat?post=34167"},{"taxonomy":"product_tag","embeddable":true,"href":"https:\/\/lacasadelamedicina.es\/pt-br\/wp-json\/wp\/v2\/product_tag?post=34167"}],"curies":[{"name":"wp","href":"https:\/\/api.w.org\/{rel}","templated":true}]}}