{"id":34140,"date":"2024-08-10T19:51:54","date_gmt":"2024-08-10T19:51:54","guid":{"rendered":"https:\/\/lacasadelamedicina.es\/product\/compre-dextroanfetamina-online\/"},"modified":"2024-08-10T19:51:54","modified_gmt":"2024-08-10T19:51:54","slug":"compre-dextroanfetamina-online","status":"publish","type":"product","link":"https:\/\/lacasadelamedicina.es\/pt-br\/produto\/compre-dextroanfetamina-online\/","title":{"rendered":"Compre Dextroanfetamina Online"},"content":{"rendered":"<h1 class=\"product_title entry-title\">Compre Dextroanfetamina Online<\/h1>\n<p> Compre dextroanfetamina online. A dextroanfetamina \u00e9 usada para tratar narcolepsia e transtorno do d\u00e9ficit de aten\u00e7\u00e3o e hiperatividade (TDAH) e \u00e0s vezes \u00e9 prescrita off-label para depress\u00e3o e obesidade. Embora o uso prolongado de altas doses em animais possa causar danos ao sistema dopamin\u00e9rgico, doses terap\u00eauticas em humanos com TDAH geralmente apoiam o desenvolvimento do c\u00e9rebro e o crescimento dos nervos. <strong>Dextroanfetamina<\/strong> \u00e9 um medicamento de prescri\u00e7\u00e3o dispon\u00edvel em v\u00e1rias formas:   <\/p>\n<ul>\n<li><strong>Comprimidos orais<\/strong> (10 mg, 15 mg, 20 mg, 30 mg, 5 mg, 7,5 mg)<\/li>\n<li><strong>C\u00e1psulas de libera\u00e7\u00e3o prolongada<\/strong> (10 mg, 15 mg, 5 mg)<\/li>\n<li><strong>Solu\u00e7\u00e3o oral<\/strong> (5 mg\/5 mL)<\/li>\n<\/ul>\n<p> \u00c9 vendido sob v\u00e1rias marcas, incluindo Dexedrine Spansule, ProCentra, Xelstrym, Zenzedi, Dexedrine, Dextrostat e Liquadd. A forma de comprimido oral est\u00e1 dispon\u00edvel apenas em vers\u00f5es gen\u00e9ricas, que geralmente s\u00e3o mais baratas do que os medicamentos de marca. A dextroanfetamina pode ser usada sozinha ou como parte de uma terapia combinada com outros medicamentos. <strong>Efeitos colaterais:<\/strong> Procure ajuda m\u00e9dica de emerg\u00eancia se voc\u00ea sentir:   <\/p>\n<ul>\n<li>Rea\u00e7\u00f5es al\u00e9rgicas, como urtic\u00e1ria, dificuldade para respirar ou incha\u00e7o no rosto ou na garganta.<\/li>\n<li>Rea\u00e7\u00f5es cut\u00e2neas graves, incluindo febre, dor de garganta, dor na pele ou erup\u00e7\u00e3o cut\u00e2nea com bolhas e descama\u00e7\u00e3o.<\/li>\n<li>Sintomas de ataque card\u00edaco ou derrame, como dor no peito, dorm\u00eancia ou fraqueza, fala arrastada ou falta de ar.<\/li>\n<\/ul>\n<p> Efeitos colaterais graves podem incluir: <\/p>\n<ul>\n<li>Problemas card\u00edacos ou de circula\u00e7\u00e3o sangu\u00ednea, como dor no peito, dificuldade para respirar ou dorm\u00eancia nos dedos das m\u00e3os ou dos p\u00e9s.<\/li>\n<li>Sintomas de mania ou psicose, como alucina\u00e7\u00f5es, agress\u00e3o, paranoia ou diminui\u00e7\u00e3o da necessidade de sono.<\/li>\n<li>Convuls\u00f5es, espasmos musculares (tiques) ou altera\u00e7\u00f5es visuais.<\/li>\n<li>Irrita\u00e7\u00e3o da pele se for usado um adesivo.<\/li>\n<\/ul>\n<p> A dextroanfetamina pode afetar o crescimento em crian\u00e7as, portanto, monitore taxas de crescimento anormais e consulte seu m\u00e9dico se surgirem preocupa\u00e7\u00f5es. <strong>Efeitos colaterais comuns:<\/strong><\/p>\n<ul>\n<li>Boca seca<\/li>\n<li>Est\u00f4mago virado<\/li>\n<li>Perda de apetite e perda de peso<\/li>\n<li>Dor de cabe\u00e7a<\/li>\n<li>Tontura<\/li>\n<li>Ins\u00f4nia<\/li>\n<li>Irritabilidade<\/li>\n<li>Espasmos musculares<\/li>\n<li>N\u00e1useas e v\u00f4mitos<\/li>\n<li>Aumento da press\u00e3o arterial<\/li>\n<li>Tremores<\/li>\n<li>Batimentos card\u00edacos r\u00e1pidos<\/li>\n<\/ul>\n<p><strong>Sintomas de overdose:<\/strong><\/p>\n<ul>\n<li>Inquieta\u00e7\u00e3o e confus\u00e3o<\/li>\n<li>Comportamento agressivo<\/li>\n<li>Sentimentos de p\u00e2nico ou alucina\u00e7\u00f5es<\/li>\n<li>Respira\u00e7\u00e3o r\u00e1pida e tremores incontrol\u00e1veis<\/li>\n<li>Febre e urina vermelha escura<\/li>\n<li>Fraqueza muscular e fadiga<\/li>\n<li>Depress\u00e3o e batimentos card\u00edacos irregulares<\/li>\n<li>Tonturas e vis\u00e3o turva<\/li>\n<li>Dor de est\u00f4mago, v\u00f4mitos e diarreia<\/li>\n<li>Convuls\u00f5es e, em casos graves, coma<\/li>\n<\/ul>\n<p> Para mais detalhes sobre onde comprar dextroanfetamina online, consulte farm\u00e1cias online licenciadas ou vendedores autorizados.<\/p>\n","protected":false},"excerpt":{"rendered":"<p>Compre dextroanfetamina online. Dextroanfetamina \u00e9 um medicamento usado para tratar narcolepsia e transtorno de d\u00e9ficit de aten\u00e7\u00e3o e hiperatividade (TDAH). Est\u00e1 dispon\u00edvel para venda online. Para mais informa\u00e7\u00f5es sobre onde comprar dextroanfetamina, consulte farm\u00e1cias online ou vendedores autorizados.   <\/p>\n","protected":false},"featured_media":19871,"comment_status":"open","ping_status":"closed","template":"","meta":{"om_disable_all_campaigns":false,"_sitemap_exclude":false,"_sitemap_priority":"","_sitemap_frequency":"","_monsterinsights_skip_tracking":false,"_monsterinsights_sitenote_active":false,"_monsterinsights_sitenote_note":"","_monsterinsights_sitenote_category":0},"product_cat":[33327],"product_tag":[34517,34518,34524,34534,34536,34531,34527,34525,34521,34526,34520,34535,34537,34533,34530,34532,34528,34519,34523,34538,34529,34522],"class_list":{"0":"post-34140","1":"product","2":"type-product","3":"status-publish","4":"has-post-thumbnail","6":"product_cat-analgesicos-pt-br","7":"product_tag-comprar-dextroanfetamina-pt-br","8":"product_tag-compre-dextroanfetamina-online","9":"product_tag-compre-dextroanfetamina-online-europa","10":"product_tag-desconto-dextroanfetamina-europa","11":"product_tag-dextroanfetamina-autentica-europa","12":"product_tag-dextroanfetamina-barata-na-europa","13":"product_tag-dextroanfetamina-frete-gratis-europa","14":"product_tag-dextroanfetamina-melhor-preco-europa","15":"product_tag-efeitos-da-dextroanfetamina","16":"product_tag-encomendar-dextroanfetamina-ue","17":"product_tag-encomende-dextroanfetamina-online","18":"product_tag-entrega-de-dextroanfetamina-na-europa","19":"product_tag-fornecedores-de-dextroanfetamina-europa","20":"product_tag-loja-de-dextroanfetamina-na-europa","21":"product_tag-loja-online-de-dextroanfetamina-europa","22":"product_tag-ofertas-de-dextroanfetamina-na-europa","23":"product_tag-onde-comprar-dextroanfetamina-europa","24":"product_tag-onde-comprar-dextroanfetamina-online","25":"product_tag-quanto-custa-a-dextroanfetamina","26":"product_tag-revisao-da-dextroanfetamina-europa","27":"product_tag-venda-de-dextroanfetamina-na-europa","28":"product_tag-vendas-de-dextroanfetamina-online","30":"first","31":"instock","32":"shipping-taxable","33":"purchasable","34":"product-type-variable","35":"farmacie-col"},"aioseo_notices":[],"_links":{"self":[{"href":"https:\/\/lacasadelamedicina.es\/pt-br\/wp-json\/wp\/v2\/product\/34140"}],"collection":[{"href":"https:\/\/lacasadelamedicina.es\/pt-br\/wp-json\/wp\/v2\/product"}],"about":[{"href":"https:\/\/lacasadelamedicina.es\/pt-br\/wp-json\/wp\/v2\/types\/product"}],"replies":[{"embeddable":true,"href":"https:\/\/lacasadelamedicina.es\/pt-br\/wp-json\/wp\/v2\/comments?post=34140"}],"wp:featuredmedia":[{"embeddable":true,"href":"https:\/\/lacasadelamedicina.es\/pt-br\/wp-json\/wp\/v2\/media\/19871"}],"wp:attachment":[{"href":"https:\/\/lacasadelamedicina.es\/pt-br\/wp-json\/wp\/v2\/media?parent=34140"}],"wp:term":[{"taxonomy":"product_cat","embeddable":true,"href":"https:\/\/lacasadelamedicina.es\/pt-br\/wp-json\/wp\/v2\/product_cat?post=34140"},{"taxonomy":"product_tag","embeddable":true,"href":"https:\/\/lacasadelamedicina.es\/pt-br\/wp-json\/wp\/v2\/product_tag?post=34140"}],"curies":[{"name":"wp","href":"https:\/\/api.w.org\/{rel}","templated":true}]}}