{"id":33938,"date":"2024-08-11T12:03:31","date_gmt":"2024-08-11T12:03:31","guid":{"rendered":"https:\/\/lacasadelamedicina.es\/product\/compre-norco-online\/"},"modified":"2024-09-17T19:30:48","modified_gmt":"2024-09-17T19:30:48","slug":"compre-norco-online","status":"publish","type":"product","link":"https:\/\/lacasadelamedicina.es\/pt-br\/produto\/compre-norco-online\/","title":{"rendered":"Compre NORCO Online"},"content":{"rendered":"<h1 class=\"product_title entry-title\">Compre NORCO Online<\/h1>\n<p> Norco \u00e9 um medicamento de prescri\u00e7\u00e3o que combina hidrocodona e paracetamol, destinado ao controle da dor quando tratamentos n\u00e3o opioides n\u00e3o forneceram al\u00edvio suficiente. Ele vem em forma de comprimido e \u00e9 tomado por via oral, com efeitos geralmente come\u00e7ando em 30 minutos. Os efeitos colaterais comuns do Norco incluem tontura, sonol\u00eancia, n\u00e1usea, v\u00f4mito, constipa\u00e7\u00e3o e coceira. Efeitos colaterais adicionais podem incluir dores de cabe\u00e7a, fadiga, &#8220;n\u00e9voa cerebral&#8221;, dor abdominal e altera\u00e7\u00f5es na press\u00e3o arterial. Efeitos colaterais s\u00e9rios que requerem aten\u00e7\u00e3o m\u00e9dica imediata s\u00e3o:     <\/p>\n<ul>\n<li>Respira\u00e7\u00e3o lenta ou dif\u00edcil, colora\u00e7\u00e3o azulada nos l\u00e1bios ou extremidades<\/li>\n<li>Sintomas de overdose: falta de resposta, respira\u00e7\u00e3o lenta, sonol\u00eancia extrema, pele fria ou \u00famida, batimento card\u00edaco lento, dor abdominal superior, urina escura, icter\u00edcia<\/li>\n<li>Sintomas de abstin\u00eancia: ansiedade, pensamentos suicidas, inquieta\u00e7\u00e3o, coriza, bocejos, suor, calafrios, pupilas dilatadas, irritabilidade<\/li>\n<li>Rea\u00e7\u00f5es al\u00e9rgicas graves: erup\u00e7\u00e3o cut\u00e2nea, urtic\u00e1ria, bolhas, dificuldade para respirar, batimento card\u00edaco acelerado, tontura, calor repentino<\/li>\n<\/ul>\n<p> A constipa\u00e7\u00e3o \u00e9 um efeito colateral frequente do Norco. Para control\u00e1-la, garanta uma ingest\u00e3o adequada de \u00e1gua e incorpore mais fibras \u00e0 sua dieta. Se essas medidas forem insuficientes, consulte seu m\u00e9dico para poss\u00edveis tratamentos ou medicamentos alternativos. Evite \u00e1lcool enquanto estiver usando Norco, pois a combina\u00e7\u00e3o dos dois pode aumentar a sonol\u00eancia e a tontura, e pode prejudicar seu f\u00edgado. Siga sempre as instru\u00e7\u00f5es do seu m\u00e9dico sobre dosagem e uso. N\u00e3o altere sua dose ou interrompa o medicamento sem consultar seu m\u00e9dico, que pode reduzir gradualmente sua dose para minimizar os sintomas de abstin\u00eancia. Mantenha a naloxona (Narcan) prontamente dispon\u00edvel para neutralizar potenciais efeitos de overdose e eduque as pessoas pr\u00f3ximas a voc\u00ea sobre seu uso. Procure ajuda de emerg\u00eancia se a naloxona for administrada, pois seus efeitos s\u00e3o tempor\u00e1rios. Notifique seu m\u00e9dico se estiver gr\u00e1vida ou planeja engravidar, pois o Norco geralmente n\u00e3o \u00e9 recomendado durante a gravidez. Al\u00e9m disso, informe seu m\u00e9dico se estiver amamentando, pois o medicamento pode passar para o leite materno e representar riscos para seu beb\u00ea. Armazene Norco com seguran\u00e7a, fora do alcance de crian\u00e7as e animais de estima\u00e7\u00e3o, e use programas de devolu\u00e7\u00e3o de medicamentos para descartar qualquer medicamento n\u00e3o utilizado com seguran\u00e7a para evitar overdose acidental.<\/p>\n","protected":false},"excerpt":{"rendered":"<p>Compre Norco online. Norco \u00e9 um medicamento combinado que cont\u00e9m hidrocodona e acetaminofeno. \u00c9 usado para controlar a dor em pessoas que tentaram medicamentos n\u00e3o opioides, mas n\u00e3o obtiveram al\u00edvio suficiente.  <\/p>\n","protected":false},"featured_media":19991,"comment_status":"open","ping_status":"closed","template":"","meta":{"om_disable_all_campaigns":false,"_sitemap_exclude":false,"_sitemap_priority":"","_sitemap_frequency":"","_monsterinsights_skip_tracking":false,"_monsterinsights_sitenote_active":false,"_monsterinsights_sitenote_note":"","_monsterinsights_sitenote_category":0},"product_cat":[33327],"product_tag":[34163,34156,34142,34143,34149,34159,34146,34343,34160,34162,34158,34155,34152,34150,34157,34153,34144,34151,34145,34148,34154,34147],"class_list":{"0":"post-33938","1":"product","2":"type-product","3":"status-publish","4":"has-post-thumbnail","6":"product_cat-analgesicos-pt-br","7":"product_tag-analise-da-norco-europe","8":"product_tag-barato-norco-europa","9":"product_tag-comprar-norco-pt-br","10":"product_tag-compre-norco-online","11":"product_tag-compre-norco-online-na-europa","12":"product_tag-desconto-norco-europa","13":"product_tag-efeitos-do-norco","14":"product_tag-encomende-hidrocodona-online","15":"product_tag-entrega-norco-europa","16":"product_tag-fornecedores-da-norco-europa","17":"product_tag-loja-norco-europa","18":"product_tag-loja-online-norco-europa","19":"product_tag-norco-frete-gratis-europa","20":"product_tag-norco-melhor-preco-europa","21":"product_tag-ofertas-da-norco-europa","22":"product_tag-onde-comprar-norco-europa","23":"product_tag-onde-comprar-norco-online","24":"product_tag-order-norco-eu-pt-br","25":"product_tag-peca-norco-online","26":"product_tag-quanto-custa-o-norco","27":"product_tag-venda-norco-europa","28":"product_tag-vendas-norco-online","30":"first","31":"instock","32":"shipping-taxable","33":"purchasable","34":"product-type-variable","35":"farmacie-col"},"aioseo_notices":[],"_links":{"self":[{"href":"https:\/\/lacasadelamedicina.es\/pt-br\/wp-json\/wp\/v2\/product\/33938"}],"collection":[{"href":"https:\/\/lacasadelamedicina.es\/pt-br\/wp-json\/wp\/v2\/product"}],"about":[{"href":"https:\/\/lacasadelamedicina.es\/pt-br\/wp-json\/wp\/v2\/types\/product"}],"replies":[{"embeddable":true,"href":"https:\/\/lacasadelamedicina.es\/pt-br\/wp-json\/wp\/v2\/comments?post=33938"}],"wp:featuredmedia":[{"embeddable":true,"href":"https:\/\/lacasadelamedicina.es\/pt-br\/wp-json\/wp\/v2\/media\/19991"}],"wp:attachment":[{"href":"https:\/\/lacasadelamedicina.es\/pt-br\/wp-json\/wp\/v2\/media?parent=33938"}],"wp:term":[{"taxonomy":"product_cat","embeddable":true,"href":"https:\/\/lacasadelamedicina.es\/pt-br\/wp-json\/wp\/v2\/product_cat?post=33938"},{"taxonomy":"product_tag","embeddable":true,"href":"https:\/\/lacasadelamedicina.es\/pt-br\/wp-json\/wp\/v2\/product_tag?post=33938"}],"curies":[{"name":"wp","href":"https:\/\/api.w.org\/{rel}","templated":true}]}}