{"id":33738,"date":"2024-08-11T14:01:46","date_gmt":"2024-08-11T14:01:46","guid":{"rendered":"https:\/\/lacasadelamedicina.es\/product\/compre-ritalina-online\/"},"modified":"2024-08-11T14:01:46","modified_gmt":"2024-08-11T14:01:46","slug":"compre-ritalina-online","status":"publish","type":"product","link":"https:\/\/lacasadelamedicina.es\/pt-br\/produto\/compre-ritalina-online\/","title":{"rendered":"Compre Ritalina online"},"content":{"rendered":"<h1 class=\"product_title entry-title\">Compre Ritalina online<\/h1>\n<p><strong>Compre Ritalina Online<\/strong> A Ritalina \u00e9 um medicamento estimulante usado principalmente para tratar o transtorno do d\u00e9ficit de aten\u00e7\u00e3o e hiperatividade (TDAH) e, em menor grau, a narcolepsia. \u00c9 uma op\u00e7\u00e3o de tratamento essencial para o TDAH, dispon\u00edvel em diferentes formas com dura\u00e7\u00f5es de efeito variadas, geralmente variando de 2 a 4 horas. Embora a efic\u00e1cia da Ritalina para o TDAH seja compar\u00e1vel \u00e0 atomoxetina, ela \u00e9 geralmente considerada um pouco menos eficaz do que as anfetaminas.   <strong>Formas e dosagens dos medicamentos:<\/strong><\/p>\n<ul>\n<li><strong>Comprimidos orais de Ritalina:<\/strong>\n<ul>\n<li>5 mg<\/li>\n<li>10 mg<\/li>\n<li>20 mg<\/li>\n<\/ul>\n<\/li>\n<li><strong>C\u00e1psulas de libera\u00e7\u00e3o prolongada de Ritalina LA:<\/strong>\n<ul>\n<li>10 mg<\/li>\n<li>20 mg<\/li>\n<li>30 mg<\/li>\n<li>40 mg<\/li>\n<\/ul>\n<\/li>\n<\/ul>\n<p><strong>Detalhes do medicamento:<\/strong><\/p>\n<ul>\n<li><strong>Formas dispon\u00edveis:<\/strong> Comprimidos orais e c\u00e1psulas de libera\u00e7\u00e3o prolongada<\/li>\n<li><strong>Disponibilidade gen\u00e9rica:<\/strong> Sim, vers\u00f5es gen\u00e9ricas do Ritalin est\u00e3o dispon\u00edveis.<\/li>\n<li><strong>Ano de aprova\u00e7\u00e3o do FDA:<\/strong> 1955<\/li>\n<\/ul>\n<p> Tanto a Ritalina quanto a Ritalina LA cont\u00eam metilfenidato como ingrediente ativo. As vers\u00f5es gen\u00e9ricas s\u00e3o igualmente seguras e eficazes, mas geralmente s\u00e3o mais acess\u00edveis. Converse com seu m\u00e9dico se estiver pensando em mudar para uma vers\u00e3o gen\u00e9rica. <strong>Poss\u00edveis efeitos colaterais da Ritalina:<\/strong><strong>Efeitos colaterais leves:<\/strong>  <\/p>\n<ul>\n<li>Dor abdominal<\/li>\n<li>Boca seca<\/li>\n<li>Sudorese excessiva<\/li>\n<li>Dor de cabe\u00e7a<\/li>\n<li>Ins\u00f4nia<\/li>\n<li>N\u00e1usea<\/li>\n<li>Apetite reduzido<\/li>\n<li>Perda de peso<\/li>\n<li>Rea\u00e7\u00f5es al\u00e9rgicas leves<\/li>\n<\/ul>\n<p> Esses efeitos colaterais geralmente diminuem em alguns dias ou semanas. No entanto, se persistirem ou piorarem, consulte seu m\u00e9dico ou farmac\u00eautico. <strong>Efeitos colaterais graves:<\/strong> Efeitos colaterais graves s\u00e3o menos comuns, mas requerem aten\u00e7\u00e3o m\u00e9dica imediata. Entre em contato com seu m\u00e9dico se sentir algum dos seguintes:   <\/p>\n<ul>\n<li><strong>Problemas card\u00edacos e vasculares:<\/strong>\n<ul>\n<li>Palpita\u00e7\u00f5es card\u00edacas<\/li>\n<li>Aumento da frequ\u00eancia card\u00edaca<\/li>\n<li>Falta de ar<\/li>\n<li>Dor ou aperto no peito<\/li>\n<li>Fraqueza unilateral<\/li>\n<li>Dificuldade para falar<\/li>\n<\/ul>\n<\/li>\n<li><strong>Efeitos na sa\u00fade mental:<\/strong>\n<ul>\n<li>Ansiedade<\/li>\n<li>Psicose<\/li>\n<li>Transtorno bipolar<\/li>\n<li>Mania<\/li>\n<li>Alucina\u00e7\u00f5es<\/li>\n<li>Del\u00edrios<\/li>\n<\/ul>\n<\/li>\n<li><strong>Priapismo:<\/strong>\n<ul>\n<li>Ere\u00e7\u00e3o dolorosa ou prolongada com dura\u00e7\u00e3o superior a 4 horas<\/li>\n<\/ul>\n<\/li>\n<li><strong>Problemas circulat\u00f3rios:<\/strong>\n<ul>\n<li>Dor, incha\u00e7o, dorm\u00eancia ou descolora\u00e7\u00e3o nos dedos das m\u00e3os ou dos p\u00e9s<\/li>\n<li>\u00dalceras cut\u00e2neas nos dedos das m\u00e3os ou dos p\u00e9s<\/li>\n<\/ul>\n<\/li>\n<li><strong>Aumento da press\u00e3o arterial:<\/strong>\n<ul>\n<li>Frequentemente assintom\u00e1tico, mas requer monitoramento<\/li>\n<\/ul>\n<\/li>\n<li><strong>Risco de uso indevido e depend\u00eancia<\/strong><\/li>\n<li><strong>Rea\u00e7\u00f5es al\u00e9rgicas graves<\/strong><\/li>\n<\/ul>\n<p><strong>Riscos de overdose:<\/strong> Tomar mais do que a dose prescrita de Ritalina pode levar a efeitos colaterais graves. Os sintomas de overdose incluem:  <\/p>\n<ul>\n<li>Pupilas dilatadas<\/li>\n<li>N\u00e1useas, v\u00f4mitos ou diarreia<\/li>\n<li>Agita\u00e7\u00e3o, ansiedade, confus\u00e3o ou euforia<\/li>\n<li>Alucina\u00e7\u00f5es<\/li>\n<li>Tremores<\/li>\n<li>Flutua\u00e7\u00f5es da press\u00e3o arterial<\/li>\n<li>Ritmo card\u00edaco irregular<\/li>\n<li>Espasmos ou colapso muscular<\/li>\n<\/ul>\n<p>&nbsp;<\/p>\n","protected":false},"excerpt":{"rendered":"<p>Compre Ritalina online. Ritalina \u00e9 uma das op\u00e7\u00f5es comuns de tratamento usadas para transtorno de d\u00e9ficit de aten\u00e7\u00e3o e hiperatividade (TDAH). Ritalina \u00e0 venda online, onde comprar Ritalina online.  <\/p>\n","protected":false},"featured_media":20111,"comment_status":"open","ping_status":"closed","template":"","meta":{"om_disable_all_campaigns":false,"_sitemap_exclude":false,"_sitemap_priority":"","_sitemap_frequency":"","_monsterinsights_skip_tracking":false,"_monsterinsights_sitenote_active":false,"_monsterinsights_sitenote_note":"","_monsterinsights_sitenote_category":0},"product_cat":[33327],"product_tag":[33878,33879,33885,33882,33896,33898,33891,33894,33893,33889,33880,33881,33884,33899,33892,33888,33886,33890,33883],"class_list":{"0":"post-33738","1":"product","2":"type-product","3":"status-publish","4":"has-post-thumbnail","6":"product_cat-analgesicos-pt-br","7":"product_tag-comprar-ritalina","8":"product_tag-compre-ritalina-online","9":"product_tag-compre-ritalina-online-na-europa","10":"product_tag-efeitos-da-ritalina","11":"product_tag-entrega-de-ritalina-na-europa","12":"product_tag-fornecedores-de-ritalina-europa","13":"product_tag-loja-online-de-ritalina-europa","14":"product_tag-loja-ritalina-europa","15":"product_tag-ofertas-de-ritalina-na-europa","16":"product_tag-onde-comprar-ritalina-europa","17":"product_tag-onde-comprar-ritalina-online","18":"product_tag-peca-ritalina-online","19":"product_tag-quanto-custa-ritalina","20":"product_tag-revisao-do-ritalin-europe","21":"product_tag-ritalina-barata-na-europa","22":"product_tag-ritalina-frete-gratis-europa","23":"product_tag-ritalina-melhor-preco-europa","24":"product_tag-venda-de-ritalina-na-europa","25":"product_tag-vendas-de-ritalina-online","27":"first","28":"instock","29":"shipping-taxable","30":"purchasable","31":"product-type-variable","32":"farmacie-col"},"aioseo_notices":[],"_links":{"self":[{"href":"https:\/\/lacasadelamedicina.es\/pt-br\/wp-json\/wp\/v2\/product\/33738"}],"collection":[{"href":"https:\/\/lacasadelamedicina.es\/pt-br\/wp-json\/wp\/v2\/product"}],"about":[{"href":"https:\/\/lacasadelamedicina.es\/pt-br\/wp-json\/wp\/v2\/types\/product"}],"replies":[{"embeddable":true,"href":"https:\/\/lacasadelamedicina.es\/pt-br\/wp-json\/wp\/v2\/comments?post=33738"}],"wp:featuredmedia":[{"embeddable":true,"href":"https:\/\/lacasadelamedicina.es\/pt-br\/wp-json\/wp\/v2\/media\/20111"}],"wp:attachment":[{"href":"https:\/\/lacasadelamedicina.es\/pt-br\/wp-json\/wp\/v2\/media?parent=33738"}],"wp:term":[{"taxonomy":"product_cat","embeddable":true,"href":"https:\/\/lacasadelamedicina.es\/pt-br\/wp-json\/wp\/v2\/product_cat?post=33738"},{"taxonomy":"product_tag","embeddable":true,"href":"https:\/\/lacasadelamedicina.es\/pt-br\/wp-json\/wp\/v2\/product_tag?post=33738"}],"curies":[{"name":"wp","href":"https:\/\/api.w.org\/{rel}","templated":true}]}}