{"id":33641,"date":"2024-08-11T14:27:21","date_gmt":"2024-08-11T14:27:21","guid":{"rendered":"https:\/\/lacasadelamedicina.es\/product\/compre-suboxone-online\/"},"modified":"2024-08-11T14:27:21","modified_gmt":"2024-08-11T14:27:21","slug":"compre-suboxone-online","status":"publish","type":"product","link":"https:\/\/lacasadelamedicina.es\/pt-br\/produto\/compre-suboxone-online\/","title":{"rendered":"Compre Suboxone online"},"content":{"rendered":"<h1 class=\"product_title entry-title\">Compre Suboxone online<\/h1>\n<p> Suboxone \u00e9 um medicamento de prescri\u00e7\u00e3o usado para tratar transtorno do uso de opioides (OUD). Ele combina dois ingredientes ativos: buprenorfina e naloxona. Este medicamento reduz significativamente o risco de overdose de opioides como hero\u00edna ou fentanil, cortando as taxas de mortalidade em at\u00e9 50%. Suboxone ajuda a controlar os sintomas de abstin\u00eancia de opioides e apoia as metas de recupera\u00e7\u00e3o de longo prazo, reduzindo os desejos e o risco de reca\u00edda.    <strong>Como o Suboxone funciona:<\/strong><\/p>\n<ul>\n<li><strong>Buprenorfina<\/strong>: Um agonista opioide parcial, a buprenorfina ajuda a aliviar os sintomas de abstin\u00eancia ao estimular parcialmente os receptores opioides no c\u00e9rebro. Isso ajuda a controlar os desejos e facilita a transi\u00e7\u00e3o da depend\u00eancia de opioides quando usada sob supervis\u00e3o m\u00e9dica. <\/li>\n<li><strong>Naloxona<\/strong>: Um antagonista opioide, a naloxona \u00e9 inclu\u00edda para evitar o uso indevido do medicamento. Ela reverte os efeitos dos opioides e pode induzir sintomas de abstin\u00eancia se o Suboxone for abusado, tornando-a uma op\u00e7\u00e3o mais segura para tratamento de longo prazo. <\/li>\n<\/ul>\n<p><strong>Benef\u00edcios do Suboxone:<\/strong> O Suboxone se tornou um medicamento preferido para tratar OUD devido ao seu perfil de seguran\u00e7a e efic\u00e1cia. Ao contr\u00e1rio da metadona, outro tratamento para OUD, o Suboxone tem menos probabilidade de causar depend\u00eancia e pode ser prescrito por um m\u00e9dico de aten\u00e7\u00e3o prim\u00e1ria, ao contr\u00e1rio da metadona, que normalmente requer tratamento em um centro especializado. <strong>Prescri\u00e7\u00e3o e uso:<\/strong> Suboxone pode ser prescrito no in\u00edcio do tratamento ou durante a recupera\u00e7\u00e3o a longo prazo. \u00c9 crucial discutir com seu m\u00e9dico o melhor plano de tratamento adaptado \u00e0s suas necessidades. O tratamento abrangente geralmente inclui suporte de sa\u00fade comportamental junto com terapia assistida por medicamentos (MAT). <strong>Efeitos colaterais do Suboxone:<\/strong><strong>Efeitos colaterais graves:<\/strong>   <\/p>\n<ul>\n<li><strong>Rea\u00e7\u00f5es al\u00e9rgicas<\/strong>: urtic\u00e1ria, dificuldade para respirar, incha\u00e7o no rosto, l\u00e1bios, l\u00edngua ou garganta.<\/li>\n<li><strong>Problemas respirat\u00f3rios<\/strong>: respira\u00e7\u00e3o lenta ou interrompida, especialmente com pausas longas, l\u00e1bios azuis ou dificuldade para acordar.<\/li>\n<li><strong>Problemas no f\u00edgado<\/strong>: Dor na parte superior do est\u00f4mago, perda de apetite, urina escura, fezes cor de argila, icter\u00edcia.<\/li>\n<li><strong>N\u00edveis elevados de serotonina<\/strong>: agita\u00e7\u00e3o, alucina\u00e7\u00f5es, febre, suor, tremores, frequ\u00eancia card\u00edaca acelerada, rigidez muscular, n\u00e1usea, v\u00f4mito, diarreia.<\/li>\n<li><strong>N\u00edveis baixos de cortisol<\/strong>: n\u00e1useas, v\u00f4mitos, perda de apetite, tontura, fraqueza grave.<\/li>\n<li><strong>Sintomas de abstin\u00eancia<\/strong>: Tremores, suor, coriza, olhos lacrimejantes, dores musculares.<\/li>\n<\/ul>\n<p><strong>Efeitos colaterais comuns:<\/strong><\/p>\n<ul>\n<li>Tontura, sonol\u00eancia, vis\u00e3o emba\u00e7ada, dificuldade de concentra\u00e7\u00e3o.<\/li>\n<li>Sintomas de abstin\u00eancia, dor na l\u00edngua, n\u00e1usea, v\u00f4mito, constipa\u00e7\u00e3o.<\/li>\n<li>Dor de cabe\u00e7a, dor nas costas, aumento da sudorese, problemas de sono.<\/li>\n<\/ul>\n<p><strong>Diferen\u00e7a entre Subutex e Suboxone:<\/strong> A principal diferen\u00e7a \u00e9 que Suboxone cont\u00e9m buprenorfina e naloxona, enquanto Subutex cont\u00e9m apenas buprenorfina. Subutex era a formula\u00e7\u00e3o original e foi considerada eficaz, mas tinha um potencial maior de abuso. Suboxone foi desenvolvido para resolver esse problema incluindo naloxona, que bloqueia os efeitos dos opioides nos locais receptores. A inje\u00e7\u00e3o de Suboxone pode levar \u00e0 abstin\u00eancia precipitada, impedindo o uso indevido.<\/p>\n","protected":false},"excerpt":{"rendered":"<p>Compre Suboxone online. Suboxone \u00e9 um medicamento de combina\u00e7\u00e3o de dose fixa que inclui buprenorfina e naloxona. Suboxone para venda online  <\/p>\n","protected":false},"featured_media":20141,"comment_status":"open","ping_status":"closed","template":"","meta":{"om_disable_all_campaigns":false,"_sitemap_exclude":false,"_sitemap_priority":"","_sitemap_frequency":"","_monsterinsights_skip_tracking":false,"_monsterinsights_sitenote_active":false,"_monsterinsights_sitenote_note":"","_monsterinsights_sitenote_category":0},"product_cat":[33327],"product_tag":[33592,33599,33593,33596,33595,33598,33606],"class_list":{"0":"post-33641","1":"product","2":"type-product","3":"status-publish","4":"has-post-thumbnail","6":"product_cat-analgesicos-pt-br","7":"product_tag-comprar-suboxone-pt-br","8":"product_tag-comprar-suboxone-online-europa","9":"product_tag-compre-suboxone-online","10":"product_tag-efeitos-do-suboxone","11":"product_tag-encomende-suboxone-online","12":"product_tag-quanto-custa-suboxone","13":"product_tag-suboxone-barato-na-europa","15":"first","16":"instock","17":"shipping-taxable","18":"purchasable","19":"product-type-variable","20":"farmacie-col"},"aioseo_notices":[],"_links":{"self":[{"href":"https:\/\/lacasadelamedicina.es\/pt-br\/wp-json\/wp\/v2\/product\/33641"}],"collection":[{"href":"https:\/\/lacasadelamedicina.es\/pt-br\/wp-json\/wp\/v2\/product"}],"about":[{"href":"https:\/\/lacasadelamedicina.es\/pt-br\/wp-json\/wp\/v2\/types\/product"}],"replies":[{"embeddable":true,"href":"https:\/\/lacasadelamedicina.es\/pt-br\/wp-json\/wp\/v2\/comments?post=33641"}],"wp:featuredmedia":[{"embeddable":true,"href":"https:\/\/lacasadelamedicina.es\/pt-br\/wp-json\/wp\/v2\/media\/20141"}],"wp:attachment":[{"href":"https:\/\/lacasadelamedicina.es\/pt-br\/wp-json\/wp\/v2\/media?parent=33641"}],"wp:term":[{"taxonomy":"product_cat","embeddable":true,"href":"https:\/\/lacasadelamedicina.es\/pt-br\/wp-json\/wp\/v2\/product_cat?post=33641"},{"taxonomy":"product_tag","embeddable":true,"href":"https:\/\/lacasadelamedicina.es\/pt-br\/wp-json\/wp\/v2\/product_tag?post=33641"}],"curies":[{"name":"wp","href":"https:\/\/api.w.org\/{rel}","templated":true}]}}