{"id":33619,"date":"2024-08-11T14:41:28","date_gmt":"2024-08-11T14:41:28","guid":{"rendered":"https:\/\/lacasadelamedicina.es\/product\/compre-tapentadol-online\/"},"modified":"2024-08-11T14:41:28","modified_gmt":"2024-08-11T14:41:28","slug":"compre-tapentadol-online","status":"publish","type":"product","link":"https:\/\/lacasadelamedicina.es\/pt-br\/produto\/compre-tapentadol-online\/","title":{"rendered":"Compre Tapentadol online"},"content":{"rendered":"<h1 class=\"product_title entry-title\">Compre Tapentadol online<\/h1>\n<p> Tapentadol \u00e9 um analg\u00e9sico opioide potente usado para controlar dores intensas, particularmente quando outros tratamentos para dor se mostraram ineficazes ou n\u00e3o s\u00e3o tolerados. Pode ser administrado como uma solu\u00e7\u00e3o oral ou comprimido e tamb\u00e9m est\u00e1 dispon\u00edvel em uma forma de libera\u00e7\u00e3o prolongada para controlar dores cr\u00f4nicas, incluindo dores causadas por neuropatia diab\u00e9tica.  <strong>Pontos-chave:<\/strong><\/p>\n<ul>\n<li><strong>Uso:<\/strong> Tapentadol \u00e9 indicado para dores intensas que requerem tratamento com opioides e n\u00e3o \u00e9 adequado para al\u00edvio ocasional ou &#8220;conforme necess\u00e1rio&#8221; da dor. \u00c9 um analg\u00e9sico narc\u00f3tico que afeta o sistema nervoso central para aliviar a dor. <\/li>\n<li><strong>Risco de depend\u00eancia:<\/strong> O uso prolongado de tapentadol pode levar \u00e0 depend\u00eancia f\u00edsica, embora o v\u00edcio mental seja menos prov\u00e1vel. Para atenuar os sintomas de abstin\u00eancia, \u00e9 crucial diminuir gradualmente a medica\u00e7\u00e3o em vez de parar abruptamente. <\/li>\n<li><strong>Distribui\u00e7\u00e3o restrita:<\/strong> O tapentadol est\u00e1 dispon\u00edvel no programa REMS (Estrat\u00e9gia de Avalia\u00e7\u00e3o e Mitiga\u00e7\u00e3o de Riscos) de Analg\u00e9sicos Opioides devido ao seu potencial de abuso e depend\u00eancia.<\/li>\n<\/ul>\n<p><strong>Formas de dosagem:<\/strong><\/p>\n<ul>\n<li><strong>Comprimido, libera\u00e7\u00e3o prolongada:<\/strong> para dor intensa, incluindo dor cr\u00f4nica de neuropatia diab\u00e9tica.<\/li>\n<li><strong>Comprimido:<\/strong> Para outras situa\u00e7\u00f5es de dor intensa em que o tratamento com opioides \u00e9 necess\u00e1rio.<\/li>\n<\/ul>\n<p><strong>Efeitos colaterais do Tapentadol:<\/strong><strong>Efeitos colaterais comuns:<\/strong><\/p>\n<ul>\n<li>Sonol\u00eancia<\/li>\n<li>Dor de cabe\u00e7a<\/li>\n<li>N\u00e1usea<\/li>\n<li>Constipa\u00e7\u00e3o<\/li>\n<li>Desconforto ou dor de est\u00f4mago<\/li>\n<li>Cansa\u00e7o ou fraqueza incomuns<\/li>\n<\/ul>\n<p><strong>Efeitos colaterais menos comuns:<\/strong><\/p>\n<ul>\n<li>Dor na bexiga<\/li>\n<li>Urina com sangue ou turva<\/li>\n<li>Dores no corpo<\/li>\n<li>Tosse<\/li>\n<li>Dificuldade em respirar<\/li>\n<li>Febre<\/li>\n<li>Dores musculares<\/li>\n<li>Cansa\u00e7o ou fraqueza incomuns<\/li>\n<\/ul>\n<p><strong>Efeitos colaterais raros:<\/strong><\/p>\n<ul>\n<li>Ansiedade<\/li>\n<li>Confus\u00e3o ou esquecimento<\/li>\n<li>Aperto no peito<\/li>\n<li>Desajeitamento ou instabilidade<\/li>\n<li>Batimento card\u00edaco r\u00e1pido ou irregular<\/li>\n<li>Irritabilidade ou inquieta\u00e7\u00e3o<\/li>\n<li>Convuls\u00f5es<\/li>\n<li>Tremores ou tremores<\/li>\n<li>Incha\u00e7o do rosto, l\u00e1bios, m\u00e3os ou p\u00e9s<\/li>\n<\/ul>\n<p><strong>Efeitos colaterais graves:<\/strong><\/p>\n<ul>\n<li><strong>Sintomas de overdose:<\/strong>\n<ul>\n<li>Mudan\u00e7a de consci\u00eancia<\/li>\n<li>Dor ou desconforto no peito<\/li>\n<li>Pele fria e \u00famida<\/li>\n<li>Tosse com expectora\u00e7\u00e3o espumosa rosada<\/li>\n<li>Diminui\u00e7\u00e3o da consci\u00eancia ou da capacidade de resposta<\/li>\n<li>Dificuldade ou dificuldade para respirar<\/li>\n<li>Tontura, vertigem ou desmaio<\/li>\n<li>Perda de consci\u00eancia<\/li>\n<li>L\u00e1bios, unhas ou pele p\u00e1lidos ou azulados<\/li>\n<li>Sonol\u00eancia ou sonol\u00eancia incomum<\/li>\n<li>Incha\u00e7o nas pernas e tornozelos<\/li>\n<\/ul>\n<\/li>\n<li><strong>Outros sintomas graves:<\/strong>\n<ul>\n<li>Depress\u00e3o mental<\/li>\n<li>Pensamentos de automutila\u00e7\u00e3o<\/li>\n<li>Rea\u00e7\u00f5es al\u00e9rgicas graves (urtic\u00e1ria, dificuldade para respirar, incha\u00e7o do rosto ou da garganta)<\/li>\n<\/ul>\n<\/li>\n<\/ul>\n<p><strong>Medidas de emerg\u00eancia:<\/strong><\/p>\n<ul>\n<li>Procure atendimento m\u00e9dico imediato se apresentar sintomas de overdose, como dificuldade respirat\u00f3ria grave, altera\u00e7\u00f5es de consci\u00eancia ou sonol\u00eancia significativa.<\/li>\n<li>Relate quaisquer efeitos colaterais graves ou sintomas incomuns ao seu m\u00e9dico.<\/li>\n<\/ul>\n<p><strong>Notas gerais:<\/strong><\/p>\n<ul>\n<li>O Tapentadol deve ser usado sob a orienta\u00e7\u00e3o de um profissional de sa\u00fade, com monitoramento rigoroso de sinais de depend\u00eancia ou efeitos adversos.<\/li>\n<li>Reduzir gradualmente a dose pode ajudar a controlar os sintomas de abstin\u00eancia caso o uso seja interrompido.<\/li>\n<li>Discuta todas as condi\u00e7\u00f5es de sa\u00fade e medicamentos com seu m\u00e9dico para evitar poss\u00edveis intera\u00e7\u00f5es e garantir o uso seguro.<\/li>\n<\/ul>\n","protected":false},"excerpt":{"rendered":"<p>Compre tapentadol online. A solu\u00e7\u00e3o oral e o comprimido de tapentadol s\u00e3o usados \u200b\u200bpara tratar dores graves o suficiente para exigir tratamento com opioides e quando outros medicamentos para dor n\u00e3o funcionaram bem o suficiente ou n\u00e3o podem ser tolerados. onde comprar tapentadol online.  <\/p>\n","protected":false},"featured_media":20171,"comment_status":"open","ping_status":"closed","template":"","meta":{"om_disable_all_campaigns":false,"_sitemap_exclude":false,"_sitemap_priority":"","_sitemap_frequency":"","_monsterinsights_skip_tracking":false,"_monsterinsights_sitenote_active":false,"_monsterinsights_sitenote_note":"","_monsterinsights_sitenote_category":0},"product_cat":[33327],"product_tag":[33526,33527,33529],"class_list":{"0":"post-33619","1":"product","2":"type-product","3":"status-publish","4":"has-post-thumbnail","6":"product_cat-analgesicos-pt-br","7":"product_tag-comprar-tapentadol-pt-br","8":"product_tag-compre-tapentadol-online","9":"product_tag-encomende-tapentadol-online","11":"first","12":"instock","13":"shipping-taxable","14":"purchasable","15":"product-type-variable","16":"farmacie-col"},"aioseo_notices":[],"_links":{"self":[{"href":"https:\/\/lacasadelamedicina.es\/pt-br\/wp-json\/wp\/v2\/product\/33619"}],"collection":[{"href":"https:\/\/lacasadelamedicina.es\/pt-br\/wp-json\/wp\/v2\/product"}],"about":[{"href":"https:\/\/lacasadelamedicina.es\/pt-br\/wp-json\/wp\/v2\/types\/product"}],"replies":[{"embeddable":true,"href":"https:\/\/lacasadelamedicina.es\/pt-br\/wp-json\/wp\/v2\/comments?post=33619"}],"wp:featuredmedia":[{"embeddable":true,"href":"https:\/\/lacasadelamedicina.es\/pt-br\/wp-json\/wp\/v2\/media\/20171"}],"wp:attachment":[{"href":"https:\/\/lacasadelamedicina.es\/pt-br\/wp-json\/wp\/v2\/media?parent=33619"}],"wp:term":[{"taxonomy":"product_cat","embeddable":true,"href":"https:\/\/lacasadelamedicina.es\/pt-br\/wp-json\/wp\/v2\/product_cat?post=33619"},{"taxonomy":"product_tag","embeddable":true,"href":"https:\/\/lacasadelamedicina.es\/pt-br\/wp-json\/wp\/v2\/product_tag?post=33619"}],"curies":[{"name":"wp","href":"https:\/\/api.w.org\/{rel}","templated":true}]}}