{"id":33585,"date":"2024-08-11T14:53:54","date_gmt":"2024-08-11T14:53:54","guid":{"rendered":"https:\/\/lacasadelamedicina.es\/product\/compre-vicodin-online\/"},"modified":"2024-08-11T14:53:54","modified_gmt":"2024-08-11T14:53:54","slug":"compre-vicodin-online","status":"publish","type":"product","link":"https:\/\/lacasadelamedicina.es\/pt-br\/produto\/compre-vicodin-online\/","title":{"rendered":"Compre Vicodin online"},"content":{"rendered":"<h1 class=\"product_title entry-title\">Compre Vicodin online<\/h1>\n<p> Vicodin \u00e9 um medicamento de prescri\u00e7\u00e3o que combina dois ingredientes ativos: <\/p>\n<ol>\n<li><strong>Hidrocodona:<\/strong> Um analg\u00e9sico opioide (narc\u00f3tico).<\/li>\n<li><strong>Acetaminofeno:<\/strong> um analg\u00e9sico n\u00e3o narc\u00f3tico e redutor de febre.<\/li>\n<\/ol>\n<p><strong>Usos:<\/strong><\/p>\n<ul>\n<li>Vicodin \u00e9 usado para tratar dor moderada a moderadamente grave. \u00c9 tipicamente prescrito quando o al\u00edvio da dor n\u00e3o pode ser alcan\u00e7ado apenas com medicamentos n\u00e3o opioides. <\/li>\n<\/ul>\n<p><strong>Diretrizes de dosagem:<\/strong> A dose di\u00e1ria m\u00e1xima de Vicodin depende da formula\u00e7\u00e3o: <\/p>\n<ul>\n<li><strong>Vicodin 5 mg\/300 mg<\/strong>: Tome 1 a 2 comprimidos a cada 4 a 6 horas, conforme necess\u00e1rio, n\u00e3o excedendo 8 comprimidos em 24 horas.<\/li>\n<li><strong>Vicodin 7,5 mg\/300 mg<\/strong>: Tome 1 comprimido a cada 4 a 6 horas, conforme necess\u00e1rio, n\u00e3o excedendo 6 comprimidos em 24 horas.<\/li>\n<li><strong>Vicodin 10 mg\/300 mg<\/strong>: Tome 1 comprimido a cada 4 a 6 horas, conforme necess\u00e1rio, n\u00e3o excedendo 6 comprimidos em 24 horas.<\/li>\n<\/ul>\n<p><strong>Considera\u00e7\u00f5es importantes:<\/strong><\/p>\n<ul>\n<li><strong>Limite de paracetamol:<\/strong> A maioria dos adultos pode tomar com seguran\u00e7a at\u00e9 4.000 mg de paracetamol por dia, mas esse limite inclui todas as fontes de paracetamol, como outros medicamentos de venda livre.<\/li>\n<li><strong>Evite doses excessivas:<\/strong> tenha cuidado com a quantidade total de paracetamol para evitar danos ao f\u00edgado.<\/li>\n<\/ul>\n<p><strong>Efeitos colaterais:<\/strong><strong>Efeitos colaterais comuns:<\/strong><\/p>\n<ul>\n<li>Tontura<\/li>\n<li>Tontura<\/li>\n<li>N\u00e1usea<\/li>\n<li>V\u00f4mito<\/li>\n<li>Est\u00f4mago virado<\/li>\n<li>Sonol\u00eancia<\/li>\n<li>Constipa\u00e7\u00e3o<\/li>\n<li>Dor de cabe\u00e7a<\/li>\n<li>Mudan\u00e7as de humor<\/li>\n<li>Vis\u00e3o turva<\/li>\n<li>Zumbido nos ouvidos<\/li>\n<li>Boca seca<\/li>\n<li>Dificuldade para urinar<\/li>\n<\/ul>\n<p><strong>Efeitos colaterais graves:<\/strong><\/p>\n<ul>\n<li>Respira\u00e7\u00e3o superficial ou lenta<\/li>\n<li>Confus\u00e3o, pensamentos ou comportamento incomuns<\/li>\n<li>Convuls\u00f5es<\/li>\n<li>Dor abdominal superior<\/li>\n<li>Coceira<\/li>\n<li>Perda de apetite<\/li>\n<li>Urina escura<\/li>\n<li>Bancos cor de barro<\/li>\n<li>Amarelecimento da pele ou dos olhos<\/li>\n<\/ul>\n<p><strong>Procure ajuda m\u00e9dica imediata se:<\/strong><\/p>\n<ul>\n<li>Voc\u00ea apresenta sintomas como altera\u00e7\u00f5es graves na vis\u00e3o, palpita\u00e7\u00f5es card\u00edacas ou fortes dores de cabe\u00e7a.<\/li>\n<li>Voc\u00ea tem sintomas de uma rea\u00e7\u00e3o al\u00e9rgica grave, como urtic\u00e1ria, incha\u00e7o no rosto ou na garganta ou dificuldade para respirar.<\/li>\n<\/ul>\n<p><strong>Compara\u00e7\u00e3o com Percocet:<\/strong><\/p>\n<ul>\n<li><strong>Efic\u00e1cia:<\/strong> Estudos demonstraram que Vicodin e Percocet (que cont\u00e9m oxicodona) s\u00e3o igualmente eficazes para o tratamento da dor de curto prazo e para a dor aguda de fraturas.<\/li>\n<li><strong>Pot\u00eancia:<\/strong> A oxicodona (Percocet) \u00e9 aproximadamente 1,5 vezes mais potente que a hidrocodona (Vicodin) quando tomada em doses iguais.<\/li>\n<\/ul>\n<p><strong>Seguran\u00e7a e Precau\u00e7\u00f5es:<\/strong><\/p>\n<ul>\n<li><strong>Criador de h\u00e1bitos:<\/strong> Vicodin pode causar depend\u00eancia e pode levar \u00e0 depend\u00eancia ou v\u00edcio. Use-o exatamente como prescrito. <\/li>\n<li><strong>Risco de overdose:<\/strong> Tomar muito Vicodin ou combin\u00e1-lo com outros depressores (como \u00e1lcool) pode levar a complica\u00e7\u00f5es de sa\u00fade s\u00e9rias, incluindo overdose e morte.<\/li>\n<li><strong>Consulta:<\/strong> discuta quaisquer preocupa\u00e7\u00f5es ou efeitos colaterais com seu m\u00e9dico e informe-o sobre quaisquer outros medicamentos ou condi\u00e7\u00f5es de sa\u00fade.<\/li>\n<\/ul>\n<p><strong>Informa\u00e7\u00f5es legais e de compra:<\/strong><\/p>\n<ul>\n<li><strong>Requisito de prescri\u00e7\u00e3o:<\/strong> Vicodin est\u00e1 dispon\u00edvel apenas com prescri\u00e7\u00e3o. \u00c9 importante obt\u00ea-lo por meio de uma farm\u00e1cia licenciada e n\u00e3o por meio de fontes on-line n\u00e3o autorizadas. <\/li>\n<li><strong>Compra:<\/strong> Por seguran\u00e7a, sempre adquira Vicodin por canais leg\u00edtimos e siga cuidadosamente as diretrizes de dosagem prescritas.<\/li>\n<\/ul>\n","protected":false},"excerpt":{"rendered":"<p>Compre Vicodin online. Vicodin \u00e9 uma combina\u00e7\u00e3o do narc\u00f3tico hidrocodona e do analg\u00e9sico n\u00e3o narc\u00f3tico acetaminofeno usado para o al\u00edvio de dores moderadas a moderadamente severas. <\/p>\n","protected":false},"featured_media":20186,"comment_status":"open","ping_status":"closed","template":"","meta":{"om_disable_all_campaigns":false,"_sitemap_exclude":false,"_sitemap_priority":"","_sitemap_frequency":"","_monsterinsights_skip_tracking":false,"_monsterinsights_sitenote_active":false,"_monsterinsights_sitenote_note":"","_monsterinsights_sitenote_category":0},"product_cat":[33327],"product_tag":[33416,33423,34341,33417,33433,33420,33425,33419,33434,33436,33429,33432,33431,33427,33418,33422,33437,33428,33421,33426,33424],"class_list":{"0":"post-33585","1":"product","2":"type-product","3":"status-publish","4":"has-post-thumbnail","6":"product_cat-analgesicos-pt-br","7":"product_tag-comprar-vicodin-pt-br","8":"product_tag-comprar-vicodin-online-europa","9":"product_tag-compre-hidrocodona-online","10":"product_tag-compre-vicodin-online","11":"product_tag-desconto-vicodin-europa","12":"product_tag-efeitos-do-vicodin","13":"product_tag-encomendar-vicodin-eu","14":"product_tag-encomende-vicodin-online","15":"product_tag-entrega-de-vicodin-na-europa","16":"product_tag-fornecedores-de-vicodin-europa","17":"product_tag-loja-online-vicodin-europa","18":"product_tag-loja-vicodin-europa","19":"product_tag-ofertas-vicodin-europa","20":"product_tag-onde-comprar-vicodin-europa","21":"product_tag-onde-comprar-vicodin-online","22":"product_tag-quanto-custa-o-vicodin","23":"product_tag-revisao-do-vicodin-europe","24":"product_tag-venda-de-vicodin-europa","25":"product_tag-vendas-de-vicodin-online","26":"product_tag-vicodin-frete-gratis-europa","27":"product_tag-vicodin-melhor-preco-europa","29":"first","30":"instock","31":"shipping-taxable","32":"purchasable","33":"product-type-variable","34":"farmacie-col"},"aioseo_notices":[],"_links":{"self":[{"href":"https:\/\/lacasadelamedicina.es\/pt-br\/wp-json\/wp\/v2\/product\/33585"}],"collection":[{"href":"https:\/\/lacasadelamedicina.es\/pt-br\/wp-json\/wp\/v2\/product"}],"about":[{"href":"https:\/\/lacasadelamedicina.es\/pt-br\/wp-json\/wp\/v2\/types\/product"}],"replies":[{"embeddable":true,"href":"https:\/\/lacasadelamedicina.es\/pt-br\/wp-json\/wp\/v2\/comments?post=33585"}],"wp:featuredmedia":[{"embeddable":true,"href":"https:\/\/lacasadelamedicina.es\/pt-br\/wp-json\/wp\/v2\/media\/20186"}],"wp:attachment":[{"href":"https:\/\/lacasadelamedicina.es\/pt-br\/wp-json\/wp\/v2\/media?parent=33585"}],"wp:term":[{"taxonomy":"product_cat","embeddable":true,"href":"https:\/\/lacasadelamedicina.es\/pt-br\/wp-json\/wp\/v2\/product_cat?post=33585"},{"taxonomy":"product_tag","embeddable":true,"href":"https:\/\/lacasadelamedicina.es\/pt-br\/wp-json\/wp\/v2\/product_tag?post=33585"}],"curies":[{"name":"wp","href":"https:\/\/api.w.org\/{rel}","templated":true}]}}